{"id":6591,"date":"2021-07-19T07:46:28","date_gmt":"2021-07-19T07:46:28","guid":{"rendered":"https:\/\/www.aromeprod2.com\/?page_id=6591"},"modified":"2026-03-24T15:01:04","modified_gmt":"2026-03-24T15:01:04","slug":"kontakt-2","status":"publish","type":"page","link":"http:\/\/www.lesdelicesdeprovence.ch\/de\/kontakt-2\/","title":{"rendered":"Kontakt"},"content":{"rendered":"\t\t<div data-elementor-type=\"wp-page\" data-elementor-id=\"6591\" class=\"elementor elementor-6591 elementor-308\">\n\t\t\t\t\t\t<section class=\"elementor-section elementor-top-section elementor-element elementor-element-099de06 elementor-section-boxed elementor-section-height-default elementor-section-height-default none\" data-id=\"099de06\" data-element_type=\"section\" data-e-type=\"section\">\n\t\t\t\t\t\t<div class=\"elementor-container elementor-column-gap-extended\">\n\t\t\t\t\t<div class=\"elementor-column elementor-col-33 elementor-top-column elementor-element elementor-element-d2960e9 none\" data-id=\"d2960e9\" data-element_type=\"column\" data-e-type=\"column\">\n\t\t\t<div class=\"elementor-widget-wrap elementor-element-populated\">\n\t\t\t\t\t\t<div class=\"elementor-element elementor-element-36be843 none elementor-widget elementor-widget-heading\" data-id=\"36be843\" data-element_type=\"widget\" data-e-type=\"widget\" data-widget_type=\"heading.default\">\n\t\t\t\t<div class=\"elementor-widget-container\">\n\t\t\t\t\t<h2 class=\"elementor-heading-title elementor-size-default\">Kundenservice - Kontaktieren Sie uns<\/h2>\t\t\t\t<\/div>\n\t\t\t\t<\/div>\n\t\t\t\t\t<\/div>\n\t\t<\/div>\n\t\t\t\t<div class=\"elementor-column elementor-col-33 elementor-top-column elementor-element elementor-element-507f620 none\" data-id=\"507f620\" data-element_type=\"column\" data-e-type=\"column\">\n\t\t\t<div class=\"elementor-widget-wrap elementor-element-populated\">\n\t\t\t\t\t\t<div class=\"elementor-element elementor-element-fa4d3c9 elementor-widget__width-initial none elementor-widget elementor-widget-heading\" data-id=\"fa4d3c9\" data-element_type=\"widget\" data-e-type=\"widget\" data-widget_type=\"heading.default\">\n\t\t\t\t<div class=\"elementor-widget-container\">\n\t\t\t\t\t<p class=\"elementor-heading-title elementor-size-default\"><p style=\"margin-bottom: 5px;padding: 0px;font-size: 14px;display: inline-block;font-family: Arial, Helvetica, sans-serif;white-space: normal\">F\u00fcr Fragen zu einer Bestellung oder Informationen \u00fcber unsere Produkte.<\/p><span style=\"color: var(--main-cl);font-family: var(--main-ff);font-weight: var(--main-fw)\"><\/span><fieldset style=\"border-width: initial;border-style: none\"><\/fieldset><\/p>\t\t\t\t<\/div>\n\t\t\t\t<\/div>\n\t\t\t\t<div class=\"elementor-element elementor-element-32efe06 none elementor-widget elementor-widget-text-editor\" data-id=\"32efe06\" data-element_type=\"widget\" data-e-type=\"widget\" data-widget_type=\"text-editor.default\">\n\t\t\t\t<div class=\"elementor-widget-container\">\n\t\t\t\t\t\t\t\t\t<p class=\"elementor-heading-title elementor-size-default default-color\" style=\"line-height: 1.6em; font-size: 15px; font-weight: bold;\">Adresse<\/p><p><strong>SUISSE<br \/><\/strong>D\u00e9lic\u00e9sar<br \/>Delices de Provence<br \/>Chemin des Couayes 1 &#8211; 1896 Vouvry<br \/>Suisse &#8211; Gen\u00e8ve<\/p><p><strong>FRANCE<br \/><\/strong>D\u00e9lic\u00e9sar<br \/>Delices de Provence<br \/>715, route des adams &#8211; 84220 Gordes<\/p>\t\t\t\t\t\t\t\t<\/div>\n\t\t\t\t<\/div>\n\t\t\t\t<div class=\"elementor-element elementor-element-31b26a4 none elementor-widget elementor-widget-text-editor\" data-id=\"31b26a4\" data-element_type=\"widget\" data-e-type=\"widget\" data-widget_type=\"text-editor.default\">\n\t\t\t\t<div class=\"elementor-widget-container\">\n\t\t\t\t\t\t\t\t\t<p><strong class=\"default-color\">Telefon<br \/><\/strong><a href=\"tel:+41764401613\">+41 76 440 16 13<\/a><\/p>\n<div id=\"mciapp-exclusion-container\"> <\/div>\n<div id=\"mciapp-exclusion-container\"> <\/div>\n<div id=\"mciapp-exclusion-container\"> <\/div>\n<div id=\"mciapp-exclusion-container\"> <\/div>\n\t\t\t\t\t\t\t\t<\/div>\n\t\t\t\t<\/div>\n\t\t\t\t\t<\/div>\n\t\t<\/div>\n\t\t\t\t<div class=\"elementor-column elementor-col-33 elementor-top-column elementor-element elementor-element-8e78263 none\" data-id=\"8e78263\" data-element_type=\"column\" data-e-type=\"column\">\n\t\t\t<div class=\"elementor-widget-wrap elementor-element-populated\">\n\t\t\t\t\t\t<div class=\"elementor-element elementor-element-ca76997 none elementor-widget elementor-widget-shortcode\" data-id=\"ca76997\" data-element_type=\"widget\" data-e-type=\"widget\" data-widget_type=\"shortcode.default\">\n\t\t\t\t<div class=\"elementor-widget-container\">\n\t\t\t\t\t\t\t<div class=\"elementor-shortcode\">\n<div class=\"wpcf7 no-js\" id=\"wpcf7-f12626-o1\" lang=\"de-DE\" dir=\"ltr\" data-wpcf7-id=\"12626\">\n<div class=\"screen-reader-response\"><p role=\"status\" aria-live=\"polite\" aria-atomic=\"true\"><\/p> <ul><\/ul><\/div>\n<form action=\"\/de\/wp-json\/wp\/v2\/pages\/6591#wpcf7-f12626-o1\" method=\"post\" class=\"wpcf7-form init\" aria-label=\"Kontaktformular\" novalidate=\"novalidate\" data-status=\"init\">\n<fieldset class=\"hidden-fields-container\"><input type=\"hidden\" name=\"_wpcf7\" value=\"12626\" \/><input type=\"hidden\" name=\"_wpcf7_version\" value=\"6.1.5\" \/><input type=\"hidden\" name=\"_wpcf7_locale\" value=\"de_DE\" \/><input type=\"hidden\" name=\"_wpcf7_unit_tag\" value=\"wpcf7-f12626-o1\" \/><input type=\"hidden\" name=\"_wpcf7_container_post\" value=\"0\" \/><input type=\"hidden\" name=\"_wpcf7_posted_data_hash\" value=\"\" \/><input type=\"hidden\" name=\"_wpcf7_recaptcha_response\" value=\"\" \/>\n<\/fieldset>\n<p>Betreff:\n<\/p>\n<p><span class=\"wpcf7-form-control-wrap\" data-name=\"your-name\"><input size=\"40\" maxlength=\"400\" class=\"wpcf7-form-control wpcf7-text wpcf7-validates-as-required\" aria-required=\"true\" aria-invalid=\"false\" placeholder=\"Name\" value=\"\" type=\"text\" name=\"your-name\" \/><\/span>\n<\/p>\n<p><span class=\"wpcf7-form-control-wrap\" data-name=\"your-email\"><input size=\"40\" maxlength=\"400\" class=\"wpcf7-form-control wpcf7-email wpcf7-validates-as-required wpcf7-text wpcf7-validates-as-email\" aria-required=\"true\" aria-invalid=\"false\" placeholder=\"E-Mail\" value=\"\" type=\"email\" name=\"your-email\" \/><\/span>\n<\/p>\n<p><span class=\"wpcf7-form-control-wrap\" data-name=\"your-phone\"><input size=\"40\" maxlength=\"400\" class=\"wpcf7-form-control wpcf7-tel wpcf7-text wpcf7-validates-as-tel\" aria-invalid=\"false\" placeholder=\"Telefon\" value=\"\" type=\"tel\" name=\"your-phone\" \/><\/span>\n<\/p>\n<p><span class=\"wpcf7-form-control-wrap\" data-name=\"your-ref\"><input size=\"40\" maxlength=\"400\" class=\"wpcf7-form-control wpcf7-text wpcf7-validates-as-required\" aria-required=\"true\" aria-invalid=\"false\" placeholder=\"Bestellnummer\" value=\"\" type=\"text\" name=\"your-ref\" \/><\/span>\n<\/p>\n<p><span class=\"wpcf7-form-control-wrap\" data-name=\"your-message\"><textarea cols=\"40\" rows=\"10\" maxlength=\"2000\" class=\"wpcf7-form-control wpcf7-textarea\" aria-invalid=\"false\" placeholder=\"Nachricht\" name=\"your-message\"><\/textarea><\/span>\n<\/p>\n<p><input class=\"wpcf7-form-control wpcf7-submit has-spinner\" type=\"submit\" value=\"Envoyer\" \/>\n<\/p><div class=\"wpcf7-response-output\" aria-hidden=\"true\"><\/div>\n<\/form>\n<\/div>\n<\/div>\n\t\t\t\t\t\t<\/div>\n\t\t\t\t<\/div>\n\t\t\t\t\t<\/div>\n\t\t<\/div>\n\t\t\t\t\t<\/div>\n\t\t<\/section>\n\t\t\t\t<\/div>\n\t\t","protected":false},"excerpt":{"rendered":"<p>Kundenservice &#8211; Kontaktieren Sie uns F\u00fcr Fragen zu einer Bestellung oder Informationen \u00fcber unsere Produkte. Adresse SUISSED\u00e9lic\u00e9sarDelices de ProvenceChemin des Couayes 1 &#8211; 1896 VouvrySuisse &#8211; Gen\u00e8ve FRANCED\u00e9lic\u00e9sarDelices de Provence715, route des adams &#8211; 84220 Gordes Telefon+41 76 440 16 13<\/p>\n","protected":false},"author":1,"featured_media":0,"parent":0,"menu_order":0,"comment_status":"closed","ping_status":"closed","template":"","meta":{"footnotes":""},"class_list":["post-6591","page","type-page","status-publish","hentry"],"yoast_head":"<!-- This site is optimized with the Yoast SEO plugin v27.2 - https:\/\/yoast.com\/product\/yoast-seo-wordpress\/ -->\n<title>Kontakt Kontaktdaten - D\u00e9lices de Provence - Lausanne, Schweiz - C\u00e9sar Bazin de Caix<\/title>\n<meta name=\"description\" content=\"Kontakt und Kontaktdaten von D\u00e9lices de Provence in Lausanne, Schweiz. Tel: +41764401613 - Adresse: 62, chemin de Montelly - 1007 Lausanne - Schweiz. C\u00e9sar Bazin de Caix\" \/>\n<meta name=\"robots\" content=\"index, follow, max-snippet:-1, max-image-preview:large, max-video-preview:-1\" \/>\n<link rel=\"canonical\" href=\"http:\/\/www.lesdelicesdeprovence.ch\/de\/kontakt-2\/\" \/>\n<meta property=\"og:locale\" content=\"de_DE\" \/>\n<meta property=\"og:type\" content=\"article\" \/>\n<meta property=\"og:title\" content=\"Kontakt Kontaktdaten - D\u00e9lices de Provence - Lausanne, Schweiz - C\u00e9sar Bazin de Caix\" \/>\n<meta property=\"og:description\" content=\"Kontakt und Kontaktdaten von D\u00e9lices de Provence in Lausanne, Schweiz. Tel: +41764401613 - Adresse: 62, chemin de Montelly - 1007 Lausanne - Schweiz. C\u00e9sar Bazin de Caix\" \/>\n<meta property=\"og:url\" content=\"http:\/\/www.lesdelicesdeprovence.ch\/de\/kontakt-2\/\" \/>\n<meta property=\"og:site_name\" content=\"Les D\u00e9lices de Provence\" \/>\n<meta property=\"article:modified_time\" content=\"2026-03-24T15:01:04+00:00\" \/>\n<meta property=\"og:image\" content=\"http:\/\/www.lesdelicesdeprovence.ch\/wp-content\/uploads\/2022\/05\/slider_confiture_abricots.jpg\" \/>\n\t<meta property=\"og:image:width\" content=\"1920\" \/>\n\t<meta property=\"og:image:height\" content=\"955\" \/>\n\t<meta property=\"og:image:type\" content=\"image\/jpeg\" \/>\n<meta name=\"twitter:card\" content=\"summary_large_image\" \/>\n<meta name=\"twitter:label1\" content=\"Gesch\u00e4tzte Lesezeit\" \/>\n\t<meta name=\"twitter:data1\" content=\"1\u00a0Minute\" \/>\n<script type=\"application\/ld+json\" class=\"yoast-schema-graph\">{\"@context\":\"https:\/\/schema.org\",\"@graph\":[{\"@type\":\"WebPage\",\"@id\":\"http:\/\/www.lesdelicesdeprovence.ch\/de\/kontakt-2\/\",\"url\":\"http:\/\/www.lesdelicesdeprovence.ch\/de\/kontakt-2\/\",\"name\":\"Kontakt Kontaktdaten - D\u00e9lices de Provence - Lausanne, Schweiz - C\u00e9sar Bazin de Caix\",\"isPartOf\":{\"@id\":\"https:\/\/www.lesdelicesdeprovence.ch\/de\/#website\"},\"datePublished\":\"2021-07-19T07:46:28+00:00\",\"dateModified\":\"2026-03-24T15:01:04+00:00\",\"description\":\"Kontakt und Kontaktdaten von D\u00e9lices de Provence in Lausanne, Schweiz. Tel: +41764401613 - Adresse: 62, chemin de Montelly - 1007 Lausanne - Schweiz. C\u00e9sar Bazin de Caix\",\"breadcrumb\":{\"@id\":\"http:\/\/www.lesdelicesdeprovence.ch\/de\/kontakt-2\/#breadcrumb\"},\"inLanguage\":\"de\",\"potentialAction\":[{\"@type\":\"ReadAction\",\"target\":[\"http:\/\/www.lesdelicesdeprovence.ch\/de\/kontakt-2\/\"]}]},{\"@type\":\"BreadcrumbList\",\"@id\":\"http:\/\/www.lesdelicesdeprovence.ch\/de\/kontakt-2\/#breadcrumb\",\"itemListElement\":[{\"@type\":\"ListItem\",\"position\":1,\"name\":\"Accoglienza\",\"item\":\"https:\/\/www.lesdelicesdeprovence.ch\/de\/\"},{\"@type\":\"ListItem\",\"position\":2,\"name\":\"Kontakt\"}]},{\"@type\":\"WebSite\",\"@id\":\"https:\/\/www.lesdelicesdeprovence.ch\/de\/#website\",\"url\":\"https:\/\/www.lesdelicesdeprovence.ch\/de\/\",\"name\":\"Les D\u00e9lices de Provence\",\"description\":\"Epicerie fine en ligne\",\"potentialAction\":[{\"@type\":\"SearchAction\",\"target\":{\"@type\":\"EntryPoint\",\"urlTemplate\":\"https:\/\/www.lesdelicesdeprovence.ch\/de\/?s={search_term_string}\"},\"query-input\":{\"@type\":\"PropertyValueSpecification\",\"valueRequired\":true,\"valueName\":\"search_term_string\"}}],\"inLanguage\":\"de\"}]}<\/script>\n<!-- \/ Yoast SEO plugin. -->","yoast_head_json":{"title":"Kontakt Kontaktdaten - D\u00e9lices de Provence - Lausanne, Schweiz - C\u00e9sar Bazin de Caix","description":"Kontakt und Kontaktdaten von D\u00e9lices de Provence in Lausanne, Schweiz. Tel: +41764401613 - Adresse: 62, chemin de Montelly - 1007 Lausanne - Schweiz. C\u00e9sar Bazin de Caix","robots":{"index":"index","follow":"follow","max-snippet":"max-snippet:-1","max-image-preview":"max-image-preview:large","max-video-preview":"max-video-preview:-1"},"canonical":"http:\/\/www.lesdelicesdeprovence.ch\/de\/kontakt-2\/","og_locale":"de_DE","og_type":"article","og_title":"Kontakt Kontaktdaten - D\u00e9lices de Provence - Lausanne, Schweiz - C\u00e9sar Bazin de Caix","og_description":"Kontakt und Kontaktdaten von D\u00e9lices de Provence in Lausanne, Schweiz. Tel: +41764401613 - Adresse: 62, chemin de Montelly - 1007 Lausanne - Schweiz. C\u00e9sar Bazin de Caix","og_url":"http:\/\/www.lesdelicesdeprovence.ch\/de\/kontakt-2\/","og_site_name":"Les D\u00e9lices de Provence","article_modified_time":"2026-03-24T15:01:04+00:00","og_image":[{"width":1920,"height":955,"url":"http:\/\/www.lesdelicesdeprovence.ch\/wp-content\/uploads\/2022\/05\/slider_confiture_abricots.jpg","type":"image\/jpeg"}],"twitter_card":"summary_large_image","twitter_misc":{"Gesch\u00e4tzte Lesezeit":"1\u00a0Minute"},"schema":{"@context":"https:\/\/schema.org","@graph":[{"@type":"WebPage","@id":"http:\/\/www.lesdelicesdeprovence.ch\/de\/kontakt-2\/","url":"http:\/\/www.lesdelicesdeprovence.ch\/de\/kontakt-2\/","name":"Kontakt Kontaktdaten - D\u00e9lices de Provence - Lausanne, Schweiz - C\u00e9sar Bazin de Caix","isPartOf":{"@id":"https:\/\/www.lesdelicesdeprovence.ch\/de\/#website"},"datePublished":"2021-07-19T07:46:28+00:00","dateModified":"2026-03-24T15:01:04+00:00","description":"Kontakt und Kontaktdaten von D\u00e9lices de Provence in Lausanne, Schweiz. Tel: +41764401613 - Adresse: 62, chemin de Montelly - 1007 Lausanne - Schweiz. C\u00e9sar Bazin de Caix","breadcrumb":{"@id":"http:\/\/www.lesdelicesdeprovence.ch\/de\/kontakt-2\/#breadcrumb"},"inLanguage":"de","potentialAction":[{"@type":"ReadAction","target":["http:\/\/www.lesdelicesdeprovence.ch\/de\/kontakt-2\/"]}]},{"@type":"BreadcrumbList","@id":"http:\/\/www.lesdelicesdeprovence.ch\/de\/kontakt-2\/#breadcrumb","itemListElement":[{"@type":"ListItem","position":1,"name":"Accoglienza","item":"https:\/\/www.lesdelicesdeprovence.ch\/de\/"},{"@type":"ListItem","position":2,"name":"Kontakt"}]},{"@type":"WebSite","@id":"https:\/\/www.lesdelicesdeprovence.ch\/de\/#website","url":"https:\/\/www.lesdelicesdeprovence.ch\/de\/","name":"Les D\u00e9lices de Provence","description":"Epicerie fine en ligne","potentialAction":[{"@type":"SearchAction","target":{"@type":"EntryPoint","urlTemplate":"https:\/\/www.lesdelicesdeprovence.ch\/de\/?s={search_term_string}"},"query-input":{"@type":"PropertyValueSpecification","valueRequired":true,"valueName":"search_term_string"}}],"inLanguage":"de"}]}},"_links":{"self":[{"href":"http:\/\/www.lesdelicesdeprovence.ch\/de\/wp-json\/wp\/v2\/pages\/6591","targetHints":{"allow":["GET"]}}],"collection":[{"href":"http:\/\/www.lesdelicesdeprovence.ch\/de\/wp-json\/wp\/v2\/pages"}],"about":[{"href":"http:\/\/www.lesdelicesdeprovence.ch\/de\/wp-json\/wp\/v2\/types\/page"}],"author":[{"embeddable":true,"href":"http:\/\/www.lesdelicesdeprovence.ch\/de\/wp-json\/wp\/v2\/users\/1"}],"replies":[{"embeddable":true,"href":"http:\/\/www.lesdelicesdeprovence.ch\/de\/wp-json\/wp\/v2\/comments?post=6591"}],"version-history":[{"count":21,"href":"http:\/\/www.lesdelicesdeprovence.ch\/de\/wp-json\/wp\/v2\/pages\/6591\/revisions"}],"predecessor-version":[{"id":16259,"href":"http:\/\/www.lesdelicesdeprovence.ch\/de\/wp-json\/wp\/v2\/pages\/6591\/revisions\/16259"}],"wp:attachment":[{"href":"http:\/\/www.lesdelicesdeprovence.ch\/de\/wp-json\/wp\/v2\/media?parent=6591"}],"curies":[{"name":"wp","href":"https:\/\/api.w.org\/{rel}","templated":true}]}}