{"id":7154,"date":"2021-07-19T07:46:21","date_gmt":"2021-07-19T07:46:21","guid":{"rendered":"https:\/\/www.aromeprod2.com\/?page_id=7154"},"modified":"2024-03-28T13:40:42","modified_gmt":"2024-03-28T13:40:42","slug":"wer-sind-wir","status":"publish","type":"page","link":"http:\/\/www.lesdelicesdeprovence.ch\/de\/wer-sind-wir\/","title":{"rendered":"Wer sind wir?"},"content":{"rendered":"\t\t<div data-elementor-type=\"wp-page\" data-elementor-id=\"7154\" class=\"elementor elementor-7154 elementor-307\">\n\t\t\t\t\t\t<section class=\"elementor-section elementor-top-section elementor-element elementor-element-41c5f80c elementor-section-content-middle customImageTextWrapper elementor-section-boxed elementor-section-height-default elementor-section-height-default none\" data-id=\"41c5f80c\" data-element_type=\"section\" data-e-type=\"section\">\n\t\t\t\t\t\t<div class=\"elementor-container elementor-column-gap-default\">\n\t\t\t\t\t<div class=\"elementor-column elementor-col-33 elementor-top-column elementor-element elementor-element-ae5c325 none\" data-id=\"ae5c325\" data-element_type=\"column\" data-e-type=\"column\">\n\t\t\t<div class=\"elementor-widget-wrap elementor-element-populated\">\n\t\t\t\t\t\t<div class=\"elementor-element elementor-element-67ffeb0 none elementor-widget elementor-widget-heading\" data-id=\"67ffeb0\" data-element_type=\"widget\" data-e-type=\"widget\" data-widget_type=\"heading.default\">\n\t\t\t\t<div class=\"elementor-widget-container\">\n\t\t\t\t\t<h2 class=\"elementor-heading-title elementor-size-default\">Willkommen in unserem Online-Feinkostladen<\/h2>\t\t\t\t<\/div>\n\t\t\t\t<\/div>\n\t\t\t\t\t<\/div>\n\t\t<\/div>\n\t\t\t\t<div class=\"elementor-column elementor-col-33 elementor-top-column elementor-element elementor-element-4269429 none\" data-id=\"4269429\" data-element_type=\"column\" data-e-type=\"column\">\n\t\t\t<div class=\"elementor-widget-wrap elementor-element-populated\">\n\t\t\t\t\t\t<div class=\"elementor-element elementor-element-190b27f rtl-bg none elementor-widget elementor-widget-image\" data-id=\"190b27f\" data-element_type=\"widget\" data-e-type=\"widget\" data-widget_type=\"image.default\">\n\t\t\t\t<div class=\"elementor-widget-container\">\n\t\t\t\t\t\t\t\t\t\t\t\t\t\t\t<img fetchpriority=\"high\" decoding=\"async\" width=\"512\" height=\"700\" src=\"http:\/\/www.lesdelicesdeprovence.ch\/wp-content\/uploads\/2022\/10\/gordes.jpg\" class=\"elementor-animation-bob attachment-full size-full wp-image-12488 wp-post-image\" alt=\"\" srcset=\"http:\/\/www.lesdelicesdeprovence.ch\/wp-content\/uploads\/2022\/10\/gordes.jpg 512w, http:\/\/www.lesdelicesdeprovence.ch\/wp-content\/uploads\/2022\/10\/gordes-76x104.jpg 76w, http:\/\/www.lesdelicesdeprovence.ch\/wp-content\/uploads\/2022\/10\/gordes-64x88.jpg 64w, http:\/\/www.lesdelicesdeprovence.ch\/wp-content\/uploads\/2022\/10\/gordes-219x300.jpg 219w, http:\/\/www.lesdelicesdeprovence.ch\/wp-content\/uploads\/2022\/10\/gordes-113x154.jpg 113w\" sizes=\"(max-width: 512px) 100vw, 512px\" \/>\t\t\t\t\t\t\t\t\t\t\t\t\t\t\t<\/div>\n\t\t\t\t<\/div>\n\t\t\t\t\t<\/div>\n\t\t<\/div>\n\t\t\t\t<div class=\"elementor-column elementor-col-33 elementor-top-column elementor-element elementor-element-9c4ea59 none\" data-id=\"9c4ea59\" data-element_type=\"column\" data-e-type=\"column\">\n\t\t\t<div class=\"elementor-widget-wrap elementor-element-populated\">\n\t\t\t\t\t\t<div class=\"elementor-element elementor-element-8faccfc none elementor-widget elementor-widget-text-editor\" data-id=\"8faccfc\" data-element_type=\"widget\" data-e-type=\"widget\" data-widget_type=\"text-editor.default\">\n\t\t\t\t<div class=\"elementor-widget-container\">\n\t\t\t\t\t\t\t\t\t<p><strong>Seit vielen Jahren<\/strong> reist das Team unseres Feinkostladens \u00fcber die M\u00e4rkte der Provence, um Handwerker zu treffen, um <strong>authentische<\/strong>, raffinierte und qualitativ hochwertige <strong>Produkte<\/strong> zu verkosten und <strong>sorgf\u00e4ltig f\u00fcr Sie auszuw\u00e4hlen<\/strong>.<\/p>\n<p>Die Rezepte, die Sie in unserem Online-Feinkostladen entdecken k\u00f6nnen, stammen alle aus der Provence und werden <strong>seit mehreren Generationen in Handarbeit<\/strong> aus 100% nat\u00fcrlichen Zutaten <strong>hergestellt<\/strong>. Hier haben k\u00fcnstliche Farb-, Aroma- und Konservierungsstoffe keinen Platz.<\/p>\n<p>Die hohe Qualit\u00e4t unserer Produkte beruht auf dem perfekten Gleichgewicht zwischen der<strong> Auswahl der besten Zutaten, dem bewahrten Herstellungsgeheimnis und dem Respekt vor der kulinarischen Tradition der Provence<\/strong>.<\/p>\n<p><strong>Les D\u00e9lices de Provence<\/strong> l\u00e4dt Sie ein,<strong> feine, authentische und schmackhafte Produkte<\/strong> zu entdecken, die Sie das ganze Jahr \u00fcber mit der Familie oder mit Freunden genie\u00dfen werden.<\/p>\n<p>Unser Online-Feinkostladen hat ein<strong> Sortiment an Produkten<\/strong> zusammengestellt,<strong> mit denen Sie Ihre<\/strong> provenzalischen<strong> Lieblingsrezepte zubereiten<\/strong> oder einfach nur die herrlichen K\u00f6stlichkeiten zum Aperitif oder bei einem gem\u00fctlichen Essen <strong>genie\u00dfen<\/strong> k\u00f6nnen.<\/p>\n<p><strong>Unser Haus ist Teil der provenzalischen Lebenskunst<\/strong>, die wir seit unserer Entstehung mit Leidenschaft entwickeln.<\/p>\n\t\t\t\t\t\t\t\t<\/div>\n\t\t\t\t<\/div>\n\t\t\t\t<div class=\"elementor-element elementor-element-b9a6046 none elementor-widget elementor-widget-spacer\" data-id=\"b9a6046\" data-element_type=\"widget\" data-e-type=\"widget\" data-widget_type=\"spacer.default\">\n\t\t\t\t<div class=\"elementor-widget-container\">\n\t\t\t\t\t\t\t<div class=\"elementor-spacer\">\n\t\t\t<div class=\"elementor-spacer-inner\"><\/div>\n\t\t<\/div>\n\t\t\t\t\t\t<\/div>\n\t\t\t\t<\/div>\n\t\t\t\t<div class=\"elementor-element elementor-element-e8941b5 elementor-widget__width-initial none elementor-widget elementor-widget-heading\" data-id=\"e8941b5\" data-element_type=\"widget\" data-e-type=\"widget\" data-widget_type=\"heading.default\">\n\t\t\t\t<div class=\"elementor-widget-container\">\n\t\t\t\t\t<p class=\"elementor-heading-title elementor-size-default\">Viel Spa\u00df beim St\u00f6bern in unserem Online-Feinkostladen!<\/p>\t\t\t\t<\/div>\n\t\t\t\t<\/div>\n\t\t\t\t\t<\/div>\n\t\t<\/div>\n\t\t\t\t\t<\/div>\n\t\t<\/section>\n\t\t\t\t<\/div>\n\t\t","protected":false},"excerpt":{"rendered":"<p>Willkommen in unserem Online-Feinkostladen Seit vielen Jahren reist das Team unseres Feinkostladens \u00fcber die M\u00e4rkte der Provence, um Handwerker zu treffen, um authentische, raffinierte und qualitativ hochwertige Produkte zu verkosten und sorgf\u00e4ltig f\u00fcr Sie auszuw\u00e4hlen. Die Rezepte, die Sie in unserem Online-Feinkostladen entdecken k\u00f6nnen, stammen alle aus der Provence und werden seit mehreren Generationen in [&hellip;]<\/p>\n","protected":false},"author":1,"featured_media":12489,"parent":0,"menu_order":0,"comment_status":"closed","ping_status":"closed","template":"","meta":{"footnotes":""},"class_list":["post-7154","page","type-page","status-publish","has-post-thumbnail","hentry"],"yoast_head":"<!-- This site is optimized with the Yoast SEO plugin v27.2 - https:\/\/yoast.com\/product\/yoast-seo-wordpress\/ -->\n<title>Les D\u00e9lices de Provence - Feinkostgesch\u00e4ft Provence - C\u00e9sar Bazin de Caix<\/title>\n<meta name=\"description\" content=\"Les D\u00e9lices de Provence ist ein Schweizer Online- und Markt-Feinkostgesch\u00e4ft, das hochwertige Qualit\u00e4tsprodukte aus der Provence anbietet. Sie wird mit Leidenschaft von C\u00e9sar Bazin de Caix geleitet.\" \/>\n<meta name=\"robots\" content=\"index, follow, max-snippet:-1, max-image-preview:large, max-video-preview:-1\" \/>\n<link rel=\"canonical\" href=\"http:\/\/www.lesdelicesdeprovence.ch\/de\/wer-sind-wir\/\" \/>\n<meta property=\"og:locale\" content=\"de_DE\" \/>\n<meta property=\"og:type\" content=\"article\" \/>\n<meta property=\"og:title\" content=\"Les D\u00e9lices de Provence - Feinkostgesch\u00e4ft Provence - C\u00e9sar Bazin de Caix\" \/>\n<meta property=\"og:description\" content=\"Les D\u00e9lices de Provence ist ein Schweizer Online- und Markt-Feinkostgesch\u00e4ft, das hochwertige Qualit\u00e4tsprodukte aus der Provence anbietet. Sie wird mit Leidenschaft von C\u00e9sar Bazin de Caix geleitet.\" \/>\n<meta property=\"og:url\" content=\"http:\/\/www.lesdelicesdeprovence.ch\/de\/wer-sind-wir\/\" \/>\n<meta property=\"og:site_name\" content=\"Les D\u00e9lices de Provence\" \/>\n<meta property=\"article:modified_time\" content=\"2024-03-28T13:40:42+00:00\" \/>\n<meta property=\"og:image\" content=\"http:\/\/www.lesdelicesdeprovence.ch\/wp-content\/uploads\/2022\/10\/village_5.jpg\" \/>\n\t<meta property=\"og:image:width\" content=\"2543\" \/>\n\t<meta property=\"og:image:height\" content=\"281\" \/>\n\t<meta property=\"og:image:type\" content=\"image\/jpeg\" \/>\n<meta name=\"twitter:card\" content=\"summary_large_image\" \/>\n<meta name=\"twitter:label1\" content=\"Gesch\u00e4tzte Lesezeit\" \/>\n\t<meta name=\"twitter:data1\" content=\"2\u00a0Minuten\" \/>\n<script type=\"application\/ld+json\" class=\"yoast-schema-graph\">{\"@context\":\"https:\/\/schema.org\",\"@graph\":[{\"@type\":\"WebPage\",\"@id\":\"http:\/\/www.lesdelicesdeprovence.ch\/de\/wer-sind-wir\/\",\"url\":\"http:\/\/www.lesdelicesdeprovence.ch\/de\/wer-sind-wir\/\",\"name\":\"Les D\u00e9lices de Provence - Feinkostgesch\u00e4ft Provence - C\u00e9sar Bazin de Caix\",\"isPartOf\":{\"@id\":\"https:\/\/www.lesdelicesdeprovence.ch\/de\/#website\"},\"primaryImageOfPage\":{\"@id\":\"http:\/\/www.lesdelicesdeprovence.ch\/de\/wer-sind-wir\/#primaryimage\"},\"image\":{\"@id\":\"http:\/\/www.lesdelicesdeprovence.ch\/de\/wer-sind-wir\/#primaryimage\"},\"thumbnailUrl\":\"http:\/\/www.lesdelicesdeprovence.ch\/wp-content\/uploads\/2022\/10\/village_5.jpg\",\"datePublished\":\"2021-07-19T07:46:21+00:00\",\"dateModified\":\"2024-03-28T13:40:42+00:00\",\"description\":\"Les D\u00e9lices de Provence ist ein Schweizer Online- und Markt-Feinkostgesch\u00e4ft, das hochwertige Qualit\u00e4tsprodukte aus der Provence anbietet. Sie wird mit Leidenschaft von C\u00e9sar Bazin de Caix geleitet.\",\"breadcrumb\":{\"@id\":\"http:\/\/www.lesdelicesdeprovence.ch\/de\/wer-sind-wir\/#breadcrumb\"},\"inLanguage\":\"de\",\"potentialAction\":[{\"@type\":\"ReadAction\",\"target\":[\"http:\/\/www.lesdelicesdeprovence.ch\/de\/wer-sind-wir\/\"]}]},{\"@type\":\"ImageObject\",\"inLanguage\":\"de\",\"@id\":\"http:\/\/www.lesdelicesdeprovence.ch\/de\/wer-sind-wir\/#primaryimage\",\"url\":\"http:\/\/www.lesdelicesdeprovence.ch\/wp-content\/uploads\/2022\/10\/village_5.jpg\",\"contentUrl\":\"http:\/\/www.lesdelicesdeprovence.ch\/wp-content\/uploads\/2022\/10\/village_5.jpg\",\"width\":2543,\"height\":281},{\"@type\":\"BreadcrumbList\",\"@id\":\"http:\/\/www.lesdelicesdeprovence.ch\/de\/wer-sind-wir\/#breadcrumb\",\"itemListElement\":[{\"@type\":\"ListItem\",\"position\":1,\"name\":\"Accoglienza\",\"item\":\"http:\/\/www.lesdelicesdeprovence.ch\/de\/\"},{\"@type\":\"ListItem\",\"position\":2,\"name\":\"Wer sind wir?\"}]},{\"@type\":\"WebSite\",\"@id\":\"https:\/\/www.lesdelicesdeprovence.ch\/de\/#website\",\"url\":\"https:\/\/www.lesdelicesdeprovence.ch\/de\/\",\"name\":\"Les D\u00e9lices de Provence\",\"description\":\"Epicerie fine en ligne\",\"potentialAction\":[{\"@type\":\"SearchAction\",\"target\":{\"@type\":\"EntryPoint\",\"urlTemplate\":\"https:\/\/www.lesdelicesdeprovence.ch\/de\/?s={search_term_string}\"},\"query-input\":{\"@type\":\"PropertyValueSpecification\",\"valueRequired\":true,\"valueName\":\"search_term_string\"}}],\"inLanguage\":\"de\"}]}<\/script>\n<!-- \/ Yoast SEO plugin. -->","yoast_head_json":{"title":"Les D\u00e9lices de Provence - Feinkostgesch\u00e4ft Provence - C\u00e9sar Bazin de Caix","description":"Les D\u00e9lices de Provence ist ein Schweizer Online- und Markt-Feinkostgesch\u00e4ft, das hochwertige Qualit\u00e4tsprodukte aus der Provence anbietet. Sie wird mit Leidenschaft von C\u00e9sar Bazin de Caix geleitet.","robots":{"index":"index","follow":"follow","max-snippet":"max-snippet:-1","max-image-preview":"max-image-preview:large","max-video-preview":"max-video-preview:-1"},"canonical":"http:\/\/www.lesdelicesdeprovence.ch\/de\/wer-sind-wir\/","og_locale":"de_DE","og_type":"article","og_title":"Les D\u00e9lices de Provence - Feinkostgesch\u00e4ft Provence - C\u00e9sar Bazin de Caix","og_description":"Les D\u00e9lices de Provence ist ein Schweizer Online- und Markt-Feinkostgesch\u00e4ft, das hochwertige Qualit\u00e4tsprodukte aus der Provence anbietet. Sie wird mit Leidenschaft von C\u00e9sar Bazin de Caix geleitet.","og_url":"http:\/\/www.lesdelicesdeprovence.ch\/de\/wer-sind-wir\/","og_site_name":"Les D\u00e9lices de Provence","article_modified_time":"2024-03-28T13:40:42+00:00","og_image":[{"width":2543,"height":281,"url":"http:\/\/www.lesdelicesdeprovence.ch\/wp-content\/uploads\/2022\/10\/village_5.jpg","type":"image\/jpeg"}],"twitter_card":"summary_large_image","twitter_misc":{"Gesch\u00e4tzte Lesezeit":"2\u00a0Minuten"},"schema":{"@context":"https:\/\/schema.org","@graph":[{"@type":"WebPage","@id":"http:\/\/www.lesdelicesdeprovence.ch\/de\/wer-sind-wir\/","url":"http:\/\/www.lesdelicesdeprovence.ch\/de\/wer-sind-wir\/","name":"Les D\u00e9lices de Provence - Feinkostgesch\u00e4ft Provence - C\u00e9sar Bazin de Caix","isPartOf":{"@id":"https:\/\/www.lesdelicesdeprovence.ch\/de\/#website"},"primaryImageOfPage":{"@id":"http:\/\/www.lesdelicesdeprovence.ch\/de\/wer-sind-wir\/#primaryimage"},"image":{"@id":"http:\/\/www.lesdelicesdeprovence.ch\/de\/wer-sind-wir\/#primaryimage"},"thumbnailUrl":"http:\/\/www.lesdelicesdeprovence.ch\/wp-content\/uploads\/2022\/10\/village_5.jpg","datePublished":"2021-07-19T07:46:21+00:00","dateModified":"2024-03-28T13:40:42+00:00","description":"Les D\u00e9lices de Provence ist ein Schweizer Online- und Markt-Feinkostgesch\u00e4ft, das hochwertige Qualit\u00e4tsprodukte aus der Provence anbietet. Sie wird mit Leidenschaft von C\u00e9sar Bazin de Caix geleitet.","breadcrumb":{"@id":"http:\/\/www.lesdelicesdeprovence.ch\/de\/wer-sind-wir\/#breadcrumb"},"inLanguage":"de","potentialAction":[{"@type":"ReadAction","target":["http:\/\/www.lesdelicesdeprovence.ch\/de\/wer-sind-wir\/"]}]},{"@type":"ImageObject","inLanguage":"de","@id":"http:\/\/www.lesdelicesdeprovence.ch\/de\/wer-sind-wir\/#primaryimage","url":"http:\/\/www.lesdelicesdeprovence.ch\/wp-content\/uploads\/2022\/10\/village_5.jpg","contentUrl":"http:\/\/www.lesdelicesdeprovence.ch\/wp-content\/uploads\/2022\/10\/village_5.jpg","width":2543,"height":281},{"@type":"BreadcrumbList","@id":"http:\/\/www.lesdelicesdeprovence.ch\/de\/wer-sind-wir\/#breadcrumb","itemListElement":[{"@type":"ListItem","position":1,"name":"Accoglienza","item":"http:\/\/www.lesdelicesdeprovence.ch\/de\/"},{"@type":"ListItem","position":2,"name":"Wer sind wir?"}]},{"@type":"WebSite","@id":"https:\/\/www.lesdelicesdeprovence.ch\/de\/#website","url":"https:\/\/www.lesdelicesdeprovence.ch\/de\/","name":"Les D\u00e9lices de Provence","description":"Epicerie fine en ligne","potentialAction":[{"@type":"SearchAction","target":{"@type":"EntryPoint","urlTemplate":"https:\/\/www.lesdelicesdeprovence.ch\/de\/?s={search_term_string}"},"query-input":{"@type":"PropertyValueSpecification","valueRequired":true,"valueName":"search_term_string"}}],"inLanguage":"de"}]}},"_links":{"self":[{"href":"http:\/\/www.lesdelicesdeprovence.ch\/de\/wp-json\/wp\/v2\/pages\/7154","targetHints":{"allow":["GET"]}}],"collection":[{"href":"http:\/\/www.lesdelicesdeprovence.ch\/de\/wp-json\/wp\/v2\/pages"}],"about":[{"href":"http:\/\/www.lesdelicesdeprovence.ch\/de\/wp-json\/wp\/v2\/types\/page"}],"author":[{"embeddable":true,"href":"http:\/\/www.lesdelicesdeprovence.ch\/de\/wp-json\/wp\/v2\/users\/1"}],"replies":[{"embeddable":true,"href":"http:\/\/www.lesdelicesdeprovence.ch\/de\/wp-json\/wp\/v2\/comments?post=7154"}],"version-history":[{"count":13,"href":"http:\/\/www.lesdelicesdeprovence.ch\/de\/wp-json\/wp\/v2\/pages\/7154\/revisions"}],"predecessor-version":[{"id":12494,"href":"http:\/\/www.lesdelicesdeprovence.ch\/de\/wp-json\/wp\/v2\/pages\/7154\/revisions\/12494"}],"wp:featuredmedia":[{"embeddable":true,"href":"http:\/\/www.lesdelicesdeprovence.ch\/de\/wp-json\/wp\/v2\/media\/12489"}],"wp:attachment":[{"href":"http:\/\/www.lesdelicesdeprovence.ch\/de\/wp-json\/wp\/v2\/media?parent=7154"}],"curies":[{"name":"wp","href":"https:\/\/api.w.org\/{rel}","templated":true}]}}