{"id":10157,"date":"2023-05-17T16:26:17","date_gmt":"2023-05-17T16:26:17","guid":{"rendered":"https:\/\/www.lesdelicesdeprovence.ch\/?post_type=product&#038;p=10157"},"modified":"2023-11-06T15:21:23","modified_gmt":"2023-11-06T15:21:23","slug":"konfituere-aus-wilden-quitten","status":"publish","type":"product","link":"http:\/\/www.lesdelicesdeprovence.ch\/de\/produits\/konfituere-aus-wilden-quitten\/","title":{"rendered":"Konfit\u00fcre aus wilden Quitten"},"content":{"rendered":"<p>Wir haben den Handwerker, der diese Konfit\u00fcre herstellt, auf einem Markt im Vaucluse kennengelernt und ihn anschlie\u00dfend auf seinem Hof besucht, der in einer zauberhaften Umgebung am Fu\u00dfe des wundersch\u00f6nen Dorfes Bonnieux liegt.<\/p>\n<p>Dort stellen er und seine Tochter verschiedene provenzalische Produkte her, die aus Zutaten von seinem Hof, aber auch aus der umliegenden Natur stammen, wie z. B. wilde Quitten, die er selbst vom Baum pfl\u00fcckt.<\/p>\n<p>Es handelt sich also um ein Produkt, das nicht aus einer Fabrik stammt. Und wenn man Qualit\u00e4tsfr\u00fcchte verwendet, braucht man nicht mehr viel Zucker zu verwenden.<\/p>\n<p>Das macht sich im Geschmack bemerkbar, der k\u00f6stlich und authentisch ist. Ganz nach Gro\u00dfmutters Art!<\/p>\n<p>Nat\u00fcrlich zum Fr\u00fchst\u00fcck, aber auch zu K\u00e4se oder G\u00e4nseleberpastete.<\/p>\n<p><strong>Zutaten: Quitten 65 %, Zucker.<\/strong><\/p>\n<p><strong>Inhalt: 400g<\/strong><\/p>\n","protected":false},"excerpt":{"rendered":"<p>Eine 100% nat\u00fcrliche Konfit\u00fcre, die auf dem Bauernhof aus wilden, in der Natur gepfl\u00fcckten Quitten hergestellt wird.<\/p>\n<p>Authentischer geht es kaum!<\/p>\n","protected":false},"featured_media":10791,"template":"","meta":[],"product_cat":[687],"product_tag":[],"class_list":{"0":"post-10157","1":"product","2":"type-product","3":"status-publish","4":"has-post-thumbnail","6":"product_cat-konfituren-und-brotaufstriche","8":"first","9":"outofstock","10":"taxable","11":"shipping-taxable","12":"purchasable","13":"product-type-simple"},"yoast_head":"<!-- This site is optimized with the Yoast SEO plugin v27.2 - https:\/\/yoast.com\/product\/yoast-seo-wordpress\/ -->\n<title>Konfit\u00fcre aus wilden Quitten<\/title>\n<meta name=\"description\" content=\"Eine 100% nat\u00fcrliche Konfit\u00fcre, die auf dem Bauernhof aus wilden, in der Natur gepfl\u00fcckten Quitten hergestellt wird.Authentischer geht es kaum!\" \/>\n<meta name=\"robots\" content=\"index, follow, max-snippet:-1, max-image-preview:large, max-video-preview:-1\" \/>\n<link rel=\"canonical\" href=\"http:\/\/www.lesdelicesdeprovence.ch\/de\/produits\/konfituere-aus-wilden-quitten\/\" \/>\n<meta property=\"og:locale\" content=\"de_DE\" \/>\n<meta property=\"og:type\" content=\"article\" \/>\n<meta property=\"og:title\" content=\"Konfit\u00fcre aus wilden Quitten\" \/>\n<meta property=\"og:description\" content=\"Eine 100% nat\u00fcrliche Konfit\u00fcre, die auf dem Bauernhof aus wilden, in der Natur gepfl\u00fcckten Quitten hergestellt wird.Authentischer geht es kaum!\" \/>\n<meta property=\"og:url\" content=\"http:\/\/www.lesdelicesdeprovence.ch\/de\/produits\/konfituere-aus-wilden-quitten\/\" \/>\n<meta property=\"og:site_name\" content=\"Les D\u00e9lices de Provence\" \/>\n<meta property=\"article:modified_time\" content=\"2023-11-06T15:21:23+00:00\" \/>\n<meta property=\"og:image\" content=\"http:\/\/www.lesdelicesdeprovence.ch\/wp-content\/uploads\/2023\/05\/IMG_5308-scaled.jpg\" \/>\n\t<meta property=\"og:image:width\" content=\"1981\" \/>\n\t<meta property=\"og:image:height\" content=\"2560\" \/>\n\t<meta property=\"og:image:type\" content=\"image\/jpeg\" \/>\n<meta name=\"twitter:card\" content=\"summary_large_image\" \/>\n<meta name=\"twitter:label1\" content=\"Gesch\u00e4tzte Lesezeit\" \/>\n\t<meta name=\"twitter:data1\" content=\"1\u00a0Minute\" \/>\n<script type=\"application\/ld+json\" class=\"yoast-schema-graph\">{\"@context\":\"https:\/\/schema.org\",\"@graph\":[{\"@type\":\"WebPage\",\"@id\":\"http:\/\/www.lesdelicesdeprovence.ch\/de\/produits\/konfituere-aus-wilden-quitten\/\",\"url\":\"http:\/\/www.lesdelicesdeprovence.ch\/de\/produits\/konfituere-aus-wilden-quitten\/\",\"name\":\"Konfit\u00fcre aus wilden Quitten\",\"isPartOf\":{\"@id\":\"https:\/\/www.lesdelicesdeprovence.ch\/de\/#website\"},\"primaryImageOfPage\":{\"@id\":\"http:\/\/www.lesdelicesdeprovence.ch\/de\/produits\/konfituere-aus-wilden-quitten\/#primaryimage\"},\"image\":{\"@id\":\"http:\/\/www.lesdelicesdeprovence.ch\/de\/produits\/konfituere-aus-wilden-quitten\/#primaryimage\"},\"thumbnailUrl\":\"http:\/\/www.lesdelicesdeprovence.ch\/wp-content\/uploads\/2023\/05\/IMG_5308-scaled.jpg\",\"datePublished\":\"2023-05-17T16:26:17+00:00\",\"dateModified\":\"2023-11-06T15:21:23+00:00\",\"description\":\"Eine 100% nat\u00fcrliche Konfit\u00fcre, die auf dem Bauernhof aus wilden, in der Natur gepfl\u00fcckten Quitten hergestellt wird.Authentischer geht es kaum!\",\"breadcrumb\":{\"@id\":\"http:\/\/www.lesdelicesdeprovence.ch\/de\/produits\/konfituere-aus-wilden-quitten\/#breadcrumb\"},\"inLanguage\":\"de\",\"potentialAction\":[{\"@type\":\"ReadAction\",\"target\":[\"http:\/\/www.lesdelicesdeprovence.ch\/de\/produits\/konfituere-aus-wilden-quitten\/\"]}]},{\"@type\":\"ImageObject\",\"inLanguage\":\"de\",\"@id\":\"http:\/\/www.lesdelicesdeprovence.ch\/de\/produits\/konfituere-aus-wilden-quitten\/#primaryimage\",\"url\":\"http:\/\/www.lesdelicesdeprovence.ch\/wp-content\/uploads\/2023\/05\/IMG_5308-scaled.jpg\",\"contentUrl\":\"http:\/\/www.lesdelicesdeprovence.ch\/wp-content\/uploads\/2023\/05\/IMG_5308-scaled.jpg\",\"width\":1981,\"height\":2560},{\"@type\":\"BreadcrumbList\",\"@id\":\"http:\/\/www.lesdelicesdeprovence.ch\/de\/produits\/konfituere-aus-wilden-quitten\/#breadcrumb\",\"itemListElement\":[{\"@type\":\"ListItem\",\"position\":1,\"name\":\"Accoglienza\",\"item\":\"https:\/\/www.lesdelicesdeprovence.ch\/de\/\"},{\"@type\":\"ListItem\",\"position\":2,\"name\":\"Shop\",\"item\":\"https:\/\/www.lesdelicesdeprovence.ch\/de\/geschaeft\/\"},{\"@type\":\"ListItem\",\"position\":3,\"name\":\"Konfit\u00fcre aus wilden Quitten\"}]},{\"@type\":\"WebSite\",\"@id\":\"https:\/\/www.lesdelicesdeprovence.ch\/de\/#website\",\"url\":\"https:\/\/www.lesdelicesdeprovence.ch\/de\/\",\"name\":\"Les D\u00e9lices de Provence\",\"description\":\"Epicerie fine en ligne\",\"potentialAction\":[{\"@type\":\"SearchAction\",\"target\":{\"@type\":\"EntryPoint\",\"urlTemplate\":\"https:\/\/www.lesdelicesdeprovence.ch\/de\/?s={search_term_string}\"},\"query-input\":{\"@type\":\"PropertyValueSpecification\",\"valueRequired\":true,\"valueName\":\"search_term_string\"}}],\"inLanguage\":\"de\"}]}<\/script>\n<!-- \/ Yoast SEO plugin. -->","yoast_head_json":{"title":"Konfit\u00fcre aus wilden Quitten","description":"Eine 100% nat\u00fcrliche Konfit\u00fcre, die auf dem Bauernhof aus wilden, in der Natur gepfl\u00fcckten Quitten hergestellt wird.Authentischer geht es kaum!","robots":{"index":"index","follow":"follow","max-snippet":"max-snippet:-1","max-image-preview":"max-image-preview:large","max-video-preview":"max-video-preview:-1"},"canonical":"http:\/\/www.lesdelicesdeprovence.ch\/de\/produits\/konfituere-aus-wilden-quitten\/","og_locale":"de_DE","og_type":"article","og_title":"Konfit\u00fcre aus wilden Quitten","og_description":"Eine 100% nat\u00fcrliche Konfit\u00fcre, die auf dem Bauernhof aus wilden, in der Natur gepfl\u00fcckten Quitten hergestellt wird.Authentischer geht es kaum!","og_url":"http:\/\/www.lesdelicesdeprovence.ch\/de\/produits\/konfituere-aus-wilden-quitten\/","og_site_name":"Les D\u00e9lices de Provence","article_modified_time":"2023-11-06T15:21:23+00:00","og_image":[{"width":1981,"height":2560,"url":"http:\/\/www.lesdelicesdeprovence.ch\/wp-content\/uploads\/2023\/05\/IMG_5308-scaled.jpg","type":"image\/jpeg"}],"twitter_card":"summary_large_image","twitter_misc":{"Gesch\u00e4tzte Lesezeit":"1\u00a0Minute"},"schema":{"@context":"https:\/\/schema.org","@graph":[{"@type":"WebPage","@id":"http:\/\/www.lesdelicesdeprovence.ch\/de\/produits\/konfituere-aus-wilden-quitten\/","url":"http:\/\/www.lesdelicesdeprovence.ch\/de\/produits\/konfituere-aus-wilden-quitten\/","name":"Konfit\u00fcre aus wilden Quitten","isPartOf":{"@id":"https:\/\/www.lesdelicesdeprovence.ch\/de\/#website"},"primaryImageOfPage":{"@id":"http:\/\/www.lesdelicesdeprovence.ch\/de\/produits\/konfituere-aus-wilden-quitten\/#primaryimage"},"image":{"@id":"http:\/\/www.lesdelicesdeprovence.ch\/de\/produits\/konfituere-aus-wilden-quitten\/#primaryimage"},"thumbnailUrl":"http:\/\/www.lesdelicesdeprovence.ch\/wp-content\/uploads\/2023\/05\/IMG_5308-scaled.jpg","datePublished":"2023-05-17T16:26:17+00:00","dateModified":"2023-11-06T15:21:23+00:00","description":"Eine 100% nat\u00fcrliche Konfit\u00fcre, die auf dem Bauernhof aus wilden, in der Natur gepfl\u00fcckten Quitten hergestellt wird.Authentischer geht es kaum!","breadcrumb":{"@id":"http:\/\/www.lesdelicesdeprovence.ch\/de\/produits\/konfituere-aus-wilden-quitten\/#breadcrumb"},"inLanguage":"de","potentialAction":[{"@type":"ReadAction","target":["http:\/\/www.lesdelicesdeprovence.ch\/de\/produits\/konfituere-aus-wilden-quitten\/"]}]},{"@type":"ImageObject","inLanguage":"de","@id":"http:\/\/www.lesdelicesdeprovence.ch\/de\/produits\/konfituere-aus-wilden-quitten\/#primaryimage","url":"http:\/\/www.lesdelicesdeprovence.ch\/wp-content\/uploads\/2023\/05\/IMG_5308-scaled.jpg","contentUrl":"http:\/\/www.lesdelicesdeprovence.ch\/wp-content\/uploads\/2023\/05\/IMG_5308-scaled.jpg","width":1981,"height":2560},{"@type":"BreadcrumbList","@id":"http:\/\/www.lesdelicesdeprovence.ch\/de\/produits\/konfituere-aus-wilden-quitten\/#breadcrumb","itemListElement":[{"@type":"ListItem","position":1,"name":"Accoglienza","item":"https:\/\/www.lesdelicesdeprovence.ch\/de\/"},{"@type":"ListItem","position":2,"name":"Shop","item":"https:\/\/www.lesdelicesdeprovence.ch\/de\/geschaeft\/"},{"@type":"ListItem","position":3,"name":"Konfit\u00fcre aus wilden Quitten"}]},{"@type":"WebSite","@id":"https:\/\/www.lesdelicesdeprovence.ch\/de\/#website","url":"https:\/\/www.lesdelicesdeprovence.ch\/de\/","name":"Les D\u00e9lices de Provence","description":"Epicerie fine en ligne","potentialAction":[{"@type":"SearchAction","target":{"@type":"EntryPoint","urlTemplate":"https:\/\/www.lesdelicesdeprovence.ch\/de\/?s={search_term_string}"},"query-input":{"@type":"PropertyValueSpecification","valueRequired":true,"valueName":"search_term_string"}}],"inLanguage":"de"}]}},"_links":{"self":[{"href":"http:\/\/www.lesdelicesdeprovence.ch\/de\/wp-json\/wp\/v2\/product\/10157","targetHints":{"allow":["GET"]}}],"collection":[{"href":"http:\/\/www.lesdelicesdeprovence.ch\/de\/wp-json\/wp\/v2\/product"}],"about":[{"href":"http:\/\/www.lesdelicesdeprovence.ch\/de\/wp-json\/wp\/v2\/types\/product"}],"version-history":[{"count":1,"href":"http:\/\/www.lesdelicesdeprovence.ch\/de\/wp-json\/wp\/v2\/product\/10157\/revisions"}],"predecessor-version":[{"id":10158,"href":"http:\/\/www.lesdelicesdeprovence.ch\/de\/wp-json\/wp\/v2\/product\/10157\/revisions\/10158"}],"wp:featuredmedia":[{"embeddable":true,"href":"http:\/\/www.lesdelicesdeprovence.ch\/de\/wp-json\/wp\/v2\/media\/10791"}],"wp:attachment":[{"href":"http:\/\/www.lesdelicesdeprovence.ch\/de\/wp-json\/wp\/v2\/media?parent=10157"}],"wp:term":[{"taxonomy":"product_cat","embeddable":true,"href":"http:\/\/www.lesdelicesdeprovence.ch\/de\/wp-json\/wp\/v2\/product_cat?post=10157"},{"taxonomy":"product_tag","embeddable":true,"href":"http:\/\/www.lesdelicesdeprovence.ch\/de\/wp-json\/wp\/v2\/product_tag?post=10157"}],"curies":[{"name":"wp","href":"https:\/\/api.w.org\/{rel}","templated":true}]}}