{"id":14490,"date":"2024-10-22T16:54:10","date_gmt":"2024-10-22T16:54:10","guid":{"rendered":"https:\/\/www.lesdelicesdeprovence.ch\/produits\/die-picholine-du-gard\/"},"modified":"2024-10-22T16:54:10","modified_gmt":"2024-10-22T16:54:10","slug":"die-picholine-du-gard","status":"publish","type":"product","link":"http:\/\/www.lesdelicesdeprovence.ch\/de\/produits\/die-picholine-du-gard\/","title":{"rendered":"Die Picholine du Gard"},"content":{"rendered":"<p>Lassen Sie sich von den typischen Aromen der Provence mit den gr\u00fcnen Picholine-Oliven aus dem Olivenhain Jeanjean verzaubern. Diese gr\u00fcnen Picholine-Oliven werden im Departement Gard von Hand gepfl\u00fcckt und sorgf\u00e4ltig verpackt und sind ein wahrer Schatz des franz\u00f6sischen Terroirs. Sie zeichnen sich durch ihre gro\u00dfz\u00fcgige Gr\u00f6\u00dfe und ihre l\u00e4ngliche, spitze Form aus, die sie unter den anderen Sorten einzigartig macht. Ihr unvergleichlicher Geschmack macht sie zu einem idealen Begleiter f\u00fcr Aperitifs oder Salate.<\/p>\n<p><strong>Zutaten: Picholine-Oliven, Salz, Zitronens\u00e4ure.<\/strong><\/p>\n<p><strong>Inhalt: 120g<\/strong><\/p>\n","protected":false},"excerpt":{"rendered":"<p>Gr\u00fcne Oliven der bekannten Sorte Picholine, die in einem renommierten Olivenhain im Gard geerntet und eingelegt wurden.<\/p>\n","protected":false},"featured_media":14481,"template":"","meta":[],"product_cat":[691],"product_tag":[],"class_list":{"0":"post-14490","1":"product","2":"type-product","3":"status-publish","4":"has-post-thumbnail","6":"product_cat-ganze-oliven","8":"first","9":"instock","10":"taxable","11":"shipping-taxable","12":"purchasable","13":"product-type-simple"},"yoast_head":"<!-- This site is optimized with the Yoast SEO plugin v27.2 - https:\/\/yoast.com\/product\/yoast-seo-wordpress\/ -->\n<title>Die Picholine du Gard<\/title>\n<meta name=\"description\" content=\"Gr\u00fcne Oliven der bekannten Sorte Picholine, die in einem renommierten Olivenhain im Gard geerntet und eingelegt wurden.\" \/>\n<meta name=\"robots\" content=\"index, follow, max-snippet:-1, max-image-preview:large, max-video-preview:-1\" \/>\n<link rel=\"canonical\" href=\"http:\/\/www.lesdelicesdeprovence.ch\/de\/produits\/die-picholine-du-gard\/\" \/>\n<meta property=\"og:locale\" content=\"de_DE\" \/>\n<meta property=\"og:type\" content=\"article\" \/>\n<meta property=\"og:title\" content=\"Die Picholine du Gard\" \/>\n<meta property=\"og:description\" content=\"Gr\u00fcne Oliven der bekannten Sorte Picholine, die in einem renommierten Olivenhain im Gard geerntet und eingelegt wurden.\" \/>\n<meta property=\"og:url\" content=\"http:\/\/www.lesdelicesdeprovence.ch\/de\/produits\/die-picholine-du-gard\/\" \/>\n<meta property=\"og:site_name\" content=\"Les D\u00e9lices de Provence\" \/>\n<meta property=\"og:image\" content=\"http:\/\/www.lesdelicesdeprovence.ch\/wp-content\/uploads\/2024\/10\/IMG_8642.jpg\" \/>\n\t<meta property=\"og:image:width\" content=\"1832\" \/>\n\t<meta property=\"og:image:height\" content=\"1777\" \/>\n\t<meta property=\"og:image:type\" content=\"image\/jpeg\" \/>\n<meta name=\"twitter:card\" content=\"summary_large_image\" \/>\n<script type=\"application\/ld+json\" class=\"yoast-schema-graph\">{\"@context\":\"https:\/\/schema.org\",\"@graph\":[{\"@type\":\"WebPage\",\"@id\":\"http:\/\/www.lesdelicesdeprovence.ch\/de\/produits\/die-picholine-du-gard\/\",\"url\":\"http:\/\/www.lesdelicesdeprovence.ch\/de\/produits\/die-picholine-du-gard\/\",\"name\":\"Die Picholine du Gard\",\"isPartOf\":{\"@id\":\"https:\/\/www.lesdelicesdeprovence.ch\/de\/#website\"},\"primaryImageOfPage\":{\"@id\":\"http:\/\/www.lesdelicesdeprovence.ch\/de\/produits\/die-picholine-du-gard\/#primaryimage\"},\"image\":{\"@id\":\"http:\/\/www.lesdelicesdeprovence.ch\/de\/produits\/die-picholine-du-gard\/#primaryimage\"},\"thumbnailUrl\":\"http:\/\/www.lesdelicesdeprovence.ch\/wp-content\/uploads\/2024\/10\/IMG_8642.jpg\",\"datePublished\":\"2024-10-22T16:54:10+00:00\",\"description\":\"Gr\u00fcne Oliven der bekannten Sorte Picholine, die in einem renommierten Olivenhain im Gard geerntet und eingelegt wurden.\",\"breadcrumb\":{\"@id\":\"http:\/\/www.lesdelicesdeprovence.ch\/de\/produits\/die-picholine-du-gard\/#breadcrumb\"},\"inLanguage\":\"de\",\"potentialAction\":[{\"@type\":\"ReadAction\",\"target\":[\"http:\/\/www.lesdelicesdeprovence.ch\/de\/produits\/die-picholine-du-gard\/\"]}]},{\"@type\":\"ImageObject\",\"inLanguage\":\"de\",\"@id\":\"http:\/\/www.lesdelicesdeprovence.ch\/de\/produits\/die-picholine-du-gard\/#primaryimage\",\"url\":\"http:\/\/www.lesdelicesdeprovence.ch\/wp-content\/uploads\/2024\/10\/IMG_8642.jpg\",\"contentUrl\":\"http:\/\/www.lesdelicesdeprovence.ch\/wp-content\/uploads\/2024\/10\/IMG_8642.jpg\",\"width\":1832,\"height\":1777},{\"@type\":\"BreadcrumbList\",\"@id\":\"http:\/\/www.lesdelicesdeprovence.ch\/de\/produits\/die-picholine-du-gard\/#breadcrumb\",\"itemListElement\":[{\"@type\":\"ListItem\",\"position\":1,\"name\":\"Accoglienza\",\"item\":\"http:\/\/www.lesdelicesdeprovence.ch\/de\/\"},{\"@type\":\"ListItem\",\"position\":2,\"name\":\"Shop\",\"item\":\"http:\/\/www.lesdelicesdeprovence.ch\/de\/geschaeft\/\"},{\"@type\":\"ListItem\",\"position\":3,\"name\":\"Die Picholine du Gard\"}]},{\"@type\":\"WebSite\",\"@id\":\"https:\/\/www.lesdelicesdeprovence.ch\/de\/#website\",\"url\":\"https:\/\/www.lesdelicesdeprovence.ch\/de\/\",\"name\":\"Les D\u00e9lices de Provence\",\"description\":\"Epicerie fine en ligne\",\"potentialAction\":[{\"@type\":\"SearchAction\",\"target\":{\"@type\":\"EntryPoint\",\"urlTemplate\":\"https:\/\/www.lesdelicesdeprovence.ch\/de\/?s={search_term_string}\"},\"query-input\":{\"@type\":\"PropertyValueSpecification\",\"valueRequired\":true,\"valueName\":\"search_term_string\"}}],\"inLanguage\":\"de\"}]}<\/script>\n<!-- \/ Yoast SEO plugin. -->","yoast_head_json":{"title":"Die Picholine du Gard","description":"Gr\u00fcne Oliven der bekannten Sorte Picholine, die in einem renommierten Olivenhain im Gard geerntet und eingelegt wurden.","robots":{"index":"index","follow":"follow","max-snippet":"max-snippet:-1","max-image-preview":"max-image-preview:large","max-video-preview":"max-video-preview:-1"},"canonical":"http:\/\/www.lesdelicesdeprovence.ch\/de\/produits\/die-picholine-du-gard\/","og_locale":"de_DE","og_type":"article","og_title":"Die Picholine du Gard","og_description":"Gr\u00fcne Oliven der bekannten Sorte Picholine, die in einem renommierten Olivenhain im Gard geerntet und eingelegt wurden.","og_url":"http:\/\/www.lesdelicesdeprovence.ch\/de\/produits\/die-picholine-du-gard\/","og_site_name":"Les D\u00e9lices de Provence","og_image":[{"width":1832,"height":1777,"url":"http:\/\/www.lesdelicesdeprovence.ch\/wp-content\/uploads\/2024\/10\/IMG_8642.jpg","type":"image\/jpeg"}],"twitter_card":"summary_large_image","schema":{"@context":"https:\/\/schema.org","@graph":[{"@type":"WebPage","@id":"http:\/\/www.lesdelicesdeprovence.ch\/de\/produits\/die-picholine-du-gard\/","url":"http:\/\/www.lesdelicesdeprovence.ch\/de\/produits\/die-picholine-du-gard\/","name":"Die Picholine du Gard","isPartOf":{"@id":"https:\/\/www.lesdelicesdeprovence.ch\/de\/#website"},"primaryImageOfPage":{"@id":"http:\/\/www.lesdelicesdeprovence.ch\/de\/produits\/die-picholine-du-gard\/#primaryimage"},"image":{"@id":"http:\/\/www.lesdelicesdeprovence.ch\/de\/produits\/die-picholine-du-gard\/#primaryimage"},"thumbnailUrl":"http:\/\/www.lesdelicesdeprovence.ch\/wp-content\/uploads\/2024\/10\/IMG_8642.jpg","datePublished":"2024-10-22T16:54:10+00:00","description":"Gr\u00fcne Oliven der bekannten Sorte Picholine, die in einem renommierten Olivenhain im Gard geerntet und eingelegt wurden.","breadcrumb":{"@id":"http:\/\/www.lesdelicesdeprovence.ch\/de\/produits\/die-picholine-du-gard\/#breadcrumb"},"inLanguage":"de","potentialAction":[{"@type":"ReadAction","target":["http:\/\/www.lesdelicesdeprovence.ch\/de\/produits\/die-picholine-du-gard\/"]}]},{"@type":"ImageObject","inLanguage":"de","@id":"http:\/\/www.lesdelicesdeprovence.ch\/de\/produits\/die-picholine-du-gard\/#primaryimage","url":"http:\/\/www.lesdelicesdeprovence.ch\/wp-content\/uploads\/2024\/10\/IMG_8642.jpg","contentUrl":"http:\/\/www.lesdelicesdeprovence.ch\/wp-content\/uploads\/2024\/10\/IMG_8642.jpg","width":1832,"height":1777},{"@type":"BreadcrumbList","@id":"http:\/\/www.lesdelicesdeprovence.ch\/de\/produits\/die-picholine-du-gard\/#breadcrumb","itemListElement":[{"@type":"ListItem","position":1,"name":"Accoglienza","item":"http:\/\/www.lesdelicesdeprovence.ch\/de\/"},{"@type":"ListItem","position":2,"name":"Shop","item":"http:\/\/www.lesdelicesdeprovence.ch\/de\/geschaeft\/"},{"@type":"ListItem","position":3,"name":"Die Picholine du Gard"}]},{"@type":"WebSite","@id":"https:\/\/www.lesdelicesdeprovence.ch\/de\/#website","url":"https:\/\/www.lesdelicesdeprovence.ch\/de\/","name":"Les D\u00e9lices de Provence","description":"Epicerie fine en ligne","potentialAction":[{"@type":"SearchAction","target":{"@type":"EntryPoint","urlTemplate":"https:\/\/www.lesdelicesdeprovence.ch\/de\/?s={search_term_string}"},"query-input":{"@type":"PropertyValueSpecification","valueRequired":true,"valueName":"search_term_string"}}],"inLanguage":"de"}]}},"_links":{"self":[{"href":"http:\/\/www.lesdelicesdeprovence.ch\/de\/wp-json\/wp\/v2\/product\/14490","targetHints":{"allow":["GET"]}}],"collection":[{"href":"http:\/\/www.lesdelicesdeprovence.ch\/de\/wp-json\/wp\/v2\/product"}],"about":[{"href":"http:\/\/www.lesdelicesdeprovence.ch\/de\/wp-json\/wp\/v2\/types\/product"}],"version-history":[{"count":0,"href":"http:\/\/www.lesdelicesdeprovence.ch\/de\/wp-json\/wp\/v2\/product\/14490\/revisions"}],"wp:featuredmedia":[{"embeddable":true,"href":"http:\/\/www.lesdelicesdeprovence.ch\/de\/wp-json\/wp\/v2\/media\/14481"}],"wp:attachment":[{"href":"http:\/\/www.lesdelicesdeprovence.ch\/de\/wp-json\/wp\/v2\/media?parent=14490"}],"wp:term":[{"taxonomy":"product_cat","embeddable":true,"href":"http:\/\/www.lesdelicesdeprovence.ch\/de\/wp-json\/wp\/v2\/product_cat?post=14490"},{"taxonomy":"product_tag","embeddable":true,"href":"http:\/\/www.lesdelicesdeprovence.ch\/de\/wp-json\/wp\/v2\/product_tag?post=14490"}],"curies":[{"name":"wp","href":"https:\/\/api.w.org\/{rel}","templated":true}]}}