{"id":14503,"date":"2024-10-22T17:09:39","date_gmt":"2024-10-22T17:09:39","guid":{"rendered":"https:\/\/www.lesdelicesdeprovence.ch\/produits\/gruene-lucca\/"},"modified":"2024-10-22T17:09:39","modified_gmt":"2024-10-22T17:09:39","slug":"gruene-lucca","status":"publish","type":"product","link":"http:\/\/www.lesdelicesdeprovence.ch\/de\/produits\/gruene-lucca\/","title":{"rendered":"Gr\u00fcne Lucca"},"content":{"rendered":"<p>Die Lucca-Olive wird ausschlie\u00dflich in Okzitanien angebaut und von Hand gepfl\u00fcckt und gilt als einzigartige Olive. Sie wird auch als &#8222;gr\u00fcner Diamant&#8220; bezeichnet und ist typisch f\u00fcr ihre halbmondf\u00f6rmige Form. Die Lucca-Olive ist leicht zu erkennen: ein kleiner Kern, ein feines und schmackhaftes Fruchtfleisch. Sie ist s\u00fc\u00df und \u00fcppig am Gaumen mit einem leichten Geschmack nach buttriger Avocado und frischer Haselnuss. Sie ist auf den Tischen der gr\u00f6\u00dften franz\u00f6sischen K\u00f6che zu finden und ist die Gourmet-Olive par excellence!<\/p>\n<p><strong>Zutaten: Gr\u00fcne Lucca-Oliven, Salz, Knoblauch, Zitronens\u00e4ure.<\/strong><\/p>\n<p><strong>Inhalt: 120g<\/strong><\/p>\n","protected":false},"excerpt":{"rendered":"<p>Entdecken Sie die Lucca-Olive, die auch als &#8222;Perle des Languedoc&#8220; bezeichnet wird. Sie zeichnet sich durch ihre einzigartige Mondform und ihren exquisiten Geschmack aus. Ein echter Star auf dem provenzalischen Aperitif! <\/p>\n","protected":false},"featured_media":14495,"template":"","meta":[],"product_cat":[691],"product_tag":[],"class_list":{"0":"post-14503","1":"product","2":"type-product","3":"status-publish","4":"has-post-thumbnail","6":"product_cat-ganze-oliven","8":"first","9":"outofstock","10":"taxable","11":"shipping-taxable","12":"purchasable","13":"product-type-simple"},"yoast_head":"<!-- This site is optimized with the Yoast SEO plugin v27.2 - https:\/\/yoast.com\/product\/yoast-seo-wordpress\/ -->\n<title>Gr\u00fcne Lucca<\/title>\n<meta name=\"description\" content=\"Entdecken Sie die Lucca-Olive, die auch als &quot;Perle des Languedoc&quot; bezeichnet wird. Sie zeichnet sich durch ihre einzigartige Mondform und ihren exquisiten Geschmack aus. Ein echter Star auf dem provenzalischen Aperitif!\" \/>\n<meta name=\"robots\" content=\"index, follow, max-snippet:-1, max-image-preview:large, max-video-preview:-1\" \/>\n<link rel=\"canonical\" href=\"http:\/\/www.lesdelicesdeprovence.ch\/de\/produits\/gruene-lucca\/\" \/>\n<meta property=\"og:locale\" content=\"de_DE\" \/>\n<meta property=\"og:type\" content=\"article\" \/>\n<meta property=\"og:title\" content=\"Gr\u00fcne Lucca\" \/>\n<meta property=\"og:description\" content=\"Entdecken Sie die Lucca-Olive, die auch als &quot;Perle des Languedoc&quot; bezeichnet wird. Sie zeichnet sich durch ihre einzigartige Mondform und ihren exquisiten Geschmack aus. Ein echter Star auf dem provenzalischen Aperitif!\" \/>\n<meta property=\"og:url\" content=\"http:\/\/www.lesdelicesdeprovence.ch\/de\/produits\/gruene-lucca\/\" \/>\n<meta property=\"og:site_name\" content=\"Les D\u00e9lices de Provence\" \/>\n<meta property=\"og:image\" content=\"https:\/\/www.lesdelicesdeprovence.ch\/wp-content\/uploads\/2024\/10\/IMG_8643.jpg\" \/>\n\t<meta property=\"og:image:width\" content=\"1734\" \/>\n\t<meta property=\"og:image:height\" content=\"1609\" \/>\n\t<meta property=\"og:image:type\" content=\"image\/jpeg\" \/>\n<meta name=\"twitter:card\" content=\"summary_large_image\" \/>\n<script type=\"application\/ld+json\" class=\"yoast-schema-graph\">{\"@context\":\"https:\/\/schema.org\",\"@graph\":[{\"@type\":\"WebPage\",\"@id\":\"http:\/\/www.lesdelicesdeprovence.ch\/de\/produits\/gruene-lucca\/\",\"url\":\"http:\/\/www.lesdelicesdeprovence.ch\/de\/produits\/gruene-lucca\/\",\"name\":\"Gr\u00fcne Lucca\",\"isPartOf\":{\"@id\":\"https:\/\/www.lesdelicesdeprovence.ch\/de\/#website\"},\"primaryImageOfPage\":{\"@id\":\"http:\/\/www.lesdelicesdeprovence.ch\/de\/produits\/gruene-lucca\/#primaryimage\"},\"image\":{\"@id\":\"http:\/\/www.lesdelicesdeprovence.ch\/de\/produits\/gruene-lucca\/#primaryimage\"},\"thumbnailUrl\":\"http:\/\/www.lesdelicesdeprovence.ch\/wp-content\/uploads\/2024\/10\/IMG_8643.jpg\",\"datePublished\":\"2024-10-22T17:09:39+00:00\",\"description\":\"Entdecken Sie die Lucca-Olive, die auch als \\\"Perle des Languedoc\\\" bezeichnet wird. Sie zeichnet sich durch ihre einzigartige Mondform und ihren exquisiten Geschmack aus. Ein echter Star auf dem provenzalischen Aperitif!\",\"breadcrumb\":{\"@id\":\"http:\/\/www.lesdelicesdeprovence.ch\/de\/produits\/gruene-lucca\/#breadcrumb\"},\"inLanguage\":\"de\",\"potentialAction\":[{\"@type\":\"ReadAction\",\"target\":[\"http:\/\/www.lesdelicesdeprovence.ch\/de\/produits\/gruene-lucca\/\"]}]},{\"@type\":\"ImageObject\",\"inLanguage\":\"de\",\"@id\":\"http:\/\/www.lesdelicesdeprovence.ch\/de\/produits\/gruene-lucca\/#primaryimage\",\"url\":\"http:\/\/www.lesdelicesdeprovence.ch\/wp-content\/uploads\/2024\/10\/IMG_8643.jpg\",\"contentUrl\":\"http:\/\/www.lesdelicesdeprovence.ch\/wp-content\/uploads\/2024\/10\/IMG_8643.jpg\",\"width\":1734,\"height\":1609},{\"@type\":\"BreadcrumbList\",\"@id\":\"http:\/\/www.lesdelicesdeprovence.ch\/de\/produits\/gruene-lucca\/#breadcrumb\",\"itemListElement\":[{\"@type\":\"ListItem\",\"position\":1,\"name\":\"Accoglienza\",\"item\":\"http:\/\/www.lesdelicesdeprovence.ch\/de\/\"},{\"@type\":\"ListItem\",\"position\":2,\"name\":\"Shop\",\"item\":\"http:\/\/www.lesdelicesdeprovence.ch\/de\/geschaeft\/\"},{\"@type\":\"ListItem\",\"position\":3,\"name\":\"Gr\u00fcne Lucca\"}]},{\"@type\":\"WebSite\",\"@id\":\"https:\/\/www.lesdelicesdeprovence.ch\/de\/#website\",\"url\":\"https:\/\/www.lesdelicesdeprovence.ch\/de\/\",\"name\":\"Les D\u00e9lices de Provence\",\"description\":\"Epicerie fine en ligne\",\"potentialAction\":[{\"@type\":\"SearchAction\",\"target\":{\"@type\":\"EntryPoint\",\"urlTemplate\":\"https:\/\/www.lesdelicesdeprovence.ch\/de\/?s={search_term_string}\"},\"query-input\":{\"@type\":\"PropertyValueSpecification\",\"valueRequired\":true,\"valueName\":\"search_term_string\"}}],\"inLanguage\":\"de\"}]}<\/script>\n<!-- \/ Yoast SEO plugin. -->","yoast_head_json":{"title":"Gr\u00fcne Lucca","description":"Entdecken Sie die Lucca-Olive, die auch als \"Perle des Languedoc\" bezeichnet wird. Sie zeichnet sich durch ihre einzigartige Mondform und ihren exquisiten Geschmack aus. Ein echter Star auf dem provenzalischen Aperitif!","robots":{"index":"index","follow":"follow","max-snippet":"max-snippet:-1","max-image-preview":"max-image-preview:large","max-video-preview":"max-video-preview:-1"},"canonical":"http:\/\/www.lesdelicesdeprovence.ch\/de\/produits\/gruene-lucca\/","og_locale":"de_DE","og_type":"article","og_title":"Gr\u00fcne Lucca","og_description":"Entdecken Sie die Lucca-Olive, die auch als \"Perle des Languedoc\" bezeichnet wird. Sie zeichnet sich durch ihre einzigartige Mondform und ihren exquisiten Geschmack aus. Ein echter Star auf dem provenzalischen Aperitif!","og_url":"http:\/\/www.lesdelicesdeprovence.ch\/de\/produits\/gruene-lucca\/","og_site_name":"Les D\u00e9lices de Provence","og_image":[{"width":1734,"height":1609,"url":"https:\/\/www.lesdelicesdeprovence.ch\/wp-content\/uploads\/2024\/10\/IMG_8643.jpg","type":"image\/jpeg"}],"twitter_card":"summary_large_image","schema":{"@context":"https:\/\/schema.org","@graph":[{"@type":"WebPage","@id":"http:\/\/www.lesdelicesdeprovence.ch\/de\/produits\/gruene-lucca\/","url":"http:\/\/www.lesdelicesdeprovence.ch\/de\/produits\/gruene-lucca\/","name":"Gr\u00fcne Lucca","isPartOf":{"@id":"https:\/\/www.lesdelicesdeprovence.ch\/de\/#website"},"primaryImageOfPage":{"@id":"http:\/\/www.lesdelicesdeprovence.ch\/de\/produits\/gruene-lucca\/#primaryimage"},"image":{"@id":"http:\/\/www.lesdelicesdeprovence.ch\/de\/produits\/gruene-lucca\/#primaryimage"},"thumbnailUrl":"http:\/\/www.lesdelicesdeprovence.ch\/wp-content\/uploads\/2024\/10\/IMG_8643.jpg","datePublished":"2024-10-22T17:09:39+00:00","description":"Entdecken Sie die Lucca-Olive, die auch als \"Perle des Languedoc\" bezeichnet wird. Sie zeichnet sich durch ihre einzigartige Mondform und ihren exquisiten Geschmack aus. Ein echter Star auf dem provenzalischen Aperitif!","breadcrumb":{"@id":"http:\/\/www.lesdelicesdeprovence.ch\/de\/produits\/gruene-lucca\/#breadcrumb"},"inLanguage":"de","potentialAction":[{"@type":"ReadAction","target":["http:\/\/www.lesdelicesdeprovence.ch\/de\/produits\/gruene-lucca\/"]}]},{"@type":"ImageObject","inLanguage":"de","@id":"http:\/\/www.lesdelicesdeprovence.ch\/de\/produits\/gruene-lucca\/#primaryimage","url":"http:\/\/www.lesdelicesdeprovence.ch\/wp-content\/uploads\/2024\/10\/IMG_8643.jpg","contentUrl":"http:\/\/www.lesdelicesdeprovence.ch\/wp-content\/uploads\/2024\/10\/IMG_8643.jpg","width":1734,"height":1609},{"@type":"BreadcrumbList","@id":"http:\/\/www.lesdelicesdeprovence.ch\/de\/produits\/gruene-lucca\/#breadcrumb","itemListElement":[{"@type":"ListItem","position":1,"name":"Accoglienza","item":"http:\/\/www.lesdelicesdeprovence.ch\/de\/"},{"@type":"ListItem","position":2,"name":"Shop","item":"http:\/\/www.lesdelicesdeprovence.ch\/de\/geschaeft\/"},{"@type":"ListItem","position":3,"name":"Gr\u00fcne Lucca"}]},{"@type":"WebSite","@id":"https:\/\/www.lesdelicesdeprovence.ch\/de\/#website","url":"https:\/\/www.lesdelicesdeprovence.ch\/de\/","name":"Les D\u00e9lices de Provence","description":"Epicerie fine en ligne","potentialAction":[{"@type":"SearchAction","target":{"@type":"EntryPoint","urlTemplate":"https:\/\/www.lesdelicesdeprovence.ch\/de\/?s={search_term_string}"},"query-input":{"@type":"PropertyValueSpecification","valueRequired":true,"valueName":"search_term_string"}}],"inLanguage":"de"}]}},"_links":{"self":[{"href":"http:\/\/www.lesdelicesdeprovence.ch\/de\/wp-json\/wp\/v2\/product\/14503","targetHints":{"allow":["GET"]}}],"collection":[{"href":"http:\/\/www.lesdelicesdeprovence.ch\/de\/wp-json\/wp\/v2\/product"}],"about":[{"href":"http:\/\/www.lesdelicesdeprovence.ch\/de\/wp-json\/wp\/v2\/types\/product"}],"version-history":[{"count":0,"href":"http:\/\/www.lesdelicesdeprovence.ch\/de\/wp-json\/wp\/v2\/product\/14503\/revisions"}],"wp:featuredmedia":[{"embeddable":true,"href":"http:\/\/www.lesdelicesdeprovence.ch\/de\/wp-json\/wp\/v2\/media\/14495"}],"wp:attachment":[{"href":"http:\/\/www.lesdelicesdeprovence.ch\/de\/wp-json\/wp\/v2\/media?parent=14503"}],"wp:term":[{"taxonomy":"product_cat","embeddable":true,"href":"http:\/\/www.lesdelicesdeprovence.ch\/de\/wp-json\/wp\/v2\/product_cat?post=14503"},{"taxonomy":"product_tag","embeddable":true,"href":"http:\/\/www.lesdelicesdeprovence.ch\/de\/wp-json\/wp\/v2\/product_tag?post=14503"}],"curies":[{"name":"wp","href":"https:\/\/api.w.org\/{rel}","templated":true}]}}