{"id":14525,"date":"2024-10-23T10:14:41","date_gmt":"2024-10-23T10:14:41","guid":{"rendered":"https:\/\/www.lesdelicesdeprovence.ch\/produits\/zwiebelkonfit-mit-bio-thymian\/"},"modified":"2025-06-28T17:16:13","modified_gmt":"2025-06-28T17:16:13","slug":"zwiebelkonfit-mit-bio-thymian","status":"publish","type":"product","link":"http:\/\/www.lesdelicesdeprovence.ch\/de\/produits\/zwiebelkonfit-mit-bio-thymian\/","title":{"rendered":"Zwiebelkonfit mit Bio-Thymian"},"content":{"rendered":"<p>Handwerklich bis auf den Deckel! 100% hausgemacht, biologisch und gut, drei Kriterien, die in der Provence im Allgemeinen schwer zu erf\u00fcllen sind. Die Landwirtin, die wir in der N\u00e4he von Uz\u00e8s im Gard trafen, verwendet die Produkte ihrer eigenen Ernte f\u00fcr ihre Zubereitung. Au\u00dfer dem Bio-Rohrzucker kauft sie nichts, sie baut selbst an! Es handelt sich hier um ein authentisches, frisches und k\u00f6stliches Produkt, das sich hervorragend mit K\u00e4se, Foie Gras, Terrinen und hausgemachten Burgern kombinieren l\u00e4sst. <\/p>\n<p><strong>Zutaten: Bio-Zwiebeln 91%, Bio-Rohrzucker, Bio-Weinessig, Bio-Zitronensaft, Salz, Bio-Thymian, Bio-Pfeffer, Agar-Agar.<\/strong><\/p>\n<p><strong>Inhalt: 90g<\/strong><\/p>\n","protected":false},"excerpt":{"rendered":"<p>Hausgemacht auf einem provenzalischen Bauernhof mit Bio-Zwiebeln und Thymian aus dem Garten.<\/p>\n<p>Ein Genuss f\u00fcr Liebhaber von s\u00fc\u00df und salzig.<\/p>\n","protected":false},"featured_media":14521,"template":"","meta":[],"product_cat":[228],"product_tag":[],"class_list":{"0":"post-14525","1":"product","2":"type-product","3":"status-publish","4":"has-post-thumbnail","6":"product_cat-kandiert-und-chutneys","8":"first","9":"instock","10":"taxable","11":"shipping-taxable","12":"purchasable","13":"product-type-simple"},"yoast_head":"<!-- This site is optimized with the Yoast SEO plugin v27.2 - https:\/\/yoast.com\/product\/yoast-seo-wordpress\/ -->\n<title>Zwiebelkonfit mit Bio-Thymian<\/title>\n<meta name=\"description\" content=\"Hausgemacht auf einem provenzalischen Bauernhof mit Bio-Zwiebeln und Thymian aus dem Garten. Ein Genuss f\u00fcr Liebhaber von s\u00fc\u00df und salzig.\" \/>\n<meta name=\"robots\" content=\"index, follow, max-snippet:-1, max-image-preview:large, max-video-preview:-1\" \/>\n<link rel=\"canonical\" href=\"http:\/\/www.lesdelicesdeprovence.ch\/de\/produits\/zwiebelkonfit-mit-bio-thymian\/\" \/>\n<meta property=\"og:locale\" content=\"de_DE\" \/>\n<meta property=\"og:type\" content=\"article\" \/>\n<meta property=\"og:title\" content=\"Zwiebelkonfit mit Bio-Thymian\" \/>\n<meta property=\"og:description\" content=\"Hausgemacht auf einem provenzalischen Bauernhof mit Bio-Zwiebeln und Thymian aus dem Garten. Ein Genuss f\u00fcr Liebhaber von s\u00fc\u00df und salzig.\" \/>\n<meta property=\"og:url\" content=\"http:\/\/www.lesdelicesdeprovence.ch\/de\/produits\/zwiebelkonfit-mit-bio-thymian\/\" \/>\n<meta property=\"og:site_name\" content=\"Les D\u00e9lices de Provence\" \/>\n<meta property=\"article:modified_time\" content=\"2025-06-28T17:16:13+00:00\" \/>\n<meta property=\"og:image\" content=\"https:\/\/www.lesdelicesdeprovence.ch\/wp-content\/uploads\/2024\/10\/IMG_8640.jpg\" \/>\n\t<meta property=\"og:image:width\" content=\"1619\" \/>\n\t<meta property=\"og:image:height\" content=\"1631\" \/>\n\t<meta property=\"og:image:type\" content=\"image\/jpeg\" \/>\n<meta name=\"twitter:card\" content=\"summary_large_image\" \/>\n<script type=\"application\/ld+json\" class=\"yoast-schema-graph\">{\"@context\":\"https:\/\/schema.org\",\"@graph\":[{\"@type\":\"WebPage\",\"@id\":\"http:\/\/www.lesdelicesdeprovence.ch\/de\/produits\/zwiebelkonfit-mit-bio-thymian\/\",\"url\":\"http:\/\/www.lesdelicesdeprovence.ch\/de\/produits\/zwiebelkonfit-mit-bio-thymian\/\",\"name\":\"Zwiebelkonfit mit Bio-Thymian\",\"isPartOf\":{\"@id\":\"https:\/\/www.lesdelicesdeprovence.ch\/de\/#website\"},\"primaryImageOfPage\":{\"@id\":\"http:\/\/www.lesdelicesdeprovence.ch\/de\/produits\/zwiebelkonfit-mit-bio-thymian\/#primaryimage\"},\"image\":{\"@id\":\"http:\/\/www.lesdelicesdeprovence.ch\/de\/produits\/zwiebelkonfit-mit-bio-thymian\/#primaryimage\"},\"thumbnailUrl\":\"http:\/\/www.lesdelicesdeprovence.ch\/wp-content\/uploads\/2024\/10\/IMG_8640.jpg\",\"datePublished\":\"2024-10-23T10:14:41+00:00\",\"dateModified\":\"2025-06-28T17:16:13+00:00\",\"description\":\"Hausgemacht auf einem provenzalischen Bauernhof mit Bio-Zwiebeln und Thymian aus dem Garten. Ein Genuss f\u00fcr Liebhaber von s\u00fc\u00df und salzig.\",\"breadcrumb\":{\"@id\":\"http:\/\/www.lesdelicesdeprovence.ch\/de\/produits\/zwiebelkonfit-mit-bio-thymian\/#breadcrumb\"},\"inLanguage\":\"de\",\"potentialAction\":[{\"@type\":\"ReadAction\",\"target\":[\"http:\/\/www.lesdelicesdeprovence.ch\/de\/produits\/zwiebelkonfit-mit-bio-thymian\/\"]}]},{\"@type\":\"ImageObject\",\"inLanguage\":\"de\",\"@id\":\"http:\/\/www.lesdelicesdeprovence.ch\/de\/produits\/zwiebelkonfit-mit-bio-thymian\/#primaryimage\",\"url\":\"http:\/\/www.lesdelicesdeprovence.ch\/wp-content\/uploads\/2024\/10\/IMG_8640.jpg\",\"contentUrl\":\"http:\/\/www.lesdelicesdeprovence.ch\/wp-content\/uploads\/2024\/10\/IMG_8640.jpg\",\"width\":1619,\"height\":1631},{\"@type\":\"BreadcrumbList\",\"@id\":\"http:\/\/www.lesdelicesdeprovence.ch\/de\/produits\/zwiebelkonfit-mit-bio-thymian\/#breadcrumb\",\"itemListElement\":[{\"@type\":\"ListItem\",\"position\":1,\"name\":\"Accoglienza\",\"item\":\"http:\/\/www.lesdelicesdeprovence.ch\/de\/\"},{\"@type\":\"ListItem\",\"position\":2,\"name\":\"Shop\",\"item\":\"http:\/\/www.lesdelicesdeprovence.ch\/de\/geschaeft\/\"},{\"@type\":\"ListItem\",\"position\":3,\"name\":\"Zwiebelkonfit mit Bio-Thymian\"}]},{\"@type\":\"WebSite\",\"@id\":\"https:\/\/www.lesdelicesdeprovence.ch\/de\/#website\",\"url\":\"https:\/\/www.lesdelicesdeprovence.ch\/de\/\",\"name\":\"Les D\u00e9lices de Provence\",\"description\":\"Epicerie fine en ligne\",\"potentialAction\":[{\"@type\":\"SearchAction\",\"target\":{\"@type\":\"EntryPoint\",\"urlTemplate\":\"https:\/\/www.lesdelicesdeprovence.ch\/de\/?s={search_term_string}\"},\"query-input\":{\"@type\":\"PropertyValueSpecification\",\"valueRequired\":true,\"valueName\":\"search_term_string\"}}],\"inLanguage\":\"de\"}]}<\/script>\n<!-- \/ Yoast SEO plugin. -->","yoast_head_json":{"title":"Zwiebelkonfit mit Bio-Thymian","description":"Hausgemacht auf einem provenzalischen Bauernhof mit Bio-Zwiebeln und Thymian aus dem Garten. Ein Genuss f\u00fcr Liebhaber von s\u00fc\u00df und salzig.","robots":{"index":"index","follow":"follow","max-snippet":"max-snippet:-1","max-image-preview":"max-image-preview:large","max-video-preview":"max-video-preview:-1"},"canonical":"http:\/\/www.lesdelicesdeprovence.ch\/de\/produits\/zwiebelkonfit-mit-bio-thymian\/","og_locale":"de_DE","og_type":"article","og_title":"Zwiebelkonfit mit Bio-Thymian","og_description":"Hausgemacht auf einem provenzalischen Bauernhof mit Bio-Zwiebeln und Thymian aus dem Garten. Ein Genuss f\u00fcr Liebhaber von s\u00fc\u00df und salzig.","og_url":"http:\/\/www.lesdelicesdeprovence.ch\/de\/produits\/zwiebelkonfit-mit-bio-thymian\/","og_site_name":"Les D\u00e9lices de Provence","article_modified_time":"2025-06-28T17:16:13+00:00","og_image":[{"width":1619,"height":1631,"url":"https:\/\/www.lesdelicesdeprovence.ch\/wp-content\/uploads\/2024\/10\/IMG_8640.jpg","type":"image\/jpeg"}],"twitter_card":"summary_large_image","schema":{"@context":"https:\/\/schema.org","@graph":[{"@type":"WebPage","@id":"http:\/\/www.lesdelicesdeprovence.ch\/de\/produits\/zwiebelkonfit-mit-bio-thymian\/","url":"http:\/\/www.lesdelicesdeprovence.ch\/de\/produits\/zwiebelkonfit-mit-bio-thymian\/","name":"Zwiebelkonfit mit Bio-Thymian","isPartOf":{"@id":"https:\/\/www.lesdelicesdeprovence.ch\/de\/#website"},"primaryImageOfPage":{"@id":"http:\/\/www.lesdelicesdeprovence.ch\/de\/produits\/zwiebelkonfit-mit-bio-thymian\/#primaryimage"},"image":{"@id":"http:\/\/www.lesdelicesdeprovence.ch\/de\/produits\/zwiebelkonfit-mit-bio-thymian\/#primaryimage"},"thumbnailUrl":"http:\/\/www.lesdelicesdeprovence.ch\/wp-content\/uploads\/2024\/10\/IMG_8640.jpg","datePublished":"2024-10-23T10:14:41+00:00","dateModified":"2025-06-28T17:16:13+00:00","description":"Hausgemacht auf einem provenzalischen Bauernhof mit Bio-Zwiebeln und Thymian aus dem Garten. Ein Genuss f\u00fcr Liebhaber von s\u00fc\u00df und salzig.","breadcrumb":{"@id":"http:\/\/www.lesdelicesdeprovence.ch\/de\/produits\/zwiebelkonfit-mit-bio-thymian\/#breadcrumb"},"inLanguage":"de","potentialAction":[{"@type":"ReadAction","target":["http:\/\/www.lesdelicesdeprovence.ch\/de\/produits\/zwiebelkonfit-mit-bio-thymian\/"]}]},{"@type":"ImageObject","inLanguage":"de","@id":"http:\/\/www.lesdelicesdeprovence.ch\/de\/produits\/zwiebelkonfit-mit-bio-thymian\/#primaryimage","url":"http:\/\/www.lesdelicesdeprovence.ch\/wp-content\/uploads\/2024\/10\/IMG_8640.jpg","contentUrl":"http:\/\/www.lesdelicesdeprovence.ch\/wp-content\/uploads\/2024\/10\/IMG_8640.jpg","width":1619,"height":1631},{"@type":"BreadcrumbList","@id":"http:\/\/www.lesdelicesdeprovence.ch\/de\/produits\/zwiebelkonfit-mit-bio-thymian\/#breadcrumb","itemListElement":[{"@type":"ListItem","position":1,"name":"Accoglienza","item":"http:\/\/www.lesdelicesdeprovence.ch\/de\/"},{"@type":"ListItem","position":2,"name":"Shop","item":"http:\/\/www.lesdelicesdeprovence.ch\/de\/geschaeft\/"},{"@type":"ListItem","position":3,"name":"Zwiebelkonfit mit Bio-Thymian"}]},{"@type":"WebSite","@id":"https:\/\/www.lesdelicesdeprovence.ch\/de\/#website","url":"https:\/\/www.lesdelicesdeprovence.ch\/de\/","name":"Les D\u00e9lices de Provence","description":"Epicerie fine en ligne","potentialAction":[{"@type":"SearchAction","target":{"@type":"EntryPoint","urlTemplate":"https:\/\/www.lesdelicesdeprovence.ch\/de\/?s={search_term_string}"},"query-input":{"@type":"PropertyValueSpecification","valueRequired":true,"valueName":"search_term_string"}}],"inLanguage":"de"}]}},"_links":{"self":[{"href":"http:\/\/www.lesdelicesdeprovence.ch\/de\/wp-json\/wp\/v2\/product\/14525","targetHints":{"allow":["GET"]}}],"collection":[{"href":"http:\/\/www.lesdelicesdeprovence.ch\/de\/wp-json\/wp\/v2\/product"}],"about":[{"href":"http:\/\/www.lesdelicesdeprovence.ch\/de\/wp-json\/wp\/v2\/types\/product"}],"version-history":[{"count":0,"href":"http:\/\/www.lesdelicesdeprovence.ch\/de\/wp-json\/wp\/v2\/product\/14525\/revisions"}],"wp:featuredmedia":[{"embeddable":true,"href":"http:\/\/www.lesdelicesdeprovence.ch\/de\/wp-json\/wp\/v2\/media\/14521"}],"wp:attachment":[{"href":"http:\/\/www.lesdelicesdeprovence.ch\/de\/wp-json\/wp\/v2\/media?parent=14525"}],"wp:term":[{"taxonomy":"product_cat","embeddable":true,"href":"http:\/\/www.lesdelicesdeprovence.ch\/de\/wp-json\/wp\/v2\/product_cat?post=14525"},{"taxonomy":"product_tag","embeddable":true,"href":"http:\/\/www.lesdelicesdeprovence.ch\/de\/wp-json\/wp\/v2\/product_tag?post=14525"}],"curies":[{"name":"wp","href":"https:\/\/api.w.org\/{rel}","templated":true}]}}