{"id":6630,"date":"2022-06-13T11:15:56","date_gmt":"2022-06-13T11:15:56","guid":{"rendered":"https:\/\/www.aromeprod2.com\/?post_type=product&#038;p=6630"},"modified":"2024-03-28T14:03:36","modified_gmt":"2024-03-28T14:03:36","slug":"kandierter-tomatensamt","status":"publish","type":"product","link":"http:\/\/www.lesdelicesdeprovence.ch\/de\/produits\/kandierter-tomatensamt\/","title":{"rendered":"Samt aus kandierten Tomaten"},"content":{"rendered":"<p>Velours de tomates confites ist eine Sauce aus der Provence, die daf\u00fcr bekannt ist, dass sie Finesse und Robustheit vereint. Sie wird mit getrockneten Tomaten, die aufgrund ihrer hohen Qualit\u00e4t ausgew\u00e4hlt wurden, einem Schuss Oliven\u00f6l, frischem Lorbeer und einer Prise Knoblauch zubereitet, um den Geschmack zu verbessern.<\/p>\n<p>Der Samt aus kandierten Tomaten passt perfekt zu ger\u00f6steten Brotscheiben, aber auch zu vielen anderen warmen und kalten Gerichten wie Gefl\u00fcgel, Fleisch, im Glas oder als Toast.<\/p>\n<p><strong>Zutaten: getrocknete Tomaten, Oliven\u00f6l, Sonnenblumen\u00f6l, Essig, frischer Lorbeer, Knoblauch, Salz.<\/strong><\/p>\n<p><strong>Inhalt: 90g<\/strong><\/p>\n","protected":false},"excerpt":{"rendered":"<p>Wie alle Klassiker der mediterranen K\u00fcche haben wir eine Vielzahl davon probiert und uns f\u00fcr diesen entschieden.<\/p>\n<p>Sie wird auf traditionelle Weise aus sch\u00f6nen, sonnenverw\u00f6hnten Tomaten hergestellt, die auf Holzlatten getrocknet werden. Sie wird alle Liebhaber dieser Aperitifso\u00dfe, die nach S\u00fcden riecht, begeistern.<\/p>\n","protected":false},"featured_media":9544,"template":"","meta":[],"product_cat":[246],"product_tag":[],"class_list":{"0":"post-6630","1":"product","2":"type-product","3":"status-publish","4":"has-post-thumbnail","6":"product_cat-aperitif-saucen","8":"first","9":"instock","10":"taxable","11":"shipping-taxable","12":"purchasable","13":"product-type-simple"},"yoast_head":"<!-- This site is optimized with the Yoast SEO plugin v27.2 - https:\/\/yoast.com\/product\/yoast-seo-wordpress\/ -->\n<title>Samt aus kandierten Tomaten<\/title>\n<meta name=\"description\" content=\"Sie wird auf traditionelle Weise aus sch\u00f6nen, sonnenverw\u00f6hnten Tomaten hergestellt, die auf Holzlatten getrocknet werden. Sie wird alle Liebhaber dieser Aperitifso\u00dfe, die nach S\u00fcden riecht, begeistern.\" \/>\n<meta name=\"robots\" content=\"index, follow, max-snippet:-1, max-image-preview:large, max-video-preview:-1\" \/>\n<link rel=\"canonical\" href=\"http:\/\/www.lesdelicesdeprovence.ch\/de\/produits\/kandierter-tomatensamt\/\" \/>\n<meta property=\"og:locale\" content=\"de_DE\" \/>\n<meta property=\"og:type\" content=\"article\" \/>\n<meta property=\"og:title\" content=\"Samt aus kandierten Tomaten\" \/>\n<meta property=\"og:description\" content=\"Sie wird auf traditionelle Weise aus sch\u00f6nen, sonnenverw\u00f6hnten Tomaten hergestellt, die auf Holzlatten getrocknet werden. Sie wird alle Liebhaber dieser Aperitifso\u00dfe, die nach S\u00fcden riecht, begeistern.\" \/>\n<meta property=\"og:url\" content=\"http:\/\/www.lesdelicesdeprovence.ch\/de\/produits\/kandierter-tomatensamt\/\" \/>\n<meta property=\"og:site_name\" content=\"Les D\u00e9lices de Provence\" \/>\n<meta property=\"article:modified_time\" content=\"2024-03-28T14:03:36+00:00\" \/>\n<meta property=\"og:image\" content=\"http:\/\/www.lesdelicesdeprovence.ch\/wp-content\/uploads\/2022\/06\/IMG_6187.jpg\" \/>\n\t<meta property=\"og:image:width\" content=\"2432\" \/>\n\t<meta property=\"og:image:height\" content=\"2174\" \/>\n\t<meta property=\"og:image:type\" content=\"image\/jpeg\" \/>\n<meta name=\"twitter:card\" content=\"summary_large_image\" \/>\n<meta name=\"twitter:label1\" content=\"Gesch\u00e4tzte Lesezeit\" \/>\n\t<meta name=\"twitter:data1\" content=\"1\u00a0Minute\" \/>\n<script type=\"application\/ld+json\" class=\"yoast-schema-graph\">{\"@context\":\"https:\/\/schema.org\",\"@graph\":[{\"@type\":\"WebPage\",\"@id\":\"http:\/\/www.lesdelicesdeprovence.ch\/de\/produits\/kandierter-tomatensamt\/\",\"url\":\"http:\/\/www.lesdelicesdeprovence.ch\/de\/produits\/kandierter-tomatensamt\/\",\"name\":\"Samt aus kandierten Tomaten\",\"isPartOf\":{\"@id\":\"https:\/\/www.lesdelicesdeprovence.ch\/de\/#website\"},\"primaryImageOfPage\":{\"@id\":\"http:\/\/www.lesdelicesdeprovence.ch\/de\/produits\/kandierter-tomatensamt\/#primaryimage\"},\"image\":{\"@id\":\"http:\/\/www.lesdelicesdeprovence.ch\/de\/produits\/kandierter-tomatensamt\/#primaryimage\"},\"thumbnailUrl\":\"http:\/\/www.lesdelicesdeprovence.ch\/wp-content\/uploads\/2022\/06\/IMG_6187.jpg\",\"datePublished\":\"2022-06-13T11:15:56+00:00\",\"dateModified\":\"2024-03-28T14:03:36+00:00\",\"description\":\"Sie wird auf traditionelle Weise aus sch\u00f6nen, sonnenverw\u00f6hnten Tomaten hergestellt, die auf Holzlatten getrocknet werden. Sie wird alle Liebhaber dieser Aperitifso\u00dfe, die nach S\u00fcden riecht, begeistern.\",\"breadcrumb\":{\"@id\":\"http:\/\/www.lesdelicesdeprovence.ch\/de\/produits\/kandierter-tomatensamt\/#breadcrumb\"},\"inLanguage\":\"de\",\"potentialAction\":[{\"@type\":\"ReadAction\",\"target\":[\"http:\/\/www.lesdelicesdeprovence.ch\/de\/produits\/kandierter-tomatensamt\/\"]}]},{\"@type\":\"ImageObject\",\"inLanguage\":\"de\",\"@id\":\"http:\/\/www.lesdelicesdeprovence.ch\/de\/produits\/kandierter-tomatensamt\/#primaryimage\",\"url\":\"http:\/\/www.lesdelicesdeprovence.ch\/wp-content\/uploads\/2022\/06\/IMG_6187.jpg\",\"contentUrl\":\"http:\/\/www.lesdelicesdeprovence.ch\/wp-content\/uploads\/2022\/06\/IMG_6187.jpg\",\"width\":2432,\"height\":2174},{\"@type\":\"BreadcrumbList\",\"@id\":\"http:\/\/www.lesdelicesdeprovence.ch\/de\/produits\/kandierter-tomatensamt\/#breadcrumb\",\"itemListElement\":[{\"@type\":\"ListItem\",\"position\":1,\"name\":\"Accoglienza\",\"item\":\"https:\/\/www.lesdelicesdeprovence.ch\/de\/\"},{\"@type\":\"ListItem\",\"position\":2,\"name\":\"Shop\",\"item\":\"https:\/\/www.lesdelicesdeprovence.ch\/de\/geschaeft\/\"},{\"@type\":\"ListItem\",\"position\":3,\"name\":\"Samt aus kandierten Tomaten\"}]},{\"@type\":\"WebSite\",\"@id\":\"https:\/\/www.lesdelicesdeprovence.ch\/de\/#website\",\"url\":\"https:\/\/www.lesdelicesdeprovence.ch\/de\/\",\"name\":\"Les D\u00e9lices de Provence\",\"description\":\"Epicerie fine en ligne\",\"potentialAction\":[{\"@type\":\"SearchAction\",\"target\":{\"@type\":\"EntryPoint\",\"urlTemplate\":\"https:\/\/www.lesdelicesdeprovence.ch\/de\/?s={search_term_string}\"},\"query-input\":{\"@type\":\"PropertyValueSpecification\",\"valueRequired\":true,\"valueName\":\"search_term_string\"}}],\"inLanguage\":\"de\"}]}<\/script>\n<!-- \/ Yoast SEO plugin. -->","yoast_head_json":{"title":"Samt aus kandierten Tomaten","description":"Sie wird auf traditionelle Weise aus sch\u00f6nen, sonnenverw\u00f6hnten Tomaten hergestellt, die auf Holzlatten getrocknet werden. Sie wird alle Liebhaber dieser Aperitifso\u00dfe, die nach S\u00fcden riecht, begeistern.","robots":{"index":"index","follow":"follow","max-snippet":"max-snippet:-1","max-image-preview":"max-image-preview:large","max-video-preview":"max-video-preview:-1"},"canonical":"http:\/\/www.lesdelicesdeprovence.ch\/de\/produits\/kandierter-tomatensamt\/","og_locale":"de_DE","og_type":"article","og_title":"Samt aus kandierten Tomaten","og_description":"Sie wird auf traditionelle Weise aus sch\u00f6nen, sonnenverw\u00f6hnten Tomaten hergestellt, die auf Holzlatten getrocknet werden. Sie wird alle Liebhaber dieser Aperitifso\u00dfe, die nach S\u00fcden riecht, begeistern.","og_url":"http:\/\/www.lesdelicesdeprovence.ch\/de\/produits\/kandierter-tomatensamt\/","og_site_name":"Les D\u00e9lices de Provence","article_modified_time":"2024-03-28T14:03:36+00:00","og_image":[{"width":2432,"height":2174,"url":"http:\/\/www.lesdelicesdeprovence.ch\/wp-content\/uploads\/2022\/06\/IMG_6187.jpg","type":"image\/jpeg"}],"twitter_card":"summary_large_image","twitter_misc":{"Gesch\u00e4tzte Lesezeit":"1\u00a0Minute"},"schema":{"@context":"https:\/\/schema.org","@graph":[{"@type":"WebPage","@id":"http:\/\/www.lesdelicesdeprovence.ch\/de\/produits\/kandierter-tomatensamt\/","url":"http:\/\/www.lesdelicesdeprovence.ch\/de\/produits\/kandierter-tomatensamt\/","name":"Samt aus kandierten Tomaten","isPartOf":{"@id":"https:\/\/www.lesdelicesdeprovence.ch\/de\/#website"},"primaryImageOfPage":{"@id":"http:\/\/www.lesdelicesdeprovence.ch\/de\/produits\/kandierter-tomatensamt\/#primaryimage"},"image":{"@id":"http:\/\/www.lesdelicesdeprovence.ch\/de\/produits\/kandierter-tomatensamt\/#primaryimage"},"thumbnailUrl":"http:\/\/www.lesdelicesdeprovence.ch\/wp-content\/uploads\/2022\/06\/IMG_6187.jpg","datePublished":"2022-06-13T11:15:56+00:00","dateModified":"2024-03-28T14:03:36+00:00","description":"Sie wird auf traditionelle Weise aus sch\u00f6nen, sonnenverw\u00f6hnten Tomaten hergestellt, die auf Holzlatten getrocknet werden. Sie wird alle Liebhaber dieser Aperitifso\u00dfe, die nach S\u00fcden riecht, begeistern.","breadcrumb":{"@id":"http:\/\/www.lesdelicesdeprovence.ch\/de\/produits\/kandierter-tomatensamt\/#breadcrumb"},"inLanguage":"de","potentialAction":[{"@type":"ReadAction","target":["http:\/\/www.lesdelicesdeprovence.ch\/de\/produits\/kandierter-tomatensamt\/"]}]},{"@type":"ImageObject","inLanguage":"de","@id":"http:\/\/www.lesdelicesdeprovence.ch\/de\/produits\/kandierter-tomatensamt\/#primaryimage","url":"http:\/\/www.lesdelicesdeprovence.ch\/wp-content\/uploads\/2022\/06\/IMG_6187.jpg","contentUrl":"http:\/\/www.lesdelicesdeprovence.ch\/wp-content\/uploads\/2022\/06\/IMG_6187.jpg","width":2432,"height":2174},{"@type":"BreadcrumbList","@id":"http:\/\/www.lesdelicesdeprovence.ch\/de\/produits\/kandierter-tomatensamt\/#breadcrumb","itemListElement":[{"@type":"ListItem","position":1,"name":"Accoglienza","item":"https:\/\/www.lesdelicesdeprovence.ch\/de\/"},{"@type":"ListItem","position":2,"name":"Shop","item":"https:\/\/www.lesdelicesdeprovence.ch\/de\/geschaeft\/"},{"@type":"ListItem","position":3,"name":"Samt aus kandierten Tomaten"}]},{"@type":"WebSite","@id":"https:\/\/www.lesdelicesdeprovence.ch\/de\/#website","url":"https:\/\/www.lesdelicesdeprovence.ch\/de\/","name":"Les D\u00e9lices de Provence","description":"Epicerie fine en ligne","potentialAction":[{"@type":"SearchAction","target":{"@type":"EntryPoint","urlTemplate":"https:\/\/www.lesdelicesdeprovence.ch\/de\/?s={search_term_string}"},"query-input":{"@type":"PropertyValueSpecification","valueRequired":true,"valueName":"search_term_string"}}],"inLanguage":"de"}]}},"_links":{"self":[{"href":"http:\/\/www.lesdelicesdeprovence.ch\/de\/wp-json\/wp\/v2\/product\/6630","targetHints":{"allow":["GET"]}}],"collection":[{"href":"http:\/\/www.lesdelicesdeprovence.ch\/de\/wp-json\/wp\/v2\/product"}],"about":[{"href":"http:\/\/www.lesdelicesdeprovence.ch\/de\/wp-json\/wp\/v2\/types\/product"}],"version-history":[{"count":5,"href":"http:\/\/www.lesdelicesdeprovence.ch\/de\/wp-json\/wp\/v2\/product\/6630\/revisions"}],"predecessor-version":[{"id":12970,"href":"http:\/\/www.lesdelicesdeprovence.ch\/de\/wp-json\/wp\/v2\/product\/6630\/revisions\/12970"}],"wp:featuredmedia":[{"embeddable":true,"href":"http:\/\/www.lesdelicesdeprovence.ch\/de\/wp-json\/wp\/v2\/media\/9544"}],"wp:attachment":[{"href":"http:\/\/www.lesdelicesdeprovence.ch\/de\/wp-json\/wp\/v2\/media?parent=6630"}],"wp:term":[{"taxonomy":"product_cat","embeddable":true,"href":"http:\/\/www.lesdelicesdeprovence.ch\/de\/wp-json\/wp\/v2\/product_cat?post=6630"},{"taxonomy":"product_tag","embeddable":true,"href":"http:\/\/www.lesdelicesdeprovence.ch\/de\/wp-json\/wp\/v2\/product_tag?post=6630"}],"curies":[{"name":"wp","href":"https:\/\/api.w.org\/{rel}","templated":true}]}}