{"id":6645,"date":"2022-06-13T11:55:25","date_gmt":"2022-06-13T11:55:25","guid":{"rendered":"https:\/\/www.aromeprod2.com\/?post_type=product&#038;p=6645"},"modified":"2024-03-28T14:03:41","modified_gmt":"2024-03-28T14:03:41","slug":"maiscreme-mit-paprika","status":"publish","type":"product","link":"http:\/\/www.lesdelicesdeprovence.ch\/de\/produits\/maiscreme-mit-paprika\/","title":{"rendered":"Maiscremesuppe mit Paprika"},"content":{"rendered":"<p>Wir sind immer auf der Suche nach Rezepten, die nicht allt\u00e4glich sind, und als wir diesen Produzenten entdeckten, der die Geschmacksnerven mit originellen Kombinationen \u00fcberraschen will, wurden wir nicht entt\u00e4uscht.<\/p>\n<p>Genie\u00dfen Sie ihn direkt auf einem Grissini oder auf Landbrot oder kombinieren Sie ihn in einem Salat, z. B. mit Thunfisch.<\/p>\n<p><strong>Zutaten: Mais (Mais, Wasser, Zucker, Salz) (64 %), rote Paprika (22 %), Zitrone, Knoblauch, Oliven\u00f6l, Salz, Massal\u00e9<\/strong><\/p>\n<p><strong>Inhalt: 90g<\/strong><\/p>\n<p>&nbsp;<\/p>\n","protected":false},"excerpt":{"rendered":"<p>Eine h\u00fcbsche orangefarbene Paste, die das Gelb von Mais mit dem Rot von Paprika mischt.<\/p>\n<p>Weder zu s\u00fc\u00df noch zu stark, der Geschmack hat seinen Kompromiss gefunden, ebenso wie die Farbe.<\/p>\n","protected":false},"featured_media":6643,"template":"","meta":[],"product_cat":[246],"product_tag":[],"class_list":{"0":"post-6645","1":"product","2":"type-product","3":"status-publish","4":"has-post-thumbnail","6":"product_cat-aperitif-saucen","8":"first","9":"outofstock","10":"taxable","11":"shipping-taxable","12":"purchasable","13":"product-type-simple"},"yoast_head":"<!-- This site is optimized with the Yoast SEO plugin v27.2 - https:\/\/yoast.com\/product\/yoast-seo-wordpress\/ -->\n<title>Maiscremesuppe mit Paprika<\/title>\n<meta name=\"description\" content=\"Eine h\u00fcbsche orangefarbene Paste, die das Gelb von Mais mit dem Rot von Paprika mischt. Weder zu s\u00fc\u00df noch zu stark, der Geschmack hat seinen Kompromiss gefunden, ebenso wie die Farbe.\" \/>\n<meta name=\"robots\" content=\"index, follow, max-snippet:-1, max-image-preview:large, max-video-preview:-1\" \/>\n<link rel=\"canonical\" href=\"http:\/\/www.lesdelicesdeprovence.ch\/de\/produits\/maiscreme-mit-paprika\/\" \/>\n<meta property=\"og:locale\" content=\"de_DE\" \/>\n<meta property=\"og:type\" content=\"article\" \/>\n<meta property=\"og:title\" content=\"Maiscremesuppe mit Paprika\" \/>\n<meta property=\"og:description\" content=\"Eine h\u00fcbsche orangefarbene Paste, die das Gelb von Mais mit dem Rot von Paprika mischt. Weder zu s\u00fc\u00df noch zu stark, der Geschmack hat seinen Kompromiss gefunden, ebenso wie die Farbe.\" \/>\n<meta property=\"og:url\" content=\"http:\/\/www.lesdelicesdeprovence.ch\/de\/produits\/maiscreme-mit-paprika\/\" \/>\n<meta property=\"og:site_name\" content=\"Les D\u00e9lices de Provence\" \/>\n<meta property=\"article:modified_time\" content=\"2024-03-28T14:03:41+00:00\" \/>\n<meta property=\"og:image\" content=\"http:\/\/www.lesdelicesdeprovence.ch\/wp-content\/uploads\/2022\/06\/IMG_6181-1.jpg\" \/>\n\t<meta property=\"og:image:width\" content=\"2365\" \/>\n\t<meta property=\"og:image:height\" content=\"2556\" \/>\n\t<meta property=\"og:image:type\" content=\"image\/jpeg\" \/>\n<meta name=\"twitter:card\" content=\"summary_large_image\" \/>\n<meta name=\"twitter:label1\" content=\"Gesch\u00e4tzte Lesezeit\" \/>\n\t<meta name=\"twitter:data1\" content=\"1\u00a0Minute\" \/>\n<script type=\"application\/ld+json\" class=\"yoast-schema-graph\">{\"@context\":\"https:\/\/schema.org\",\"@graph\":[{\"@type\":\"WebPage\",\"@id\":\"http:\/\/www.lesdelicesdeprovence.ch\/de\/produits\/maiscreme-mit-paprika\/\",\"url\":\"http:\/\/www.lesdelicesdeprovence.ch\/de\/produits\/maiscreme-mit-paprika\/\",\"name\":\"Maiscremesuppe mit Paprika\",\"isPartOf\":{\"@id\":\"https:\/\/www.lesdelicesdeprovence.ch\/de\/#website\"},\"primaryImageOfPage\":{\"@id\":\"http:\/\/www.lesdelicesdeprovence.ch\/de\/produits\/maiscreme-mit-paprika\/#primaryimage\"},\"image\":{\"@id\":\"http:\/\/www.lesdelicesdeprovence.ch\/de\/produits\/maiscreme-mit-paprika\/#primaryimage\"},\"thumbnailUrl\":\"http:\/\/www.lesdelicesdeprovence.ch\/wp-content\/uploads\/2022\/06\/IMG_6181-1.jpg\",\"datePublished\":\"2022-06-13T11:55:25+00:00\",\"dateModified\":\"2024-03-28T14:03:41+00:00\",\"description\":\"Eine h\u00fcbsche orangefarbene Paste, die das Gelb von Mais mit dem Rot von Paprika mischt. Weder zu s\u00fc\u00df noch zu stark, der Geschmack hat seinen Kompromiss gefunden, ebenso wie die Farbe.\",\"breadcrumb\":{\"@id\":\"http:\/\/www.lesdelicesdeprovence.ch\/de\/produits\/maiscreme-mit-paprika\/#breadcrumb\"},\"inLanguage\":\"de\",\"potentialAction\":[{\"@type\":\"ReadAction\",\"target\":[\"http:\/\/www.lesdelicesdeprovence.ch\/de\/produits\/maiscreme-mit-paprika\/\"]}]},{\"@type\":\"ImageObject\",\"inLanguage\":\"de\",\"@id\":\"http:\/\/www.lesdelicesdeprovence.ch\/de\/produits\/maiscreme-mit-paprika\/#primaryimage\",\"url\":\"http:\/\/www.lesdelicesdeprovence.ch\/wp-content\/uploads\/2022\/06\/IMG_6181-1.jpg\",\"contentUrl\":\"http:\/\/www.lesdelicesdeprovence.ch\/wp-content\/uploads\/2022\/06\/IMG_6181-1.jpg\",\"width\":2365,\"height\":2556},{\"@type\":\"BreadcrumbList\",\"@id\":\"http:\/\/www.lesdelicesdeprovence.ch\/de\/produits\/maiscreme-mit-paprika\/#breadcrumb\",\"itemListElement\":[{\"@type\":\"ListItem\",\"position\":1,\"name\":\"Accoglienza\",\"item\":\"https:\/\/www.lesdelicesdeprovence.ch\/de\/\"},{\"@type\":\"ListItem\",\"position\":2,\"name\":\"Shop\",\"item\":\"https:\/\/www.lesdelicesdeprovence.ch\/de\/geschaeft\/\"},{\"@type\":\"ListItem\",\"position\":3,\"name\":\"Maiscremesuppe mit Paprika\"}]},{\"@type\":\"WebSite\",\"@id\":\"https:\/\/www.lesdelicesdeprovence.ch\/de\/#website\",\"url\":\"https:\/\/www.lesdelicesdeprovence.ch\/de\/\",\"name\":\"Les D\u00e9lices de Provence\",\"description\":\"Epicerie fine en ligne\",\"potentialAction\":[{\"@type\":\"SearchAction\",\"target\":{\"@type\":\"EntryPoint\",\"urlTemplate\":\"https:\/\/www.lesdelicesdeprovence.ch\/de\/?s={search_term_string}\"},\"query-input\":{\"@type\":\"PropertyValueSpecification\",\"valueRequired\":true,\"valueName\":\"search_term_string\"}}],\"inLanguage\":\"de\"}]}<\/script>\n<!-- \/ Yoast SEO plugin. -->","yoast_head_json":{"title":"Maiscremesuppe mit Paprika","description":"Eine h\u00fcbsche orangefarbene Paste, die das Gelb von Mais mit dem Rot von Paprika mischt. Weder zu s\u00fc\u00df noch zu stark, der Geschmack hat seinen Kompromiss gefunden, ebenso wie die Farbe.","robots":{"index":"index","follow":"follow","max-snippet":"max-snippet:-1","max-image-preview":"max-image-preview:large","max-video-preview":"max-video-preview:-1"},"canonical":"http:\/\/www.lesdelicesdeprovence.ch\/de\/produits\/maiscreme-mit-paprika\/","og_locale":"de_DE","og_type":"article","og_title":"Maiscremesuppe mit Paprika","og_description":"Eine h\u00fcbsche orangefarbene Paste, die das Gelb von Mais mit dem Rot von Paprika mischt. Weder zu s\u00fc\u00df noch zu stark, der Geschmack hat seinen Kompromiss gefunden, ebenso wie die Farbe.","og_url":"http:\/\/www.lesdelicesdeprovence.ch\/de\/produits\/maiscreme-mit-paprika\/","og_site_name":"Les D\u00e9lices de Provence","article_modified_time":"2024-03-28T14:03:41+00:00","og_image":[{"width":2365,"height":2556,"url":"http:\/\/www.lesdelicesdeprovence.ch\/wp-content\/uploads\/2022\/06\/IMG_6181-1.jpg","type":"image\/jpeg"}],"twitter_card":"summary_large_image","twitter_misc":{"Gesch\u00e4tzte Lesezeit":"1\u00a0Minute"},"schema":{"@context":"https:\/\/schema.org","@graph":[{"@type":"WebPage","@id":"http:\/\/www.lesdelicesdeprovence.ch\/de\/produits\/maiscreme-mit-paprika\/","url":"http:\/\/www.lesdelicesdeprovence.ch\/de\/produits\/maiscreme-mit-paprika\/","name":"Maiscremesuppe mit Paprika","isPartOf":{"@id":"https:\/\/www.lesdelicesdeprovence.ch\/de\/#website"},"primaryImageOfPage":{"@id":"http:\/\/www.lesdelicesdeprovence.ch\/de\/produits\/maiscreme-mit-paprika\/#primaryimage"},"image":{"@id":"http:\/\/www.lesdelicesdeprovence.ch\/de\/produits\/maiscreme-mit-paprika\/#primaryimage"},"thumbnailUrl":"http:\/\/www.lesdelicesdeprovence.ch\/wp-content\/uploads\/2022\/06\/IMG_6181-1.jpg","datePublished":"2022-06-13T11:55:25+00:00","dateModified":"2024-03-28T14:03:41+00:00","description":"Eine h\u00fcbsche orangefarbene Paste, die das Gelb von Mais mit dem Rot von Paprika mischt. Weder zu s\u00fc\u00df noch zu stark, der Geschmack hat seinen Kompromiss gefunden, ebenso wie die Farbe.","breadcrumb":{"@id":"http:\/\/www.lesdelicesdeprovence.ch\/de\/produits\/maiscreme-mit-paprika\/#breadcrumb"},"inLanguage":"de","potentialAction":[{"@type":"ReadAction","target":["http:\/\/www.lesdelicesdeprovence.ch\/de\/produits\/maiscreme-mit-paprika\/"]}]},{"@type":"ImageObject","inLanguage":"de","@id":"http:\/\/www.lesdelicesdeprovence.ch\/de\/produits\/maiscreme-mit-paprika\/#primaryimage","url":"http:\/\/www.lesdelicesdeprovence.ch\/wp-content\/uploads\/2022\/06\/IMG_6181-1.jpg","contentUrl":"http:\/\/www.lesdelicesdeprovence.ch\/wp-content\/uploads\/2022\/06\/IMG_6181-1.jpg","width":2365,"height":2556},{"@type":"BreadcrumbList","@id":"http:\/\/www.lesdelicesdeprovence.ch\/de\/produits\/maiscreme-mit-paprika\/#breadcrumb","itemListElement":[{"@type":"ListItem","position":1,"name":"Accoglienza","item":"https:\/\/www.lesdelicesdeprovence.ch\/de\/"},{"@type":"ListItem","position":2,"name":"Shop","item":"https:\/\/www.lesdelicesdeprovence.ch\/de\/geschaeft\/"},{"@type":"ListItem","position":3,"name":"Maiscremesuppe mit Paprika"}]},{"@type":"WebSite","@id":"https:\/\/www.lesdelicesdeprovence.ch\/de\/#website","url":"https:\/\/www.lesdelicesdeprovence.ch\/de\/","name":"Les D\u00e9lices de Provence","description":"Epicerie fine en ligne","potentialAction":[{"@type":"SearchAction","target":{"@type":"EntryPoint","urlTemplate":"https:\/\/www.lesdelicesdeprovence.ch\/de\/?s={search_term_string}"},"query-input":{"@type":"PropertyValueSpecification","valueRequired":true,"valueName":"search_term_string"}}],"inLanguage":"de"}]}},"_links":{"self":[{"href":"http:\/\/www.lesdelicesdeprovence.ch\/de\/wp-json\/wp\/v2\/product\/6645","targetHints":{"allow":["GET"]}}],"collection":[{"href":"http:\/\/www.lesdelicesdeprovence.ch\/de\/wp-json\/wp\/v2\/product"}],"about":[{"href":"http:\/\/www.lesdelicesdeprovence.ch\/de\/wp-json\/wp\/v2\/types\/product"}],"version-history":[{"count":4,"href":"http:\/\/www.lesdelicesdeprovence.ch\/de\/wp-json\/wp\/v2\/product\/6645\/revisions"}],"predecessor-version":[{"id":12983,"href":"http:\/\/www.lesdelicesdeprovence.ch\/de\/wp-json\/wp\/v2\/product\/6645\/revisions\/12983"}],"wp:featuredmedia":[{"embeddable":true,"href":"http:\/\/www.lesdelicesdeprovence.ch\/de\/wp-json\/wp\/v2\/media\/6643"}],"wp:attachment":[{"href":"http:\/\/www.lesdelicesdeprovence.ch\/de\/wp-json\/wp\/v2\/media?parent=6645"}],"wp:term":[{"taxonomy":"product_cat","embeddable":true,"href":"http:\/\/www.lesdelicesdeprovence.ch\/de\/wp-json\/wp\/v2\/product_cat?post=6645"},{"taxonomy":"product_tag","embeddable":true,"href":"http:\/\/www.lesdelicesdeprovence.ch\/de\/wp-json\/wp\/v2\/product_tag?post=6645"}],"curies":[{"name":"wp","href":"https:\/\/api.w.org\/{rel}","templated":true}]}}