{"id":6654,"date":"2022-06-13T12:23:51","date_gmt":"2022-06-13T12:23:51","guid":{"rendered":"https:\/\/www.aromeprod2.com\/?post_type=product&#038;p=6654"},"modified":"2024-03-28T14:03:38","modified_gmt":"2024-03-28T14:03:38","slug":"gruene-tapenade-mit-basilikum","status":"publish","type":"product","link":"http:\/\/www.lesdelicesdeprovence.ch\/de\/produits\/gruene-tapenade-mit-basilikum\/","title":{"rendered":"Gr\u00fcne Tapenade mit Basilikum"},"content":{"rendered":"<p>Diese Tapenade besteht wie die anderen provenzalischen Spezialit\u00e4ten in unserem Sortiment ausschlie\u00dflich aus nat\u00fcrlichen Zutaten und wurde von uns aufgrund ihrer hervorragenden geschmacklichen Eigenschaften aus Dutzenden von anderen Tapenaden ausgew\u00e4hlt. Sie wird seit \u00fcber 20 Jahren in einem Olivenhain im Gard mit Oliven aus dem eigenen Anbaugebiet handwerklich hergestellt und wurde 2013 beim Concours Agricole in Paris mit der Silbermedaille ausgezeichnet. Ein k\u00f6stlicher Aperitif!<\/p>\n<p>Mit frischem Basilikum verfeinert, ist sie auch ein reichhaltiger Begleiter f\u00fcr Toast, Pasta oder Schweinebraten.<br \/>\nGarniere eine Putenroulade.<br \/>\nErsetzt vorteilhaft die Petersilie auf einem Gericht mit gr\u00fcnen Bohnen.<\/p>\n<p><strong>Zutaten: gr\u00fcne Oliven 88%, Basilikum 3%, Kapern 3.5%, frischer Knoblauch 1.5%, Sardellencreme 0.8% Oliven\u00f6l 2.5%, Salz<\/strong><\/p>\n<p><strong>Inhalt: 85g<\/strong><\/p>\n<p>&nbsp;<\/p>\n","protected":false},"excerpt":{"rendered":"<p>Eine Tapenade mit intensivem Geschmack, die in einem Olivenhain im Gard handwerklich hergestellt wird und dezent mit einer kleinen Note Basilikum verfeinert ist.<\/p>\n<p>Silbermedaille beim Landwirtschaftswettbewerb in Paris 2013.<\/p>\n","protected":false},"featured_media":8398,"template":"","meta":[],"product_cat":[246],"product_tag":[],"class_list":{"0":"post-6654","1":"product","2":"type-product","3":"status-publish","4":"has-post-thumbnail","6":"product_cat-aperitif-saucen","8":"first","9":"instock","10":"taxable","11":"shipping-taxable","12":"purchasable","13":"product-type-simple"},"yoast_head":"<!-- This site is optimized with the Yoast SEO plugin v27.2 - https:\/\/yoast.com\/product\/yoast-seo-wordpress\/ -->\n<title>Gr\u00fcne Tapenade mit Basilikum<\/title>\n<meta name=\"description\" content=\"Eine gr\u00fcne Tapenade mit intensivem Geschmack, die handwerklich in einem Olivenhain im Gard hergestellt wird und dezent mit einer kleinen Note Basilikum verfeinert ist.\" \/>\n<meta name=\"robots\" content=\"index, follow, max-snippet:-1, max-image-preview:large, max-video-preview:-1\" \/>\n<link rel=\"canonical\" href=\"http:\/\/www.lesdelicesdeprovence.ch\/de\/produits\/gruene-tapenade-mit-basilikum\/\" \/>\n<meta property=\"og:locale\" content=\"de_DE\" \/>\n<meta property=\"og:type\" content=\"article\" \/>\n<meta property=\"og:title\" content=\"Gr\u00fcne Tapenade mit Basilikum\" \/>\n<meta property=\"og:description\" content=\"Eine gr\u00fcne Tapenade mit intensivem Geschmack, die handwerklich in einem Olivenhain im Gard hergestellt wird und dezent mit einer kleinen Note Basilikum verfeinert ist.\" \/>\n<meta property=\"og:url\" content=\"http:\/\/www.lesdelicesdeprovence.ch\/de\/produits\/gruene-tapenade-mit-basilikum\/\" \/>\n<meta property=\"og:site_name\" content=\"Les D\u00e9lices de Provence\" \/>\n<meta property=\"article:modified_time\" content=\"2024-03-28T14:03:38+00:00\" \/>\n<meta property=\"og:image\" content=\"http:\/\/www.lesdelicesdeprovence.ch\/wp-content\/uploads\/2022\/06\/IMG_6203.jpg\" \/>\n\t<meta property=\"og:image:width\" content=\"2542\" \/>\n\t<meta property=\"og:image:height\" content=\"2421\" \/>\n\t<meta property=\"og:image:type\" content=\"image\/jpeg\" \/>\n<meta name=\"twitter:card\" content=\"summary_large_image\" \/>\n<meta name=\"twitter:label1\" content=\"Gesch\u00e4tzte Lesezeit\" \/>\n\t<meta name=\"twitter:data1\" content=\"1\u00a0Minute\" \/>\n<script type=\"application\/ld+json\" class=\"yoast-schema-graph\">{\"@context\":\"https:\/\/schema.org\",\"@graph\":[{\"@type\":\"WebPage\",\"@id\":\"http:\/\/www.lesdelicesdeprovence.ch\/de\/produits\/gruene-tapenade-mit-basilikum\/\",\"url\":\"http:\/\/www.lesdelicesdeprovence.ch\/de\/produits\/gruene-tapenade-mit-basilikum\/\",\"name\":\"Gr\u00fcne Tapenade mit Basilikum\",\"isPartOf\":{\"@id\":\"https:\/\/www.lesdelicesdeprovence.ch\/de\/#website\"},\"primaryImageOfPage\":{\"@id\":\"http:\/\/www.lesdelicesdeprovence.ch\/de\/produits\/gruene-tapenade-mit-basilikum\/#primaryimage\"},\"image\":{\"@id\":\"http:\/\/www.lesdelicesdeprovence.ch\/de\/produits\/gruene-tapenade-mit-basilikum\/#primaryimage\"},\"thumbnailUrl\":\"http:\/\/www.lesdelicesdeprovence.ch\/wp-content\/uploads\/2022\/06\/IMG_6203.jpg\",\"datePublished\":\"2022-06-13T12:23:51+00:00\",\"dateModified\":\"2024-03-28T14:03:38+00:00\",\"description\":\"Eine gr\u00fcne Tapenade mit intensivem Geschmack, die handwerklich in einem Olivenhain im Gard hergestellt wird und dezent mit einer kleinen Note Basilikum verfeinert ist.\",\"breadcrumb\":{\"@id\":\"http:\/\/www.lesdelicesdeprovence.ch\/de\/produits\/gruene-tapenade-mit-basilikum\/#breadcrumb\"},\"inLanguage\":\"de\",\"potentialAction\":[{\"@type\":\"ReadAction\",\"target\":[\"http:\/\/www.lesdelicesdeprovence.ch\/de\/produits\/gruene-tapenade-mit-basilikum\/\"]}]},{\"@type\":\"ImageObject\",\"inLanguage\":\"de\",\"@id\":\"http:\/\/www.lesdelicesdeprovence.ch\/de\/produits\/gruene-tapenade-mit-basilikum\/#primaryimage\",\"url\":\"http:\/\/www.lesdelicesdeprovence.ch\/wp-content\/uploads\/2022\/06\/IMG_6203.jpg\",\"contentUrl\":\"http:\/\/www.lesdelicesdeprovence.ch\/wp-content\/uploads\/2022\/06\/IMG_6203.jpg\",\"width\":2542,\"height\":2421},{\"@type\":\"BreadcrumbList\",\"@id\":\"http:\/\/www.lesdelicesdeprovence.ch\/de\/produits\/gruene-tapenade-mit-basilikum\/#breadcrumb\",\"itemListElement\":[{\"@type\":\"ListItem\",\"position\":1,\"name\":\"Accoglienza\",\"item\":\"https:\/\/www.lesdelicesdeprovence.ch\/de\/\"},{\"@type\":\"ListItem\",\"position\":2,\"name\":\"Shop\",\"item\":\"https:\/\/www.lesdelicesdeprovence.ch\/de\/geschaeft\/\"},{\"@type\":\"ListItem\",\"position\":3,\"name\":\"Gr\u00fcne Tapenade mit Basilikum\"}]},{\"@type\":\"WebSite\",\"@id\":\"https:\/\/www.lesdelicesdeprovence.ch\/de\/#website\",\"url\":\"https:\/\/www.lesdelicesdeprovence.ch\/de\/\",\"name\":\"Les D\u00e9lices de Provence\",\"description\":\"Epicerie fine en ligne\",\"potentialAction\":[{\"@type\":\"SearchAction\",\"target\":{\"@type\":\"EntryPoint\",\"urlTemplate\":\"https:\/\/www.lesdelicesdeprovence.ch\/de\/?s={search_term_string}\"},\"query-input\":{\"@type\":\"PropertyValueSpecification\",\"valueRequired\":true,\"valueName\":\"search_term_string\"}}],\"inLanguage\":\"de\"}]}<\/script>\n<!-- \/ Yoast SEO plugin. -->","yoast_head_json":{"title":"Gr\u00fcne Tapenade mit Basilikum","description":"Eine gr\u00fcne Tapenade mit intensivem Geschmack, die handwerklich in einem Olivenhain im Gard hergestellt wird und dezent mit einer kleinen Note Basilikum verfeinert ist.","robots":{"index":"index","follow":"follow","max-snippet":"max-snippet:-1","max-image-preview":"max-image-preview:large","max-video-preview":"max-video-preview:-1"},"canonical":"http:\/\/www.lesdelicesdeprovence.ch\/de\/produits\/gruene-tapenade-mit-basilikum\/","og_locale":"de_DE","og_type":"article","og_title":"Gr\u00fcne Tapenade mit Basilikum","og_description":"Eine gr\u00fcne Tapenade mit intensivem Geschmack, die handwerklich in einem Olivenhain im Gard hergestellt wird und dezent mit einer kleinen Note Basilikum verfeinert ist.","og_url":"http:\/\/www.lesdelicesdeprovence.ch\/de\/produits\/gruene-tapenade-mit-basilikum\/","og_site_name":"Les D\u00e9lices de Provence","article_modified_time":"2024-03-28T14:03:38+00:00","og_image":[{"width":2542,"height":2421,"url":"http:\/\/www.lesdelicesdeprovence.ch\/wp-content\/uploads\/2022\/06\/IMG_6203.jpg","type":"image\/jpeg"}],"twitter_card":"summary_large_image","twitter_misc":{"Gesch\u00e4tzte Lesezeit":"1\u00a0Minute"},"schema":{"@context":"https:\/\/schema.org","@graph":[{"@type":"WebPage","@id":"http:\/\/www.lesdelicesdeprovence.ch\/de\/produits\/gruene-tapenade-mit-basilikum\/","url":"http:\/\/www.lesdelicesdeprovence.ch\/de\/produits\/gruene-tapenade-mit-basilikum\/","name":"Gr\u00fcne Tapenade mit Basilikum","isPartOf":{"@id":"https:\/\/www.lesdelicesdeprovence.ch\/de\/#website"},"primaryImageOfPage":{"@id":"http:\/\/www.lesdelicesdeprovence.ch\/de\/produits\/gruene-tapenade-mit-basilikum\/#primaryimage"},"image":{"@id":"http:\/\/www.lesdelicesdeprovence.ch\/de\/produits\/gruene-tapenade-mit-basilikum\/#primaryimage"},"thumbnailUrl":"http:\/\/www.lesdelicesdeprovence.ch\/wp-content\/uploads\/2022\/06\/IMG_6203.jpg","datePublished":"2022-06-13T12:23:51+00:00","dateModified":"2024-03-28T14:03:38+00:00","description":"Eine gr\u00fcne Tapenade mit intensivem Geschmack, die handwerklich in einem Olivenhain im Gard hergestellt wird und dezent mit einer kleinen Note Basilikum verfeinert ist.","breadcrumb":{"@id":"http:\/\/www.lesdelicesdeprovence.ch\/de\/produits\/gruene-tapenade-mit-basilikum\/#breadcrumb"},"inLanguage":"de","potentialAction":[{"@type":"ReadAction","target":["http:\/\/www.lesdelicesdeprovence.ch\/de\/produits\/gruene-tapenade-mit-basilikum\/"]}]},{"@type":"ImageObject","inLanguage":"de","@id":"http:\/\/www.lesdelicesdeprovence.ch\/de\/produits\/gruene-tapenade-mit-basilikum\/#primaryimage","url":"http:\/\/www.lesdelicesdeprovence.ch\/wp-content\/uploads\/2022\/06\/IMG_6203.jpg","contentUrl":"http:\/\/www.lesdelicesdeprovence.ch\/wp-content\/uploads\/2022\/06\/IMG_6203.jpg","width":2542,"height":2421},{"@type":"BreadcrumbList","@id":"http:\/\/www.lesdelicesdeprovence.ch\/de\/produits\/gruene-tapenade-mit-basilikum\/#breadcrumb","itemListElement":[{"@type":"ListItem","position":1,"name":"Accoglienza","item":"https:\/\/www.lesdelicesdeprovence.ch\/de\/"},{"@type":"ListItem","position":2,"name":"Shop","item":"https:\/\/www.lesdelicesdeprovence.ch\/de\/geschaeft\/"},{"@type":"ListItem","position":3,"name":"Gr\u00fcne Tapenade mit Basilikum"}]},{"@type":"WebSite","@id":"https:\/\/www.lesdelicesdeprovence.ch\/de\/#website","url":"https:\/\/www.lesdelicesdeprovence.ch\/de\/","name":"Les D\u00e9lices de Provence","description":"Epicerie fine en ligne","potentialAction":[{"@type":"SearchAction","target":{"@type":"EntryPoint","urlTemplate":"https:\/\/www.lesdelicesdeprovence.ch\/de\/?s={search_term_string}"},"query-input":{"@type":"PropertyValueSpecification","valueRequired":true,"valueName":"search_term_string"}}],"inLanguage":"de"}]}},"_links":{"self":[{"href":"http:\/\/www.lesdelicesdeprovence.ch\/de\/wp-json\/wp\/v2\/product\/6654","targetHints":{"allow":["GET"]}}],"collection":[{"href":"http:\/\/www.lesdelicesdeprovence.ch\/de\/wp-json\/wp\/v2\/product"}],"about":[{"href":"http:\/\/www.lesdelicesdeprovence.ch\/de\/wp-json\/wp\/v2\/types\/product"}],"version-history":[{"count":4,"href":"http:\/\/www.lesdelicesdeprovence.ch\/de\/wp-json\/wp\/v2\/product\/6654\/revisions"}],"predecessor-version":[{"id":12973,"href":"http:\/\/www.lesdelicesdeprovence.ch\/de\/wp-json\/wp\/v2\/product\/6654\/revisions\/12973"}],"wp:featuredmedia":[{"embeddable":true,"href":"http:\/\/www.lesdelicesdeprovence.ch\/de\/wp-json\/wp\/v2\/media\/8398"}],"wp:attachment":[{"href":"http:\/\/www.lesdelicesdeprovence.ch\/de\/wp-json\/wp\/v2\/media?parent=6654"}],"wp:term":[{"taxonomy":"product_cat","embeddable":true,"href":"http:\/\/www.lesdelicesdeprovence.ch\/de\/wp-json\/wp\/v2\/product_cat?post=6654"},{"taxonomy":"product_tag","embeddable":true,"href":"http:\/\/www.lesdelicesdeprovence.ch\/de\/wp-json\/wp\/v2\/product_tag?post=6654"}],"curies":[{"name":"wp","href":"https:\/\/api.w.org\/{rel}","templated":true}]}}