{"id":6666,"date":"2022-06-13T12:54:45","date_gmt":"2022-06-13T12:59:02","guid":{"rendered":"https:\/\/www.aromeprod2.com\/?post_type=product&#038;p=6666"},"modified":"2024-03-28T14:04:39","modified_gmt":"2024-03-28T14:04:39","slug":"sardinencreme","status":"publish","type":"product","link":"http:\/\/www.lesdelicesdeprovence.ch\/de\/produits\/sardinencreme\/","title":{"rendered":"Sardinencreme"},"content":{"rendered":"<p>Die marseillerischste aller unserer Aperitifsaucen besteht aus sch\u00f6nen Mittelmeersardinen in Verbindung mit Zucchini und einer Prise Parmesan, um diesen k\u00f6stlichen Jodgeschmack zu mildern.<\/p>\n<p>Sie wird in der Region Vaucluse handwerklich hergestellt und ist weniger aggressiv als eine Ancho\u00efade, aber genauso lecker.<\/p>\n<p><strong>Zutaten: Sardine (53%), Zucchini, Parmesan, Raps\u00f6l, Sonnenblumen\u00f6l, Knoblauch, Zitronensaft, Milch, Pfeffer, Meersalz<\/strong><\/p>\n<p><strong>Inhalt: 90g<\/strong><\/p>\n<p>&nbsp;<\/p>\n","protected":false},"excerpt":{"rendered":"<p>F\u00fcr Liebhaber jodhaltiger Aromen eine wahre kleine Geschmacksbombe mit einem unbestreitbaren Geschmack von &#8222;Zur\u00fcck-zur\u00fcck&#8220;.<\/p>\n<p>Genie\u00dfen Sie ihn auf kleinen Toasts zum Aperitif, um Ihren Gaumen zu verw\u00f6hnen!<\/p>\n","protected":false},"featured_media":9316,"template":"","meta":[],"product_cat":[246],"product_tag":[],"class_list":{"0":"post-6666","1":"product","2":"type-product","3":"status-publish","4":"has-post-thumbnail","6":"product_cat-aperitif-saucen","8":"first","9":"outofstock","10":"taxable","11":"shipping-taxable","12":"purchasable","13":"product-type-simple"},"yoast_head":"<!-- This site is optimized with the Yoast SEO plugin v27.2 - https:\/\/yoast.com\/product\/yoast-seo-wordpress\/ -->\n<title>Sardinencreme<\/title>\n<meta name=\"description\" content=\"Diese Sardinencreme ist eine echte kleine Geschmacksbombe mit einem unbestreitbaren &quot;Comeback&quot;-Geschmack. Genie\u00dfen Sie ihn auf kleinen Toasts zum Aperitif, um Ihren Gaumen zu verw\u00f6hnen!\" \/>\n<meta name=\"robots\" content=\"index, follow, max-snippet:-1, max-image-preview:large, max-video-preview:-1\" \/>\n<link rel=\"canonical\" href=\"http:\/\/www.lesdelicesdeprovence.ch\/de\/produits\/sardinencreme\/\" \/>\n<meta property=\"og:locale\" content=\"de_DE\" \/>\n<meta property=\"og:type\" content=\"article\" \/>\n<meta property=\"og:title\" content=\"Sardinencreme\" \/>\n<meta property=\"og:description\" content=\"Diese Sardinencreme ist eine echte kleine Geschmacksbombe mit einem unbestreitbaren &quot;Comeback&quot;-Geschmack. Genie\u00dfen Sie ihn auf kleinen Toasts zum Aperitif, um Ihren Gaumen zu verw\u00f6hnen!\" \/>\n<meta property=\"og:url\" content=\"http:\/\/www.lesdelicesdeprovence.ch\/de\/produits\/sardinencreme\/\" \/>\n<meta property=\"og:site_name\" content=\"Les D\u00e9lices de Provence\" \/>\n<meta property=\"article:modified_time\" content=\"2024-03-28T14:04:39+00:00\" \/>\n<meta property=\"og:image\" content=\"https:\/\/www.lesdelicesdeprovence.ch\/wp-content\/uploads\/2022\/06\/IMG_6204.jpg\" \/>\n\t<meta property=\"og:image:width\" content=\"2279\" \/>\n\t<meta property=\"og:image:height\" content=\"2329\" \/>\n\t<meta property=\"og:image:type\" content=\"image\/jpeg\" \/>\n<meta name=\"twitter:card\" content=\"summary_large_image\" \/>\n<meta name=\"twitter:label1\" content=\"Gesch\u00e4tzte Lesezeit\" \/>\n\t<meta name=\"twitter:data1\" content=\"1\u00a0Minute\" \/>\n<script type=\"application\/ld+json\" class=\"yoast-schema-graph\">{\"@context\":\"https:\/\/schema.org\",\"@graph\":[{\"@type\":\"WebPage\",\"@id\":\"http:\/\/www.lesdelicesdeprovence.ch\/de\/produits\/sardinencreme\/\",\"url\":\"http:\/\/www.lesdelicesdeprovence.ch\/de\/produits\/sardinencreme\/\",\"name\":\"Sardinencreme\",\"isPartOf\":{\"@id\":\"http:\/\/www.lesdelicesdeprovence.ch\/de\/#website\"},\"primaryImageOfPage\":{\"@id\":\"http:\/\/www.lesdelicesdeprovence.ch\/de\/produits\/sardinencreme\/#primaryimage\"},\"image\":{\"@id\":\"http:\/\/www.lesdelicesdeprovence.ch\/de\/produits\/sardinencreme\/#primaryimage\"},\"thumbnailUrl\":\"http:\/\/www.lesdelicesdeprovence.ch\/wp-content\/uploads\/2022\/06\/IMG_6204.jpg\",\"datePublished\":\"2022-06-13T12:59:02+00:00\",\"dateModified\":\"2024-03-28T14:04:39+00:00\",\"description\":\"Diese Sardinencreme ist eine echte kleine Geschmacksbombe mit einem unbestreitbaren \\\"Comeback\\\"-Geschmack. Genie\u00dfen Sie ihn auf kleinen Toasts zum Aperitif, um Ihren Gaumen zu verw\u00f6hnen!\",\"breadcrumb\":{\"@id\":\"http:\/\/www.lesdelicesdeprovence.ch\/de\/produits\/sardinencreme\/#breadcrumb\"},\"inLanguage\":\"de\",\"potentialAction\":[{\"@type\":\"ReadAction\",\"target\":[\"http:\/\/www.lesdelicesdeprovence.ch\/de\/produits\/sardinencreme\/\"]}]},{\"@type\":\"ImageObject\",\"inLanguage\":\"de\",\"@id\":\"http:\/\/www.lesdelicesdeprovence.ch\/de\/produits\/sardinencreme\/#primaryimage\",\"url\":\"http:\/\/www.lesdelicesdeprovence.ch\/wp-content\/uploads\/2022\/06\/IMG_6204.jpg\",\"contentUrl\":\"http:\/\/www.lesdelicesdeprovence.ch\/wp-content\/uploads\/2022\/06\/IMG_6204.jpg\",\"width\":2279,\"height\":2329},{\"@type\":\"BreadcrumbList\",\"@id\":\"http:\/\/www.lesdelicesdeprovence.ch\/de\/produits\/sardinencreme\/#breadcrumb\",\"itemListElement\":[{\"@type\":\"ListItem\",\"position\":1,\"name\":\"Accoglienza\",\"item\":\"https:\/\/www.lesdelicesdeprovence.ch\/de\/\"},{\"@type\":\"ListItem\",\"position\":2,\"name\":\"Shop\",\"item\":\"https:\/\/www.lesdelicesdeprovence.ch\/de\/geschaeft\/\"},{\"@type\":\"ListItem\",\"position\":3,\"name\":\"Sardinencreme\"}]},{\"@type\":\"WebSite\",\"@id\":\"http:\/\/www.lesdelicesdeprovence.ch\/de\/#website\",\"url\":\"http:\/\/www.lesdelicesdeprovence.ch\/de\/\",\"name\":\"Les D\u00e9lices de Provence\",\"description\":\"Epicerie fine en ligne\",\"potentialAction\":[{\"@type\":\"SearchAction\",\"target\":{\"@type\":\"EntryPoint\",\"urlTemplate\":\"http:\/\/www.lesdelicesdeprovence.ch\/de\/?s={search_term_string}\"},\"query-input\":{\"@type\":\"PropertyValueSpecification\",\"valueRequired\":true,\"valueName\":\"search_term_string\"}}],\"inLanguage\":\"de\"}]}<\/script>\n<!-- \/ Yoast SEO plugin. -->","yoast_head_json":{"title":"Sardinencreme","description":"Diese Sardinencreme ist eine echte kleine Geschmacksbombe mit einem unbestreitbaren \"Comeback\"-Geschmack. Genie\u00dfen Sie ihn auf kleinen Toasts zum Aperitif, um Ihren Gaumen zu verw\u00f6hnen!","robots":{"index":"index","follow":"follow","max-snippet":"max-snippet:-1","max-image-preview":"max-image-preview:large","max-video-preview":"max-video-preview:-1"},"canonical":"http:\/\/www.lesdelicesdeprovence.ch\/de\/produits\/sardinencreme\/","og_locale":"de_DE","og_type":"article","og_title":"Sardinencreme","og_description":"Diese Sardinencreme ist eine echte kleine Geschmacksbombe mit einem unbestreitbaren \"Comeback\"-Geschmack. Genie\u00dfen Sie ihn auf kleinen Toasts zum Aperitif, um Ihren Gaumen zu verw\u00f6hnen!","og_url":"http:\/\/www.lesdelicesdeprovence.ch\/de\/produits\/sardinencreme\/","og_site_name":"Les D\u00e9lices de Provence","article_modified_time":"2024-03-28T14:04:39+00:00","og_image":[{"width":2279,"height":2329,"url":"https:\/\/www.lesdelicesdeprovence.ch\/wp-content\/uploads\/2022\/06\/IMG_6204.jpg","type":"image\/jpeg"}],"twitter_card":"summary_large_image","twitter_misc":{"Gesch\u00e4tzte Lesezeit":"1\u00a0Minute"},"schema":{"@context":"https:\/\/schema.org","@graph":[{"@type":"WebPage","@id":"http:\/\/www.lesdelicesdeprovence.ch\/de\/produits\/sardinencreme\/","url":"http:\/\/www.lesdelicesdeprovence.ch\/de\/produits\/sardinencreme\/","name":"Sardinencreme","isPartOf":{"@id":"http:\/\/www.lesdelicesdeprovence.ch\/de\/#website"},"primaryImageOfPage":{"@id":"http:\/\/www.lesdelicesdeprovence.ch\/de\/produits\/sardinencreme\/#primaryimage"},"image":{"@id":"http:\/\/www.lesdelicesdeprovence.ch\/de\/produits\/sardinencreme\/#primaryimage"},"thumbnailUrl":"http:\/\/www.lesdelicesdeprovence.ch\/wp-content\/uploads\/2022\/06\/IMG_6204.jpg","datePublished":"2022-06-13T12:59:02+00:00","dateModified":"2024-03-28T14:04:39+00:00","description":"Diese Sardinencreme ist eine echte kleine Geschmacksbombe mit einem unbestreitbaren \"Comeback\"-Geschmack. Genie\u00dfen Sie ihn auf kleinen Toasts zum Aperitif, um Ihren Gaumen zu verw\u00f6hnen!","breadcrumb":{"@id":"http:\/\/www.lesdelicesdeprovence.ch\/de\/produits\/sardinencreme\/#breadcrumb"},"inLanguage":"de","potentialAction":[{"@type":"ReadAction","target":["http:\/\/www.lesdelicesdeprovence.ch\/de\/produits\/sardinencreme\/"]}]},{"@type":"ImageObject","inLanguage":"de","@id":"http:\/\/www.lesdelicesdeprovence.ch\/de\/produits\/sardinencreme\/#primaryimage","url":"http:\/\/www.lesdelicesdeprovence.ch\/wp-content\/uploads\/2022\/06\/IMG_6204.jpg","contentUrl":"http:\/\/www.lesdelicesdeprovence.ch\/wp-content\/uploads\/2022\/06\/IMG_6204.jpg","width":2279,"height":2329},{"@type":"BreadcrumbList","@id":"http:\/\/www.lesdelicesdeprovence.ch\/de\/produits\/sardinencreme\/#breadcrumb","itemListElement":[{"@type":"ListItem","position":1,"name":"Accoglienza","item":"https:\/\/www.lesdelicesdeprovence.ch\/de\/"},{"@type":"ListItem","position":2,"name":"Shop","item":"https:\/\/www.lesdelicesdeprovence.ch\/de\/geschaeft\/"},{"@type":"ListItem","position":3,"name":"Sardinencreme"}]},{"@type":"WebSite","@id":"http:\/\/www.lesdelicesdeprovence.ch\/de\/#website","url":"http:\/\/www.lesdelicesdeprovence.ch\/de\/","name":"Les D\u00e9lices de Provence","description":"Epicerie fine en ligne","potentialAction":[{"@type":"SearchAction","target":{"@type":"EntryPoint","urlTemplate":"http:\/\/www.lesdelicesdeprovence.ch\/de\/?s={search_term_string}"},"query-input":{"@type":"PropertyValueSpecification","valueRequired":true,"valueName":"search_term_string"}}],"inLanguage":"de"}]}},"_links":{"self":[{"href":"http:\/\/www.lesdelicesdeprovence.ch\/de\/wp-json\/wp\/v2\/product\/6666","targetHints":{"allow":["GET"]}}],"collection":[{"href":"http:\/\/www.lesdelicesdeprovence.ch\/de\/wp-json\/wp\/v2\/product"}],"about":[{"href":"http:\/\/www.lesdelicesdeprovence.ch\/de\/wp-json\/wp\/v2\/types\/product"}],"version-history":[{"count":3,"href":"http:\/\/www.lesdelicesdeprovence.ch\/de\/wp-json\/wp\/v2\/product\/6666\/revisions"}],"predecessor-version":[{"id":12984,"href":"http:\/\/www.lesdelicesdeprovence.ch\/de\/wp-json\/wp\/v2\/product\/6666\/revisions\/12984"}],"wp:featuredmedia":[{"embeddable":true,"href":"http:\/\/www.lesdelicesdeprovence.ch\/de\/wp-json\/wp\/v2\/media\/9316"}],"wp:attachment":[{"href":"http:\/\/www.lesdelicesdeprovence.ch\/de\/wp-json\/wp\/v2\/media?parent=6666"}],"wp:term":[{"taxonomy":"product_cat","embeddable":true,"href":"http:\/\/www.lesdelicesdeprovence.ch\/de\/wp-json\/wp\/v2\/product_cat?post=6666"},{"taxonomy":"product_tag","embeddable":true,"href":"http:\/\/www.lesdelicesdeprovence.ch\/de\/wp-json\/wp\/v2\/product_tag?post=6666"}],"curies":[{"name":"wp","href":"https:\/\/api.w.org\/{rel}","templated":true}]}}