{"id":6690,"date":"2022-06-13T17:47:04","date_gmt":"2022-06-13T17:47:04","guid":{"rendered":"https:\/\/www.aromeprod2.com\/?post_type=product&#038;p=6690"},"modified":"2024-03-28T14:04:45","modified_gmt":"2024-03-28T14:04:45","slug":"poichichade-biologisch","status":"publish","type":"product","link":"http:\/\/www.lesdelicesdeprovence.ch\/de\/produits\/poichichade-biologisch\/","title":{"rendered":"Poichichade Bio"},"content":{"rendered":"<p>Ein traditionelles provenzalisches Rezept, das bei einer Kleinb\u00e4uerin im Durance-Tal unweit von Sisteron aufgesp\u00fcrt wurde. Sie erntet selbst ihre Bio-Kichererbsen, die sie f\u00fcr diese traditionelle Poichichade ben\u00f6tigt, die dann auf dem Anwesen zubereitet wird.<\/p>\n<p>Liebhaber mediterraner Produkte werden von dem feinen und zugleich charaktervollen Geschmack dieser handwerklich zusammengestellten Aperitifsauce nicht entt\u00e4uscht sein.<\/p>\n<p>Ein Genuss auf kleinen Canap\u00e9s oder auch in Kombination mit Fleischgerichten.<\/p>\n<p><strong>Zutaten: Kichererbsen (54%), Oliven\u00f6l AOP Haute Provence (12%), Sesam, Zitronensaft, Wasser, Knoblauch, Salz aus Gu\u00e9rande, Kreuzk\u00fcmmel, Pfeffer.<\/strong><\/p>\n<p><strong>Inhalt: 100g<\/strong><\/p>\n","protected":false},"excerpt":{"rendered":"<p>Eine wunderbare, in der Haute-Provence hausgemachte Aperitifso\u00dfe, eine Art provenzalischer Hummus, voller Geschmack und Authentizit\u00e4t auf der Grundlage von BIO-Kichererbsen.<\/p>\n","protected":false},"featured_media":6688,"template":"","meta":[],"product_cat":[246],"product_tag":[],"class_list":{"0":"post-6690","1":"product","2":"type-product","3":"status-publish","4":"has-post-thumbnail","6":"product_cat-aperitif-saucen","8":"first","9":"instock","10":"taxable","11":"shipping-taxable","12":"purchasable","13":"product-type-simple"},"yoast_head":"<!-- This site is optimized with the Yoast SEO plugin v27.2 - https:\/\/yoast.com\/product\/yoast-seo-wordpress\/ -->\n<title>Poichichade Bio<\/title>\n<meta name=\"description\" content=\"Unsere BIO-Poichichade ist eine in der Haute-Provence hausgemachte Aperitifsauce, eine Art provenzalischer Hummus, voller Geschmack und Authentizit\u00e4t auf der Grundlage von BIO-Kichererbsen.\" \/>\n<meta name=\"robots\" content=\"index, follow, max-snippet:-1, max-image-preview:large, max-video-preview:-1\" \/>\n<link rel=\"canonical\" href=\"http:\/\/www.lesdelicesdeprovence.ch\/de\/produits\/poichichade-biologisch\/\" \/>\n<meta property=\"og:locale\" content=\"de_DE\" \/>\n<meta property=\"og:type\" content=\"article\" \/>\n<meta property=\"og:title\" content=\"Poichichade Bio\" \/>\n<meta property=\"og:description\" content=\"Unsere BIO-Poichichade ist eine in der Haute-Provence hausgemachte Aperitifsauce, eine Art provenzalischer Hummus, voller Geschmack und Authentizit\u00e4t auf der Grundlage von BIO-Kichererbsen.\" \/>\n<meta property=\"og:url\" content=\"http:\/\/www.lesdelicesdeprovence.ch\/de\/produits\/poichichade-biologisch\/\" \/>\n<meta property=\"og:site_name\" content=\"Les D\u00e9lices de Provence\" \/>\n<meta property=\"article:modified_time\" content=\"2024-03-28T14:04:45+00:00\" \/>\n<meta property=\"og:image\" content=\"https:\/\/www.lesdelicesdeprovence.ch\/wp-content\/uploads\/2022\/06\/IMG_6275.jpg\" \/>\n\t<meta property=\"og:image:width\" content=\"1853\" \/>\n\t<meta property=\"og:image:height\" content=\"1590\" \/>\n\t<meta property=\"og:image:type\" content=\"image\/jpeg\" \/>\n<meta name=\"twitter:card\" content=\"summary_large_image\" \/>\n<meta name=\"twitter:label1\" content=\"Gesch\u00e4tzte Lesezeit\" \/>\n\t<meta name=\"twitter:data1\" content=\"1\u00a0Minute\" \/>\n<script type=\"application\/ld+json\" class=\"yoast-schema-graph\">{\"@context\":\"https:\/\/schema.org\",\"@graph\":[{\"@type\":\"WebPage\",\"@id\":\"http:\/\/www.lesdelicesdeprovence.ch\/de\/produits\/poichichade-biologisch\/\",\"url\":\"http:\/\/www.lesdelicesdeprovence.ch\/de\/produits\/poichichade-biologisch\/\",\"name\":\"Poichichade Bio\",\"isPartOf\":{\"@id\":\"https:\/\/www.lesdelicesdeprovence.ch\/de\/#website\"},\"primaryImageOfPage\":{\"@id\":\"http:\/\/www.lesdelicesdeprovence.ch\/de\/produits\/poichichade-biologisch\/#primaryimage\"},\"image\":{\"@id\":\"http:\/\/www.lesdelicesdeprovence.ch\/de\/produits\/poichichade-biologisch\/#primaryimage\"},\"thumbnailUrl\":\"http:\/\/www.lesdelicesdeprovence.ch\/wp-content\/uploads\/2022\/06\/IMG_6275.jpg\",\"datePublished\":\"2022-06-13T17:47:04+00:00\",\"dateModified\":\"2024-03-28T14:04:45+00:00\",\"description\":\"Unsere BIO-Poichichade ist eine in der Haute-Provence hausgemachte Aperitifsauce, eine Art provenzalischer Hummus, voller Geschmack und Authentizit\u00e4t auf der Grundlage von BIO-Kichererbsen.\",\"breadcrumb\":{\"@id\":\"http:\/\/www.lesdelicesdeprovence.ch\/de\/produits\/poichichade-biologisch\/#breadcrumb\"},\"inLanguage\":\"de\",\"potentialAction\":[{\"@type\":\"ReadAction\",\"target\":[\"http:\/\/www.lesdelicesdeprovence.ch\/de\/produits\/poichichade-biologisch\/\"]}]},{\"@type\":\"ImageObject\",\"inLanguage\":\"de\",\"@id\":\"http:\/\/www.lesdelicesdeprovence.ch\/de\/produits\/poichichade-biologisch\/#primaryimage\",\"url\":\"http:\/\/www.lesdelicesdeprovence.ch\/wp-content\/uploads\/2022\/06\/IMG_6275.jpg\",\"contentUrl\":\"http:\/\/www.lesdelicesdeprovence.ch\/wp-content\/uploads\/2022\/06\/IMG_6275.jpg\",\"width\":1853,\"height\":1590},{\"@type\":\"BreadcrumbList\",\"@id\":\"http:\/\/www.lesdelicesdeprovence.ch\/de\/produits\/poichichade-biologisch\/#breadcrumb\",\"itemListElement\":[{\"@type\":\"ListItem\",\"position\":1,\"name\":\"Accoglienza\",\"item\":\"https:\/\/www.lesdelicesdeprovence.ch\/de\/\"},{\"@type\":\"ListItem\",\"position\":2,\"name\":\"Shop\",\"item\":\"https:\/\/www.lesdelicesdeprovence.ch\/de\/geschaeft\/\"},{\"@type\":\"ListItem\",\"position\":3,\"name\":\"Poichichade Bio\"}]},{\"@type\":\"WebSite\",\"@id\":\"https:\/\/www.lesdelicesdeprovence.ch\/de\/#website\",\"url\":\"https:\/\/www.lesdelicesdeprovence.ch\/de\/\",\"name\":\"Les D\u00e9lices de Provence\",\"description\":\"Epicerie fine en ligne\",\"potentialAction\":[{\"@type\":\"SearchAction\",\"target\":{\"@type\":\"EntryPoint\",\"urlTemplate\":\"https:\/\/www.lesdelicesdeprovence.ch\/de\/?s={search_term_string}\"},\"query-input\":{\"@type\":\"PropertyValueSpecification\",\"valueRequired\":true,\"valueName\":\"search_term_string\"}}],\"inLanguage\":\"de\"}]}<\/script>\n<!-- \/ Yoast SEO plugin. -->","yoast_head_json":{"title":"Poichichade Bio","description":"Unsere BIO-Poichichade ist eine in der Haute-Provence hausgemachte Aperitifsauce, eine Art provenzalischer Hummus, voller Geschmack und Authentizit\u00e4t auf der Grundlage von BIO-Kichererbsen.","robots":{"index":"index","follow":"follow","max-snippet":"max-snippet:-1","max-image-preview":"max-image-preview:large","max-video-preview":"max-video-preview:-1"},"canonical":"http:\/\/www.lesdelicesdeprovence.ch\/de\/produits\/poichichade-biologisch\/","og_locale":"de_DE","og_type":"article","og_title":"Poichichade Bio","og_description":"Unsere BIO-Poichichade ist eine in der Haute-Provence hausgemachte Aperitifsauce, eine Art provenzalischer Hummus, voller Geschmack und Authentizit\u00e4t auf der Grundlage von BIO-Kichererbsen.","og_url":"http:\/\/www.lesdelicesdeprovence.ch\/de\/produits\/poichichade-biologisch\/","og_site_name":"Les D\u00e9lices de Provence","article_modified_time":"2024-03-28T14:04:45+00:00","og_image":[{"width":1853,"height":1590,"url":"https:\/\/www.lesdelicesdeprovence.ch\/wp-content\/uploads\/2022\/06\/IMG_6275.jpg","type":"image\/jpeg"}],"twitter_card":"summary_large_image","twitter_misc":{"Gesch\u00e4tzte Lesezeit":"1\u00a0Minute"},"schema":{"@context":"https:\/\/schema.org","@graph":[{"@type":"WebPage","@id":"http:\/\/www.lesdelicesdeprovence.ch\/de\/produits\/poichichade-biologisch\/","url":"http:\/\/www.lesdelicesdeprovence.ch\/de\/produits\/poichichade-biologisch\/","name":"Poichichade Bio","isPartOf":{"@id":"https:\/\/www.lesdelicesdeprovence.ch\/de\/#website"},"primaryImageOfPage":{"@id":"http:\/\/www.lesdelicesdeprovence.ch\/de\/produits\/poichichade-biologisch\/#primaryimage"},"image":{"@id":"http:\/\/www.lesdelicesdeprovence.ch\/de\/produits\/poichichade-biologisch\/#primaryimage"},"thumbnailUrl":"http:\/\/www.lesdelicesdeprovence.ch\/wp-content\/uploads\/2022\/06\/IMG_6275.jpg","datePublished":"2022-06-13T17:47:04+00:00","dateModified":"2024-03-28T14:04:45+00:00","description":"Unsere BIO-Poichichade ist eine in der Haute-Provence hausgemachte Aperitifsauce, eine Art provenzalischer Hummus, voller Geschmack und Authentizit\u00e4t auf der Grundlage von BIO-Kichererbsen.","breadcrumb":{"@id":"http:\/\/www.lesdelicesdeprovence.ch\/de\/produits\/poichichade-biologisch\/#breadcrumb"},"inLanguage":"de","potentialAction":[{"@type":"ReadAction","target":["http:\/\/www.lesdelicesdeprovence.ch\/de\/produits\/poichichade-biologisch\/"]}]},{"@type":"ImageObject","inLanguage":"de","@id":"http:\/\/www.lesdelicesdeprovence.ch\/de\/produits\/poichichade-biologisch\/#primaryimage","url":"http:\/\/www.lesdelicesdeprovence.ch\/wp-content\/uploads\/2022\/06\/IMG_6275.jpg","contentUrl":"http:\/\/www.lesdelicesdeprovence.ch\/wp-content\/uploads\/2022\/06\/IMG_6275.jpg","width":1853,"height":1590},{"@type":"BreadcrumbList","@id":"http:\/\/www.lesdelicesdeprovence.ch\/de\/produits\/poichichade-biologisch\/#breadcrumb","itemListElement":[{"@type":"ListItem","position":1,"name":"Accoglienza","item":"https:\/\/www.lesdelicesdeprovence.ch\/de\/"},{"@type":"ListItem","position":2,"name":"Shop","item":"https:\/\/www.lesdelicesdeprovence.ch\/de\/geschaeft\/"},{"@type":"ListItem","position":3,"name":"Poichichade Bio"}]},{"@type":"WebSite","@id":"https:\/\/www.lesdelicesdeprovence.ch\/de\/#website","url":"https:\/\/www.lesdelicesdeprovence.ch\/de\/","name":"Les D\u00e9lices de Provence","description":"Epicerie fine en ligne","potentialAction":[{"@type":"SearchAction","target":{"@type":"EntryPoint","urlTemplate":"https:\/\/www.lesdelicesdeprovence.ch\/de\/?s={search_term_string}"},"query-input":{"@type":"PropertyValueSpecification","valueRequired":true,"valueName":"search_term_string"}}],"inLanguage":"de"}]}},"_links":{"self":[{"href":"http:\/\/www.lesdelicesdeprovence.ch\/de\/wp-json\/wp\/v2\/product\/6690","targetHints":{"allow":["GET"]}}],"collection":[{"href":"http:\/\/www.lesdelicesdeprovence.ch\/de\/wp-json\/wp\/v2\/product"}],"about":[{"href":"http:\/\/www.lesdelicesdeprovence.ch\/de\/wp-json\/wp\/v2\/types\/product"}],"version-history":[{"count":3,"href":"http:\/\/www.lesdelicesdeprovence.ch\/de\/wp-json\/wp\/v2\/product\/6690\/revisions"}],"predecessor-version":[{"id":12996,"href":"http:\/\/www.lesdelicesdeprovence.ch\/de\/wp-json\/wp\/v2\/product\/6690\/revisions\/12996"}],"wp:featuredmedia":[{"embeddable":true,"href":"http:\/\/www.lesdelicesdeprovence.ch\/de\/wp-json\/wp\/v2\/media\/6688"}],"wp:attachment":[{"href":"http:\/\/www.lesdelicesdeprovence.ch\/de\/wp-json\/wp\/v2\/media?parent=6690"}],"wp:term":[{"taxonomy":"product_cat","embeddable":true,"href":"http:\/\/www.lesdelicesdeprovence.ch\/de\/wp-json\/wp\/v2\/product_cat?post=6690"},{"taxonomy":"product_tag","embeddable":true,"href":"http:\/\/www.lesdelicesdeprovence.ch\/de\/wp-json\/wp\/v2\/product_tag?post=6690"}],"curies":[{"name":"wp","href":"https:\/\/api.w.org\/{rel}","templated":true}]}}