{"id":6754,"date":"2022-06-03T13:41:31","date_gmt":"2022-06-03T13:41:31","guid":{"rendered":"https:\/\/www.aromeprod2.com\/?post_type=product&#038;p=6754"},"modified":"2025-11-30T11:29:20","modified_gmt":"2025-11-30T11:29:20","slug":"feigenchutney","status":"publish","type":"product","link":"http:\/\/www.lesdelicesdeprovence.ch\/de\/produits\/feigenchutney\/","title":{"rendered":"Feigen-Chutney mit Balsamico-Essig"},"content":{"rendered":"<p>Dieses Chutney ist eine Einladung, die besten Rezepte der Provence zu entdecken. Er passt wunderbar zur Aperitifzeit mit G\u00e4nseleber auf gegrilltem Toast oder elegant serviert in einem Glas.<\/p>\n<p>Er passt auch sehr gut zu vielen Ziegenk\u00e4sesorten.<\/p>\n<p>Unser Chutney l\u00e4sst sich auch in viele andere Rezepte integrieren. Die Qualit\u00e4t der nat\u00fcrlichen Feigen, des gehobenen Balsamico-Essigs und der verwendeten Zubereitungszutaten garantieren einen Genuss f\u00fcr den Gaumen.<\/p>\n<p><strong>Zutaten: Feigen (51%), Zucker, Zwiebeln, Waln\u00fcsse, Balsamico-Essig (6%), Rosinen, Oliven\u00f6l, Salz, Pfeffer 4 Gew\u00fcrze, Zitronensaftkonzentrat.<\/strong><\/p>\n<p><strong>Inhalt: 220g<\/strong><\/p>\n","protected":false},"excerpt":{"rendered":"<p>Ein Wahrzeichen der provenzalischen Gastronomie, f\u00fcr Liebhaber von s\u00fc\u00df und salzig.<\/p>\n<p>Ein Genuss, der von allen Feinschmeckern gesch\u00e4tzt wird, die neugierig auf authentische und hochwertige Produkte sind, und der bei besonderen Anl\u00e4ssen wunderbar zu K\u00e4se und Foie gras passt.<\/p>\n<p>Zusammengestellt mit der ber\u00fchmten schwarzen Feige aus Caromb, einer der wenigen I.G.P.-Feigen der Welt!<\/p>\n","protected":false},"featured_media":8440,"template":"","meta":[],"product_cat":[228],"product_tag":[],"class_list":{"0":"post-6754","1":"product","2":"type-product","3":"status-publish","4":"has-post-thumbnail","6":"product_cat-kandiert-und-chutneys","8":"first","9":"instock","10":"taxable","11":"shipping-taxable","12":"purchasable","13":"product-type-simple"},"yoast_head":"<!-- This site is optimized with the Yoast SEO plugin v27.2 - https:\/\/yoast.com\/product\/yoast-seo-wordpress\/ -->\n<title>Feigen-Chutney mit Balsamico-Essig<\/title>\n<meta name=\"description\" content=\"Ein Wahrzeichen der provenzalischen Gastronomie, f\u00fcr Liebhaber von s\u00fc\u00df und salzig, zusammengestellt mit der ber\u00fchmten schwarzen Feige von Caromb.\" \/>\n<meta name=\"robots\" content=\"index, follow, max-snippet:-1, max-image-preview:large, max-video-preview:-1\" \/>\n<link rel=\"canonical\" href=\"http:\/\/www.lesdelicesdeprovence.ch\/de\/produits\/feigenchutney\/\" \/>\n<meta property=\"og:locale\" content=\"de_DE\" \/>\n<meta property=\"og:type\" content=\"article\" \/>\n<meta property=\"og:title\" content=\"Feigen-Chutney mit Balsamico-Essig\" \/>\n<meta property=\"og:description\" content=\"Ein Wahrzeichen der provenzalischen Gastronomie, f\u00fcr Liebhaber von s\u00fc\u00df und salzig, zusammengestellt mit der ber\u00fchmten schwarzen Feige von Caromb.\" \/>\n<meta property=\"og:url\" content=\"http:\/\/www.lesdelicesdeprovence.ch\/de\/produits\/feigenchutney\/\" \/>\n<meta property=\"og:site_name\" content=\"Les D\u00e9lices de Provence\" \/>\n<meta property=\"article:modified_time\" content=\"2025-11-30T11:29:20+00:00\" \/>\n<meta property=\"og:image\" content=\"http:\/\/www.lesdelicesdeprovence.ch\/wp-content\/uploads\/2022\/06\/confit_de_figues_au_vinaigre_balsamique.jpg\" \/>\n\t<meta property=\"og:image:width\" content=\"2021\" \/>\n\t<meta property=\"og:image:height\" content=\"2159\" \/>\n\t<meta property=\"og:image:type\" content=\"image\/jpeg\" \/>\n<meta name=\"twitter:card\" content=\"summary_large_image\" \/>\n<meta name=\"twitter:label1\" content=\"Gesch\u00e4tzte Lesezeit\" \/>\n\t<meta name=\"twitter:data1\" content=\"1\u00a0Minute\" \/>\n<script type=\"application\/ld+json\" class=\"yoast-schema-graph\">{\"@context\":\"https:\/\/schema.org\",\"@graph\":[{\"@type\":\"WebPage\",\"@id\":\"http:\/\/www.lesdelicesdeprovence.ch\/de\/produits\/feigenchutney\/\",\"url\":\"http:\/\/www.lesdelicesdeprovence.ch\/de\/produits\/feigenchutney\/\",\"name\":\"Feigen-Chutney mit Balsamico-Essig\",\"isPartOf\":{\"@id\":\"https:\/\/www.lesdelicesdeprovence.ch\/de\/#website\"},\"primaryImageOfPage\":{\"@id\":\"http:\/\/www.lesdelicesdeprovence.ch\/de\/produits\/feigenchutney\/#primaryimage\"},\"image\":{\"@id\":\"http:\/\/www.lesdelicesdeprovence.ch\/de\/produits\/feigenchutney\/#primaryimage\"},\"thumbnailUrl\":\"http:\/\/www.lesdelicesdeprovence.ch\/wp-content\/uploads\/2022\/06\/confit_de_figues_au_vinaigre_balsamique.jpg\",\"datePublished\":\"2022-06-03T13:41:31+00:00\",\"dateModified\":\"2025-11-30T11:29:20+00:00\",\"description\":\"Ein Wahrzeichen der provenzalischen Gastronomie, f\u00fcr Liebhaber von s\u00fc\u00df und salzig, zusammengestellt mit der ber\u00fchmten schwarzen Feige von Caromb.\",\"breadcrumb\":{\"@id\":\"http:\/\/www.lesdelicesdeprovence.ch\/de\/produits\/feigenchutney\/#breadcrumb\"},\"inLanguage\":\"de\",\"potentialAction\":[{\"@type\":\"ReadAction\",\"target\":[\"http:\/\/www.lesdelicesdeprovence.ch\/de\/produits\/feigenchutney\/\"]}]},{\"@type\":\"ImageObject\",\"inLanguage\":\"de\",\"@id\":\"http:\/\/www.lesdelicesdeprovence.ch\/de\/produits\/feigenchutney\/#primaryimage\",\"url\":\"http:\/\/www.lesdelicesdeprovence.ch\/wp-content\/uploads\/2022\/06\/confit_de_figues_au_vinaigre_balsamique.jpg\",\"contentUrl\":\"http:\/\/www.lesdelicesdeprovence.ch\/wp-content\/uploads\/2022\/06\/confit_de_figues_au_vinaigre_balsamique.jpg\",\"width\":2021,\"height\":2159},{\"@type\":\"BreadcrumbList\",\"@id\":\"http:\/\/www.lesdelicesdeprovence.ch\/de\/produits\/feigenchutney\/#breadcrumb\",\"itemListElement\":[{\"@type\":\"ListItem\",\"position\":1,\"name\":\"Accoglienza\",\"item\":\"https:\/\/www.lesdelicesdeprovence.ch\/de\/\"},{\"@type\":\"ListItem\",\"position\":2,\"name\":\"Shop\",\"item\":\"https:\/\/www.lesdelicesdeprovence.ch\/de\/geschaeft\/\"},{\"@type\":\"ListItem\",\"position\":3,\"name\":\"Feigen-Chutney mit Balsamico-Essig\"}]},{\"@type\":\"WebSite\",\"@id\":\"https:\/\/www.lesdelicesdeprovence.ch\/de\/#website\",\"url\":\"https:\/\/www.lesdelicesdeprovence.ch\/de\/\",\"name\":\"Les D\u00e9lices de Provence\",\"description\":\"Epicerie fine en ligne\",\"potentialAction\":[{\"@type\":\"SearchAction\",\"target\":{\"@type\":\"EntryPoint\",\"urlTemplate\":\"https:\/\/www.lesdelicesdeprovence.ch\/de\/?s={search_term_string}\"},\"query-input\":{\"@type\":\"PropertyValueSpecification\",\"valueRequired\":true,\"valueName\":\"search_term_string\"}}],\"inLanguage\":\"de\"}]}<\/script>\n<!-- \/ Yoast SEO plugin. -->","yoast_head_json":{"title":"Feigen-Chutney mit Balsamico-Essig","description":"Ein Wahrzeichen der provenzalischen Gastronomie, f\u00fcr Liebhaber von s\u00fc\u00df und salzig, zusammengestellt mit der ber\u00fchmten schwarzen Feige von Caromb.","robots":{"index":"index","follow":"follow","max-snippet":"max-snippet:-1","max-image-preview":"max-image-preview:large","max-video-preview":"max-video-preview:-1"},"canonical":"http:\/\/www.lesdelicesdeprovence.ch\/de\/produits\/feigenchutney\/","og_locale":"de_DE","og_type":"article","og_title":"Feigen-Chutney mit Balsamico-Essig","og_description":"Ein Wahrzeichen der provenzalischen Gastronomie, f\u00fcr Liebhaber von s\u00fc\u00df und salzig, zusammengestellt mit der ber\u00fchmten schwarzen Feige von Caromb.","og_url":"http:\/\/www.lesdelicesdeprovence.ch\/de\/produits\/feigenchutney\/","og_site_name":"Les D\u00e9lices de Provence","article_modified_time":"2025-11-30T11:29:20+00:00","og_image":[{"width":2021,"height":2159,"url":"http:\/\/www.lesdelicesdeprovence.ch\/wp-content\/uploads\/2022\/06\/confit_de_figues_au_vinaigre_balsamique.jpg","type":"image\/jpeg"}],"twitter_card":"summary_large_image","twitter_misc":{"Gesch\u00e4tzte Lesezeit":"1\u00a0Minute"},"schema":{"@context":"https:\/\/schema.org","@graph":[{"@type":"WebPage","@id":"http:\/\/www.lesdelicesdeprovence.ch\/de\/produits\/feigenchutney\/","url":"http:\/\/www.lesdelicesdeprovence.ch\/de\/produits\/feigenchutney\/","name":"Feigen-Chutney mit Balsamico-Essig","isPartOf":{"@id":"https:\/\/www.lesdelicesdeprovence.ch\/de\/#website"},"primaryImageOfPage":{"@id":"http:\/\/www.lesdelicesdeprovence.ch\/de\/produits\/feigenchutney\/#primaryimage"},"image":{"@id":"http:\/\/www.lesdelicesdeprovence.ch\/de\/produits\/feigenchutney\/#primaryimage"},"thumbnailUrl":"http:\/\/www.lesdelicesdeprovence.ch\/wp-content\/uploads\/2022\/06\/confit_de_figues_au_vinaigre_balsamique.jpg","datePublished":"2022-06-03T13:41:31+00:00","dateModified":"2025-11-30T11:29:20+00:00","description":"Ein Wahrzeichen der provenzalischen Gastronomie, f\u00fcr Liebhaber von s\u00fc\u00df und salzig, zusammengestellt mit der ber\u00fchmten schwarzen Feige von Caromb.","breadcrumb":{"@id":"http:\/\/www.lesdelicesdeprovence.ch\/de\/produits\/feigenchutney\/#breadcrumb"},"inLanguage":"de","potentialAction":[{"@type":"ReadAction","target":["http:\/\/www.lesdelicesdeprovence.ch\/de\/produits\/feigenchutney\/"]}]},{"@type":"ImageObject","inLanguage":"de","@id":"http:\/\/www.lesdelicesdeprovence.ch\/de\/produits\/feigenchutney\/#primaryimage","url":"http:\/\/www.lesdelicesdeprovence.ch\/wp-content\/uploads\/2022\/06\/confit_de_figues_au_vinaigre_balsamique.jpg","contentUrl":"http:\/\/www.lesdelicesdeprovence.ch\/wp-content\/uploads\/2022\/06\/confit_de_figues_au_vinaigre_balsamique.jpg","width":2021,"height":2159},{"@type":"BreadcrumbList","@id":"http:\/\/www.lesdelicesdeprovence.ch\/de\/produits\/feigenchutney\/#breadcrumb","itemListElement":[{"@type":"ListItem","position":1,"name":"Accoglienza","item":"https:\/\/www.lesdelicesdeprovence.ch\/de\/"},{"@type":"ListItem","position":2,"name":"Shop","item":"https:\/\/www.lesdelicesdeprovence.ch\/de\/geschaeft\/"},{"@type":"ListItem","position":3,"name":"Feigen-Chutney mit Balsamico-Essig"}]},{"@type":"WebSite","@id":"https:\/\/www.lesdelicesdeprovence.ch\/de\/#website","url":"https:\/\/www.lesdelicesdeprovence.ch\/de\/","name":"Les D\u00e9lices de Provence","description":"Epicerie fine en ligne","potentialAction":[{"@type":"SearchAction","target":{"@type":"EntryPoint","urlTemplate":"https:\/\/www.lesdelicesdeprovence.ch\/de\/?s={search_term_string}"},"query-input":{"@type":"PropertyValueSpecification","valueRequired":true,"valueName":"search_term_string"}}],"inLanguage":"de"}]}},"_links":{"self":[{"href":"http:\/\/www.lesdelicesdeprovence.ch\/de\/wp-json\/wp\/v2\/product\/6754","targetHints":{"allow":["GET"]}}],"collection":[{"href":"http:\/\/www.lesdelicesdeprovence.ch\/de\/wp-json\/wp\/v2\/product"}],"about":[{"href":"http:\/\/www.lesdelicesdeprovence.ch\/de\/wp-json\/wp\/v2\/types\/product"}],"version-history":[{"count":4,"href":"http:\/\/www.lesdelicesdeprovence.ch\/de\/wp-json\/wp\/v2\/product\/6754\/revisions"}],"predecessor-version":[{"id":12948,"href":"http:\/\/www.lesdelicesdeprovence.ch\/de\/wp-json\/wp\/v2\/product\/6754\/revisions\/12948"}],"wp:featuredmedia":[{"embeddable":true,"href":"http:\/\/www.lesdelicesdeprovence.ch\/de\/wp-json\/wp\/v2\/media\/8440"}],"wp:attachment":[{"href":"http:\/\/www.lesdelicesdeprovence.ch\/de\/wp-json\/wp\/v2\/media?parent=6754"}],"wp:term":[{"taxonomy":"product_cat","embeddable":true,"href":"http:\/\/www.lesdelicesdeprovence.ch\/de\/wp-json\/wp\/v2\/product_cat?post=6754"},{"taxonomy":"product_tag","embeddable":true,"href":"http:\/\/www.lesdelicesdeprovence.ch\/de\/wp-json\/wp\/v2\/product_tag?post=6754"}],"curies":[{"name":"wp","href":"https:\/\/api.w.org\/{rel}","templated":true}]}}