{"id":6764,"date":"2022-06-03T13:32:57","date_gmt":"2022-06-03T13:32:57","guid":{"rendered":"https:\/\/www.aromeprod2.com\/?post_type=product&#038;p=6764"},"modified":"2025-06-28T17:16:13","modified_gmt":"2025-06-28T17:16:13","slug":"artischockenkonfit-mit-knoblauchpulpe","status":"publish","type":"product","link":"http:\/\/www.lesdelicesdeprovence.ch\/de\/produits\/artischockenkonfit-mit-knoblauchpulpe\/","title":{"rendered":"Artischockenkonfit mit Knoblauchfruchtfleisch"},"content":{"rendered":"<p>Ein einzigartiges Rezept f\u00fcr einen k\u00f6stlichen und originellen Geschmack! Wir hatten noch nie Artischockenkonfit probiert, bevor unser Konfit\u00fcrenhersteller uns diese ganz besondere Kombination von Zutaten vorstellte, und das Mindeste, was wir sagen k\u00f6nnen, ist, dass es gelungen ist!<\/p>\n<p>Die mit BIO-Knoblauchpulpe und getrockneten Tomaten kandierte Artischocke verleiht diesem Produkt einen rustikalen und zugleich furchtbar leckeren Geschmack.<\/p>\n<p>Genie\u00dfen Sie ihn auf ger\u00f6steten Toasts oder als Erg\u00e4nzung zu K\u00e4se, um den Geschmack zu verfeinern!<\/p>\n<p><strong>Zutaten: Artischocke (43%), Zwiebeln, getrocknete Tomaten (14%), Zucker, Salz, Knoblauch (7%), Pfeffer, Oliven\u00f6l, Apfelessig, Sonnenblumen\u00f6l, Lavendelhonig, Zitronensaft.<\/strong><\/p>\n<p><strong>Inhalt: 210 g<\/strong><\/p>\n<p>&nbsp;<\/p>\n","protected":false},"excerpt":{"rendered":"<p>Ein weiterer s\u00fc\u00dfer\/salziger Leckerbissen voller Originalit\u00e4t von unserem Produzenten aus L&#8217;Isle-sur-la-Sorgue. Damit k\u00f6nnen Sie Ihre G\u00e4ste beim Aperitif \u00fcberraschen!<\/p>\n","protected":false},"featured_media":8433,"template":"","meta":[],"product_cat":[246,228],"product_tag":[],"class_list":{"0":"post-6764","1":"product","2":"type-product","3":"status-publish","4":"has-post-thumbnail","6":"product_cat-aperitif-saucen","7":"product_cat-kandiert-und-chutneys","9":"first","10":"instock","11":"taxable","12":"shipping-taxable","13":"purchasable","14":"product-type-simple"},"yoast_head":"<!-- This site is optimized with the Yoast SEO plugin v27.2 - https:\/\/yoast.com\/product\/yoast-seo-wordpress\/ -->\n<title>Artischockenkonfit mit Knoblauchfruchtfleisch<\/title>\n<meta name=\"description\" content=\"Ein weiterer s\u00fc\u00dfer\/salziger Leckerbissen voller Originalit\u00e4t von unserem Produzenten aus L&#039;Isle-sur-la-Sorgue. Damit k\u00f6nnen Sie Ihre G\u00e4ste beim Aperitif \u00fcberraschen!\" \/>\n<meta name=\"robots\" content=\"index, follow, max-snippet:-1, max-image-preview:large, max-video-preview:-1\" \/>\n<link rel=\"canonical\" href=\"http:\/\/www.lesdelicesdeprovence.ch\/de\/produits\/artischockenkonfit-mit-knoblauchpulpe\/\" \/>\n<meta property=\"og:locale\" content=\"de_DE\" \/>\n<meta property=\"og:type\" content=\"article\" \/>\n<meta property=\"og:title\" content=\"Artischockenkonfit mit Knoblauchfruchtfleisch\" \/>\n<meta property=\"og:description\" content=\"Ein weiterer s\u00fc\u00dfer\/salziger Leckerbissen voller Originalit\u00e4t von unserem Produzenten aus L&#039;Isle-sur-la-Sorgue. Damit k\u00f6nnen Sie Ihre G\u00e4ste beim Aperitif \u00fcberraschen!\" \/>\n<meta property=\"og:url\" content=\"http:\/\/www.lesdelicesdeprovence.ch\/de\/produits\/artischockenkonfit-mit-knoblauchpulpe\/\" \/>\n<meta property=\"og:site_name\" content=\"Les D\u00e9lices de Provence\" \/>\n<meta property=\"article:modified_time\" content=\"2025-06-28T17:16:13+00:00\" \/>\n<meta property=\"og:image\" content=\"https:\/\/www.lesdelicesdeprovence.ch\/wp-content\/uploads\/2022\/06\/confit_artichauts_a_la_pulpe_ail.jpg\" \/>\n\t<meta property=\"og:image:width\" content=\"1990\" \/>\n\t<meta property=\"og:image:height\" content=\"2090\" \/>\n\t<meta property=\"og:image:type\" content=\"image\/jpeg\" \/>\n<meta name=\"twitter:card\" content=\"summary_large_image\" \/>\n<meta name=\"twitter:label1\" content=\"Gesch\u00e4tzte Lesezeit\" \/>\n\t<meta name=\"twitter:data1\" content=\"1\u00a0Minute\" \/>\n<script type=\"application\/ld+json\" class=\"yoast-schema-graph\">{\"@context\":\"https:\/\/schema.org\",\"@graph\":[{\"@type\":\"WebPage\",\"@id\":\"http:\/\/www.lesdelicesdeprovence.ch\/de\/produits\/artischockenkonfit-mit-knoblauchpulpe\/\",\"url\":\"http:\/\/www.lesdelicesdeprovence.ch\/de\/produits\/artischockenkonfit-mit-knoblauchpulpe\/\",\"name\":\"Artischockenkonfit mit Knoblauchfruchtfleisch\",\"isPartOf\":{\"@id\":\"http:\/\/www.lesdelicesdeprovence.ch\/de\/#website\"},\"primaryImageOfPage\":{\"@id\":\"http:\/\/www.lesdelicesdeprovence.ch\/de\/produits\/artischockenkonfit-mit-knoblauchpulpe\/#primaryimage\"},\"image\":{\"@id\":\"http:\/\/www.lesdelicesdeprovence.ch\/de\/produits\/artischockenkonfit-mit-knoblauchpulpe\/#primaryimage\"},\"thumbnailUrl\":\"http:\/\/www.lesdelicesdeprovence.ch\/wp-content\/uploads\/2022\/06\/confit_artichauts_a_la_pulpe_ail.jpg\",\"datePublished\":\"2022-06-03T13:32:57+00:00\",\"dateModified\":\"2025-06-28T17:16:13+00:00\",\"description\":\"Ein weiterer s\u00fc\u00dfer\/salziger Leckerbissen voller Originalit\u00e4t von unserem Produzenten aus L'Isle-sur-la-Sorgue. Damit k\u00f6nnen Sie Ihre G\u00e4ste beim Aperitif \u00fcberraschen!\",\"breadcrumb\":{\"@id\":\"http:\/\/www.lesdelicesdeprovence.ch\/de\/produits\/artischockenkonfit-mit-knoblauchpulpe\/#breadcrumb\"},\"inLanguage\":\"de\",\"potentialAction\":[{\"@type\":\"ReadAction\",\"target\":[\"http:\/\/www.lesdelicesdeprovence.ch\/de\/produits\/artischockenkonfit-mit-knoblauchpulpe\/\"]}]},{\"@type\":\"ImageObject\",\"inLanguage\":\"de\",\"@id\":\"http:\/\/www.lesdelicesdeprovence.ch\/de\/produits\/artischockenkonfit-mit-knoblauchpulpe\/#primaryimage\",\"url\":\"http:\/\/www.lesdelicesdeprovence.ch\/wp-content\/uploads\/2022\/06\/confit_artichauts_a_la_pulpe_ail.jpg\",\"contentUrl\":\"http:\/\/www.lesdelicesdeprovence.ch\/wp-content\/uploads\/2022\/06\/confit_artichauts_a_la_pulpe_ail.jpg\",\"width\":1990,\"height\":2090},{\"@type\":\"BreadcrumbList\",\"@id\":\"http:\/\/www.lesdelicesdeprovence.ch\/de\/produits\/artischockenkonfit-mit-knoblauchpulpe\/#breadcrumb\",\"itemListElement\":[{\"@type\":\"ListItem\",\"position\":1,\"name\":\"Accoglienza\",\"item\":\"http:\/\/www.lesdelicesdeprovence.ch\/de\/\"},{\"@type\":\"ListItem\",\"position\":2,\"name\":\"Shop\",\"item\":\"https:\/\/www.lesdelicesdeprovence.ch\/de\/geschaeft\/\"},{\"@type\":\"ListItem\",\"position\":3,\"name\":\"Artischockenkonfit mit Knoblauchfruchtfleisch\"}]},{\"@type\":\"WebSite\",\"@id\":\"http:\/\/www.lesdelicesdeprovence.ch\/de\/#website\",\"url\":\"http:\/\/www.lesdelicesdeprovence.ch\/de\/\",\"name\":\"Les D\u00e9lices de Provence\",\"description\":\"Epicerie fine en ligne\",\"potentialAction\":[{\"@type\":\"SearchAction\",\"target\":{\"@type\":\"EntryPoint\",\"urlTemplate\":\"http:\/\/www.lesdelicesdeprovence.ch\/de\/?s={search_term_string}\"},\"query-input\":{\"@type\":\"PropertyValueSpecification\",\"valueRequired\":true,\"valueName\":\"search_term_string\"}}],\"inLanguage\":\"de\"}]}<\/script>\n<!-- \/ Yoast SEO plugin. -->","yoast_head_json":{"title":"Artischockenkonfit mit Knoblauchfruchtfleisch","description":"Ein weiterer s\u00fc\u00dfer\/salziger Leckerbissen voller Originalit\u00e4t von unserem Produzenten aus L'Isle-sur-la-Sorgue. Damit k\u00f6nnen Sie Ihre G\u00e4ste beim Aperitif \u00fcberraschen!","robots":{"index":"index","follow":"follow","max-snippet":"max-snippet:-1","max-image-preview":"max-image-preview:large","max-video-preview":"max-video-preview:-1"},"canonical":"http:\/\/www.lesdelicesdeprovence.ch\/de\/produits\/artischockenkonfit-mit-knoblauchpulpe\/","og_locale":"de_DE","og_type":"article","og_title":"Artischockenkonfit mit Knoblauchfruchtfleisch","og_description":"Ein weiterer s\u00fc\u00dfer\/salziger Leckerbissen voller Originalit\u00e4t von unserem Produzenten aus L'Isle-sur-la-Sorgue. Damit k\u00f6nnen Sie Ihre G\u00e4ste beim Aperitif \u00fcberraschen!","og_url":"http:\/\/www.lesdelicesdeprovence.ch\/de\/produits\/artischockenkonfit-mit-knoblauchpulpe\/","og_site_name":"Les D\u00e9lices de Provence","article_modified_time":"2025-06-28T17:16:13+00:00","og_image":[{"width":1990,"height":2090,"url":"https:\/\/www.lesdelicesdeprovence.ch\/wp-content\/uploads\/2022\/06\/confit_artichauts_a_la_pulpe_ail.jpg","type":"image\/jpeg"}],"twitter_card":"summary_large_image","twitter_misc":{"Gesch\u00e4tzte Lesezeit":"1\u00a0Minute"},"schema":{"@context":"https:\/\/schema.org","@graph":[{"@type":"WebPage","@id":"http:\/\/www.lesdelicesdeprovence.ch\/de\/produits\/artischockenkonfit-mit-knoblauchpulpe\/","url":"http:\/\/www.lesdelicesdeprovence.ch\/de\/produits\/artischockenkonfit-mit-knoblauchpulpe\/","name":"Artischockenkonfit mit Knoblauchfruchtfleisch","isPartOf":{"@id":"http:\/\/www.lesdelicesdeprovence.ch\/de\/#website"},"primaryImageOfPage":{"@id":"http:\/\/www.lesdelicesdeprovence.ch\/de\/produits\/artischockenkonfit-mit-knoblauchpulpe\/#primaryimage"},"image":{"@id":"http:\/\/www.lesdelicesdeprovence.ch\/de\/produits\/artischockenkonfit-mit-knoblauchpulpe\/#primaryimage"},"thumbnailUrl":"http:\/\/www.lesdelicesdeprovence.ch\/wp-content\/uploads\/2022\/06\/confit_artichauts_a_la_pulpe_ail.jpg","datePublished":"2022-06-03T13:32:57+00:00","dateModified":"2025-06-28T17:16:13+00:00","description":"Ein weiterer s\u00fc\u00dfer\/salziger Leckerbissen voller Originalit\u00e4t von unserem Produzenten aus L'Isle-sur-la-Sorgue. Damit k\u00f6nnen Sie Ihre G\u00e4ste beim Aperitif \u00fcberraschen!","breadcrumb":{"@id":"http:\/\/www.lesdelicesdeprovence.ch\/de\/produits\/artischockenkonfit-mit-knoblauchpulpe\/#breadcrumb"},"inLanguage":"de","potentialAction":[{"@type":"ReadAction","target":["http:\/\/www.lesdelicesdeprovence.ch\/de\/produits\/artischockenkonfit-mit-knoblauchpulpe\/"]}]},{"@type":"ImageObject","inLanguage":"de","@id":"http:\/\/www.lesdelicesdeprovence.ch\/de\/produits\/artischockenkonfit-mit-knoblauchpulpe\/#primaryimage","url":"http:\/\/www.lesdelicesdeprovence.ch\/wp-content\/uploads\/2022\/06\/confit_artichauts_a_la_pulpe_ail.jpg","contentUrl":"http:\/\/www.lesdelicesdeprovence.ch\/wp-content\/uploads\/2022\/06\/confit_artichauts_a_la_pulpe_ail.jpg","width":1990,"height":2090},{"@type":"BreadcrumbList","@id":"http:\/\/www.lesdelicesdeprovence.ch\/de\/produits\/artischockenkonfit-mit-knoblauchpulpe\/#breadcrumb","itemListElement":[{"@type":"ListItem","position":1,"name":"Accoglienza","item":"http:\/\/www.lesdelicesdeprovence.ch\/de\/"},{"@type":"ListItem","position":2,"name":"Shop","item":"https:\/\/www.lesdelicesdeprovence.ch\/de\/geschaeft\/"},{"@type":"ListItem","position":3,"name":"Artischockenkonfit mit Knoblauchfruchtfleisch"}]},{"@type":"WebSite","@id":"http:\/\/www.lesdelicesdeprovence.ch\/de\/#website","url":"http:\/\/www.lesdelicesdeprovence.ch\/de\/","name":"Les D\u00e9lices de Provence","description":"Epicerie fine en ligne","potentialAction":[{"@type":"SearchAction","target":{"@type":"EntryPoint","urlTemplate":"http:\/\/www.lesdelicesdeprovence.ch\/de\/?s={search_term_string}"},"query-input":{"@type":"PropertyValueSpecification","valueRequired":true,"valueName":"search_term_string"}}],"inLanguage":"de"}]}},"_links":{"self":[{"href":"http:\/\/www.lesdelicesdeprovence.ch\/de\/wp-json\/wp\/v2\/product\/6764","targetHints":{"allow":["GET"]}}],"collection":[{"href":"http:\/\/www.lesdelicesdeprovence.ch\/de\/wp-json\/wp\/v2\/product"}],"about":[{"href":"http:\/\/www.lesdelicesdeprovence.ch\/de\/wp-json\/wp\/v2\/types\/product"}],"version-history":[{"count":4,"href":"http:\/\/www.lesdelicesdeprovence.ch\/de\/wp-json\/wp\/v2\/product\/6764\/revisions"}],"predecessor-version":[{"id":12958,"href":"http:\/\/www.lesdelicesdeprovence.ch\/de\/wp-json\/wp\/v2\/product\/6764\/revisions\/12958"}],"wp:featuredmedia":[{"embeddable":true,"href":"http:\/\/www.lesdelicesdeprovence.ch\/de\/wp-json\/wp\/v2\/media\/8433"}],"wp:attachment":[{"href":"http:\/\/www.lesdelicesdeprovence.ch\/de\/wp-json\/wp\/v2\/media?parent=6764"}],"wp:term":[{"taxonomy":"product_cat","embeddable":true,"href":"http:\/\/www.lesdelicesdeprovence.ch\/de\/wp-json\/wp\/v2\/product_cat?post=6764"},{"taxonomy":"product_tag","embeddable":true,"href":"http:\/\/www.lesdelicesdeprovence.ch\/de\/wp-json\/wp\/v2\/product_tag?post=6764"}],"curies":[{"name":"wp","href":"https:\/\/api.w.org\/{rel}","templated":true}]}}