{"id":6770,"date":"2022-06-03T13:31:22","date_gmt":"2022-06-03T13:31:22","guid":{"rendered":"https:\/\/www.aromeprod2.com\/?post_type=product&#038;p=6770"},"modified":"2024-07-18T13:46:06","modified_gmt":"2024-07-18T13:46:06","slug":"auberginen-confit-mit-knoblauch-2","status":"publish","type":"product","link":"http:\/\/www.lesdelicesdeprovence.ch\/de\/produits\/auberginen-confit-mit-knoblauch-2\/","title":{"rendered":"Auberginen-Confit mit Knoblauch"},"content":{"rendered":"<p>Dieses Konfit voller Aromen wird in L&#8217;Isle-sur-Sorgues im Departement Vaucluse von unserem Konfit\u00fcrenhersteller zusammengestellt, dem wir bereits Wunderwerke wie das Chutney aus rotem Paprika oder das Konfit aus schwarzen Oliven zu verdanken haben.<\/p>\n<p>Ein sch\u00f6nes, kreatives Rezept mit Auberginen, Tomaten, Oliven und Knoblauch f\u00fcr eine wahre Geschmacksexplosion, die auf der Welt einzigartig ist.<\/p>\n<p>Passt hervorragend zu K\u00e4se, insbesondere zu frischem Ziegenk\u00e4se oder G\u00e4nseleberpastete. Sublime auch ein hausgemachter Burger. Eine echte \u00dcberraschung, die Sie sich nicht entgehen lassen sollten!<\/p>\n<p><strong>Zutaten: Aubergine (51%), Tomate, Zucker, Zwiebeln, schwarze Oliven, Apfelessig, Oliven\u00f6l, Knoblauchpulpe (2%), Knoblauchgrie\u00df (1%), Kr\u00e4uter der Provence, Zitronensaft, Salz, Pfeffer.<\/strong><\/p>\n<p><strong>Inhalt: 230g<\/strong><\/p>\n","protected":false},"excerpt":{"rendered":"<p>Eine wahre kulinarische Atombombe f\u00fcr Liebhaber von S\u00fc\u00dfem und Salzigem! Weltweit einzigartig in seiner Rezeptur und von seltener Intensit\u00e4t f\u00fcr ein Produkt aus Auberginen.<\/p>\n<p>Entdeckung bei einem Handwerker, der f\u00fcr seine Kreativit\u00e4t bei der Kombination von Geschmacksrichtungen bekannt ist. In den Top 3 der Verkaufszahlen unseres Feinkostladens.<\/p>\n","protected":false},"featured_media":8435,"template":"","meta":[],"product_cat":[228],"product_tag":[],"class_list":{"0":"post-6770","1":"product","2":"type-product","3":"status-publish","4":"has-post-thumbnail","6":"product_cat-kandiert-und-chutneys","8":"first","9":"instock","10":"taxable","11":"shipping-taxable","12":"purchasable","13":"product-type-simple"},"yoast_head":"<!-- This site is optimized with the Yoast SEO plugin v27.2 - https:\/\/yoast.com\/product\/yoast-seo-wordpress\/ -->\n<title>Auberginen-Confit mit Knoblauch<\/title>\n<meta name=\"description\" content=\"Eine wahre kulinarische Atombombe f\u00fcr Liebhaber von S\u00fc\u00dfem und Salzigem! Weltweit einzigartig in seiner Rezeptur und von seltener Intensit\u00e4t f\u00fcr ein Produkt aus Auberginen.\" \/>\n<meta name=\"robots\" content=\"index, follow, max-snippet:-1, max-image-preview:large, max-video-preview:-1\" \/>\n<link rel=\"canonical\" href=\"http:\/\/www.lesdelicesdeprovence.ch\/de\/produits\/auberginen-confit-mit-knoblauch-2\/\" \/>\n<meta property=\"og:locale\" content=\"de_DE\" \/>\n<meta property=\"og:type\" content=\"article\" \/>\n<meta property=\"og:title\" content=\"Auberginen-Confit mit Knoblauch\" \/>\n<meta property=\"og:description\" content=\"Eine wahre kulinarische Atombombe f\u00fcr Liebhaber von S\u00fc\u00dfem und Salzigem! Weltweit einzigartig in seiner Rezeptur und von seltener Intensit\u00e4t f\u00fcr ein Produkt aus Auberginen.\" \/>\n<meta property=\"og:url\" content=\"http:\/\/www.lesdelicesdeprovence.ch\/de\/produits\/auberginen-confit-mit-knoblauch-2\/\" \/>\n<meta property=\"og:site_name\" content=\"Les D\u00e9lices de Provence\" \/>\n<meta property=\"article:modified_time\" content=\"2024-07-18T13:46:06+00:00\" \/>\n<meta property=\"og:image\" content=\"http:\/\/www.lesdelicesdeprovence.ch\/wp-content\/uploads\/2022\/06\/confit_aubergine_a_ail.jpg\" \/>\n\t<meta property=\"og:image:width\" content=\"2004\" \/>\n\t<meta property=\"og:image:height\" content=\"2024\" \/>\n\t<meta property=\"og:image:type\" content=\"image\/jpeg\" \/>\n<meta name=\"twitter:card\" content=\"summary_large_image\" \/>\n<meta name=\"twitter:label1\" content=\"Gesch\u00e4tzte Lesezeit\" \/>\n\t<meta name=\"twitter:data1\" content=\"1\u00a0Minute\" \/>\n<script type=\"application\/ld+json\" class=\"yoast-schema-graph\">{\"@context\":\"https:\/\/schema.org\",\"@graph\":[{\"@type\":\"WebPage\",\"@id\":\"http:\/\/www.lesdelicesdeprovence.ch\/de\/produits\/auberginen-confit-mit-knoblauch-2\/\",\"url\":\"http:\/\/www.lesdelicesdeprovence.ch\/de\/produits\/auberginen-confit-mit-knoblauch-2\/\",\"name\":\"Auberginen-Confit mit Knoblauch\",\"isPartOf\":{\"@id\":\"https:\/\/www.lesdelicesdeprovence.ch\/de\/#website\"},\"primaryImageOfPage\":{\"@id\":\"http:\/\/www.lesdelicesdeprovence.ch\/de\/produits\/auberginen-confit-mit-knoblauch-2\/#primaryimage\"},\"image\":{\"@id\":\"http:\/\/www.lesdelicesdeprovence.ch\/de\/produits\/auberginen-confit-mit-knoblauch-2\/#primaryimage\"},\"thumbnailUrl\":\"http:\/\/www.lesdelicesdeprovence.ch\/wp-content\/uploads\/2022\/06\/confit_aubergine_a_ail.jpg\",\"datePublished\":\"2022-06-03T13:31:22+00:00\",\"dateModified\":\"2024-07-18T13:46:06+00:00\",\"description\":\"Eine wahre kulinarische Atombombe f\u00fcr Liebhaber von S\u00fc\u00dfem und Salzigem! Weltweit einzigartig in seiner Rezeptur und von seltener Intensit\u00e4t f\u00fcr ein Produkt aus Auberginen.\",\"breadcrumb\":{\"@id\":\"http:\/\/www.lesdelicesdeprovence.ch\/de\/produits\/auberginen-confit-mit-knoblauch-2\/#breadcrumb\"},\"inLanguage\":\"de\",\"potentialAction\":[{\"@type\":\"ReadAction\",\"target\":[\"http:\/\/www.lesdelicesdeprovence.ch\/de\/produits\/auberginen-confit-mit-knoblauch-2\/\"]}]},{\"@type\":\"ImageObject\",\"inLanguage\":\"de\",\"@id\":\"http:\/\/www.lesdelicesdeprovence.ch\/de\/produits\/auberginen-confit-mit-knoblauch-2\/#primaryimage\",\"url\":\"http:\/\/www.lesdelicesdeprovence.ch\/wp-content\/uploads\/2022\/06\/confit_aubergine_a_ail.jpg\",\"contentUrl\":\"http:\/\/www.lesdelicesdeprovence.ch\/wp-content\/uploads\/2022\/06\/confit_aubergine_a_ail.jpg\",\"width\":2004,\"height\":2024},{\"@type\":\"BreadcrumbList\",\"@id\":\"http:\/\/www.lesdelicesdeprovence.ch\/de\/produits\/auberginen-confit-mit-knoblauch-2\/#breadcrumb\",\"itemListElement\":[{\"@type\":\"ListItem\",\"position\":1,\"name\":\"Accoglienza\",\"item\":\"https:\/\/www.lesdelicesdeprovence.ch\/de\/\"},{\"@type\":\"ListItem\",\"position\":2,\"name\":\"Shop\",\"item\":\"https:\/\/www.lesdelicesdeprovence.ch\/de\/geschaeft\/\"},{\"@type\":\"ListItem\",\"position\":3,\"name\":\"Auberginen-Confit mit Knoblauch\"}]},{\"@type\":\"WebSite\",\"@id\":\"https:\/\/www.lesdelicesdeprovence.ch\/de\/#website\",\"url\":\"https:\/\/www.lesdelicesdeprovence.ch\/de\/\",\"name\":\"Les D\u00e9lices de Provence\",\"description\":\"Epicerie fine en ligne\",\"potentialAction\":[{\"@type\":\"SearchAction\",\"target\":{\"@type\":\"EntryPoint\",\"urlTemplate\":\"https:\/\/www.lesdelicesdeprovence.ch\/de\/?s={search_term_string}\"},\"query-input\":{\"@type\":\"PropertyValueSpecification\",\"valueRequired\":true,\"valueName\":\"search_term_string\"}}],\"inLanguage\":\"de\"}]}<\/script>\n<!-- \/ Yoast SEO plugin. -->","yoast_head_json":{"title":"Auberginen-Confit mit Knoblauch","description":"Eine wahre kulinarische Atombombe f\u00fcr Liebhaber von S\u00fc\u00dfem und Salzigem! Weltweit einzigartig in seiner Rezeptur und von seltener Intensit\u00e4t f\u00fcr ein Produkt aus Auberginen.","robots":{"index":"index","follow":"follow","max-snippet":"max-snippet:-1","max-image-preview":"max-image-preview:large","max-video-preview":"max-video-preview:-1"},"canonical":"http:\/\/www.lesdelicesdeprovence.ch\/de\/produits\/auberginen-confit-mit-knoblauch-2\/","og_locale":"de_DE","og_type":"article","og_title":"Auberginen-Confit mit Knoblauch","og_description":"Eine wahre kulinarische Atombombe f\u00fcr Liebhaber von S\u00fc\u00dfem und Salzigem! Weltweit einzigartig in seiner Rezeptur und von seltener Intensit\u00e4t f\u00fcr ein Produkt aus Auberginen.","og_url":"http:\/\/www.lesdelicesdeprovence.ch\/de\/produits\/auberginen-confit-mit-knoblauch-2\/","og_site_name":"Les D\u00e9lices de Provence","article_modified_time":"2024-07-18T13:46:06+00:00","og_image":[{"width":2004,"height":2024,"url":"http:\/\/www.lesdelicesdeprovence.ch\/wp-content\/uploads\/2022\/06\/confit_aubergine_a_ail.jpg","type":"image\/jpeg"}],"twitter_card":"summary_large_image","twitter_misc":{"Gesch\u00e4tzte Lesezeit":"1\u00a0Minute"},"schema":{"@context":"https:\/\/schema.org","@graph":[{"@type":"WebPage","@id":"http:\/\/www.lesdelicesdeprovence.ch\/de\/produits\/auberginen-confit-mit-knoblauch-2\/","url":"http:\/\/www.lesdelicesdeprovence.ch\/de\/produits\/auberginen-confit-mit-knoblauch-2\/","name":"Auberginen-Confit mit Knoblauch","isPartOf":{"@id":"https:\/\/www.lesdelicesdeprovence.ch\/de\/#website"},"primaryImageOfPage":{"@id":"http:\/\/www.lesdelicesdeprovence.ch\/de\/produits\/auberginen-confit-mit-knoblauch-2\/#primaryimage"},"image":{"@id":"http:\/\/www.lesdelicesdeprovence.ch\/de\/produits\/auberginen-confit-mit-knoblauch-2\/#primaryimage"},"thumbnailUrl":"http:\/\/www.lesdelicesdeprovence.ch\/wp-content\/uploads\/2022\/06\/confit_aubergine_a_ail.jpg","datePublished":"2022-06-03T13:31:22+00:00","dateModified":"2024-07-18T13:46:06+00:00","description":"Eine wahre kulinarische Atombombe f\u00fcr Liebhaber von S\u00fc\u00dfem und Salzigem! Weltweit einzigartig in seiner Rezeptur und von seltener Intensit\u00e4t f\u00fcr ein Produkt aus Auberginen.","breadcrumb":{"@id":"http:\/\/www.lesdelicesdeprovence.ch\/de\/produits\/auberginen-confit-mit-knoblauch-2\/#breadcrumb"},"inLanguage":"de","potentialAction":[{"@type":"ReadAction","target":["http:\/\/www.lesdelicesdeprovence.ch\/de\/produits\/auberginen-confit-mit-knoblauch-2\/"]}]},{"@type":"ImageObject","inLanguage":"de","@id":"http:\/\/www.lesdelicesdeprovence.ch\/de\/produits\/auberginen-confit-mit-knoblauch-2\/#primaryimage","url":"http:\/\/www.lesdelicesdeprovence.ch\/wp-content\/uploads\/2022\/06\/confit_aubergine_a_ail.jpg","contentUrl":"http:\/\/www.lesdelicesdeprovence.ch\/wp-content\/uploads\/2022\/06\/confit_aubergine_a_ail.jpg","width":2004,"height":2024},{"@type":"BreadcrumbList","@id":"http:\/\/www.lesdelicesdeprovence.ch\/de\/produits\/auberginen-confit-mit-knoblauch-2\/#breadcrumb","itemListElement":[{"@type":"ListItem","position":1,"name":"Accoglienza","item":"https:\/\/www.lesdelicesdeprovence.ch\/de\/"},{"@type":"ListItem","position":2,"name":"Shop","item":"https:\/\/www.lesdelicesdeprovence.ch\/de\/geschaeft\/"},{"@type":"ListItem","position":3,"name":"Auberginen-Confit mit Knoblauch"}]},{"@type":"WebSite","@id":"https:\/\/www.lesdelicesdeprovence.ch\/de\/#website","url":"https:\/\/www.lesdelicesdeprovence.ch\/de\/","name":"Les D\u00e9lices de Provence","description":"Epicerie fine en ligne","potentialAction":[{"@type":"SearchAction","target":{"@type":"EntryPoint","urlTemplate":"https:\/\/www.lesdelicesdeprovence.ch\/de\/?s={search_term_string}"},"query-input":{"@type":"PropertyValueSpecification","valueRequired":true,"valueName":"search_term_string"}}],"inLanguage":"de"}]}},"_links":{"self":[{"href":"http:\/\/www.lesdelicesdeprovence.ch\/de\/wp-json\/wp\/v2\/product\/6770","targetHints":{"allow":["GET"]}}],"collection":[{"href":"http:\/\/www.lesdelicesdeprovence.ch\/de\/wp-json\/wp\/v2\/product"}],"about":[{"href":"http:\/\/www.lesdelicesdeprovence.ch\/de\/wp-json\/wp\/v2\/types\/product"}],"version-history":[{"count":4,"href":"http:\/\/www.lesdelicesdeprovence.ch\/de\/wp-json\/wp\/v2\/product\/6770\/revisions"}],"predecessor-version":[{"id":12941,"href":"http:\/\/www.lesdelicesdeprovence.ch\/de\/wp-json\/wp\/v2\/product\/6770\/revisions\/12941"}],"wp:featuredmedia":[{"embeddable":true,"href":"http:\/\/www.lesdelicesdeprovence.ch\/de\/wp-json\/wp\/v2\/media\/8435"}],"wp:attachment":[{"href":"http:\/\/www.lesdelicesdeprovence.ch\/de\/wp-json\/wp\/v2\/media?parent=6770"}],"wp:term":[{"taxonomy":"product_cat","embeddable":true,"href":"http:\/\/www.lesdelicesdeprovence.ch\/de\/wp-json\/wp\/v2\/product_cat?post=6770"},{"taxonomy":"product_tag","embeddable":true,"href":"http:\/\/www.lesdelicesdeprovence.ch\/de\/wp-json\/wp\/v2\/product_tag?post=6770"}],"curies":[{"name":"wp","href":"https:\/\/api.w.org\/{rel}","templated":true}]}}