{"id":6778,"date":"2022-06-03T13:29:45","date_gmt":"2022-06-03T13:29:45","guid":{"rendered":"https:\/\/www.aromeprod2.com\/?post_type=product&#038;p=6778"},"modified":"2024-11-08T15:41:09","modified_gmt":"2024-11-08T15:41:09","slug":"paprika-chutney-mit-piment-despelette","status":"publish","type":"product","link":"http:\/\/www.lesdelicesdeprovence.ch\/de\/produits\/paprika-chutney-mit-piment-despelette\/","title":{"rendered":"Paprika-Chutney mit Piment d&#8217;Espelette"},"content":{"rendered":"<p>Dieses Chutney, das von einer Familie aus l&#8217;isle-sur-sorgues (Vaucluse), deren Know-how in der ganzen Provence bekannt ist, handwerklich hergestellt wird, ist ein sicherer Wert in unserem Feinkostladen.<\/p>\n<p>Sein erfinderisches und originelles Rezept und die Qualit\u00e4t der Zutaten machen ihn zu einem wahren Genuss f\u00fcr Liebhaber von s\u00fc\u00df und salzig.<\/p>\n<p>Hervorragend zu jeder Art von K\u00e4se, besonders gut schmeckt er zu frischem Ziegenk\u00e4se oder auch zu baskischem Schafsk\u00e4se. Ob als Brotaufstrich, Tapas, Woks oder Sofa: Lassen Sie Ihrer Fantasie freien Lauf und dieses Chutney wird den Rest erledigen! Ein garantierter Spa\u00df!<\/p>\n<p><strong>Zutaten: Paprika (57%), Zucker, Zwiebeln, Apfelessig (6%), Oliven\u00f6l, Piment d&#8217;Espelette (1%), Salz, Pfeffer, Paprika, Zitronensaft.<\/strong><\/p>\n<p><strong>Inhalt: 220g<\/strong><\/p>\n","protected":false},"excerpt":{"rendered":"<p>Liebhaber von provenzalischen Aperitifs und s\u00fc\u00df\/salzig werden nicht entt\u00e4uscht sein!<\/p>\n<p>Originalit\u00e4t, Erfindungsreichtum des Rezepts, die Qualit\u00e4t der nat\u00fcrlichen Zutaten und die streng handwerkliche Herstellung verleihen diesem atypischen Chutney einen unvergleichlichen Geschmack.<\/p>\n<p>Besser als Worte, nichts ist besser, als ihn zu probieren!<\/p>\n","protected":false},"featured_media":8431,"template":"","meta":[],"product_cat":[228],"product_tag":[],"class_list":{"0":"post-6778","1":"product","2":"type-product","3":"status-publish","4":"has-post-thumbnail","6":"product_cat-kandiert-und-chutneys","8":"first","9":"instock","10":"taxable","11":"shipping-taxable","12":"purchasable","13":"product-type-simple"},"yoast_head":"<!-- This site is optimized with the Yoast SEO plugin v27.2 - https:\/\/yoast.com\/product\/yoast-seo-wordpress\/ -->\n<title>Paprika-Chutney mit Piment d&#039;Espelette<\/title>\n<meta name=\"description\" content=\"Liebhaber von provenzalischen Aperitifs und s\u00fc\u00df\/salzig werden nicht entt\u00e4uscht sein! Originalit\u00e4t, Erfindungsreichtum des Rezepts, die Qualit\u00e4t der nat\u00fcrlichen Zutaten und die streng handwerkliche Herstellung verleihen diesem atypischen Chutney einen unvergleichlichen Geschmack.\" \/>\n<meta name=\"robots\" content=\"index, follow, max-snippet:-1, max-image-preview:large, max-video-preview:-1\" \/>\n<link rel=\"canonical\" href=\"http:\/\/www.lesdelicesdeprovence.ch\/de\/produits\/paprika-chutney-mit-piment-despelette\/\" \/>\n<meta property=\"og:locale\" content=\"de_DE\" \/>\n<meta property=\"og:type\" content=\"article\" \/>\n<meta property=\"og:title\" content=\"Paprika-Chutney mit Piment d&#039;Espelette\" \/>\n<meta property=\"og:description\" content=\"Liebhaber von provenzalischen Aperitifs und s\u00fc\u00df\/salzig werden nicht entt\u00e4uscht sein! Originalit\u00e4t, Erfindungsreichtum des Rezepts, die Qualit\u00e4t der nat\u00fcrlichen Zutaten und die streng handwerkliche Herstellung verleihen diesem atypischen Chutney einen unvergleichlichen Geschmack.\" \/>\n<meta property=\"og:url\" content=\"http:\/\/www.lesdelicesdeprovence.ch\/de\/produits\/paprika-chutney-mit-piment-despelette\/\" \/>\n<meta property=\"og:site_name\" content=\"Les D\u00e9lices de Provence\" \/>\n<meta property=\"article:modified_time\" content=\"2024-11-08T15:41:09+00:00\" \/>\n<meta property=\"og:image\" content=\"http:\/\/www.lesdelicesdeprovence.ch\/wp-content\/uploads\/2022\/06\/chutney_de_poivrons_aux_piments_espelette.jpg\" \/>\n\t<meta property=\"og:image:width\" content=\"2020\" \/>\n\t<meta property=\"og:image:height\" content=\"2149\" \/>\n\t<meta property=\"og:image:type\" content=\"image\/jpeg\" \/>\n<meta name=\"twitter:card\" content=\"summary_large_image\" \/>\n<meta name=\"twitter:label1\" content=\"Gesch\u00e4tzte Lesezeit\" \/>\n\t<meta name=\"twitter:data1\" content=\"1\u00a0Minute\" \/>\n<script type=\"application\/ld+json\" class=\"yoast-schema-graph\">{\"@context\":\"https:\/\/schema.org\",\"@graph\":[{\"@type\":\"WebPage\",\"@id\":\"http:\/\/www.lesdelicesdeprovence.ch\/de\/produits\/paprika-chutney-mit-piment-despelette\/\",\"url\":\"http:\/\/www.lesdelicesdeprovence.ch\/de\/produits\/paprika-chutney-mit-piment-despelette\/\",\"name\":\"Paprika-Chutney mit Piment d'Espelette\",\"isPartOf\":{\"@id\":\"https:\/\/www.lesdelicesdeprovence.ch\/de\/#website\"},\"primaryImageOfPage\":{\"@id\":\"http:\/\/www.lesdelicesdeprovence.ch\/de\/produits\/paprika-chutney-mit-piment-despelette\/#primaryimage\"},\"image\":{\"@id\":\"http:\/\/www.lesdelicesdeprovence.ch\/de\/produits\/paprika-chutney-mit-piment-despelette\/#primaryimage\"},\"thumbnailUrl\":\"http:\/\/www.lesdelicesdeprovence.ch\/wp-content\/uploads\/2022\/06\/chutney_de_poivrons_aux_piments_espelette.jpg\",\"datePublished\":\"2022-06-03T13:29:45+00:00\",\"dateModified\":\"2024-11-08T15:41:09+00:00\",\"description\":\"Liebhaber von provenzalischen Aperitifs und s\u00fc\u00df\/salzig werden nicht entt\u00e4uscht sein! Originalit\u00e4t, Erfindungsreichtum des Rezepts, die Qualit\u00e4t der nat\u00fcrlichen Zutaten und die streng handwerkliche Herstellung verleihen diesem atypischen Chutney einen unvergleichlichen Geschmack.\",\"breadcrumb\":{\"@id\":\"http:\/\/www.lesdelicesdeprovence.ch\/de\/produits\/paprika-chutney-mit-piment-despelette\/#breadcrumb\"},\"inLanguage\":\"de\",\"potentialAction\":[{\"@type\":\"ReadAction\",\"target\":[\"http:\/\/www.lesdelicesdeprovence.ch\/de\/produits\/paprika-chutney-mit-piment-despelette\/\"]}]},{\"@type\":\"ImageObject\",\"inLanguage\":\"de\",\"@id\":\"http:\/\/www.lesdelicesdeprovence.ch\/de\/produits\/paprika-chutney-mit-piment-despelette\/#primaryimage\",\"url\":\"http:\/\/www.lesdelicesdeprovence.ch\/wp-content\/uploads\/2022\/06\/chutney_de_poivrons_aux_piments_espelette.jpg\",\"contentUrl\":\"http:\/\/www.lesdelicesdeprovence.ch\/wp-content\/uploads\/2022\/06\/chutney_de_poivrons_aux_piments_espelette.jpg\",\"width\":2020,\"height\":2149},{\"@type\":\"BreadcrumbList\",\"@id\":\"http:\/\/www.lesdelicesdeprovence.ch\/de\/produits\/paprika-chutney-mit-piment-despelette\/#breadcrumb\",\"itemListElement\":[{\"@type\":\"ListItem\",\"position\":1,\"name\":\"Accoglienza\",\"item\":\"http:\/\/www.lesdelicesdeprovence.ch\/de\/\"},{\"@type\":\"ListItem\",\"position\":2,\"name\":\"Shop\",\"item\":\"http:\/\/www.lesdelicesdeprovence.ch\/de\/geschaeft\/\"},{\"@type\":\"ListItem\",\"position\":3,\"name\":\"Paprika-Chutney mit Piment d&#8217;Espelette\"}]},{\"@type\":\"WebSite\",\"@id\":\"https:\/\/www.lesdelicesdeprovence.ch\/de\/#website\",\"url\":\"https:\/\/www.lesdelicesdeprovence.ch\/de\/\",\"name\":\"Les D\u00e9lices de Provence\",\"description\":\"Epicerie fine en ligne\",\"potentialAction\":[{\"@type\":\"SearchAction\",\"target\":{\"@type\":\"EntryPoint\",\"urlTemplate\":\"https:\/\/www.lesdelicesdeprovence.ch\/de\/?s={search_term_string}\"},\"query-input\":{\"@type\":\"PropertyValueSpecification\",\"valueRequired\":true,\"valueName\":\"search_term_string\"}}],\"inLanguage\":\"de\"}]}<\/script>\n<!-- \/ Yoast SEO plugin. -->","yoast_head_json":{"title":"Paprika-Chutney mit Piment d'Espelette","description":"Liebhaber von provenzalischen Aperitifs und s\u00fc\u00df\/salzig werden nicht entt\u00e4uscht sein! Originalit\u00e4t, Erfindungsreichtum des Rezepts, die Qualit\u00e4t der nat\u00fcrlichen Zutaten und die streng handwerkliche Herstellung verleihen diesem atypischen Chutney einen unvergleichlichen Geschmack.","robots":{"index":"index","follow":"follow","max-snippet":"max-snippet:-1","max-image-preview":"max-image-preview:large","max-video-preview":"max-video-preview:-1"},"canonical":"http:\/\/www.lesdelicesdeprovence.ch\/de\/produits\/paprika-chutney-mit-piment-despelette\/","og_locale":"de_DE","og_type":"article","og_title":"Paprika-Chutney mit Piment d'Espelette","og_description":"Liebhaber von provenzalischen Aperitifs und s\u00fc\u00df\/salzig werden nicht entt\u00e4uscht sein! Originalit\u00e4t, Erfindungsreichtum des Rezepts, die Qualit\u00e4t der nat\u00fcrlichen Zutaten und die streng handwerkliche Herstellung verleihen diesem atypischen Chutney einen unvergleichlichen Geschmack.","og_url":"http:\/\/www.lesdelicesdeprovence.ch\/de\/produits\/paprika-chutney-mit-piment-despelette\/","og_site_name":"Les D\u00e9lices de Provence","article_modified_time":"2024-11-08T15:41:09+00:00","og_image":[{"width":2020,"height":2149,"url":"http:\/\/www.lesdelicesdeprovence.ch\/wp-content\/uploads\/2022\/06\/chutney_de_poivrons_aux_piments_espelette.jpg","type":"image\/jpeg"}],"twitter_card":"summary_large_image","twitter_misc":{"Gesch\u00e4tzte Lesezeit":"1\u00a0Minute"},"schema":{"@context":"https:\/\/schema.org","@graph":[{"@type":"WebPage","@id":"http:\/\/www.lesdelicesdeprovence.ch\/de\/produits\/paprika-chutney-mit-piment-despelette\/","url":"http:\/\/www.lesdelicesdeprovence.ch\/de\/produits\/paprika-chutney-mit-piment-despelette\/","name":"Paprika-Chutney mit Piment d'Espelette","isPartOf":{"@id":"https:\/\/www.lesdelicesdeprovence.ch\/de\/#website"},"primaryImageOfPage":{"@id":"http:\/\/www.lesdelicesdeprovence.ch\/de\/produits\/paprika-chutney-mit-piment-despelette\/#primaryimage"},"image":{"@id":"http:\/\/www.lesdelicesdeprovence.ch\/de\/produits\/paprika-chutney-mit-piment-despelette\/#primaryimage"},"thumbnailUrl":"http:\/\/www.lesdelicesdeprovence.ch\/wp-content\/uploads\/2022\/06\/chutney_de_poivrons_aux_piments_espelette.jpg","datePublished":"2022-06-03T13:29:45+00:00","dateModified":"2024-11-08T15:41:09+00:00","description":"Liebhaber von provenzalischen Aperitifs und s\u00fc\u00df\/salzig werden nicht entt\u00e4uscht sein! Originalit\u00e4t, Erfindungsreichtum des Rezepts, die Qualit\u00e4t der nat\u00fcrlichen Zutaten und die streng handwerkliche Herstellung verleihen diesem atypischen Chutney einen unvergleichlichen Geschmack.","breadcrumb":{"@id":"http:\/\/www.lesdelicesdeprovence.ch\/de\/produits\/paprika-chutney-mit-piment-despelette\/#breadcrumb"},"inLanguage":"de","potentialAction":[{"@type":"ReadAction","target":["http:\/\/www.lesdelicesdeprovence.ch\/de\/produits\/paprika-chutney-mit-piment-despelette\/"]}]},{"@type":"ImageObject","inLanguage":"de","@id":"http:\/\/www.lesdelicesdeprovence.ch\/de\/produits\/paprika-chutney-mit-piment-despelette\/#primaryimage","url":"http:\/\/www.lesdelicesdeprovence.ch\/wp-content\/uploads\/2022\/06\/chutney_de_poivrons_aux_piments_espelette.jpg","contentUrl":"http:\/\/www.lesdelicesdeprovence.ch\/wp-content\/uploads\/2022\/06\/chutney_de_poivrons_aux_piments_espelette.jpg","width":2020,"height":2149},{"@type":"BreadcrumbList","@id":"http:\/\/www.lesdelicesdeprovence.ch\/de\/produits\/paprika-chutney-mit-piment-despelette\/#breadcrumb","itemListElement":[{"@type":"ListItem","position":1,"name":"Accoglienza","item":"http:\/\/www.lesdelicesdeprovence.ch\/de\/"},{"@type":"ListItem","position":2,"name":"Shop","item":"http:\/\/www.lesdelicesdeprovence.ch\/de\/geschaeft\/"},{"@type":"ListItem","position":3,"name":"Paprika-Chutney mit Piment d&#8217;Espelette"}]},{"@type":"WebSite","@id":"https:\/\/www.lesdelicesdeprovence.ch\/de\/#website","url":"https:\/\/www.lesdelicesdeprovence.ch\/de\/","name":"Les D\u00e9lices de Provence","description":"Epicerie fine en ligne","potentialAction":[{"@type":"SearchAction","target":{"@type":"EntryPoint","urlTemplate":"https:\/\/www.lesdelicesdeprovence.ch\/de\/?s={search_term_string}"},"query-input":{"@type":"PropertyValueSpecification","valueRequired":true,"valueName":"search_term_string"}}],"inLanguage":"de"}]}},"_links":{"self":[{"href":"http:\/\/www.lesdelicesdeprovence.ch\/de\/wp-json\/wp\/v2\/product\/6778","targetHints":{"allow":["GET"]}}],"collection":[{"href":"http:\/\/www.lesdelicesdeprovence.ch\/de\/wp-json\/wp\/v2\/product"}],"about":[{"href":"http:\/\/www.lesdelicesdeprovence.ch\/de\/wp-json\/wp\/v2\/types\/product"}],"version-history":[{"count":5,"href":"http:\/\/www.lesdelicesdeprovence.ch\/de\/wp-json\/wp\/v2\/product\/6778\/revisions"}],"predecessor-version":[{"id":12963,"href":"http:\/\/www.lesdelicesdeprovence.ch\/de\/wp-json\/wp\/v2\/product\/6778\/revisions\/12963"}],"wp:featuredmedia":[{"embeddable":true,"href":"http:\/\/www.lesdelicesdeprovence.ch\/de\/wp-json\/wp\/v2\/media\/8431"}],"wp:attachment":[{"href":"http:\/\/www.lesdelicesdeprovence.ch\/de\/wp-json\/wp\/v2\/media?parent=6778"}],"wp:term":[{"taxonomy":"product_cat","embeddable":true,"href":"http:\/\/www.lesdelicesdeprovence.ch\/de\/wp-json\/wp\/v2\/product_cat?post=6778"},{"taxonomy":"product_tag","embeddable":true,"href":"http:\/\/www.lesdelicesdeprovence.ch\/de\/wp-json\/wp\/v2\/product_tag?post=6778"}],"curies":[{"name":"wp","href":"https:\/\/api.w.org\/{rel}","templated":true}]}}