{"id":6843,"date":"2022-06-03T10:09:19","date_gmt":"2022-06-03T10:09:19","guid":{"rendered":"https:\/\/www.aromeprod2.com\/?post_type=product&#038;p=6843"},"modified":"2024-03-28T14:03:22","modified_gmt":"2024-03-28T14:03:22","slug":"creme-aus-schwarzen-oliven","status":"publish","type":"product","link":"http:\/\/www.lesdelicesdeprovence.ch\/de\/produits\/creme-aus-schwarzen-oliven\/","title":{"rendered":"Creme aus schwarzen Oliven"},"content":{"rendered":"<p>Nur 3 Zutaten f\u00fcr diese Creme aus schwarzen Oliven, aber sorgf\u00e4ltig ausgew\u00e4hlt!<\/p>\n<p>Eine typisch mediterrane Sauce, deren Rezept auf der Qualit\u00e4t der Oliven aus der Provence beruht, die mit einem Schuss nativem Oliven\u00f6l extra und einer Prise Meersalz zu einer Sauce verarbeitet werden. Sie ist sehr beliebt als Brotaufstrich auf ger\u00f6steten Brotscheiben sowie als Beilage zu vielen Gerichten (Salate, Sandwiches).<\/p>\n<p>Die Creme aus schwarzen Oliven ist eine Sauce, die kalt oder leicht erw\u00e4rmt zubereitet werden kann, um ihren Geschmack hervorzuheben.<\/p>\n<p><strong>Zutaten: Schwarze Oliven (65%), Oliven\u00f6l, Meersalz.<\/strong><\/p>\n<p><strong>Inhalt: 180g<\/strong><\/p>\n","protected":false},"excerpt":{"rendered":"<p>Die Creme aus schwarzen Oliven ist keine Tapenade im eigentlichen Sinne, da sie nur aus sorgf\u00e4ltig ausgew\u00e4hlten Oliven, einem Schuss Oliven\u00f6l und Meersalz besteht.<\/p>\n<p>Ohne Kapern und Sardellen. Ein feiner, authentischer Brotaufstrich, den Olivenliebhaber zu sch\u00e4tzen wissen!<\/p>\n","protected":false},"featured_media":6844,"template":"","meta":[],"product_cat":[246],"product_tag":[],"class_list":{"0":"post-6843","1":"product","2":"type-product","3":"status-publish","4":"has-post-thumbnail","6":"product_cat-aperitif-saucen","8":"first","9":"instock","10":"taxable","11":"shipping-taxable","12":"purchasable","13":"product-type-simple"},"yoast_head":"<!-- This site is optimized with the Yoast SEO plugin v27.2 - https:\/\/yoast.com\/product\/yoast-seo-wordpress\/ -->\n<title>Creme aus schwarzen Oliven<\/title>\n<meta name=\"description\" content=\"Die Creme aus schwarzen Oliven ist keine Tapenade im eigentlichen Sinne, da sie nur aus sorgf\u00e4ltig ausgew\u00e4hlten Oliven, einem Schuss Oliven\u00f6l und Meersalz besteht.\" \/>\n<meta name=\"robots\" content=\"index, follow, max-snippet:-1, max-image-preview:large, max-video-preview:-1\" \/>\n<link rel=\"canonical\" href=\"http:\/\/www.lesdelicesdeprovence.ch\/de\/produits\/creme-aus-schwarzen-oliven\/\" \/>\n<meta property=\"og:locale\" content=\"de_DE\" \/>\n<meta property=\"og:type\" content=\"article\" \/>\n<meta property=\"og:title\" content=\"Creme aus schwarzen Oliven\" \/>\n<meta property=\"og:description\" content=\"Die Creme aus schwarzen Oliven ist keine Tapenade im eigentlichen Sinne, da sie nur aus sorgf\u00e4ltig ausgew\u00e4hlten Oliven, einem Schuss Oliven\u00f6l und Meersalz besteht.\" \/>\n<meta property=\"og:url\" content=\"http:\/\/www.lesdelicesdeprovence.ch\/de\/produits\/creme-aus-schwarzen-oliven\/\" \/>\n<meta property=\"og:site_name\" content=\"Les D\u00e9lices de Provence\" \/>\n<meta property=\"article:modified_time\" content=\"2024-03-28T14:03:22+00:00\" \/>\n<meta property=\"og:image\" content=\"https:\/\/www.lesdelicesdeprovence.ch\/wp-content\/uploads\/2022\/06\/creme_olive_noir.jpg\" \/>\n\t<meta property=\"og:image:width\" content=\"2064\" \/>\n\t<meta property=\"og:image:height\" content=\"2496\" \/>\n\t<meta property=\"og:image:type\" content=\"image\/jpeg\" \/>\n<meta name=\"twitter:card\" content=\"summary_large_image\" \/>\n<meta name=\"twitter:label1\" content=\"Gesch\u00e4tzte Lesezeit\" \/>\n\t<meta name=\"twitter:data1\" content=\"1\u00a0Minute\" \/>\n<script type=\"application\/ld+json\" class=\"yoast-schema-graph\">{\"@context\":\"https:\/\/schema.org\",\"@graph\":[{\"@type\":\"WebPage\",\"@id\":\"http:\/\/www.lesdelicesdeprovence.ch\/de\/produits\/creme-aus-schwarzen-oliven\/\",\"url\":\"http:\/\/www.lesdelicesdeprovence.ch\/de\/produits\/creme-aus-schwarzen-oliven\/\",\"name\":\"Creme aus schwarzen Oliven\",\"isPartOf\":{\"@id\":\"https:\/\/www.lesdelicesdeprovence.ch\/de\/#website\"},\"primaryImageOfPage\":{\"@id\":\"http:\/\/www.lesdelicesdeprovence.ch\/de\/produits\/creme-aus-schwarzen-oliven\/#primaryimage\"},\"image\":{\"@id\":\"http:\/\/www.lesdelicesdeprovence.ch\/de\/produits\/creme-aus-schwarzen-oliven\/#primaryimage\"},\"thumbnailUrl\":\"http:\/\/www.lesdelicesdeprovence.ch\/wp-content\/uploads\/2022\/06\/creme_olive_noir.jpg\",\"datePublished\":\"2022-06-03T10:09:19+00:00\",\"dateModified\":\"2024-03-28T14:03:22+00:00\",\"description\":\"Die Creme aus schwarzen Oliven ist keine Tapenade im eigentlichen Sinne, da sie nur aus sorgf\u00e4ltig ausgew\u00e4hlten Oliven, einem Schuss Oliven\u00f6l und Meersalz besteht.\",\"breadcrumb\":{\"@id\":\"http:\/\/www.lesdelicesdeprovence.ch\/de\/produits\/creme-aus-schwarzen-oliven\/#breadcrumb\"},\"inLanguage\":\"de\",\"potentialAction\":[{\"@type\":\"ReadAction\",\"target\":[\"http:\/\/www.lesdelicesdeprovence.ch\/de\/produits\/creme-aus-schwarzen-oliven\/\"]}]},{\"@type\":\"ImageObject\",\"inLanguage\":\"de\",\"@id\":\"http:\/\/www.lesdelicesdeprovence.ch\/de\/produits\/creme-aus-schwarzen-oliven\/#primaryimage\",\"url\":\"http:\/\/www.lesdelicesdeprovence.ch\/wp-content\/uploads\/2022\/06\/creme_olive_noir.jpg\",\"contentUrl\":\"http:\/\/www.lesdelicesdeprovence.ch\/wp-content\/uploads\/2022\/06\/creme_olive_noir.jpg\",\"width\":2064,\"height\":2496},{\"@type\":\"BreadcrumbList\",\"@id\":\"http:\/\/www.lesdelicesdeprovence.ch\/de\/produits\/creme-aus-schwarzen-oliven\/#breadcrumb\",\"itemListElement\":[{\"@type\":\"ListItem\",\"position\":1,\"name\":\"Accoglienza\",\"item\":\"http:\/\/www.lesdelicesdeprovence.ch\/de\/\"},{\"@type\":\"ListItem\",\"position\":2,\"name\":\"Shop\",\"item\":\"http:\/\/www.lesdelicesdeprovence.ch\/de\/geschaeft\/\"},{\"@type\":\"ListItem\",\"position\":3,\"name\":\"Creme aus schwarzen Oliven\"}]},{\"@type\":\"WebSite\",\"@id\":\"https:\/\/www.lesdelicesdeprovence.ch\/de\/#website\",\"url\":\"https:\/\/www.lesdelicesdeprovence.ch\/de\/\",\"name\":\"Les D\u00e9lices de Provence\",\"description\":\"Epicerie fine en ligne\",\"potentialAction\":[{\"@type\":\"SearchAction\",\"target\":{\"@type\":\"EntryPoint\",\"urlTemplate\":\"https:\/\/www.lesdelicesdeprovence.ch\/de\/?s={search_term_string}\"},\"query-input\":{\"@type\":\"PropertyValueSpecification\",\"valueRequired\":true,\"valueName\":\"search_term_string\"}}],\"inLanguage\":\"de\"}]}<\/script>\n<!-- \/ Yoast SEO plugin. -->","yoast_head_json":{"title":"Creme aus schwarzen Oliven","description":"Die Creme aus schwarzen Oliven ist keine Tapenade im eigentlichen Sinne, da sie nur aus sorgf\u00e4ltig ausgew\u00e4hlten Oliven, einem Schuss Oliven\u00f6l und Meersalz besteht.","robots":{"index":"index","follow":"follow","max-snippet":"max-snippet:-1","max-image-preview":"max-image-preview:large","max-video-preview":"max-video-preview:-1"},"canonical":"http:\/\/www.lesdelicesdeprovence.ch\/de\/produits\/creme-aus-schwarzen-oliven\/","og_locale":"de_DE","og_type":"article","og_title":"Creme aus schwarzen Oliven","og_description":"Die Creme aus schwarzen Oliven ist keine Tapenade im eigentlichen Sinne, da sie nur aus sorgf\u00e4ltig ausgew\u00e4hlten Oliven, einem Schuss Oliven\u00f6l und Meersalz besteht.","og_url":"http:\/\/www.lesdelicesdeprovence.ch\/de\/produits\/creme-aus-schwarzen-oliven\/","og_site_name":"Les D\u00e9lices de Provence","article_modified_time":"2024-03-28T14:03:22+00:00","og_image":[{"width":2064,"height":2496,"url":"https:\/\/www.lesdelicesdeprovence.ch\/wp-content\/uploads\/2022\/06\/creme_olive_noir.jpg","type":"image\/jpeg"}],"twitter_card":"summary_large_image","twitter_misc":{"Gesch\u00e4tzte Lesezeit":"1\u00a0Minute"},"schema":{"@context":"https:\/\/schema.org","@graph":[{"@type":"WebPage","@id":"http:\/\/www.lesdelicesdeprovence.ch\/de\/produits\/creme-aus-schwarzen-oliven\/","url":"http:\/\/www.lesdelicesdeprovence.ch\/de\/produits\/creme-aus-schwarzen-oliven\/","name":"Creme aus schwarzen Oliven","isPartOf":{"@id":"https:\/\/www.lesdelicesdeprovence.ch\/de\/#website"},"primaryImageOfPage":{"@id":"http:\/\/www.lesdelicesdeprovence.ch\/de\/produits\/creme-aus-schwarzen-oliven\/#primaryimage"},"image":{"@id":"http:\/\/www.lesdelicesdeprovence.ch\/de\/produits\/creme-aus-schwarzen-oliven\/#primaryimage"},"thumbnailUrl":"http:\/\/www.lesdelicesdeprovence.ch\/wp-content\/uploads\/2022\/06\/creme_olive_noir.jpg","datePublished":"2022-06-03T10:09:19+00:00","dateModified":"2024-03-28T14:03:22+00:00","description":"Die Creme aus schwarzen Oliven ist keine Tapenade im eigentlichen Sinne, da sie nur aus sorgf\u00e4ltig ausgew\u00e4hlten Oliven, einem Schuss Oliven\u00f6l und Meersalz besteht.","breadcrumb":{"@id":"http:\/\/www.lesdelicesdeprovence.ch\/de\/produits\/creme-aus-schwarzen-oliven\/#breadcrumb"},"inLanguage":"de","potentialAction":[{"@type":"ReadAction","target":["http:\/\/www.lesdelicesdeprovence.ch\/de\/produits\/creme-aus-schwarzen-oliven\/"]}]},{"@type":"ImageObject","inLanguage":"de","@id":"http:\/\/www.lesdelicesdeprovence.ch\/de\/produits\/creme-aus-schwarzen-oliven\/#primaryimage","url":"http:\/\/www.lesdelicesdeprovence.ch\/wp-content\/uploads\/2022\/06\/creme_olive_noir.jpg","contentUrl":"http:\/\/www.lesdelicesdeprovence.ch\/wp-content\/uploads\/2022\/06\/creme_olive_noir.jpg","width":2064,"height":2496},{"@type":"BreadcrumbList","@id":"http:\/\/www.lesdelicesdeprovence.ch\/de\/produits\/creme-aus-schwarzen-oliven\/#breadcrumb","itemListElement":[{"@type":"ListItem","position":1,"name":"Accoglienza","item":"http:\/\/www.lesdelicesdeprovence.ch\/de\/"},{"@type":"ListItem","position":2,"name":"Shop","item":"http:\/\/www.lesdelicesdeprovence.ch\/de\/geschaeft\/"},{"@type":"ListItem","position":3,"name":"Creme aus schwarzen Oliven"}]},{"@type":"WebSite","@id":"https:\/\/www.lesdelicesdeprovence.ch\/de\/#website","url":"https:\/\/www.lesdelicesdeprovence.ch\/de\/","name":"Les D\u00e9lices de Provence","description":"Epicerie fine en ligne","potentialAction":[{"@type":"SearchAction","target":{"@type":"EntryPoint","urlTemplate":"https:\/\/www.lesdelicesdeprovence.ch\/de\/?s={search_term_string}"},"query-input":{"@type":"PropertyValueSpecification","valueRequired":true,"valueName":"search_term_string"}}],"inLanguage":"de"}]}},"_links":{"self":[{"href":"http:\/\/www.lesdelicesdeprovence.ch\/de\/wp-json\/wp\/v2\/product\/6843","targetHints":{"allow":["GET"]}}],"collection":[{"href":"http:\/\/www.lesdelicesdeprovence.ch\/de\/wp-json\/wp\/v2\/product"}],"about":[{"href":"http:\/\/www.lesdelicesdeprovence.ch\/de\/wp-json\/wp\/v2\/types\/product"}],"version-history":[{"count":4,"href":"http:\/\/www.lesdelicesdeprovence.ch\/de\/wp-json\/wp\/v2\/product\/6843\/revisions"}],"predecessor-version":[{"id":12930,"href":"http:\/\/www.lesdelicesdeprovence.ch\/de\/wp-json\/wp\/v2\/product\/6843\/revisions\/12930"}],"wp:featuredmedia":[{"embeddable":true,"href":"http:\/\/www.lesdelicesdeprovence.ch\/de\/wp-json\/wp\/v2\/media\/6844"}],"wp:attachment":[{"href":"http:\/\/www.lesdelicesdeprovence.ch\/de\/wp-json\/wp\/v2\/media?parent=6843"}],"wp:term":[{"taxonomy":"product_cat","embeddable":true,"href":"http:\/\/www.lesdelicesdeprovence.ch\/de\/wp-json\/wp\/v2\/product_cat?post=6843"},{"taxonomy":"product_tag","embeddable":true,"href":"http:\/\/www.lesdelicesdeprovence.ch\/de\/wp-json\/wp\/v2\/product_tag?post=6843"}],"curies":[{"name":"wp","href":"https:\/\/api.w.org\/{rel}","templated":true}]}}