{"id":6849,"date":"2022-06-03T10:07:37","date_gmt":"2022-06-03T10:07:37","guid":{"rendered":"https:\/\/www.aromeprod2.com\/?post_type=product&#038;p=6849"},"modified":"2025-01-08T18:09:32","modified_gmt":"2025-01-08T18:09:32","slug":"herzhafte-bruschetta","status":"publish","type":"product","link":"http:\/\/www.lesdelicesdeprovence.ch\/de\/produits\/herzhafte-bruschetta\/","title":{"rendered":"Herzhafte Bruschetta"},"content":{"rendered":"<p>Bruschetta ist eine Art frisches Ratatouille, das in der Provence, aber auch im gesamten Mittelmeerraum sehr beliebt ist. Das Rezept, das wir vorschlagen, respektiert die provenzalische Tradition mit Tomatenmark, Auberginen, Paprika, Zucchini, verfeinert mit Oliven\u00f6l, Knoblauch und Basilikum. Kurzum, das Beste aus dem provenzalischen Gem\u00fcsegarten in einem einzigen Topf.<\/p>\n<p>Ein Genuss zur Aperitifzeit, aber auch f\u00fcr eine leichte und leckere Essenspause.<\/p>\n<p>Bruschetta wird meist auf goldbraunem Toast gegessen, aber auch als Brotaufstrich oder als Pizzaboden zu jeder Tageszeit.<\/p>\n<p><strong>Zutaten: Tomatenmark, Gem\u00fcse in ver\u00e4nderlichen Gewichtsanteilen: 32% (Zucchini, Auberginen, Paprika), Oliven\u00f6l, Sonnenblumenkern\u00f6l, Knoblauch, frisches Basilikum, Meersalz, Weinessig, Gew\u00fcrze.<\/strong><\/p>\n<p><strong>Inhalt: 180g<\/strong><\/p>\n","protected":false},"excerpt":{"rendered":"<p>Eine Kombination aus bestem provenzalischem Gem\u00fcse, das vor dem Eintopfen frisch gegrillt wurde, f\u00fcr ein Rezept voller Sonne!<\/p>\n<p>Bruschetta, eine Art Ratatouille zum Aperitif, ist eine echte Einladung, das Beste aus der Kochkunst der Provence zu entdecken.<\/p>\n","protected":false},"featured_media":6850,"template":"","meta":[],"product_cat":[246],"product_tag":[],"class_list":{"0":"post-6849","1":"product","2":"type-product","3":"status-publish","4":"has-post-thumbnail","6":"product_cat-aperitif-saucen","8":"first","9":"instock","10":"taxable","11":"shipping-taxable","12":"purchasable","13":"product-type-simple"},"yoast_head":"<!-- This site is optimized with the Yoast SEO plugin v27.2 - https:\/\/yoast.com\/product\/yoast-seo-wordpress\/ -->\n<title>Herzhafte Bruschetta<\/title>\n<meta name=\"description\" content=\"Eine Kombination aus bestem provenzalischem Gem\u00fcse, das vor dem Eintopfen frisch gegrillt wurde, f\u00fcr ein Rezept voller Sonne!\" \/>\n<meta name=\"robots\" content=\"index, follow, max-snippet:-1, max-image-preview:large, max-video-preview:-1\" \/>\n<link rel=\"canonical\" href=\"http:\/\/www.lesdelicesdeprovence.ch\/de\/produits\/herzhafte-bruschetta\/\" \/>\n<meta property=\"og:locale\" content=\"de_DE\" \/>\n<meta property=\"og:type\" content=\"article\" \/>\n<meta property=\"og:title\" content=\"Herzhafte Bruschetta\" \/>\n<meta property=\"og:description\" content=\"Eine Kombination aus bestem provenzalischem Gem\u00fcse, das vor dem Eintopfen frisch gegrillt wurde, f\u00fcr ein Rezept voller Sonne!\" \/>\n<meta property=\"og:url\" content=\"http:\/\/www.lesdelicesdeprovence.ch\/de\/produits\/herzhafte-bruschetta\/\" \/>\n<meta property=\"og:site_name\" content=\"Les D\u00e9lices de Provence\" \/>\n<meta property=\"article:modified_time\" content=\"2025-01-08T18:09:32+00:00\" \/>\n<meta property=\"og:image\" content=\"http:\/\/www.lesdelicesdeprovence.ch\/wp-content\/uploads\/2022\/06\/IMG_6227-scaled.jpg\" \/>\n\t<meta property=\"og:image:width\" content=\"2020\" \/>\n\t<meta property=\"og:image:height\" content=\"2560\" \/>\n\t<meta property=\"og:image:type\" content=\"image\/jpeg\" \/>\n<meta name=\"twitter:card\" content=\"summary_large_image\" \/>\n<meta name=\"twitter:label1\" content=\"Gesch\u00e4tzte Lesezeit\" \/>\n\t<meta name=\"twitter:data1\" content=\"1\u00a0Minute\" \/>\n<script type=\"application\/ld+json\" class=\"yoast-schema-graph\">{\"@context\":\"https:\/\/schema.org\",\"@graph\":[{\"@type\":\"WebPage\",\"@id\":\"http:\/\/www.lesdelicesdeprovence.ch\/de\/produits\/herzhafte-bruschetta\/\",\"url\":\"http:\/\/www.lesdelicesdeprovence.ch\/de\/produits\/herzhafte-bruschetta\/\",\"name\":\"Herzhafte Bruschetta\",\"isPartOf\":{\"@id\":\"https:\/\/www.lesdelicesdeprovence.ch\/de\/#website\"},\"primaryImageOfPage\":{\"@id\":\"http:\/\/www.lesdelicesdeprovence.ch\/de\/produits\/herzhafte-bruschetta\/#primaryimage\"},\"image\":{\"@id\":\"http:\/\/www.lesdelicesdeprovence.ch\/de\/produits\/herzhafte-bruschetta\/#primaryimage\"},\"thumbnailUrl\":\"http:\/\/www.lesdelicesdeprovence.ch\/wp-content\/uploads\/2022\/06\/IMG_6227-scaled.jpg\",\"datePublished\":\"2022-06-03T10:07:37+00:00\",\"dateModified\":\"2025-01-08T18:09:32+00:00\",\"description\":\"Eine Kombination aus bestem provenzalischem Gem\u00fcse, das vor dem Eintopfen frisch gegrillt wurde, f\u00fcr ein Rezept voller Sonne!\",\"breadcrumb\":{\"@id\":\"http:\/\/www.lesdelicesdeprovence.ch\/de\/produits\/herzhafte-bruschetta\/#breadcrumb\"},\"inLanguage\":\"de\",\"potentialAction\":[{\"@type\":\"ReadAction\",\"target\":[\"http:\/\/www.lesdelicesdeprovence.ch\/de\/produits\/herzhafte-bruschetta\/\"]}]},{\"@type\":\"ImageObject\",\"inLanguage\":\"de\",\"@id\":\"http:\/\/www.lesdelicesdeprovence.ch\/de\/produits\/herzhafte-bruschetta\/#primaryimage\",\"url\":\"http:\/\/www.lesdelicesdeprovence.ch\/wp-content\/uploads\/2022\/06\/IMG_6227-scaled.jpg\",\"contentUrl\":\"http:\/\/www.lesdelicesdeprovence.ch\/wp-content\/uploads\/2022\/06\/IMG_6227-scaled.jpg\",\"width\":2020,\"height\":2560},{\"@type\":\"BreadcrumbList\",\"@id\":\"http:\/\/www.lesdelicesdeprovence.ch\/de\/produits\/herzhafte-bruschetta\/#breadcrumb\",\"itemListElement\":[{\"@type\":\"ListItem\",\"position\":1,\"name\":\"Accoglienza\",\"item\":\"http:\/\/www.lesdelicesdeprovence.ch\/de\/\"},{\"@type\":\"ListItem\",\"position\":2,\"name\":\"Shop\",\"item\":\"http:\/\/www.lesdelicesdeprovence.ch\/de\/geschaeft\/\"},{\"@type\":\"ListItem\",\"position\":3,\"name\":\"Herzhafte Bruschetta\"}]},{\"@type\":\"WebSite\",\"@id\":\"https:\/\/www.lesdelicesdeprovence.ch\/de\/#website\",\"url\":\"https:\/\/www.lesdelicesdeprovence.ch\/de\/\",\"name\":\"Les D\u00e9lices de Provence\",\"description\":\"Epicerie fine en ligne\",\"potentialAction\":[{\"@type\":\"SearchAction\",\"target\":{\"@type\":\"EntryPoint\",\"urlTemplate\":\"https:\/\/www.lesdelicesdeprovence.ch\/de\/?s={search_term_string}\"},\"query-input\":{\"@type\":\"PropertyValueSpecification\",\"valueRequired\":true,\"valueName\":\"search_term_string\"}}],\"inLanguage\":\"de\"}]}<\/script>\n<!-- \/ Yoast SEO plugin. -->","yoast_head_json":{"title":"Herzhafte Bruschetta","description":"Eine Kombination aus bestem provenzalischem Gem\u00fcse, das vor dem Eintopfen frisch gegrillt wurde, f\u00fcr ein Rezept voller Sonne!","robots":{"index":"index","follow":"follow","max-snippet":"max-snippet:-1","max-image-preview":"max-image-preview:large","max-video-preview":"max-video-preview:-1"},"canonical":"http:\/\/www.lesdelicesdeprovence.ch\/de\/produits\/herzhafte-bruschetta\/","og_locale":"de_DE","og_type":"article","og_title":"Herzhafte Bruschetta","og_description":"Eine Kombination aus bestem provenzalischem Gem\u00fcse, das vor dem Eintopfen frisch gegrillt wurde, f\u00fcr ein Rezept voller Sonne!","og_url":"http:\/\/www.lesdelicesdeprovence.ch\/de\/produits\/herzhafte-bruschetta\/","og_site_name":"Les D\u00e9lices de Provence","article_modified_time":"2025-01-08T18:09:32+00:00","og_image":[{"width":2020,"height":2560,"url":"http:\/\/www.lesdelicesdeprovence.ch\/wp-content\/uploads\/2022\/06\/IMG_6227-scaled.jpg","type":"image\/jpeg"}],"twitter_card":"summary_large_image","twitter_misc":{"Gesch\u00e4tzte Lesezeit":"1\u00a0Minute"},"schema":{"@context":"https:\/\/schema.org","@graph":[{"@type":"WebPage","@id":"http:\/\/www.lesdelicesdeprovence.ch\/de\/produits\/herzhafte-bruschetta\/","url":"http:\/\/www.lesdelicesdeprovence.ch\/de\/produits\/herzhafte-bruschetta\/","name":"Herzhafte Bruschetta","isPartOf":{"@id":"https:\/\/www.lesdelicesdeprovence.ch\/de\/#website"},"primaryImageOfPage":{"@id":"http:\/\/www.lesdelicesdeprovence.ch\/de\/produits\/herzhafte-bruschetta\/#primaryimage"},"image":{"@id":"http:\/\/www.lesdelicesdeprovence.ch\/de\/produits\/herzhafte-bruschetta\/#primaryimage"},"thumbnailUrl":"http:\/\/www.lesdelicesdeprovence.ch\/wp-content\/uploads\/2022\/06\/IMG_6227-scaled.jpg","datePublished":"2022-06-03T10:07:37+00:00","dateModified":"2025-01-08T18:09:32+00:00","description":"Eine Kombination aus bestem provenzalischem Gem\u00fcse, das vor dem Eintopfen frisch gegrillt wurde, f\u00fcr ein Rezept voller Sonne!","breadcrumb":{"@id":"http:\/\/www.lesdelicesdeprovence.ch\/de\/produits\/herzhafte-bruschetta\/#breadcrumb"},"inLanguage":"de","potentialAction":[{"@type":"ReadAction","target":["http:\/\/www.lesdelicesdeprovence.ch\/de\/produits\/herzhafte-bruschetta\/"]}]},{"@type":"ImageObject","inLanguage":"de","@id":"http:\/\/www.lesdelicesdeprovence.ch\/de\/produits\/herzhafte-bruschetta\/#primaryimage","url":"http:\/\/www.lesdelicesdeprovence.ch\/wp-content\/uploads\/2022\/06\/IMG_6227-scaled.jpg","contentUrl":"http:\/\/www.lesdelicesdeprovence.ch\/wp-content\/uploads\/2022\/06\/IMG_6227-scaled.jpg","width":2020,"height":2560},{"@type":"BreadcrumbList","@id":"http:\/\/www.lesdelicesdeprovence.ch\/de\/produits\/herzhafte-bruschetta\/#breadcrumb","itemListElement":[{"@type":"ListItem","position":1,"name":"Accoglienza","item":"http:\/\/www.lesdelicesdeprovence.ch\/de\/"},{"@type":"ListItem","position":2,"name":"Shop","item":"http:\/\/www.lesdelicesdeprovence.ch\/de\/geschaeft\/"},{"@type":"ListItem","position":3,"name":"Herzhafte Bruschetta"}]},{"@type":"WebSite","@id":"https:\/\/www.lesdelicesdeprovence.ch\/de\/#website","url":"https:\/\/www.lesdelicesdeprovence.ch\/de\/","name":"Les D\u00e9lices de Provence","description":"Epicerie fine en ligne","potentialAction":[{"@type":"SearchAction","target":{"@type":"EntryPoint","urlTemplate":"https:\/\/www.lesdelicesdeprovence.ch\/de\/?s={search_term_string}"},"query-input":{"@type":"PropertyValueSpecification","valueRequired":true,"valueName":"search_term_string"}}],"inLanguage":"de"}]}},"_links":{"self":[{"href":"http:\/\/www.lesdelicesdeprovence.ch\/de\/wp-json\/wp\/v2\/product\/6849","targetHints":{"allow":["GET"]}}],"collection":[{"href":"http:\/\/www.lesdelicesdeprovence.ch\/de\/wp-json\/wp\/v2\/product"}],"about":[{"href":"http:\/\/www.lesdelicesdeprovence.ch\/de\/wp-json\/wp\/v2\/types\/product"}],"version-history":[{"count":4,"href":"http:\/\/www.lesdelicesdeprovence.ch\/de\/wp-json\/wp\/v2\/product\/6849\/revisions"}],"predecessor-version":[{"id":12952,"href":"http:\/\/www.lesdelicesdeprovence.ch\/de\/wp-json\/wp\/v2\/product\/6849\/revisions\/12952"}],"wp:featuredmedia":[{"embeddable":true,"href":"http:\/\/www.lesdelicesdeprovence.ch\/de\/wp-json\/wp\/v2\/media\/6850"}],"wp:attachment":[{"href":"http:\/\/www.lesdelicesdeprovence.ch\/de\/wp-json\/wp\/v2\/media?parent=6849"}],"wp:term":[{"taxonomy":"product_cat","embeddable":true,"href":"http:\/\/www.lesdelicesdeprovence.ch\/de\/wp-json\/wp\/v2\/product_cat?post=6849"},{"taxonomy":"product_tag","embeddable":true,"href":"http:\/\/www.lesdelicesdeprovence.ch\/de\/wp-json\/wp\/v2\/product_tag?post=6849"}],"curies":[{"name":"wp","href":"https:\/\/api.w.org\/{rel}","templated":true}]}}