{"id":6864,"date":"2022-06-03T10:03:44","date_gmt":"2022-06-03T10:03:44","guid":{"rendered":"https:\/\/www.aromeprod2.com\/?post_type=product&#038;p=6864"},"modified":"2024-03-28T14:03:28","modified_gmt":"2024-03-28T14:03:28","slug":"sosse-land-meer","status":"publish","type":"product","link":"http:\/\/www.lesdelicesdeprovence.ch\/de\/produits\/sosse-land-meer\/","title":{"rendered":"So\u00dfe Land &amp; Meer"},"content":{"rendered":"<p>Ein Originalrezept, das aus der Kombination von Thunfisch, Tomaten, Oliven, Kapern, Pilzen und Paprika entstanden ist und diesem handwerklich hergestellten Produkt einen Geschmack verleiht, der angesichts der vielen Zutaten \u00fcberraschend fein ist.<\/p>\n<p>Kann besonders gut zu Fisch, Pasta oder einfach als Aperitif auf ger\u00f6stetem Toast genossen werden.<\/p>\n<p><strong>Zutaten: Gem\u00fcse in ver\u00e4nderlichem Anteil 35%(Paprika, Oliven, Kapern), Tomatenp\u00fcree, Sonnenblumen\u00f6l, Pilz Aganicus bisporus, Weinessig, Oliven\u00f6l, Thunfisch, Meersalz, Zucker.<\/strong><\/p>\n<p><strong>Inhalt: 180g<\/strong><\/p>\n<p>&nbsp;<\/p>\n<p>&nbsp;<\/p>\n","protected":false},"excerpt":{"rendered":"<p>Diese feine Sauce, die auf einem alten Rezept aus Kalabrien basiert, vereint Thunfisch aus dem Mittelmeer und einige der besten Gem\u00fcse der Provence zu einem s\u00fcdl\u00e4ndischen Geschmackserlebnis.<\/p>\n","protected":false},"featured_media":6865,"template":"","meta":[],"product_cat":[246],"product_tag":[],"class_list":{"0":"post-6864","1":"product","2":"type-product","3":"status-publish","4":"has-post-thumbnail","6":"product_cat-aperitif-saucen","8":"first","9":"instock","10":"taxable","11":"shipping-taxable","12":"purchasable","13":"product-type-simple"},"yoast_head":"<!-- This site is optimized with the Yoast SEO plugin v27.2 - https:\/\/yoast.com\/product\/yoast-seo-wordpress\/ -->\n<title>So\u00dfe Land &amp; Meer<\/title>\n<meta name=\"description\" content=\"Diese feine Sauce, die auf einem alten Rezept aus Kalabrien basiert, vereint Thunfisch aus dem Mittelmeer und einige der besten Gem\u00fcse der Provence zu einem s\u00fcdl\u00e4ndischen Geschmackserlebnis.\" \/>\n<meta name=\"robots\" content=\"index, follow, max-snippet:-1, max-image-preview:large, max-video-preview:-1\" \/>\n<link rel=\"canonical\" href=\"http:\/\/www.lesdelicesdeprovence.ch\/de\/produits\/sosse-land-meer\/\" \/>\n<meta property=\"og:locale\" content=\"de_DE\" \/>\n<meta property=\"og:type\" content=\"article\" \/>\n<meta property=\"og:title\" content=\"So\u00dfe Land &amp; Meer\" \/>\n<meta property=\"og:description\" content=\"Diese feine Sauce, die auf einem alten Rezept aus Kalabrien basiert, vereint Thunfisch aus dem Mittelmeer und einige der besten Gem\u00fcse der Provence zu einem s\u00fcdl\u00e4ndischen Geschmackserlebnis.\" \/>\n<meta property=\"og:url\" content=\"http:\/\/www.lesdelicesdeprovence.ch\/de\/produits\/sosse-land-meer\/\" \/>\n<meta property=\"og:site_name\" content=\"Les D\u00e9lices de Provence\" \/>\n<meta property=\"article:modified_time\" content=\"2024-03-28T14:03:28+00:00\" \/>\n<meta property=\"og:image\" content=\"http:\/\/www.lesdelicesdeprovence.ch\/wp-content\/uploads\/2022\/06\/sauce_terre_et_mer.jpg\" \/>\n\t<meta property=\"og:image:width\" content=\"1976\" \/>\n\t<meta property=\"og:image:height\" content=\"2473\" \/>\n\t<meta property=\"og:image:type\" content=\"image\/jpeg\" \/>\n<meta name=\"twitter:card\" content=\"summary_large_image\" \/>\n<meta name=\"twitter:label1\" content=\"Gesch\u00e4tzte Lesezeit\" \/>\n\t<meta name=\"twitter:data1\" content=\"1\u00a0Minute\" \/>\n<script type=\"application\/ld+json\" class=\"yoast-schema-graph\">{\"@context\":\"https:\/\/schema.org\",\"@graph\":[{\"@type\":\"WebPage\",\"@id\":\"http:\/\/www.lesdelicesdeprovence.ch\/de\/produits\/sosse-land-meer\/\",\"url\":\"http:\/\/www.lesdelicesdeprovence.ch\/de\/produits\/sosse-land-meer\/\",\"name\":\"So\u00dfe Land &amp; Meer\",\"isPartOf\":{\"@id\":\"https:\/\/www.lesdelicesdeprovence.ch\/de\/#website\"},\"primaryImageOfPage\":{\"@id\":\"http:\/\/www.lesdelicesdeprovence.ch\/de\/produits\/sosse-land-meer\/#primaryimage\"},\"image\":{\"@id\":\"http:\/\/www.lesdelicesdeprovence.ch\/de\/produits\/sosse-land-meer\/#primaryimage\"},\"thumbnailUrl\":\"http:\/\/www.lesdelicesdeprovence.ch\/wp-content\/uploads\/2022\/06\/sauce_terre_et_mer.jpg\",\"datePublished\":\"2022-06-03T10:03:44+00:00\",\"dateModified\":\"2024-03-28T14:03:28+00:00\",\"description\":\"Diese feine Sauce, die auf einem alten Rezept aus Kalabrien basiert, vereint Thunfisch aus dem Mittelmeer und einige der besten Gem\u00fcse der Provence zu einem s\u00fcdl\u00e4ndischen Geschmackserlebnis.\",\"breadcrumb\":{\"@id\":\"http:\/\/www.lesdelicesdeprovence.ch\/de\/produits\/sosse-land-meer\/#breadcrumb\"},\"inLanguage\":\"de\",\"potentialAction\":[{\"@type\":\"ReadAction\",\"target\":[\"http:\/\/www.lesdelicesdeprovence.ch\/de\/produits\/sosse-land-meer\/\"]}]},{\"@type\":\"ImageObject\",\"inLanguage\":\"de\",\"@id\":\"http:\/\/www.lesdelicesdeprovence.ch\/de\/produits\/sosse-land-meer\/#primaryimage\",\"url\":\"http:\/\/www.lesdelicesdeprovence.ch\/wp-content\/uploads\/2022\/06\/sauce_terre_et_mer.jpg\",\"contentUrl\":\"http:\/\/www.lesdelicesdeprovence.ch\/wp-content\/uploads\/2022\/06\/sauce_terre_et_mer.jpg\",\"width\":1976,\"height\":2473},{\"@type\":\"BreadcrumbList\",\"@id\":\"http:\/\/www.lesdelicesdeprovence.ch\/de\/produits\/sosse-land-meer\/#breadcrumb\",\"itemListElement\":[{\"@type\":\"ListItem\",\"position\":1,\"name\":\"Accoglienza\",\"item\":\"http:\/\/www.lesdelicesdeprovence.ch\/de\/\"},{\"@type\":\"ListItem\",\"position\":2,\"name\":\"Shop\",\"item\":\"http:\/\/www.lesdelicesdeprovence.ch\/de\/geschaeft\/\"},{\"@type\":\"ListItem\",\"position\":3,\"name\":\"So\u00dfe Land &amp; Meer\"}]},{\"@type\":\"WebSite\",\"@id\":\"https:\/\/www.lesdelicesdeprovence.ch\/de\/#website\",\"url\":\"https:\/\/www.lesdelicesdeprovence.ch\/de\/\",\"name\":\"Les D\u00e9lices de Provence\",\"description\":\"Epicerie fine en ligne\",\"potentialAction\":[{\"@type\":\"SearchAction\",\"target\":{\"@type\":\"EntryPoint\",\"urlTemplate\":\"https:\/\/www.lesdelicesdeprovence.ch\/de\/?s={search_term_string}\"},\"query-input\":{\"@type\":\"PropertyValueSpecification\",\"valueRequired\":true,\"valueName\":\"search_term_string\"}}],\"inLanguage\":\"de\"}]}<\/script>\n<!-- \/ Yoast SEO plugin. -->","yoast_head_json":{"title":"So\u00dfe Land &amp; Meer","description":"Diese feine Sauce, die auf einem alten Rezept aus Kalabrien basiert, vereint Thunfisch aus dem Mittelmeer und einige der besten Gem\u00fcse der Provence zu einem s\u00fcdl\u00e4ndischen Geschmackserlebnis.","robots":{"index":"index","follow":"follow","max-snippet":"max-snippet:-1","max-image-preview":"max-image-preview:large","max-video-preview":"max-video-preview:-1"},"canonical":"http:\/\/www.lesdelicesdeprovence.ch\/de\/produits\/sosse-land-meer\/","og_locale":"de_DE","og_type":"article","og_title":"So\u00dfe Land &amp; Meer","og_description":"Diese feine Sauce, die auf einem alten Rezept aus Kalabrien basiert, vereint Thunfisch aus dem Mittelmeer und einige der besten Gem\u00fcse der Provence zu einem s\u00fcdl\u00e4ndischen Geschmackserlebnis.","og_url":"http:\/\/www.lesdelicesdeprovence.ch\/de\/produits\/sosse-land-meer\/","og_site_name":"Les D\u00e9lices de Provence","article_modified_time":"2024-03-28T14:03:28+00:00","og_image":[{"width":1976,"height":2473,"url":"http:\/\/www.lesdelicesdeprovence.ch\/wp-content\/uploads\/2022\/06\/sauce_terre_et_mer.jpg","type":"image\/jpeg"}],"twitter_card":"summary_large_image","twitter_misc":{"Gesch\u00e4tzte Lesezeit":"1\u00a0Minute"},"schema":{"@context":"https:\/\/schema.org","@graph":[{"@type":"WebPage","@id":"http:\/\/www.lesdelicesdeprovence.ch\/de\/produits\/sosse-land-meer\/","url":"http:\/\/www.lesdelicesdeprovence.ch\/de\/produits\/sosse-land-meer\/","name":"So\u00dfe Land &amp; Meer","isPartOf":{"@id":"https:\/\/www.lesdelicesdeprovence.ch\/de\/#website"},"primaryImageOfPage":{"@id":"http:\/\/www.lesdelicesdeprovence.ch\/de\/produits\/sosse-land-meer\/#primaryimage"},"image":{"@id":"http:\/\/www.lesdelicesdeprovence.ch\/de\/produits\/sosse-land-meer\/#primaryimage"},"thumbnailUrl":"http:\/\/www.lesdelicesdeprovence.ch\/wp-content\/uploads\/2022\/06\/sauce_terre_et_mer.jpg","datePublished":"2022-06-03T10:03:44+00:00","dateModified":"2024-03-28T14:03:28+00:00","description":"Diese feine Sauce, die auf einem alten Rezept aus Kalabrien basiert, vereint Thunfisch aus dem Mittelmeer und einige der besten Gem\u00fcse der Provence zu einem s\u00fcdl\u00e4ndischen Geschmackserlebnis.","breadcrumb":{"@id":"http:\/\/www.lesdelicesdeprovence.ch\/de\/produits\/sosse-land-meer\/#breadcrumb"},"inLanguage":"de","potentialAction":[{"@type":"ReadAction","target":["http:\/\/www.lesdelicesdeprovence.ch\/de\/produits\/sosse-land-meer\/"]}]},{"@type":"ImageObject","inLanguage":"de","@id":"http:\/\/www.lesdelicesdeprovence.ch\/de\/produits\/sosse-land-meer\/#primaryimage","url":"http:\/\/www.lesdelicesdeprovence.ch\/wp-content\/uploads\/2022\/06\/sauce_terre_et_mer.jpg","contentUrl":"http:\/\/www.lesdelicesdeprovence.ch\/wp-content\/uploads\/2022\/06\/sauce_terre_et_mer.jpg","width":1976,"height":2473},{"@type":"BreadcrumbList","@id":"http:\/\/www.lesdelicesdeprovence.ch\/de\/produits\/sosse-land-meer\/#breadcrumb","itemListElement":[{"@type":"ListItem","position":1,"name":"Accoglienza","item":"http:\/\/www.lesdelicesdeprovence.ch\/de\/"},{"@type":"ListItem","position":2,"name":"Shop","item":"http:\/\/www.lesdelicesdeprovence.ch\/de\/geschaeft\/"},{"@type":"ListItem","position":3,"name":"So\u00dfe Land &amp; Meer"}]},{"@type":"WebSite","@id":"https:\/\/www.lesdelicesdeprovence.ch\/de\/#website","url":"https:\/\/www.lesdelicesdeprovence.ch\/de\/","name":"Les D\u00e9lices de Provence","description":"Epicerie fine en ligne","potentialAction":[{"@type":"SearchAction","target":{"@type":"EntryPoint","urlTemplate":"https:\/\/www.lesdelicesdeprovence.ch\/de\/?s={search_term_string}"},"query-input":{"@type":"PropertyValueSpecification","valueRequired":true,"valueName":"search_term_string"}}],"inLanguage":"de"}]}},"_links":{"self":[{"href":"http:\/\/www.lesdelicesdeprovence.ch\/de\/wp-json\/wp\/v2\/product\/6864","targetHints":{"allow":["GET"]}}],"collection":[{"href":"http:\/\/www.lesdelicesdeprovence.ch\/de\/wp-json\/wp\/v2\/product"}],"about":[{"href":"http:\/\/www.lesdelicesdeprovence.ch\/de\/wp-json\/wp\/v2\/types\/product"}],"version-history":[{"count":5,"href":"http:\/\/www.lesdelicesdeprovence.ch\/de\/wp-json\/wp\/v2\/product\/6864\/revisions"}],"predecessor-version":[{"id":12961,"href":"http:\/\/www.lesdelicesdeprovence.ch\/de\/wp-json\/wp\/v2\/product\/6864\/revisions\/12961"}],"wp:featuredmedia":[{"embeddable":true,"href":"http:\/\/www.lesdelicesdeprovence.ch\/de\/wp-json\/wp\/v2\/media\/6865"}],"wp:attachment":[{"href":"http:\/\/www.lesdelicesdeprovence.ch\/de\/wp-json\/wp\/v2\/media?parent=6864"}],"wp:term":[{"taxonomy":"product_cat","embeddable":true,"href":"http:\/\/www.lesdelicesdeprovence.ch\/de\/wp-json\/wp\/v2\/product_cat?post=6864"},{"taxonomy":"product_tag","embeddable":true,"href":"http:\/\/www.lesdelicesdeprovence.ch\/de\/wp-json\/wp\/v2\/product_tag?post=6864"}],"curies":[{"name":"wp","href":"https:\/\/api.w.org\/{rel}","templated":true}]}}