{"id":7243,"date":"2022-06-16T15:48:53","date_gmt":"2022-06-16T15:48:53","guid":{"rendered":"https:\/\/www.aromeprod2.com\/?post_type=product&#038;p=7243"},"modified":"2025-01-27T15:09:00","modified_gmt":"2025-01-27T15:09:00","slug":"tomatensosse-nach-alter-art","status":"publish","type":"product","link":"http:\/\/www.lesdelicesdeprovence.ch\/de\/produits\/tomatensosse-nach-alter-art\/","title":{"rendered":"Tomatenso\u00dfe nach alter Art"},"content":{"rendered":"<p>Ein Kilo Gl\u00fcck f\u00fcr Liebhaber der mediterranen K\u00fcche!<\/p>\n<p>Wir haben uns f\u00fcr dieses Kaliber entschieden, weil sich diese Sauce vor allem f\u00fcr bekannte Rezepte aus der Sonne eignet, z. B. Pizza, Aubergine alla parmegiana, Lasagne oder andere Bolognese-Saucen.<\/p>\n<p>Und es ist auch g\u00fcnstiger, denn je gr\u00f6\u00dfer der Topf, desto billiger ist es! Sie k\u00f6nnen sie lange aufbewahren, indem Sie sie nach jedem Gebrauch mit ihrem Oliven\u00f6l bedecken.<\/p>\n<p>Aus geschmacklicher Sicht ist es eine kulinarische Bombe. Dabei ist das Rezept ganz einfach: sch\u00f6ne &#8222;Roma&#8220;-Tomaten, 2% Basilikum Genovese, etwas Zwiebel, eine Prise Meersalz und ein Schuss Oliven\u00f6l.<\/p>\n<p>Aber dieser Produzent, der immer nach Perfektion strebt, ist daf\u00fcr bekannt, mit hochwertigen Zutaten zu arbeiten, und das macht den Unterschied aus.<\/p>\n<p><strong>Zutaten: Tomatenfruchtfleisch (85%), Basilikum (2%), Zwiebeln, Oliven\u00f6l, Meersalz.<\/strong><\/p>\n<p><strong>Inhalt: 1Kg<\/strong><\/p>\n<p>&nbsp;<\/p>\n","protected":false},"excerpt":{"rendered":"<p>Sie f\u00fchlen sich wie ein Pizzab\u00e4cker oder ein italienischer Koch? Dann ist diese altmodische Tomatensauce genau das Richtige f\u00fcr Sie!<\/p>\n<p>Wir haben ihn aus \u00fcber zwanzig verkosteten Weinen ausgew\u00e4hlt, um sein Geschmacksniveau zu beschreiben.<\/p>\n","protected":false},"featured_media":8407,"template":"","meta":[],"product_cat":[246],"product_tag":[],"class_list":{"0":"post-7243","1":"product","2":"type-product","3":"status-publish","4":"has-post-thumbnail","6":"product_cat-aperitif-saucen","8":"first","9":"instock","10":"taxable","11":"shipping-taxable","12":"purchasable","13":"product-type-simple"},"yoast_head":"<!-- This site is optimized with the Yoast SEO plugin v27.2 - https:\/\/yoast.com\/product\/yoast-seo-wordpress\/ -->\n<title>Tomatenso\u00dfe nach alter Art<\/title>\n<meta name=\"description\" content=\"Entdecken Sie unsere 100% nat\u00fcrliche, altmodische Tomatensauce, die ideal f\u00fcr Pizza, Bolognese und Ratatouilles ist!\" \/>\n<meta name=\"robots\" content=\"index, follow, max-snippet:-1, max-image-preview:large, max-video-preview:-1\" \/>\n<link rel=\"canonical\" href=\"http:\/\/www.lesdelicesdeprovence.ch\/de\/produits\/tomatensosse-nach-alter-art\/\" \/>\n<meta property=\"og:locale\" content=\"de_DE\" \/>\n<meta property=\"og:type\" content=\"article\" \/>\n<meta property=\"og:title\" content=\"Tomatenso\u00dfe nach alter Art\" \/>\n<meta property=\"og:description\" content=\"Entdecken Sie unsere 100% nat\u00fcrliche, altmodische Tomatensauce, die ideal f\u00fcr Pizza, Bolognese und Ratatouilles ist!\" \/>\n<meta property=\"og:url\" content=\"http:\/\/www.lesdelicesdeprovence.ch\/de\/produits\/tomatensosse-nach-alter-art\/\" \/>\n<meta property=\"og:site_name\" content=\"Les D\u00e9lices de Provence\" \/>\n<meta property=\"article:modified_time\" content=\"2025-01-27T15:09:00+00:00\" \/>\n<meta property=\"og:image\" content=\"http:\/\/www.lesdelicesdeprovence.ch\/wp-content\/uploads\/2022\/06\/IMG_6350-scaled.jpg\" \/>\n\t<meta property=\"og:image:width\" content=\"2188\" \/>\n\t<meta property=\"og:image:height\" content=\"2560\" \/>\n\t<meta property=\"og:image:type\" content=\"image\/jpeg\" \/>\n<meta name=\"twitter:card\" content=\"summary_large_image\" \/>\n<meta name=\"twitter:label1\" content=\"Gesch\u00e4tzte Lesezeit\" \/>\n\t<meta name=\"twitter:data1\" content=\"1\u00a0Minute\" \/>\n<script type=\"application\/ld+json\" class=\"yoast-schema-graph\">{\"@context\":\"https:\/\/schema.org\",\"@graph\":[{\"@type\":\"WebPage\",\"@id\":\"http:\/\/www.lesdelicesdeprovence.ch\/de\/produits\/tomatensosse-nach-alter-art\/\",\"url\":\"http:\/\/www.lesdelicesdeprovence.ch\/de\/produits\/tomatensosse-nach-alter-art\/\",\"name\":\"Tomatenso\u00dfe nach alter Art\",\"isPartOf\":{\"@id\":\"https:\/\/www.lesdelicesdeprovence.ch\/de\/#website\"},\"primaryImageOfPage\":{\"@id\":\"http:\/\/www.lesdelicesdeprovence.ch\/de\/produits\/tomatensosse-nach-alter-art\/#primaryimage\"},\"image\":{\"@id\":\"http:\/\/www.lesdelicesdeprovence.ch\/de\/produits\/tomatensosse-nach-alter-art\/#primaryimage\"},\"thumbnailUrl\":\"http:\/\/www.lesdelicesdeprovence.ch\/wp-content\/uploads\/2022\/06\/IMG_6350-scaled.jpg\",\"datePublished\":\"2022-06-16T15:48:53+00:00\",\"dateModified\":\"2025-01-27T15:09:00+00:00\",\"description\":\"Entdecken Sie unsere 100% nat\u00fcrliche, altmodische Tomatensauce, die ideal f\u00fcr Pizza, Bolognese und Ratatouilles ist!\",\"breadcrumb\":{\"@id\":\"http:\/\/www.lesdelicesdeprovence.ch\/de\/produits\/tomatensosse-nach-alter-art\/#breadcrumb\"},\"inLanguage\":\"de\",\"potentialAction\":[{\"@type\":\"ReadAction\",\"target\":[\"http:\/\/www.lesdelicesdeprovence.ch\/de\/produits\/tomatensosse-nach-alter-art\/\"]}]},{\"@type\":\"ImageObject\",\"inLanguage\":\"de\",\"@id\":\"http:\/\/www.lesdelicesdeprovence.ch\/de\/produits\/tomatensosse-nach-alter-art\/#primaryimage\",\"url\":\"http:\/\/www.lesdelicesdeprovence.ch\/wp-content\/uploads\/2022\/06\/IMG_6350-scaled.jpg\",\"contentUrl\":\"http:\/\/www.lesdelicesdeprovence.ch\/wp-content\/uploads\/2022\/06\/IMG_6350-scaled.jpg\",\"width\":2188,\"height\":2560},{\"@type\":\"BreadcrumbList\",\"@id\":\"http:\/\/www.lesdelicesdeprovence.ch\/de\/produits\/tomatensosse-nach-alter-art\/#breadcrumb\",\"itemListElement\":[{\"@type\":\"ListItem\",\"position\":1,\"name\":\"Accoglienza\",\"item\":\"http:\/\/www.lesdelicesdeprovence.ch\/de\/\"},{\"@type\":\"ListItem\",\"position\":2,\"name\":\"Shop\",\"item\":\"http:\/\/www.lesdelicesdeprovence.ch\/de\/geschaeft\/\"},{\"@type\":\"ListItem\",\"position\":3,\"name\":\"Tomatenso\u00dfe nach alter Art\"}]},{\"@type\":\"WebSite\",\"@id\":\"https:\/\/www.lesdelicesdeprovence.ch\/de\/#website\",\"url\":\"https:\/\/www.lesdelicesdeprovence.ch\/de\/\",\"name\":\"Les D\u00e9lices de Provence\",\"description\":\"Epicerie fine en ligne\",\"potentialAction\":[{\"@type\":\"SearchAction\",\"target\":{\"@type\":\"EntryPoint\",\"urlTemplate\":\"https:\/\/www.lesdelicesdeprovence.ch\/de\/?s={search_term_string}\"},\"query-input\":{\"@type\":\"PropertyValueSpecification\",\"valueRequired\":true,\"valueName\":\"search_term_string\"}}],\"inLanguage\":\"de\"}]}<\/script>\n<!-- \/ Yoast SEO plugin. -->","yoast_head_json":{"title":"Tomatenso\u00dfe nach alter Art","description":"Entdecken Sie unsere 100% nat\u00fcrliche, altmodische Tomatensauce, die ideal f\u00fcr Pizza, Bolognese und Ratatouilles ist!","robots":{"index":"index","follow":"follow","max-snippet":"max-snippet:-1","max-image-preview":"max-image-preview:large","max-video-preview":"max-video-preview:-1"},"canonical":"http:\/\/www.lesdelicesdeprovence.ch\/de\/produits\/tomatensosse-nach-alter-art\/","og_locale":"de_DE","og_type":"article","og_title":"Tomatenso\u00dfe nach alter Art","og_description":"Entdecken Sie unsere 100% nat\u00fcrliche, altmodische Tomatensauce, die ideal f\u00fcr Pizza, Bolognese und Ratatouilles ist!","og_url":"http:\/\/www.lesdelicesdeprovence.ch\/de\/produits\/tomatensosse-nach-alter-art\/","og_site_name":"Les D\u00e9lices de Provence","article_modified_time":"2025-01-27T15:09:00+00:00","og_image":[{"width":2188,"height":2560,"url":"http:\/\/www.lesdelicesdeprovence.ch\/wp-content\/uploads\/2022\/06\/IMG_6350-scaled.jpg","type":"image\/jpeg"}],"twitter_card":"summary_large_image","twitter_misc":{"Gesch\u00e4tzte Lesezeit":"1\u00a0Minute"},"schema":{"@context":"https:\/\/schema.org","@graph":[{"@type":"WebPage","@id":"http:\/\/www.lesdelicesdeprovence.ch\/de\/produits\/tomatensosse-nach-alter-art\/","url":"http:\/\/www.lesdelicesdeprovence.ch\/de\/produits\/tomatensosse-nach-alter-art\/","name":"Tomatenso\u00dfe nach alter Art","isPartOf":{"@id":"https:\/\/www.lesdelicesdeprovence.ch\/de\/#website"},"primaryImageOfPage":{"@id":"http:\/\/www.lesdelicesdeprovence.ch\/de\/produits\/tomatensosse-nach-alter-art\/#primaryimage"},"image":{"@id":"http:\/\/www.lesdelicesdeprovence.ch\/de\/produits\/tomatensosse-nach-alter-art\/#primaryimage"},"thumbnailUrl":"http:\/\/www.lesdelicesdeprovence.ch\/wp-content\/uploads\/2022\/06\/IMG_6350-scaled.jpg","datePublished":"2022-06-16T15:48:53+00:00","dateModified":"2025-01-27T15:09:00+00:00","description":"Entdecken Sie unsere 100% nat\u00fcrliche, altmodische Tomatensauce, die ideal f\u00fcr Pizza, Bolognese und Ratatouilles ist!","breadcrumb":{"@id":"http:\/\/www.lesdelicesdeprovence.ch\/de\/produits\/tomatensosse-nach-alter-art\/#breadcrumb"},"inLanguage":"de","potentialAction":[{"@type":"ReadAction","target":["http:\/\/www.lesdelicesdeprovence.ch\/de\/produits\/tomatensosse-nach-alter-art\/"]}]},{"@type":"ImageObject","inLanguage":"de","@id":"http:\/\/www.lesdelicesdeprovence.ch\/de\/produits\/tomatensosse-nach-alter-art\/#primaryimage","url":"http:\/\/www.lesdelicesdeprovence.ch\/wp-content\/uploads\/2022\/06\/IMG_6350-scaled.jpg","contentUrl":"http:\/\/www.lesdelicesdeprovence.ch\/wp-content\/uploads\/2022\/06\/IMG_6350-scaled.jpg","width":2188,"height":2560},{"@type":"BreadcrumbList","@id":"http:\/\/www.lesdelicesdeprovence.ch\/de\/produits\/tomatensosse-nach-alter-art\/#breadcrumb","itemListElement":[{"@type":"ListItem","position":1,"name":"Accoglienza","item":"http:\/\/www.lesdelicesdeprovence.ch\/de\/"},{"@type":"ListItem","position":2,"name":"Shop","item":"http:\/\/www.lesdelicesdeprovence.ch\/de\/geschaeft\/"},{"@type":"ListItem","position":3,"name":"Tomatenso\u00dfe nach alter Art"}]},{"@type":"WebSite","@id":"https:\/\/www.lesdelicesdeprovence.ch\/de\/#website","url":"https:\/\/www.lesdelicesdeprovence.ch\/de\/","name":"Les D\u00e9lices de Provence","description":"Epicerie fine en ligne","potentialAction":[{"@type":"SearchAction","target":{"@type":"EntryPoint","urlTemplate":"https:\/\/www.lesdelicesdeprovence.ch\/de\/?s={search_term_string}"},"query-input":{"@type":"PropertyValueSpecification","valueRequired":true,"valueName":"search_term_string"}}],"inLanguage":"de"}]}},"_links":{"self":[{"href":"http:\/\/www.lesdelicesdeprovence.ch\/de\/wp-json\/wp\/v2\/product\/7243","targetHints":{"allow":["GET"]}}],"collection":[{"href":"http:\/\/www.lesdelicesdeprovence.ch\/de\/wp-json\/wp\/v2\/product"}],"about":[{"href":"http:\/\/www.lesdelicesdeprovence.ch\/de\/wp-json\/wp\/v2\/types\/product"}],"version-history":[{"count":4,"href":"http:\/\/www.lesdelicesdeprovence.ch\/de\/wp-json\/wp\/v2\/product\/7243\/revisions"}],"predecessor-version":[{"id":13010,"href":"http:\/\/www.lesdelicesdeprovence.ch\/de\/wp-json\/wp\/v2\/product\/7243\/revisions\/13010"}],"wp:featuredmedia":[{"embeddable":true,"href":"http:\/\/www.lesdelicesdeprovence.ch\/de\/wp-json\/wp\/v2\/media\/8407"}],"wp:attachment":[{"href":"http:\/\/www.lesdelicesdeprovence.ch\/de\/wp-json\/wp\/v2\/media?parent=7243"}],"wp:term":[{"taxonomy":"product_cat","embeddable":true,"href":"http:\/\/www.lesdelicesdeprovence.ch\/de\/wp-json\/wp\/v2\/product_cat?post=7243"},{"taxonomy":"product_tag","embeddable":true,"href":"http:\/\/www.lesdelicesdeprovence.ch\/de\/wp-json\/wp\/v2\/product_tag?post=7243"}],"curies":[{"name":"wp","href":"https:\/\/api.w.org\/{rel}","templated":true}]}}