{"id":7265,"date":"2022-06-16T14:41:53","date_gmt":"2022-06-16T14:41:53","guid":{"rendered":"https:\/\/www.aromeprod2.com\/?post_type=product&#038;p=7265"},"modified":"2024-03-28T14:45:12","modified_gmt":"2024-03-28T14:45:12","slug":"tapenade-aus-gruenen-oliven","status":"publish","type":"product","link":"http:\/\/www.lesdelicesdeprovence.ch\/de\/produits\/tapenade-aus-gruenen-oliven\/","title":{"rendered":"Tapenade aus gr\u00fcnen Oliven"},"content":{"rendered":"<p>Das Wort Tapenade kommt vom provenzalischen &#8222;Tapen&#8220;, was Kapern bedeutet. Fr\u00fcher war es also ein R\u00fchrei aus Kapern, das mit Oliven verfeinert wurde. Das Rezept ist also streng: Olive, Kapern, Sardellen, Knoblauch. Diese vier Zutaten sind f\u00fcr die Zubereitung einer authentischen provenzalischen Tapenade unerl\u00e4sslich.<\/p>\n<p>Und was gibt es Besseres f\u00fcr den Geschmack, als sich an diesen Oliven\u00f6lhersteller aus dem Vaucluse zu wenden, der in der Region f\u00fcr die Qualit\u00e4t seiner Gerichte bekannt ist, die mit handgepfl\u00fcckten Oliven aus den Olivenhainen seiner Dom\u00e4ne zubereitet werden?<\/p>\n<p>Geschmacklich hat sie einen ganz feinen Geschmack mit einer milden und subtilen Bitterkeit, bei der sich der Sardellengeschmack elegant erahnen l\u00e4sst.<\/p>\n<p>Eine K\u00f6stlichkeit als Aufstrich auf kleinen ger\u00f6steten Toasts, im Salat oder in einem Sandwich. Der Geschmack des S\u00fcdens ist da, lassen Sie Ihre Fantasie den Rest erledigen!<\/p>\n<p><strong>Zutaten: Gr\u00fcne Oliven (92%), Kapern in Essig, Oliven\u00f6l, Salz, Aromat, Sardellen, Knoblauch, Gew\u00fcrze.<\/strong><\/p>\n<p><strong>Inhalt: 180g<\/strong><\/p>\n","protected":false},"excerpt":{"rendered":"<p>Die gr\u00fcne Tapenade, die wir f\u00fcr Sie ausgew\u00e4hlt haben, ist ein Klassiker der provenzalischen Gastronomie. Sie stammt von einem Olivenbauern aus dem Luberon, der dieses kleine Wunderwerk auf seinem Gut mit den Oliven seines Besitzes herstellt.<\/p>\n<p>Die Herkunft der Frucht und das Know-how des Handwerkers: Ein Garant f\u00fcr Authentizit\u00e4t und Qualit\u00e4t.<\/p>\n","protected":false},"featured_media":10061,"template":"","meta":[],"product_cat":[246],"product_tag":[],"class_list":{"0":"post-7265","1":"product","2":"type-product","3":"status-publish","4":"has-post-thumbnail","6":"product_cat-aperitif-saucen","8":"first","9":"instock","10":"taxable","11":"shipping-taxable","12":"purchasable","13":"product-type-simple"},"yoast_head":"<!-- This site is optimized with the Yoast SEO plugin v27.2 - https:\/\/yoast.com\/product\/yoast-seo-wordpress\/ -->\n<title>Tapenade aus gr\u00fcnen Oliven<\/title>\n<meta name=\"description\" content=\"Die gr\u00fcne Tapenade, die wir f\u00fcr Sie ausgew\u00e4hlt haben, stammt von einem Olivenbauern aus dem Luberon, der dieses kleine Wunderwerk auf seinem Gut aus den Oliven seines Besitzes herstellt.\" \/>\n<meta name=\"robots\" content=\"index, follow, max-snippet:-1, max-image-preview:large, max-video-preview:-1\" \/>\n<link rel=\"canonical\" href=\"http:\/\/www.lesdelicesdeprovence.ch\/de\/produits\/tapenade-aus-gruenen-oliven\/\" \/>\n<meta property=\"og:locale\" content=\"de_DE\" \/>\n<meta property=\"og:type\" content=\"article\" \/>\n<meta property=\"og:title\" content=\"Tapenade aus gr\u00fcnen Oliven\" \/>\n<meta property=\"og:description\" content=\"Die gr\u00fcne Tapenade, die wir f\u00fcr Sie ausgew\u00e4hlt haben, stammt von einem Olivenbauern aus dem Luberon, der dieses kleine Wunderwerk auf seinem Gut aus den Oliven seines Besitzes herstellt.\" \/>\n<meta property=\"og:url\" content=\"http:\/\/www.lesdelicesdeprovence.ch\/de\/produits\/tapenade-aus-gruenen-oliven\/\" \/>\n<meta property=\"og:site_name\" content=\"Les D\u00e9lices de Provence\" \/>\n<meta property=\"article:modified_time\" content=\"2024-03-28T14:45:12+00:00\" \/>\n<meta property=\"og:image\" content=\"http:\/\/www.lesdelicesdeprovence.ch\/wp-content\/uploads\/2022\/06\/IMG_6274.jpg\" \/>\n\t<meta property=\"og:image:width\" content=\"2012\" \/>\n\t<meta property=\"og:image:height\" content=\"2060\" \/>\n\t<meta property=\"og:image:type\" content=\"image\/jpeg\" \/>\n<meta name=\"twitter:card\" content=\"summary_large_image\" \/>\n<meta name=\"twitter:label1\" content=\"Gesch\u00e4tzte Lesezeit\" \/>\n\t<meta name=\"twitter:data1\" content=\"1\u00a0Minute\" \/>\n<script type=\"application\/ld+json\" class=\"yoast-schema-graph\">{\"@context\":\"https:\/\/schema.org\",\"@graph\":[{\"@type\":\"WebPage\",\"@id\":\"http:\/\/www.lesdelicesdeprovence.ch\/de\/produits\/tapenade-aus-gruenen-oliven\/\",\"url\":\"http:\/\/www.lesdelicesdeprovence.ch\/de\/produits\/tapenade-aus-gruenen-oliven\/\",\"name\":\"Tapenade aus gr\u00fcnen Oliven\",\"isPartOf\":{\"@id\":\"https:\/\/www.lesdelicesdeprovence.ch\/de\/#website\"},\"primaryImageOfPage\":{\"@id\":\"http:\/\/www.lesdelicesdeprovence.ch\/de\/produits\/tapenade-aus-gruenen-oliven\/#primaryimage\"},\"image\":{\"@id\":\"http:\/\/www.lesdelicesdeprovence.ch\/de\/produits\/tapenade-aus-gruenen-oliven\/#primaryimage\"},\"thumbnailUrl\":\"http:\/\/www.lesdelicesdeprovence.ch\/wp-content\/uploads\/2022\/06\/IMG_6274.jpg\",\"datePublished\":\"2022-06-16T14:41:53+00:00\",\"dateModified\":\"2024-03-28T14:45:12+00:00\",\"description\":\"Die gr\u00fcne Tapenade, die wir f\u00fcr Sie ausgew\u00e4hlt haben, stammt von einem Olivenbauern aus dem Luberon, der dieses kleine Wunderwerk auf seinem Gut aus den Oliven seines Besitzes herstellt.\",\"breadcrumb\":{\"@id\":\"http:\/\/www.lesdelicesdeprovence.ch\/de\/produits\/tapenade-aus-gruenen-oliven\/#breadcrumb\"},\"inLanguage\":\"de\",\"potentialAction\":[{\"@type\":\"ReadAction\",\"target\":[\"http:\/\/www.lesdelicesdeprovence.ch\/de\/produits\/tapenade-aus-gruenen-oliven\/\"]}]},{\"@type\":\"ImageObject\",\"inLanguage\":\"de\",\"@id\":\"http:\/\/www.lesdelicesdeprovence.ch\/de\/produits\/tapenade-aus-gruenen-oliven\/#primaryimage\",\"url\":\"http:\/\/www.lesdelicesdeprovence.ch\/wp-content\/uploads\/2022\/06\/IMG_6274.jpg\",\"contentUrl\":\"http:\/\/www.lesdelicesdeprovence.ch\/wp-content\/uploads\/2022\/06\/IMG_6274.jpg\",\"width\":2012,\"height\":2060},{\"@type\":\"BreadcrumbList\",\"@id\":\"http:\/\/www.lesdelicesdeprovence.ch\/de\/produits\/tapenade-aus-gruenen-oliven\/#breadcrumb\",\"itemListElement\":[{\"@type\":\"ListItem\",\"position\":1,\"name\":\"Accoglienza\",\"item\":\"http:\/\/www.lesdelicesdeprovence.ch\/de\/\"},{\"@type\":\"ListItem\",\"position\":2,\"name\":\"Shop\",\"item\":\"http:\/\/www.lesdelicesdeprovence.ch\/de\/geschaeft\/\"},{\"@type\":\"ListItem\",\"position\":3,\"name\":\"Tapenade aus gr\u00fcnen Oliven\"}]},{\"@type\":\"WebSite\",\"@id\":\"https:\/\/www.lesdelicesdeprovence.ch\/de\/#website\",\"url\":\"https:\/\/www.lesdelicesdeprovence.ch\/de\/\",\"name\":\"Les D\u00e9lices de Provence\",\"description\":\"Epicerie fine en ligne\",\"potentialAction\":[{\"@type\":\"SearchAction\",\"target\":{\"@type\":\"EntryPoint\",\"urlTemplate\":\"https:\/\/www.lesdelicesdeprovence.ch\/de\/?s={search_term_string}\"},\"query-input\":{\"@type\":\"PropertyValueSpecification\",\"valueRequired\":true,\"valueName\":\"search_term_string\"}}],\"inLanguage\":\"de\"}]}<\/script>\n<!-- \/ Yoast SEO plugin. -->","yoast_head_json":{"title":"Tapenade aus gr\u00fcnen Oliven","description":"Die gr\u00fcne Tapenade, die wir f\u00fcr Sie ausgew\u00e4hlt haben, stammt von einem Olivenbauern aus dem Luberon, der dieses kleine Wunderwerk auf seinem Gut aus den Oliven seines Besitzes herstellt.","robots":{"index":"index","follow":"follow","max-snippet":"max-snippet:-1","max-image-preview":"max-image-preview:large","max-video-preview":"max-video-preview:-1"},"canonical":"http:\/\/www.lesdelicesdeprovence.ch\/de\/produits\/tapenade-aus-gruenen-oliven\/","og_locale":"de_DE","og_type":"article","og_title":"Tapenade aus gr\u00fcnen Oliven","og_description":"Die gr\u00fcne Tapenade, die wir f\u00fcr Sie ausgew\u00e4hlt haben, stammt von einem Olivenbauern aus dem Luberon, der dieses kleine Wunderwerk auf seinem Gut aus den Oliven seines Besitzes herstellt.","og_url":"http:\/\/www.lesdelicesdeprovence.ch\/de\/produits\/tapenade-aus-gruenen-oliven\/","og_site_name":"Les D\u00e9lices de Provence","article_modified_time":"2024-03-28T14:45:12+00:00","og_image":[{"width":2012,"height":2060,"url":"http:\/\/www.lesdelicesdeprovence.ch\/wp-content\/uploads\/2022\/06\/IMG_6274.jpg","type":"image\/jpeg"}],"twitter_card":"summary_large_image","twitter_misc":{"Gesch\u00e4tzte Lesezeit":"1\u00a0Minute"},"schema":{"@context":"https:\/\/schema.org","@graph":[{"@type":"WebPage","@id":"http:\/\/www.lesdelicesdeprovence.ch\/de\/produits\/tapenade-aus-gruenen-oliven\/","url":"http:\/\/www.lesdelicesdeprovence.ch\/de\/produits\/tapenade-aus-gruenen-oliven\/","name":"Tapenade aus gr\u00fcnen Oliven","isPartOf":{"@id":"https:\/\/www.lesdelicesdeprovence.ch\/de\/#website"},"primaryImageOfPage":{"@id":"http:\/\/www.lesdelicesdeprovence.ch\/de\/produits\/tapenade-aus-gruenen-oliven\/#primaryimage"},"image":{"@id":"http:\/\/www.lesdelicesdeprovence.ch\/de\/produits\/tapenade-aus-gruenen-oliven\/#primaryimage"},"thumbnailUrl":"http:\/\/www.lesdelicesdeprovence.ch\/wp-content\/uploads\/2022\/06\/IMG_6274.jpg","datePublished":"2022-06-16T14:41:53+00:00","dateModified":"2024-03-28T14:45:12+00:00","description":"Die gr\u00fcne Tapenade, die wir f\u00fcr Sie ausgew\u00e4hlt haben, stammt von einem Olivenbauern aus dem Luberon, der dieses kleine Wunderwerk auf seinem Gut aus den Oliven seines Besitzes herstellt.","breadcrumb":{"@id":"http:\/\/www.lesdelicesdeprovence.ch\/de\/produits\/tapenade-aus-gruenen-oliven\/#breadcrumb"},"inLanguage":"de","potentialAction":[{"@type":"ReadAction","target":["http:\/\/www.lesdelicesdeprovence.ch\/de\/produits\/tapenade-aus-gruenen-oliven\/"]}]},{"@type":"ImageObject","inLanguage":"de","@id":"http:\/\/www.lesdelicesdeprovence.ch\/de\/produits\/tapenade-aus-gruenen-oliven\/#primaryimage","url":"http:\/\/www.lesdelicesdeprovence.ch\/wp-content\/uploads\/2022\/06\/IMG_6274.jpg","contentUrl":"http:\/\/www.lesdelicesdeprovence.ch\/wp-content\/uploads\/2022\/06\/IMG_6274.jpg","width":2012,"height":2060},{"@type":"BreadcrumbList","@id":"http:\/\/www.lesdelicesdeprovence.ch\/de\/produits\/tapenade-aus-gruenen-oliven\/#breadcrumb","itemListElement":[{"@type":"ListItem","position":1,"name":"Accoglienza","item":"http:\/\/www.lesdelicesdeprovence.ch\/de\/"},{"@type":"ListItem","position":2,"name":"Shop","item":"http:\/\/www.lesdelicesdeprovence.ch\/de\/geschaeft\/"},{"@type":"ListItem","position":3,"name":"Tapenade aus gr\u00fcnen Oliven"}]},{"@type":"WebSite","@id":"https:\/\/www.lesdelicesdeprovence.ch\/de\/#website","url":"https:\/\/www.lesdelicesdeprovence.ch\/de\/","name":"Les D\u00e9lices de Provence","description":"Epicerie fine en ligne","potentialAction":[{"@type":"SearchAction","target":{"@type":"EntryPoint","urlTemplate":"https:\/\/www.lesdelicesdeprovence.ch\/de\/?s={search_term_string}"},"query-input":{"@type":"PropertyValueSpecification","valueRequired":true,"valueName":"search_term_string"}}],"inLanguage":"de"}]}},"_links":{"self":[{"href":"http:\/\/www.lesdelicesdeprovence.ch\/de\/wp-json\/wp\/v2\/product\/7265","targetHints":{"allow":["GET"]}}],"collection":[{"href":"http:\/\/www.lesdelicesdeprovence.ch\/de\/wp-json\/wp\/v2\/product"}],"about":[{"href":"http:\/\/www.lesdelicesdeprovence.ch\/de\/wp-json\/wp\/v2\/types\/product"}],"version-history":[{"count":3,"href":"http:\/\/www.lesdelicesdeprovence.ch\/de\/wp-json\/wp\/v2\/product\/7265\/revisions"}],"predecessor-version":[{"id":13016,"href":"http:\/\/www.lesdelicesdeprovence.ch\/de\/wp-json\/wp\/v2\/product\/7265\/revisions\/13016"}],"wp:featuredmedia":[{"embeddable":true,"href":"http:\/\/www.lesdelicesdeprovence.ch\/de\/wp-json\/wp\/v2\/media\/10061"}],"wp:attachment":[{"href":"http:\/\/www.lesdelicesdeprovence.ch\/de\/wp-json\/wp\/v2\/media?parent=7265"}],"wp:term":[{"taxonomy":"product_cat","embeddable":true,"href":"http:\/\/www.lesdelicesdeprovence.ch\/de\/wp-json\/wp\/v2\/product_cat?post=7265"},{"taxonomy":"product_tag","embeddable":true,"href":"http:\/\/www.lesdelicesdeprovence.ch\/de\/wp-json\/wp\/v2\/product_tag?post=7265"}],"curies":[{"name":"wp","href":"https:\/\/api.w.org\/{rel}","templated":true}]}}