{"id":7326,"date":"2022-07-11T10:47:35","date_gmt":"2022-07-11T10:47:35","guid":{"rendered":"https:\/\/www.aromeprod2.com\/?post_type=product&#038;p=7326"},"modified":"2024-03-28T14:45:12","modified_gmt":"2024-03-28T14:45:12","slug":"birnen-karamell-rum-konfituere","status":"publish","type":"product","link":"http:\/\/www.lesdelicesdeprovence.ch\/de\/produits\/birnen-karamell-rum-konfituere\/","title":{"rendered":"Birnen-Karamell-Rum-Konfit\u00fcre"},"content":{"rendered":"<p>Eine sch\u00f6ne Entdeckung ist diese hausgemachte Konfit\u00fcre, die aus einer Kombination von Birnen aus dem Vaucluse, Karamell und einem kleinen Schuss Rum entstanden ist.<\/p>\n<p>Das Rezept, das unser Konfit\u00fcrenmeister aus L&#8217;Isle-sur-Sorgue uns vorschl\u00e4gt, besteht zu mindestens 60 % aus Fr\u00fcchten und eignet sich sowohl f\u00fcr den klassischen Genuss als Brotaufstrich als auch als Beilage zu Kochgerichten, wenn man es s\u00fc\u00df und salzig mag.<\/p>\n<p><strong>Zutaten: Birnen 60%, Zucker, Pektin, Karamell (1.7%), Rum (1.28%), Zitronensaftkonzentrat.<\/strong><\/p>\n<p><strong>Inhalt: 345g<\/strong><\/p>\n","protected":false},"excerpt":{"rendered":"<p>Ein einzigartiges und sehr leckeres Rezept, mit dem Sie sich zum Fr\u00fchst\u00fcck oder als Beilage zu K\u00e4se verw\u00f6hnen k\u00f6nnen.<\/p>\n","protected":false},"featured_media":8415,"template":"","meta":[],"product_cat":[687],"product_tag":[],"class_list":{"0":"post-7326","1":"product","2":"type-product","3":"status-publish","4":"has-post-thumbnail","6":"product_cat-konfituren-und-brotaufstriche","8":"first","9":"instock","10":"taxable","11":"shipping-taxable","12":"purchasable","13":"product-type-simple"},"yoast_head":"<!-- This site is optimized with the Yoast SEO plugin v27.2 - https:\/\/yoast.com\/product\/yoast-seo-wordpress\/ -->\n<title>Birnen-Karamell-Rum-Konfit\u00fcre<\/title>\n<meta name=\"description\" content=\"Ein einzigartiges und sehr leckeres Rezept, mit dem Sie sich zum Fr\u00fchst\u00fcck oder als Beilage zu K\u00e4se verw\u00f6hnen k\u00f6nnen.\" \/>\n<meta name=\"robots\" content=\"index, follow, max-snippet:-1, max-image-preview:large, max-video-preview:-1\" \/>\n<link rel=\"canonical\" href=\"http:\/\/www.lesdelicesdeprovence.ch\/de\/produits\/birnen-karamell-rum-konfituere\/\" \/>\n<meta property=\"og:locale\" content=\"de_DE\" \/>\n<meta property=\"og:type\" content=\"article\" \/>\n<meta property=\"og:title\" content=\"Birnen-Karamell-Rum-Konfit\u00fcre\" \/>\n<meta property=\"og:description\" content=\"Ein einzigartiges und sehr leckeres Rezept, mit dem Sie sich zum Fr\u00fchst\u00fcck oder als Beilage zu K\u00e4se verw\u00f6hnen k\u00f6nnen.\" \/>\n<meta property=\"og:url\" content=\"http:\/\/www.lesdelicesdeprovence.ch\/de\/produits\/birnen-karamell-rum-konfituere\/\" \/>\n<meta property=\"og:site_name\" content=\"Les D\u00e9lices de Provence\" \/>\n<meta property=\"article:modified_time\" content=\"2024-03-28T14:45:12+00:00\" \/>\n<meta property=\"og:image\" content=\"http:\/\/www.lesdelicesdeprovence.ch\/wp-content\/uploads\/2022\/07\/IMG_6336.jpg\" \/>\n\t<meta property=\"og:image:width\" content=\"2158\" \/>\n\t<meta property=\"og:image:height\" content=\"2530\" \/>\n\t<meta property=\"og:image:type\" content=\"image\/jpeg\" \/>\n<meta name=\"twitter:card\" content=\"summary_large_image\" \/>\n<meta name=\"twitter:label1\" content=\"Gesch\u00e4tzte Lesezeit\" \/>\n\t<meta name=\"twitter:data1\" content=\"1\u00a0Minute\" \/>\n<script type=\"application\/ld+json\" class=\"yoast-schema-graph\">{\"@context\":\"https:\/\/schema.org\",\"@graph\":[{\"@type\":\"WebPage\",\"@id\":\"http:\/\/www.lesdelicesdeprovence.ch\/de\/produits\/birnen-karamell-rum-konfituere\/\",\"url\":\"http:\/\/www.lesdelicesdeprovence.ch\/de\/produits\/birnen-karamell-rum-konfituere\/\",\"name\":\"Birnen-Karamell-Rum-Konfit\u00fcre\",\"isPartOf\":{\"@id\":\"https:\/\/www.lesdelicesdeprovence.ch\/de\/#website\"},\"primaryImageOfPage\":{\"@id\":\"http:\/\/www.lesdelicesdeprovence.ch\/de\/produits\/birnen-karamell-rum-konfituere\/#primaryimage\"},\"image\":{\"@id\":\"http:\/\/www.lesdelicesdeprovence.ch\/de\/produits\/birnen-karamell-rum-konfituere\/#primaryimage\"},\"thumbnailUrl\":\"http:\/\/www.lesdelicesdeprovence.ch\/wp-content\/uploads\/2022\/07\/IMG_6336.jpg\",\"datePublished\":\"2022-07-11T10:47:35+00:00\",\"dateModified\":\"2024-03-28T14:45:12+00:00\",\"description\":\"Ein einzigartiges und sehr leckeres Rezept, mit dem Sie sich zum Fr\u00fchst\u00fcck oder als Beilage zu K\u00e4se verw\u00f6hnen k\u00f6nnen.\",\"breadcrumb\":{\"@id\":\"http:\/\/www.lesdelicesdeprovence.ch\/de\/produits\/birnen-karamell-rum-konfituere\/#breadcrumb\"},\"inLanguage\":\"de\",\"potentialAction\":[{\"@type\":\"ReadAction\",\"target\":[\"http:\/\/www.lesdelicesdeprovence.ch\/de\/produits\/birnen-karamell-rum-konfituere\/\"]}]},{\"@type\":\"ImageObject\",\"inLanguage\":\"de\",\"@id\":\"http:\/\/www.lesdelicesdeprovence.ch\/de\/produits\/birnen-karamell-rum-konfituere\/#primaryimage\",\"url\":\"http:\/\/www.lesdelicesdeprovence.ch\/wp-content\/uploads\/2022\/07\/IMG_6336.jpg\",\"contentUrl\":\"http:\/\/www.lesdelicesdeprovence.ch\/wp-content\/uploads\/2022\/07\/IMG_6336.jpg\",\"width\":2158,\"height\":2530},{\"@type\":\"BreadcrumbList\",\"@id\":\"http:\/\/www.lesdelicesdeprovence.ch\/de\/produits\/birnen-karamell-rum-konfituere\/#breadcrumb\",\"itemListElement\":[{\"@type\":\"ListItem\",\"position\":1,\"name\":\"Accoglienza\",\"item\":\"http:\/\/www.lesdelicesdeprovence.ch\/de\/\"},{\"@type\":\"ListItem\",\"position\":2,\"name\":\"Shop\",\"item\":\"http:\/\/www.lesdelicesdeprovence.ch\/de\/geschaeft\/\"},{\"@type\":\"ListItem\",\"position\":3,\"name\":\"Birnen-Karamell-Rum-Konfit\u00fcre\"}]},{\"@type\":\"WebSite\",\"@id\":\"https:\/\/www.lesdelicesdeprovence.ch\/de\/#website\",\"url\":\"https:\/\/www.lesdelicesdeprovence.ch\/de\/\",\"name\":\"Les D\u00e9lices de Provence\",\"description\":\"Epicerie fine en ligne\",\"potentialAction\":[{\"@type\":\"SearchAction\",\"target\":{\"@type\":\"EntryPoint\",\"urlTemplate\":\"https:\/\/www.lesdelicesdeprovence.ch\/de\/?s={search_term_string}\"},\"query-input\":{\"@type\":\"PropertyValueSpecification\",\"valueRequired\":true,\"valueName\":\"search_term_string\"}}],\"inLanguage\":\"de\"}]}<\/script>\n<!-- \/ Yoast SEO plugin. -->","yoast_head_json":{"title":"Birnen-Karamell-Rum-Konfit\u00fcre","description":"Ein einzigartiges und sehr leckeres Rezept, mit dem Sie sich zum Fr\u00fchst\u00fcck oder als Beilage zu K\u00e4se verw\u00f6hnen k\u00f6nnen.","robots":{"index":"index","follow":"follow","max-snippet":"max-snippet:-1","max-image-preview":"max-image-preview:large","max-video-preview":"max-video-preview:-1"},"canonical":"http:\/\/www.lesdelicesdeprovence.ch\/de\/produits\/birnen-karamell-rum-konfituere\/","og_locale":"de_DE","og_type":"article","og_title":"Birnen-Karamell-Rum-Konfit\u00fcre","og_description":"Ein einzigartiges und sehr leckeres Rezept, mit dem Sie sich zum Fr\u00fchst\u00fcck oder als Beilage zu K\u00e4se verw\u00f6hnen k\u00f6nnen.","og_url":"http:\/\/www.lesdelicesdeprovence.ch\/de\/produits\/birnen-karamell-rum-konfituere\/","og_site_name":"Les D\u00e9lices de Provence","article_modified_time":"2024-03-28T14:45:12+00:00","og_image":[{"width":2158,"height":2530,"url":"http:\/\/www.lesdelicesdeprovence.ch\/wp-content\/uploads\/2022\/07\/IMG_6336.jpg","type":"image\/jpeg"}],"twitter_card":"summary_large_image","twitter_misc":{"Gesch\u00e4tzte Lesezeit":"1\u00a0Minute"},"schema":{"@context":"https:\/\/schema.org","@graph":[{"@type":"WebPage","@id":"http:\/\/www.lesdelicesdeprovence.ch\/de\/produits\/birnen-karamell-rum-konfituere\/","url":"http:\/\/www.lesdelicesdeprovence.ch\/de\/produits\/birnen-karamell-rum-konfituere\/","name":"Birnen-Karamell-Rum-Konfit\u00fcre","isPartOf":{"@id":"https:\/\/www.lesdelicesdeprovence.ch\/de\/#website"},"primaryImageOfPage":{"@id":"http:\/\/www.lesdelicesdeprovence.ch\/de\/produits\/birnen-karamell-rum-konfituere\/#primaryimage"},"image":{"@id":"http:\/\/www.lesdelicesdeprovence.ch\/de\/produits\/birnen-karamell-rum-konfituere\/#primaryimage"},"thumbnailUrl":"http:\/\/www.lesdelicesdeprovence.ch\/wp-content\/uploads\/2022\/07\/IMG_6336.jpg","datePublished":"2022-07-11T10:47:35+00:00","dateModified":"2024-03-28T14:45:12+00:00","description":"Ein einzigartiges und sehr leckeres Rezept, mit dem Sie sich zum Fr\u00fchst\u00fcck oder als Beilage zu K\u00e4se verw\u00f6hnen k\u00f6nnen.","breadcrumb":{"@id":"http:\/\/www.lesdelicesdeprovence.ch\/de\/produits\/birnen-karamell-rum-konfituere\/#breadcrumb"},"inLanguage":"de","potentialAction":[{"@type":"ReadAction","target":["http:\/\/www.lesdelicesdeprovence.ch\/de\/produits\/birnen-karamell-rum-konfituere\/"]}]},{"@type":"ImageObject","inLanguage":"de","@id":"http:\/\/www.lesdelicesdeprovence.ch\/de\/produits\/birnen-karamell-rum-konfituere\/#primaryimage","url":"http:\/\/www.lesdelicesdeprovence.ch\/wp-content\/uploads\/2022\/07\/IMG_6336.jpg","contentUrl":"http:\/\/www.lesdelicesdeprovence.ch\/wp-content\/uploads\/2022\/07\/IMG_6336.jpg","width":2158,"height":2530},{"@type":"BreadcrumbList","@id":"http:\/\/www.lesdelicesdeprovence.ch\/de\/produits\/birnen-karamell-rum-konfituere\/#breadcrumb","itemListElement":[{"@type":"ListItem","position":1,"name":"Accoglienza","item":"http:\/\/www.lesdelicesdeprovence.ch\/de\/"},{"@type":"ListItem","position":2,"name":"Shop","item":"http:\/\/www.lesdelicesdeprovence.ch\/de\/geschaeft\/"},{"@type":"ListItem","position":3,"name":"Birnen-Karamell-Rum-Konfit\u00fcre"}]},{"@type":"WebSite","@id":"https:\/\/www.lesdelicesdeprovence.ch\/de\/#website","url":"https:\/\/www.lesdelicesdeprovence.ch\/de\/","name":"Les D\u00e9lices de Provence","description":"Epicerie fine en ligne","potentialAction":[{"@type":"SearchAction","target":{"@type":"EntryPoint","urlTemplate":"https:\/\/www.lesdelicesdeprovence.ch\/de\/?s={search_term_string}"},"query-input":{"@type":"PropertyValueSpecification","valueRequired":true,"valueName":"search_term_string"}}],"inLanguage":"de"}]}},"_links":{"self":[{"href":"http:\/\/www.lesdelicesdeprovence.ch\/de\/wp-json\/wp\/v2\/product\/7326","targetHints":{"allow":["GET"]}}],"collection":[{"href":"http:\/\/www.lesdelicesdeprovence.ch\/de\/wp-json\/wp\/v2\/product"}],"about":[{"href":"http:\/\/www.lesdelicesdeprovence.ch\/de\/wp-json\/wp\/v2\/types\/product"}],"version-history":[{"count":4,"href":"http:\/\/www.lesdelicesdeprovence.ch\/de\/wp-json\/wp\/v2\/product\/7326\/revisions"}],"predecessor-version":[{"id":13013,"href":"http:\/\/www.lesdelicesdeprovence.ch\/de\/wp-json\/wp\/v2\/product\/7326\/revisions\/13013"}],"wp:featuredmedia":[{"embeddable":true,"href":"http:\/\/www.lesdelicesdeprovence.ch\/de\/wp-json\/wp\/v2\/media\/8415"}],"wp:attachment":[{"href":"http:\/\/www.lesdelicesdeprovence.ch\/de\/wp-json\/wp\/v2\/media?parent=7326"}],"wp:term":[{"taxonomy":"product_cat","embeddable":true,"href":"http:\/\/www.lesdelicesdeprovence.ch\/de\/wp-json\/wp\/v2\/product_cat?post=7326"},{"taxonomy":"product_tag","embeddable":true,"href":"http:\/\/www.lesdelicesdeprovence.ch\/de\/wp-json\/wp\/v2\/product_tag?post=7326"}],"curies":[{"name":"wp","href":"https:\/\/api.w.org\/{rel}","templated":true}]}}