{"id":7331,"date":"2022-07-11T11:05:53","date_gmt":"2022-07-11T11:05:53","guid":{"rendered":"https:\/\/www.aromeprod2.com\/?post_type=product&#038;p=7331"},"modified":"2025-07-21T11:35:01","modified_gmt":"2025-07-21T11:35:01","slug":"handwerklich-hergestellte-konfiture-aus-korsischen-clementinen","status":"publish","type":"product","link":"http:\/\/www.lesdelicesdeprovence.ch\/de\/produits\/handwerklich-hergestellte-konfiture-aus-korsischen-clementinen\/","title":{"rendered":"Konfit\u00fcre aus korsischen Clementinen"},"content":{"rendered":"<p>Die starke Nachfrage unserer Kunden auf den M\u00e4rkten nach diesem Artikel hat uns dazu veranlasst, diese Konfit\u00fcre aus korsischen Clementinen in unser Sortiment aufzunehmen, die wir bei einem handwerklichen Konfit\u00fcrenhersteller in L&#8217;Isle-sur-la-Sorgue, im Herzen der Provence, aufgesp\u00fcrt haben.<\/p>\n<p>Mit einem Fruchtanteil von mindestens 60 % ist er ein Genuss f\u00fcr alle, die es zum Fr\u00fchst\u00fcck gerne etwas bitterer m\u00f6gen.<\/p>\n<p><strong>Zutaten: Cl\u00e9mentines Corses (60%), Zucker, Pektin, Zitronensaft.<\/strong><\/p>\n<p><strong>Inhalt: 345g<\/strong><\/p>\n<p>&nbsp;<\/p>\n<p>&nbsp;<\/p>\n<p>&nbsp;<\/p>\n","protected":false},"excerpt":{"rendered":"<p>Eine hausgemachte Konfit\u00fcre mit einer herrlich bitteren Note, die mit Clementinen aus Korsika zusammengestellt wurde, die f\u00fcr ihre \u00fcberlegenen Geschmacksqualit\u00e4ten bekannt sind.<\/p>\n","protected":false},"featured_media":8416,"template":"","meta":[],"product_cat":[687],"product_tag":[],"class_list":{"0":"post-7331","1":"product","2":"type-product","3":"status-publish","4":"has-post-thumbnail","6":"product_cat-konfituren-und-brotaufstriche","8":"first","9":"instock","10":"taxable","11":"shipping-taxable","12":"purchasable","13":"product-type-simple"},"yoast_head":"<!-- This site is optimized with the Yoast SEO plugin v27.2 - https:\/\/yoast.com\/product\/yoast-seo-wordpress\/ -->\n<title>Konfit\u00fcre aus korsischen Clementinen<\/title>\n<meta name=\"description\" content=\"Eine handwerklich hergestellte Konfit\u00fcre, die mit Clementinen aus Korsika zusammengestellt wurde, die f\u00fcr ihre \u00fcberlegenen Geschmacksqualit\u00e4ten bekannt sind.\" \/>\n<meta name=\"robots\" content=\"index, follow, max-snippet:-1, max-image-preview:large, max-video-preview:-1\" \/>\n<link rel=\"canonical\" href=\"http:\/\/www.lesdelicesdeprovence.ch\/de\/produits\/handwerklich-hergestellte-konfiture-aus-korsischen-clementinen\/\" \/>\n<meta property=\"og:locale\" content=\"de_DE\" \/>\n<meta property=\"og:type\" content=\"article\" \/>\n<meta property=\"og:title\" content=\"Konfit\u00fcre aus korsischen Clementinen\" \/>\n<meta property=\"og:description\" content=\"Eine handwerklich hergestellte Konfit\u00fcre, die mit Clementinen aus Korsika zusammengestellt wurde, die f\u00fcr ihre \u00fcberlegenen Geschmacksqualit\u00e4ten bekannt sind.\" \/>\n<meta property=\"og:url\" content=\"http:\/\/www.lesdelicesdeprovence.ch\/de\/produits\/handwerklich-hergestellte-konfiture-aus-korsischen-clementinen\/\" \/>\n<meta property=\"og:site_name\" content=\"Les D\u00e9lices de Provence\" \/>\n<meta property=\"article:modified_time\" content=\"2025-07-21T11:35:01+00:00\" \/>\n<meta property=\"og:image\" content=\"https:\/\/www.lesdelicesdeprovence.ch\/wp-content\/uploads\/2022\/07\/IMG_6329.jpg\" \/>\n\t<meta property=\"og:image:width\" content=\"2135\" \/>\n\t<meta property=\"og:image:height\" content=\"2504\" \/>\n\t<meta property=\"og:image:type\" content=\"image\/jpeg\" \/>\n<meta name=\"twitter:card\" content=\"summary_large_image\" \/>\n<meta name=\"twitter:label1\" content=\"Gesch\u00e4tzte Lesezeit\" \/>\n\t<meta name=\"twitter:data1\" content=\"1\u00a0Minute\" \/>\n<script type=\"application\/ld+json\" class=\"yoast-schema-graph\">{\"@context\":\"https:\/\/schema.org\",\"@graph\":[{\"@type\":\"WebPage\",\"@id\":\"http:\/\/www.lesdelicesdeprovence.ch\/de\/produits\/handwerklich-hergestellte-konfiture-aus-korsischen-clementinen\/\",\"url\":\"http:\/\/www.lesdelicesdeprovence.ch\/de\/produits\/handwerklich-hergestellte-konfiture-aus-korsischen-clementinen\/\",\"name\":\"Konfit\u00fcre aus korsischen Clementinen\",\"isPartOf\":{\"@id\":\"https:\/\/www.lesdelicesdeprovence.ch\/de\/#website\"},\"primaryImageOfPage\":{\"@id\":\"http:\/\/www.lesdelicesdeprovence.ch\/de\/produits\/handwerklich-hergestellte-konfiture-aus-korsischen-clementinen\/#primaryimage\"},\"image\":{\"@id\":\"http:\/\/www.lesdelicesdeprovence.ch\/de\/produits\/handwerklich-hergestellte-konfiture-aus-korsischen-clementinen\/#primaryimage\"},\"thumbnailUrl\":\"http:\/\/www.lesdelicesdeprovence.ch\/wp-content\/uploads\/2022\/07\/IMG_6329.jpg\",\"datePublished\":\"2022-07-11T11:05:53+00:00\",\"dateModified\":\"2025-07-21T11:35:01+00:00\",\"description\":\"Eine handwerklich hergestellte Konfit\u00fcre, die mit Clementinen aus Korsika zusammengestellt wurde, die f\u00fcr ihre \u00fcberlegenen Geschmacksqualit\u00e4ten bekannt sind.\",\"breadcrumb\":{\"@id\":\"http:\/\/www.lesdelicesdeprovence.ch\/de\/produits\/handwerklich-hergestellte-konfiture-aus-korsischen-clementinen\/#breadcrumb\"},\"inLanguage\":\"de\",\"potentialAction\":[{\"@type\":\"ReadAction\",\"target\":[\"http:\/\/www.lesdelicesdeprovence.ch\/de\/produits\/handwerklich-hergestellte-konfiture-aus-korsischen-clementinen\/\"]}]},{\"@type\":\"ImageObject\",\"inLanguage\":\"de\",\"@id\":\"http:\/\/www.lesdelicesdeprovence.ch\/de\/produits\/handwerklich-hergestellte-konfiture-aus-korsischen-clementinen\/#primaryimage\",\"url\":\"http:\/\/www.lesdelicesdeprovence.ch\/wp-content\/uploads\/2022\/07\/IMG_6329.jpg\",\"contentUrl\":\"http:\/\/www.lesdelicesdeprovence.ch\/wp-content\/uploads\/2022\/07\/IMG_6329.jpg\",\"width\":2135,\"height\":2504},{\"@type\":\"BreadcrumbList\",\"@id\":\"http:\/\/www.lesdelicesdeprovence.ch\/de\/produits\/handwerklich-hergestellte-konfiture-aus-korsischen-clementinen\/#breadcrumb\",\"itemListElement\":[{\"@type\":\"ListItem\",\"position\":1,\"name\":\"Accoglienza\",\"item\":\"http:\/\/www.lesdelicesdeprovence.ch\/de\/\"},{\"@type\":\"ListItem\",\"position\":2,\"name\":\"Shop\",\"item\":\"http:\/\/www.lesdelicesdeprovence.ch\/de\/geschaeft\/\"},{\"@type\":\"ListItem\",\"position\":3,\"name\":\"Konfit\u00fcre aus korsischen Clementinen\"}]},{\"@type\":\"WebSite\",\"@id\":\"https:\/\/www.lesdelicesdeprovence.ch\/de\/#website\",\"url\":\"https:\/\/www.lesdelicesdeprovence.ch\/de\/\",\"name\":\"Les D\u00e9lices de Provence\",\"description\":\"Epicerie fine en ligne\",\"potentialAction\":[{\"@type\":\"SearchAction\",\"target\":{\"@type\":\"EntryPoint\",\"urlTemplate\":\"https:\/\/www.lesdelicesdeprovence.ch\/de\/?s={search_term_string}\"},\"query-input\":{\"@type\":\"PropertyValueSpecification\",\"valueRequired\":true,\"valueName\":\"search_term_string\"}}],\"inLanguage\":\"de\"}]}<\/script>\n<!-- \/ Yoast SEO plugin. -->","yoast_head_json":{"title":"Konfit\u00fcre aus korsischen Clementinen","description":"Eine handwerklich hergestellte Konfit\u00fcre, die mit Clementinen aus Korsika zusammengestellt wurde, die f\u00fcr ihre \u00fcberlegenen Geschmacksqualit\u00e4ten bekannt sind.","robots":{"index":"index","follow":"follow","max-snippet":"max-snippet:-1","max-image-preview":"max-image-preview:large","max-video-preview":"max-video-preview:-1"},"canonical":"http:\/\/www.lesdelicesdeprovence.ch\/de\/produits\/handwerklich-hergestellte-konfiture-aus-korsischen-clementinen\/","og_locale":"de_DE","og_type":"article","og_title":"Konfit\u00fcre aus korsischen Clementinen","og_description":"Eine handwerklich hergestellte Konfit\u00fcre, die mit Clementinen aus Korsika zusammengestellt wurde, die f\u00fcr ihre \u00fcberlegenen Geschmacksqualit\u00e4ten bekannt sind.","og_url":"http:\/\/www.lesdelicesdeprovence.ch\/de\/produits\/handwerklich-hergestellte-konfiture-aus-korsischen-clementinen\/","og_site_name":"Les D\u00e9lices de Provence","article_modified_time":"2025-07-21T11:35:01+00:00","og_image":[{"width":2135,"height":2504,"url":"https:\/\/www.lesdelicesdeprovence.ch\/wp-content\/uploads\/2022\/07\/IMG_6329.jpg","type":"image\/jpeg"}],"twitter_card":"summary_large_image","twitter_misc":{"Gesch\u00e4tzte Lesezeit":"1\u00a0Minute"},"schema":{"@context":"https:\/\/schema.org","@graph":[{"@type":"WebPage","@id":"http:\/\/www.lesdelicesdeprovence.ch\/de\/produits\/handwerklich-hergestellte-konfiture-aus-korsischen-clementinen\/","url":"http:\/\/www.lesdelicesdeprovence.ch\/de\/produits\/handwerklich-hergestellte-konfiture-aus-korsischen-clementinen\/","name":"Konfit\u00fcre aus korsischen Clementinen","isPartOf":{"@id":"https:\/\/www.lesdelicesdeprovence.ch\/de\/#website"},"primaryImageOfPage":{"@id":"http:\/\/www.lesdelicesdeprovence.ch\/de\/produits\/handwerklich-hergestellte-konfiture-aus-korsischen-clementinen\/#primaryimage"},"image":{"@id":"http:\/\/www.lesdelicesdeprovence.ch\/de\/produits\/handwerklich-hergestellte-konfiture-aus-korsischen-clementinen\/#primaryimage"},"thumbnailUrl":"http:\/\/www.lesdelicesdeprovence.ch\/wp-content\/uploads\/2022\/07\/IMG_6329.jpg","datePublished":"2022-07-11T11:05:53+00:00","dateModified":"2025-07-21T11:35:01+00:00","description":"Eine handwerklich hergestellte Konfit\u00fcre, die mit Clementinen aus Korsika zusammengestellt wurde, die f\u00fcr ihre \u00fcberlegenen Geschmacksqualit\u00e4ten bekannt sind.","breadcrumb":{"@id":"http:\/\/www.lesdelicesdeprovence.ch\/de\/produits\/handwerklich-hergestellte-konfiture-aus-korsischen-clementinen\/#breadcrumb"},"inLanguage":"de","potentialAction":[{"@type":"ReadAction","target":["http:\/\/www.lesdelicesdeprovence.ch\/de\/produits\/handwerklich-hergestellte-konfiture-aus-korsischen-clementinen\/"]}]},{"@type":"ImageObject","inLanguage":"de","@id":"http:\/\/www.lesdelicesdeprovence.ch\/de\/produits\/handwerklich-hergestellte-konfiture-aus-korsischen-clementinen\/#primaryimage","url":"http:\/\/www.lesdelicesdeprovence.ch\/wp-content\/uploads\/2022\/07\/IMG_6329.jpg","contentUrl":"http:\/\/www.lesdelicesdeprovence.ch\/wp-content\/uploads\/2022\/07\/IMG_6329.jpg","width":2135,"height":2504},{"@type":"BreadcrumbList","@id":"http:\/\/www.lesdelicesdeprovence.ch\/de\/produits\/handwerklich-hergestellte-konfiture-aus-korsischen-clementinen\/#breadcrumb","itemListElement":[{"@type":"ListItem","position":1,"name":"Accoglienza","item":"http:\/\/www.lesdelicesdeprovence.ch\/de\/"},{"@type":"ListItem","position":2,"name":"Shop","item":"http:\/\/www.lesdelicesdeprovence.ch\/de\/geschaeft\/"},{"@type":"ListItem","position":3,"name":"Konfit\u00fcre aus korsischen Clementinen"}]},{"@type":"WebSite","@id":"https:\/\/www.lesdelicesdeprovence.ch\/de\/#website","url":"https:\/\/www.lesdelicesdeprovence.ch\/de\/","name":"Les D\u00e9lices de Provence","description":"Epicerie fine en ligne","potentialAction":[{"@type":"SearchAction","target":{"@type":"EntryPoint","urlTemplate":"https:\/\/www.lesdelicesdeprovence.ch\/de\/?s={search_term_string}"},"query-input":{"@type":"PropertyValueSpecification","valueRequired":true,"valueName":"search_term_string"}}],"inLanguage":"de"}]}},"_links":{"self":[{"href":"http:\/\/www.lesdelicesdeprovence.ch\/de\/wp-json\/wp\/v2\/product\/7331","targetHints":{"allow":["GET"]}}],"collection":[{"href":"http:\/\/www.lesdelicesdeprovence.ch\/de\/wp-json\/wp\/v2\/product"}],"about":[{"href":"http:\/\/www.lesdelicesdeprovence.ch\/de\/wp-json\/wp\/v2\/types\/product"}],"version-history":[{"count":4,"href":"http:\/\/www.lesdelicesdeprovence.ch\/de\/wp-json\/wp\/v2\/product\/7331\/revisions"}],"predecessor-version":[{"id":13029,"href":"http:\/\/www.lesdelicesdeprovence.ch\/de\/wp-json\/wp\/v2\/product\/7331\/revisions\/13029"}],"wp:featuredmedia":[{"embeddable":true,"href":"http:\/\/www.lesdelicesdeprovence.ch\/de\/wp-json\/wp\/v2\/media\/8416"}],"wp:attachment":[{"href":"http:\/\/www.lesdelicesdeprovence.ch\/de\/wp-json\/wp\/v2\/media?parent=7331"}],"wp:term":[{"taxonomy":"product_cat","embeddable":true,"href":"http:\/\/www.lesdelicesdeprovence.ch\/de\/wp-json\/wp\/v2\/product_cat?post=7331"},{"taxonomy":"product_tag","embeddable":true,"href":"http:\/\/www.lesdelicesdeprovence.ch\/de\/wp-json\/wp\/v2\/product_tag?post=7331"}],"curies":[{"name":"wp","href":"https:\/\/api.w.org\/{rel}","templated":true}]}}