{"id":7352,"date":"2022-07-11T12:40:45","date_gmt":"2022-07-11T12:40:45","guid":{"rendered":"https:\/\/www.aromeprod2.com\/?post_type=product&#038;p=7352"},"modified":"2024-03-28T14:45:19","modified_gmt":"2024-03-28T14:45:19","slug":"erdbeerkonfituere-mit-vanille","status":"publish","type":"product","link":"http:\/\/www.lesdelicesdeprovence.ch\/de\/produits\/erdbeerkonfituere-mit-vanille\/","title":{"rendered":"Erdbeerkonfit\u00fcre mit Vanille"},"content":{"rendered":"<p>Ob auf den M\u00e4rkten oder auf unserer Website, die Erdbeerkonfit\u00fcre mit Vanille ist zweifellos der Star ihrer Kategorie.<\/p>\n<p>Er wird von einem kleinen Produzenten aus dem Luberon handwerklich zusammengestellt und besteht zu 60% aus Erdbeeren aus Carpentras, die f\u00fcr ihre \u00fcberdurchschnittlichen Geschmackseigenschaften bekannt sind. Wenn Sie noch einen Hauch von Vanille dazugeben, um das Ganze zu vers\u00fc\u00dfen, erhalten Sie eine gesunde und leckere Konfit\u00fcre, die Gro\u00df und Klein begeistern wird!<\/p>\n<p>Man muss keine gro\u00dfen Mengen Zucker verwenden, wenn man mit hochwertigen Zutaten arbeitet, und dieser Handwerker hat das verstanden.<\/p>\n<p><strong>Zutaten: Erdbeeren (60%), Zucker, Pektin, nat\u00fcrlicher Vanilleextrakt (0,43%), Zitronensaft.<\/strong><\/p>\n<p><strong>Inhalt: 345g<\/strong><\/p>\n<p>&nbsp;<\/p>\n","protected":false},"excerpt":{"rendered":"<p>Die beliebteste unserer Konfit\u00fcren, die in Handarbeit aus der ber\u00fchmten Erdbeere von Carpentras hergestellt wird.<\/p>\n","protected":false},"featured_media":8420,"template":"","meta":[],"product_cat":[687],"product_tag":[],"class_list":{"0":"post-7352","1":"product","2":"type-product","3":"status-publish","4":"has-post-thumbnail","6":"product_cat-konfituren-und-brotaufstriche","8":"first","9":"instock","10":"taxable","11":"shipping-taxable","12":"purchasable","13":"product-type-simple"},"yoast_head":"<!-- This site is optimized with the Yoast SEO plugin v27.2 - https:\/\/yoast.com\/product\/yoast-seo-wordpress\/ -->\n<title>Erdbeerkonfit\u00fcre mit Vanille<\/title>\n<meta name=\"description\" content=\"Die beliebteste unserer Konfit\u00fcren, die in Handarbeit aus der ber\u00fchmten Erdbeere von Carpentras hergestellt wird.\" \/>\n<meta name=\"robots\" content=\"index, follow, max-snippet:-1, max-image-preview:large, max-video-preview:-1\" \/>\n<link rel=\"canonical\" href=\"http:\/\/www.lesdelicesdeprovence.ch\/de\/produits\/erdbeerkonfituere-mit-vanille\/\" \/>\n<meta property=\"og:locale\" content=\"de_DE\" \/>\n<meta property=\"og:type\" content=\"article\" \/>\n<meta property=\"og:title\" content=\"Erdbeerkonfit\u00fcre mit Vanille\" \/>\n<meta property=\"og:description\" content=\"Die beliebteste unserer Konfit\u00fcren, die in Handarbeit aus der ber\u00fchmten Erdbeere von Carpentras hergestellt wird.\" \/>\n<meta property=\"og:url\" content=\"http:\/\/www.lesdelicesdeprovence.ch\/de\/produits\/erdbeerkonfituere-mit-vanille\/\" \/>\n<meta property=\"og:site_name\" content=\"Les D\u00e9lices de Provence\" \/>\n<meta property=\"article:modified_time\" content=\"2024-03-28T14:45:19+00:00\" \/>\n<meta property=\"og:image\" content=\"https:\/\/www.lesdelicesdeprovence.ch\/wp-content\/uploads\/2022\/07\/IMG_6334.jpg\" \/>\n\t<meta property=\"og:image:width\" content=\"2198\" \/>\n\t<meta property=\"og:image:height\" content=\"2536\" \/>\n\t<meta property=\"og:image:type\" content=\"image\/jpeg\" \/>\n<meta name=\"twitter:card\" content=\"summary_large_image\" \/>\n<meta name=\"twitter:label1\" content=\"Gesch\u00e4tzte Lesezeit\" \/>\n\t<meta name=\"twitter:data1\" content=\"1\u00a0Minute\" \/>\n<script type=\"application\/ld+json\" class=\"yoast-schema-graph\">{\"@context\":\"https:\/\/schema.org\",\"@graph\":[{\"@type\":\"WebPage\",\"@id\":\"http:\/\/www.lesdelicesdeprovence.ch\/de\/produits\/erdbeerkonfituere-mit-vanille\/\",\"url\":\"http:\/\/www.lesdelicesdeprovence.ch\/de\/produits\/erdbeerkonfituere-mit-vanille\/\",\"name\":\"Erdbeerkonfit\u00fcre mit Vanille\",\"isPartOf\":{\"@id\":\"https:\/\/www.lesdelicesdeprovence.ch\/de\/#website\"},\"primaryImageOfPage\":{\"@id\":\"http:\/\/www.lesdelicesdeprovence.ch\/de\/produits\/erdbeerkonfituere-mit-vanille\/#primaryimage\"},\"image\":{\"@id\":\"http:\/\/www.lesdelicesdeprovence.ch\/de\/produits\/erdbeerkonfituere-mit-vanille\/#primaryimage\"},\"thumbnailUrl\":\"http:\/\/www.lesdelicesdeprovence.ch\/wp-content\/uploads\/2022\/07\/IMG_6334.jpg\",\"datePublished\":\"2022-07-11T12:40:45+00:00\",\"dateModified\":\"2024-03-28T14:45:19+00:00\",\"description\":\"Die beliebteste unserer Konfit\u00fcren, die in Handarbeit aus der ber\u00fchmten Erdbeere von Carpentras hergestellt wird.\",\"breadcrumb\":{\"@id\":\"http:\/\/www.lesdelicesdeprovence.ch\/de\/produits\/erdbeerkonfituere-mit-vanille\/#breadcrumb\"},\"inLanguage\":\"de\",\"potentialAction\":[{\"@type\":\"ReadAction\",\"target\":[\"http:\/\/www.lesdelicesdeprovence.ch\/de\/produits\/erdbeerkonfituere-mit-vanille\/\"]}]},{\"@type\":\"ImageObject\",\"inLanguage\":\"de\",\"@id\":\"http:\/\/www.lesdelicesdeprovence.ch\/de\/produits\/erdbeerkonfituere-mit-vanille\/#primaryimage\",\"url\":\"http:\/\/www.lesdelicesdeprovence.ch\/wp-content\/uploads\/2022\/07\/IMG_6334.jpg\",\"contentUrl\":\"http:\/\/www.lesdelicesdeprovence.ch\/wp-content\/uploads\/2022\/07\/IMG_6334.jpg\",\"width\":2198,\"height\":2536},{\"@type\":\"BreadcrumbList\",\"@id\":\"http:\/\/www.lesdelicesdeprovence.ch\/de\/produits\/erdbeerkonfituere-mit-vanille\/#breadcrumb\",\"itemListElement\":[{\"@type\":\"ListItem\",\"position\":1,\"name\":\"Accoglienza\",\"item\":\"http:\/\/www.lesdelicesdeprovence.ch\/de\/\"},{\"@type\":\"ListItem\",\"position\":2,\"name\":\"Shop\",\"item\":\"http:\/\/www.lesdelicesdeprovence.ch\/de\/geschaeft\/\"},{\"@type\":\"ListItem\",\"position\":3,\"name\":\"Erdbeerkonfit\u00fcre mit Vanille\"}]},{\"@type\":\"WebSite\",\"@id\":\"https:\/\/www.lesdelicesdeprovence.ch\/de\/#website\",\"url\":\"https:\/\/www.lesdelicesdeprovence.ch\/de\/\",\"name\":\"Les D\u00e9lices de Provence\",\"description\":\"Epicerie fine en ligne\",\"potentialAction\":[{\"@type\":\"SearchAction\",\"target\":{\"@type\":\"EntryPoint\",\"urlTemplate\":\"https:\/\/www.lesdelicesdeprovence.ch\/de\/?s={search_term_string}\"},\"query-input\":{\"@type\":\"PropertyValueSpecification\",\"valueRequired\":true,\"valueName\":\"search_term_string\"}}],\"inLanguage\":\"de\"}]}<\/script>\n<!-- \/ Yoast SEO plugin. -->","yoast_head_json":{"title":"Erdbeerkonfit\u00fcre mit Vanille","description":"Die beliebteste unserer Konfit\u00fcren, die in Handarbeit aus der ber\u00fchmten Erdbeere von Carpentras hergestellt wird.","robots":{"index":"index","follow":"follow","max-snippet":"max-snippet:-1","max-image-preview":"max-image-preview:large","max-video-preview":"max-video-preview:-1"},"canonical":"http:\/\/www.lesdelicesdeprovence.ch\/de\/produits\/erdbeerkonfituere-mit-vanille\/","og_locale":"de_DE","og_type":"article","og_title":"Erdbeerkonfit\u00fcre mit Vanille","og_description":"Die beliebteste unserer Konfit\u00fcren, die in Handarbeit aus der ber\u00fchmten Erdbeere von Carpentras hergestellt wird.","og_url":"http:\/\/www.lesdelicesdeprovence.ch\/de\/produits\/erdbeerkonfituere-mit-vanille\/","og_site_name":"Les D\u00e9lices de Provence","article_modified_time":"2024-03-28T14:45:19+00:00","og_image":[{"width":2198,"height":2536,"url":"https:\/\/www.lesdelicesdeprovence.ch\/wp-content\/uploads\/2022\/07\/IMG_6334.jpg","type":"image\/jpeg"}],"twitter_card":"summary_large_image","twitter_misc":{"Gesch\u00e4tzte Lesezeit":"1\u00a0Minute"},"schema":{"@context":"https:\/\/schema.org","@graph":[{"@type":"WebPage","@id":"http:\/\/www.lesdelicesdeprovence.ch\/de\/produits\/erdbeerkonfituere-mit-vanille\/","url":"http:\/\/www.lesdelicesdeprovence.ch\/de\/produits\/erdbeerkonfituere-mit-vanille\/","name":"Erdbeerkonfit\u00fcre mit Vanille","isPartOf":{"@id":"https:\/\/www.lesdelicesdeprovence.ch\/de\/#website"},"primaryImageOfPage":{"@id":"http:\/\/www.lesdelicesdeprovence.ch\/de\/produits\/erdbeerkonfituere-mit-vanille\/#primaryimage"},"image":{"@id":"http:\/\/www.lesdelicesdeprovence.ch\/de\/produits\/erdbeerkonfituere-mit-vanille\/#primaryimage"},"thumbnailUrl":"http:\/\/www.lesdelicesdeprovence.ch\/wp-content\/uploads\/2022\/07\/IMG_6334.jpg","datePublished":"2022-07-11T12:40:45+00:00","dateModified":"2024-03-28T14:45:19+00:00","description":"Die beliebteste unserer Konfit\u00fcren, die in Handarbeit aus der ber\u00fchmten Erdbeere von Carpentras hergestellt wird.","breadcrumb":{"@id":"http:\/\/www.lesdelicesdeprovence.ch\/de\/produits\/erdbeerkonfituere-mit-vanille\/#breadcrumb"},"inLanguage":"de","potentialAction":[{"@type":"ReadAction","target":["http:\/\/www.lesdelicesdeprovence.ch\/de\/produits\/erdbeerkonfituere-mit-vanille\/"]}]},{"@type":"ImageObject","inLanguage":"de","@id":"http:\/\/www.lesdelicesdeprovence.ch\/de\/produits\/erdbeerkonfituere-mit-vanille\/#primaryimage","url":"http:\/\/www.lesdelicesdeprovence.ch\/wp-content\/uploads\/2022\/07\/IMG_6334.jpg","contentUrl":"http:\/\/www.lesdelicesdeprovence.ch\/wp-content\/uploads\/2022\/07\/IMG_6334.jpg","width":2198,"height":2536},{"@type":"BreadcrumbList","@id":"http:\/\/www.lesdelicesdeprovence.ch\/de\/produits\/erdbeerkonfituere-mit-vanille\/#breadcrumb","itemListElement":[{"@type":"ListItem","position":1,"name":"Accoglienza","item":"http:\/\/www.lesdelicesdeprovence.ch\/de\/"},{"@type":"ListItem","position":2,"name":"Shop","item":"http:\/\/www.lesdelicesdeprovence.ch\/de\/geschaeft\/"},{"@type":"ListItem","position":3,"name":"Erdbeerkonfit\u00fcre mit Vanille"}]},{"@type":"WebSite","@id":"https:\/\/www.lesdelicesdeprovence.ch\/de\/#website","url":"https:\/\/www.lesdelicesdeprovence.ch\/de\/","name":"Les D\u00e9lices de Provence","description":"Epicerie fine en ligne","potentialAction":[{"@type":"SearchAction","target":{"@type":"EntryPoint","urlTemplate":"https:\/\/www.lesdelicesdeprovence.ch\/de\/?s={search_term_string}"},"query-input":{"@type":"PropertyValueSpecification","valueRequired":true,"valueName":"search_term_string"}}],"inLanguage":"de"}]}},"_links":{"self":[{"href":"http:\/\/www.lesdelicesdeprovence.ch\/de\/wp-json\/wp\/v2\/product\/7352","targetHints":{"allow":["GET"]}}],"collection":[{"href":"http:\/\/www.lesdelicesdeprovence.ch\/de\/wp-json\/wp\/v2\/product"}],"about":[{"href":"http:\/\/www.lesdelicesdeprovence.ch\/de\/wp-json\/wp\/v2\/types\/product"}],"version-history":[{"count":3,"href":"http:\/\/www.lesdelicesdeprovence.ch\/de\/wp-json\/wp\/v2\/product\/7352\/revisions"}],"predecessor-version":[{"id":13042,"href":"http:\/\/www.lesdelicesdeprovence.ch\/de\/wp-json\/wp\/v2\/product\/7352\/revisions\/13042"}],"wp:featuredmedia":[{"embeddable":true,"href":"http:\/\/www.lesdelicesdeprovence.ch\/de\/wp-json\/wp\/v2\/media\/8420"}],"wp:attachment":[{"href":"http:\/\/www.lesdelicesdeprovence.ch\/de\/wp-json\/wp\/v2\/media?parent=7352"}],"wp:term":[{"taxonomy":"product_cat","embeddable":true,"href":"http:\/\/www.lesdelicesdeprovence.ch\/de\/wp-json\/wp\/v2\/product_cat?post=7352"},{"taxonomy":"product_tag","embeddable":true,"href":"http:\/\/www.lesdelicesdeprovence.ch\/de\/wp-json\/wp\/v2\/product_tag?post=7352"}],"curies":[{"name":"wp","href":"https:\/\/api.w.org\/{rel}","templated":true}]}}