{"id":7362,"date":"2022-07-12T08:16:52","date_gmt":"2022-07-12T08:16:52","guid":{"rendered":"https:\/\/www.aromeprod2.com\/?post_type=product&#038;p=7362"},"modified":"2025-08-23T15:23:24","modified_gmt":"2025-08-23T15:23:24","slug":"aprikosenkonfituere-mit-lavendel","status":"publish","type":"product","link":"http:\/\/www.lesdelicesdeprovence.ch\/de\/produits\/aprikosenkonfituere-mit-lavendel\/","title":{"rendered":"Aprikosenkonfit\u00fcre mit Lavendel"},"content":{"rendered":"<p>Sie stammt aus einer kleinen Familienproduktion im Herzen der Provence, die ihre Konfit\u00fcre mit mindestens 60 % Fruchtanteil zubereitet, was man in den gro\u00dfen Handelsketten nicht findet, die oft die Rentabilit\u00e4t der Qualit\u00e4t vorziehen.<\/p>\n<p>Die Aprikose aus den sonnigen Obstg\u00e4rten der Provence, kombiniert mit einigen K\u00f6rnern echtem Lavendel von den Hochebenen des Vaucluse, verleiht dieser Konfit\u00fcre einen einzigartigen und k\u00f6stlichen Geschmack, leicht blumig und mit einem sehr niedrigen Zuckergehalt!<\/p>\n<p>So k\u00f6nnen Sie sich an einem gesunden Produkt mit kreativem Rezept erfreuen, das zum Fr\u00fchst\u00fcck oder als K\u00e4sekombination serviert wird.<\/p>\n<p><strong>Zutaten: Aprikosen (60%), Zucker, Pektin, Lavendelbl\u00fcten (0.07%), Zitronensaft.<\/strong><\/p>\n<p><strong>Inhalt: 345g<\/strong><\/p>\n<p>&nbsp;<\/p>\n<p>&nbsp;<\/p>\n","protected":false},"excerpt":{"rendered":"<p>Diese subtile Kombination aus reifen Aprikosen aus der Provence und einigen K\u00f6rnern echten Lavendels verleiht uns eine Feinschmeckerkonfit\u00fcre mit einem originellen Geschmack.<\/p>\n","protected":false},"featured_media":8423,"template":"","meta":[],"product_cat":[687],"product_tag":[],"class_list":{"0":"post-7362","1":"product","2":"type-product","3":"status-publish","4":"has-post-thumbnail","6":"product_cat-konfituren-und-brotaufstriche","8":"first","9":"instock","10":"taxable","11":"shipping-taxable","12":"purchasable","13":"product-type-simple"},"yoast_head":"<!-- This site is optimized with the Yoast SEO plugin v27.2 - https:\/\/yoast.com\/product\/yoast-seo-wordpress\/ -->\n<title>Aprikosenkonfit\u00fcre mit Lavendel<\/title>\n<meta name=\"description\" content=\"Diese subtile Kombination aus reifen Aprikosen aus der Provence und einigen K\u00f6rnern echten Lavendels verleiht uns eine Feinschmeckerkonfit\u00fcre mit einem originellen Geschmack.\" \/>\n<meta name=\"robots\" content=\"index, follow, max-snippet:-1, max-image-preview:large, max-video-preview:-1\" \/>\n<link rel=\"canonical\" href=\"http:\/\/www.lesdelicesdeprovence.ch\/de\/produits\/aprikosenkonfituere-mit-lavendel\/\" \/>\n<meta property=\"og:locale\" content=\"de_DE\" \/>\n<meta property=\"og:type\" content=\"article\" \/>\n<meta property=\"og:title\" content=\"Aprikosenkonfit\u00fcre mit Lavendel\" \/>\n<meta property=\"og:description\" content=\"Diese subtile Kombination aus reifen Aprikosen aus der Provence und einigen K\u00f6rnern echten Lavendels verleiht uns eine Feinschmeckerkonfit\u00fcre mit einem originellen Geschmack.\" \/>\n<meta property=\"og:url\" content=\"http:\/\/www.lesdelicesdeprovence.ch\/de\/produits\/aprikosenkonfituere-mit-lavendel\/\" \/>\n<meta property=\"og:site_name\" content=\"Les D\u00e9lices de Provence\" \/>\n<meta property=\"article:modified_time\" content=\"2025-08-23T15:23:24+00:00\" \/>\n<meta property=\"og:image\" content=\"https:\/\/www.lesdelicesdeprovence.ch\/wp-content\/uploads\/2022\/07\/IMG_6335.jpg\" \/>\n\t<meta property=\"og:image:width\" content=\"2177\" \/>\n\t<meta property=\"og:image:height\" content=\"2538\" \/>\n\t<meta property=\"og:image:type\" content=\"image\/jpeg\" \/>\n<meta name=\"twitter:card\" content=\"summary_large_image\" \/>\n<meta name=\"twitter:label1\" content=\"Gesch\u00e4tzte Lesezeit\" \/>\n\t<meta name=\"twitter:data1\" content=\"1\u00a0Minute\" \/>\n<script type=\"application\/ld+json\" class=\"yoast-schema-graph\">{\"@context\":\"https:\/\/schema.org\",\"@graph\":[{\"@type\":\"WebPage\",\"@id\":\"http:\/\/www.lesdelicesdeprovence.ch\/de\/produits\/aprikosenkonfituere-mit-lavendel\/\",\"url\":\"http:\/\/www.lesdelicesdeprovence.ch\/de\/produits\/aprikosenkonfituere-mit-lavendel\/\",\"name\":\"Aprikosenkonfit\u00fcre mit Lavendel\",\"isPartOf\":{\"@id\":\"https:\/\/www.lesdelicesdeprovence.ch\/de\/#website\"},\"primaryImageOfPage\":{\"@id\":\"http:\/\/www.lesdelicesdeprovence.ch\/de\/produits\/aprikosenkonfituere-mit-lavendel\/#primaryimage\"},\"image\":{\"@id\":\"http:\/\/www.lesdelicesdeprovence.ch\/de\/produits\/aprikosenkonfituere-mit-lavendel\/#primaryimage\"},\"thumbnailUrl\":\"http:\/\/www.lesdelicesdeprovence.ch\/wp-content\/uploads\/2022\/07\/IMG_6335.jpg\",\"datePublished\":\"2022-07-12T08:16:52+00:00\",\"dateModified\":\"2025-08-23T15:23:24+00:00\",\"description\":\"Diese subtile Kombination aus reifen Aprikosen aus der Provence und einigen K\u00f6rnern echten Lavendels verleiht uns eine Feinschmeckerkonfit\u00fcre mit einem originellen Geschmack.\",\"breadcrumb\":{\"@id\":\"http:\/\/www.lesdelicesdeprovence.ch\/de\/produits\/aprikosenkonfituere-mit-lavendel\/#breadcrumb\"},\"inLanguage\":\"de\",\"potentialAction\":[{\"@type\":\"ReadAction\",\"target\":[\"http:\/\/www.lesdelicesdeprovence.ch\/de\/produits\/aprikosenkonfituere-mit-lavendel\/\"]}]},{\"@type\":\"ImageObject\",\"inLanguage\":\"de\",\"@id\":\"http:\/\/www.lesdelicesdeprovence.ch\/de\/produits\/aprikosenkonfituere-mit-lavendel\/#primaryimage\",\"url\":\"http:\/\/www.lesdelicesdeprovence.ch\/wp-content\/uploads\/2022\/07\/IMG_6335.jpg\",\"contentUrl\":\"http:\/\/www.lesdelicesdeprovence.ch\/wp-content\/uploads\/2022\/07\/IMG_6335.jpg\",\"width\":2177,\"height\":2538},{\"@type\":\"BreadcrumbList\",\"@id\":\"http:\/\/www.lesdelicesdeprovence.ch\/de\/produits\/aprikosenkonfituere-mit-lavendel\/#breadcrumb\",\"itemListElement\":[{\"@type\":\"ListItem\",\"position\":1,\"name\":\"Accoglienza\",\"item\":\"http:\/\/www.lesdelicesdeprovence.ch\/de\/\"},{\"@type\":\"ListItem\",\"position\":2,\"name\":\"Shop\",\"item\":\"http:\/\/www.lesdelicesdeprovence.ch\/de\/geschaeft\/\"},{\"@type\":\"ListItem\",\"position\":3,\"name\":\"Aprikosenkonfit\u00fcre mit Lavendel\"}]},{\"@type\":\"WebSite\",\"@id\":\"https:\/\/www.lesdelicesdeprovence.ch\/de\/#website\",\"url\":\"https:\/\/www.lesdelicesdeprovence.ch\/de\/\",\"name\":\"Les D\u00e9lices de Provence\",\"description\":\"Epicerie fine en ligne\",\"potentialAction\":[{\"@type\":\"SearchAction\",\"target\":{\"@type\":\"EntryPoint\",\"urlTemplate\":\"https:\/\/www.lesdelicesdeprovence.ch\/de\/?s={search_term_string}\"},\"query-input\":{\"@type\":\"PropertyValueSpecification\",\"valueRequired\":true,\"valueName\":\"search_term_string\"}}],\"inLanguage\":\"de\"}]}<\/script>\n<!-- \/ Yoast SEO plugin. -->","yoast_head_json":{"title":"Aprikosenkonfit\u00fcre mit Lavendel","description":"Diese subtile Kombination aus reifen Aprikosen aus der Provence und einigen K\u00f6rnern echten Lavendels verleiht uns eine Feinschmeckerkonfit\u00fcre mit einem originellen Geschmack.","robots":{"index":"index","follow":"follow","max-snippet":"max-snippet:-1","max-image-preview":"max-image-preview:large","max-video-preview":"max-video-preview:-1"},"canonical":"http:\/\/www.lesdelicesdeprovence.ch\/de\/produits\/aprikosenkonfituere-mit-lavendel\/","og_locale":"de_DE","og_type":"article","og_title":"Aprikosenkonfit\u00fcre mit Lavendel","og_description":"Diese subtile Kombination aus reifen Aprikosen aus der Provence und einigen K\u00f6rnern echten Lavendels verleiht uns eine Feinschmeckerkonfit\u00fcre mit einem originellen Geschmack.","og_url":"http:\/\/www.lesdelicesdeprovence.ch\/de\/produits\/aprikosenkonfituere-mit-lavendel\/","og_site_name":"Les D\u00e9lices de Provence","article_modified_time":"2025-08-23T15:23:24+00:00","og_image":[{"width":2177,"height":2538,"url":"https:\/\/www.lesdelicesdeprovence.ch\/wp-content\/uploads\/2022\/07\/IMG_6335.jpg","type":"image\/jpeg"}],"twitter_card":"summary_large_image","twitter_misc":{"Gesch\u00e4tzte Lesezeit":"1\u00a0Minute"},"schema":{"@context":"https:\/\/schema.org","@graph":[{"@type":"WebPage","@id":"http:\/\/www.lesdelicesdeprovence.ch\/de\/produits\/aprikosenkonfituere-mit-lavendel\/","url":"http:\/\/www.lesdelicesdeprovence.ch\/de\/produits\/aprikosenkonfituere-mit-lavendel\/","name":"Aprikosenkonfit\u00fcre mit Lavendel","isPartOf":{"@id":"https:\/\/www.lesdelicesdeprovence.ch\/de\/#website"},"primaryImageOfPage":{"@id":"http:\/\/www.lesdelicesdeprovence.ch\/de\/produits\/aprikosenkonfituere-mit-lavendel\/#primaryimage"},"image":{"@id":"http:\/\/www.lesdelicesdeprovence.ch\/de\/produits\/aprikosenkonfituere-mit-lavendel\/#primaryimage"},"thumbnailUrl":"http:\/\/www.lesdelicesdeprovence.ch\/wp-content\/uploads\/2022\/07\/IMG_6335.jpg","datePublished":"2022-07-12T08:16:52+00:00","dateModified":"2025-08-23T15:23:24+00:00","description":"Diese subtile Kombination aus reifen Aprikosen aus der Provence und einigen K\u00f6rnern echten Lavendels verleiht uns eine Feinschmeckerkonfit\u00fcre mit einem originellen Geschmack.","breadcrumb":{"@id":"http:\/\/www.lesdelicesdeprovence.ch\/de\/produits\/aprikosenkonfituere-mit-lavendel\/#breadcrumb"},"inLanguage":"de","potentialAction":[{"@type":"ReadAction","target":["http:\/\/www.lesdelicesdeprovence.ch\/de\/produits\/aprikosenkonfituere-mit-lavendel\/"]}]},{"@type":"ImageObject","inLanguage":"de","@id":"http:\/\/www.lesdelicesdeprovence.ch\/de\/produits\/aprikosenkonfituere-mit-lavendel\/#primaryimage","url":"http:\/\/www.lesdelicesdeprovence.ch\/wp-content\/uploads\/2022\/07\/IMG_6335.jpg","contentUrl":"http:\/\/www.lesdelicesdeprovence.ch\/wp-content\/uploads\/2022\/07\/IMG_6335.jpg","width":2177,"height":2538},{"@type":"BreadcrumbList","@id":"http:\/\/www.lesdelicesdeprovence.ch\/de\/produits\/aprikosenkonfituere-mit-lavendel\/#breadcrumb","itemListElement":[{"@type":"ListItem","position":1,"name":"Accoglienza","item":"http:\/\/www.lesdelicesdeprovence.ch\/de\/"},{"@type":"ListItem","position":2,"name":"Shop","item":"http:\/\/www.lesdelicesdeprovence.ch\/de\/geschaeft\/"},{"@type":"ListItem","position":3,"name":"Aprikosenkonfit\u00fcre mit Lavendel"}]},{"@type":"WebSite","@id":"https:\/\/www.lesdelicesdeprovence.ch\/de\/#website","url":"https:\/\/www.lesdelicesdeprovence.ch\/de\/","name":"Les D\u00e9lices de Provence","description":"Epicerie fine en ligne","potentialAction":[{"@type":"SearchAction","target":{"@type":"EntryPoint","urlTemplate":"https:\/\/www.lesdelicesdeprovence.ch\/de\/?s={search_term_string}"},"query-input":{"@type":"PropertyValueSpecification","valueRequired":true,"valueName":"search_term_string"}}],"inLanguage":"de"}]}},"_links":{"self":[{"href":"http:\/\/www.lesdelicesdeprovence.ch\/de\/wp-json\/wp\/v2\/product\/7362","targetHints":{"allow":["GET"]}}],"collection":[{"href":"http:\/\/www.lesdelicesdeprovence.ch\/de\/wp-json\/wp\/v2\/product"}],"about":[{"href":"http:\/\/www.lesdelicesdeprovence.ch\/de\/wp-json\/wp\/v2\/types\/product"}],"version-history":[{"count":3,"href":"http:\/\/www.lesdelicesdeprovence.ch\/de\/wp-json\/wp\/v2\/product\/7362\/revisions"}],"predecessor-version":[{"id":13015,"href":"http:\/\/www.lesdelicesdeprovence.ch\/de\/wp-json\/wp\/v2\/product\/7362\/revisions\/13015"}],"wp:featuredmedia":[{"embeddable":true,"href":"http:\/\/www.lesdelicesdeprovence.ch\/de\/wp-json\/wp\/v2\/media\/8423"}],"wp:attachment":[{"href":"http:\/\/www.lesdelicesdeprovence.ch\/de\/wp-json\/wp\/v2\/media?parent=7362"}],"wp:term":[{"taxonomy":"product_cat","embeddable":true,"href":"http:\/\/www.lesdelicesdeprovence.ch\/de\/wp-json\/wp\/v2\/product_cat?post=7362"},{"taxonomy":"product_tag","embeddable":true,"href":"http:\/\/www.lesdelicesdeprovence.ch\/de\/wp-json\/wp\/v2\/product_tag?post=7362"}],"curies":[{"name":"wp","href":"https:\/\/api.w.org\/{rel}","templated":true}]}}