{"id":7384,"date":"2022-07-12T09:23:55","date_gmt":"2022-07-12T09:23:55","guid":{"rendered":"https:\/\/www.aromeprod2.com\/?post_type=product&#038;p=7384"},"modified":"2026-04-13T12:40:24","modified_gmt":"2026-04-13T12:40:24","slug":"konfituere-aus-schwarzen-johannisbeeren-nach-alter-art","status":"publish","type":"product","link":"http:\/\/www.lesdelicesdeprovence.ch\/de\/produits\/konfituere-aus-schwarzen-johannisbeeren-nach-alter-art\/","title":{"rendered":"Konfit\u00fcre aus Schwarzen Johannisbeeren nach alter Art"},"content":{"rendered":"<p>Diese Marmelade ist nicht leicht zu finden, da sie sehr arbeitsintensiv ist!<\/p>\n<p>Aber er hat nicht mit diesem Handwerker aus dem Vaucluse gerechnet, der ihn auf traditionelle Weise im Kessel aus 63 % hochwertigen schwarzen Johannisbeeren zusammenstellt.<\/p>\n<p>Ein sehr geringer Zuckerzusatz erm\u00f6glicht ein gesundes Fr\u00fchst\u00fcck, das den Geschmack der Rezepte unserer Gro\u00dfm\u00fctter wieder aufleben l\u00e4sst.<\/p>\n<p>Passt auch gut zu gut gereiftem Hartk\u00e4se, aber auch zu einer guten Herbstjagd.<\/p>\n<p><strong>Zutaten: Schwarze Johannisbeere (63%), Zucker, Pektin.<\/strong><\/p>\n<p><strong>Inhalt: 345g<\/strong><\/p>\n<p>&nbsp;<\/p>\n","protected":false},"excerpt":{"rendered":"<p>Eine seltene, 100% nat\u00fcrliche Konfit\u00fcre, die von Hand zubereitet und im Kupferkessel gekocht wird, um den authentischen Geschmack von fr\u00fcher wiederzufinden.<\/p>\n","protected":false},"featured_media":8428,"template":"","meta":[],"product_cat":[687],"product_tag":[],"class_list":{"0":"post-7384","1":"product","2":"type-product","3":"status-publish","4":"has-post-thumbnail","6":"product_cat-konfituren-und-brotaufstriche","8":"first","9":"instock","10":"taxable","11":"shipping-taxable","12":"purchasable","13":"product-type-simple"},"yoast_head":"<!-- This site is optimized with the Yoast SEO plugin v27.2 - https:\/\/yoast.com\/product\/yoast-seo-wordpress\/ -->\n<title>Konfit\u00fcre aus Schwarzen Johannisbeeren nach alter Art<\/title>\n<meta name=\"description\" content=\"Eine seltene, 100% nat\u00fcrliche Konfit\u00fcre, die von Hand zubereitet und im Kupferkessel gekocht wird, um den authentischen Geschmack von fr\u00fcher wiederzufinden.\" \/>\n<meta name=\"robots\" content=\"index, follow, max-snippet:-1, max-image-preview:large, max-video-preview:-1\" \/>\n<link rel=\"canonical\" href=\"http:\/\/www.lesdelicesdeprovence.ch\/de\/produits\/konfituere-aus-schwarzen-johannisbeeren-nach-alter-art\/\" \/>\n<meta property=\"og:locale\" content=\"de_DE\" \/>\n<meta property=\"og:type\" content=\"article\" \/>\n<meta property=\"og:title\" content=\"Konfit\u00fcre aus Schwarzen Johannisbeeren nach alter Art\" \/>\n<meta property=\"og:description\" content=\"Eine seltene, 100% nat\u00fcrliche Konfit\u00fcre, die von Hand zubereitet und im Kupferkessel gekocht wird, um den authentischen Geschmack von fr\u00fcher wiederzufinden.\" \/>\n<meta property=\"og:url\" content=\"http:\/\/www.lesdelicesdeprovence.ch\/de\/produits\/konfituere-aus-schwarzen-johannisbeeren-nach-alter-art\/\" \/>\n<meta property=\"og:site_name\" content=\"Les D\u00e9lices de Provence\" \/>\n<meta property=\"article:modified_time\" content=\"2026-04-13T12:40:24+00:00\" \/>\n<meta property=\"og:image\" content=\"https:\/\/www.lesdelicesdeprovence.ch\/wp-content\/uploads\/2022\/07\/IMG_6333.jpg\" \/>\n\t<meta property=\"og:image:width\" content=\"2135\" \/>\n\t<meta property=\"og:image:height\" content=\"2554\" \/>\n\t<meta property=\"og:image:type\" content=\"image\/jpeg\" \/>\n<meta name=\"twitter:card\" content=\"summary_large_image\" \/>\n<meta name=\"twitter:label1\" content=\"Gesch\u00e4tzte Lesezeit\" \/>\n\t<meta name=\"twitter:data1\" content=\"1\u00a0Minute\" \/>\n<script type=\"application\/ld+json\" class=\"yoast-schema-graph\">{\"@context\":\"https:\/\/schema.org\",\"@graph\":[{\"@type\":\"WebPage\",\"@id\":\"http:\/\/www.lesdelicesdeprovence.ch\/de\/produits\/konfituere-aus-schwarzen-johannisbeeren-nach-alter-art\/\",\"url\":\"http:\/\/www.lesdelicesdeprovence.ch\/de\/produits\/konfituere-aus-schwarzen-johannisbeeren-nach-alter-art\/\",\"name\":\"Konfit\u00fcre aus Schwarzen Johannisbeeren nach alter Art\",\"isPartOf\":{\"@id\":\"https:\/\/www.lesdelicesdeprovence.ch\/de\/#website\"},\"primaryImageOfPage\":{\"@id\":\"http:\/\/www.lesdelicesdeprovence.ch\/de\/produits\/konfituere-aus-schwarzen-johannisbeeren-nach-alter-art\/#primaryimage\"},\"image\":{\"@id\":\"http:\/\/www.lesdelicesdeprovence.ch\/de\/produits\/konfituere-aus-schwarzen-johannisbeeren-nach-alter-art\/#primaryimage\"},\"thumbnailUrl\":\"http:\/\/www.lesdelicesdeprovence.ch\/wp-content\/uploads\/2022\/07\/IMG_6333.jpg\",\"datePublished\":\"2022-07-12T09:23:55+00:00\",\"dateModified\":\"2026-04-13T12:40:24+00:00\",\"description\":\"Eine seltene, 100% nat\u00fcrliche Konfit\u00fcre, die von Hand zubereitet und im Kupferkessel gekocht wird, um den authentischen Geschmack von fr\u00fcher wiederzufinden.\",\"breadcrumb\":{\"@id\":\"http:\/\/www.lesdelicesdeprovence.ch\/de\/produits\/konfituere-aus-schwarzen-johannisbeeren-nach-alter-art\/#breadcrumb\"},\"inLanguage\":\"de\",\"potentialAction\":[{\"@type\":\"ReadAction\",\"target\":[\"http:\/\/www.lesdelicesdeprovence.ch\/de\/produits\/konfituere-aus-schwarzen-johannisbeeren-nach-alter-art\/\"]}]},{\"@type\":\"ImageObject\",\"inLanguage\":\"de\",\"@id\":\"http:\/\/www.lesdelicesdeprovence.ch\/de\/produits\/konfituere-aus-schwarzen-johannisbeeren-nach-alter-art\/#primaryimage\",\"url\":\"http:\/\/www.lesdelicesdeprovence.ch\/wp-content\/uploads\/2022\/07\/IMG_6333.jpg\",\"contentUrl\":\"http:\/\/www.lesdelicesdeprovence.ch\/wp-content\/uploads\/2022\/07\/IMG_6333.jpg\",\"width\":2135,\"height\":2554},{\"@type\":\"BreadcrumbList\",\"@id\":\"http:\/\/www.lesdelicesdeprovence.ch\/de\/produits\/konfituere-aus-schwarzen-johannisbeeren-nach-alter-art\/#breadcrumb\",\"itemListElement\":[{\"@type\":\"ListItem\",\"position\":1,\"name\":\"Accoglienza\",\"item\":\"https:\/\/www.lesdelicesdeprovence.ch\/de\/\"},{\"@type\":\"ListItem\",\"position\":2,\"name\":\"Shop\",\"item\":\"https:\/\/www.lesdelicesdeprovence.ch\/de\/geschaeft\/\"},{\"@type\":\"ListItem\",\"position\":3,\"name\":\"Konfit\u00fcre aus Schwarzen Johannisbeeren nach alter Art\"}]},{\"@type\":\"WebSite\",\"@id\":\"https:\/\/www.lesdelicesdeprovence.ch\/de\/#website\",\"url\":\"https:\/\/www.lesdelicesdeprovence.ch\/de\/\",\"name\":\"Les D\u00e9lices de Provence\",\"description\":\"Epicerie fine en ligne\",\"potentialAction\":[{\"@type\":\"SearchAction\",\"target\":{\"@type\":\"EntryPoint\",\"urlTemplate\":\"https:\/\/www.lesdelicesdeprovence.ch\/de\/?s={search_term_string}\"},\"query-input\":{\"@type\":\"PropertyValueSpecification\",\"valueRequired\":true,\"valueName\":\"search_term_string\"}}],\"inLanguage\":\"de\"}]}<\/script>\n<!-- \/ Yoast SEO plugin. -->","yoast_head_json":{"title":"Konfit\u00fcre aus Schwarzen Johannisbeeren nach alter Art","description":"Eine seltene, 100% nat\u00fcrliche Konfit\u00fcre, die von Hand zubereitet und im Kupferkessel gekocht wird, um den authentischen Geschmack von fr\u00fcher wiederzufinden.","robots":{"index":"index","follow":"follow","max-snippet":"max-snippet:-1","max-image-preview":"max-image-preview:large","max-video-preview":"max-video-preview:-1"},"canonical":"http:\/\/www.lesdelicesdeprovence.ch\/de\/produits\/konfituere-aus-schwarzen-johannisbeeren-nach-alter-art\/","og_locale":"de_DE","og_type":"article","og_title":"Konfit\u00fcre aus Schwarzen Johannisbeeren nach alter Art","og_description":"Eine seltene, 100% nat\u00fcrliche Konfit\u00fcre, die von Hand zubereitet und im Kupferkessel gekocht wird, um den authentischen Geschmack von fr\u00fcher wiederzufinden.","og_url":"http:\/\/www.lesdelicesdeprovence.ch\/de\/produits\/konfituere-aus-schwarzen-johannisbeeren-nach-alter-art\/","og_site_name":"Les D\u00e9lices de Provence","article_modified_time":"2026-04-13T12:40:24+00:00","og_image":[{"width":2135,"height":2554,"url":"https:\/\/www.lesdelicesdeprovence.ch\/wp-content\/uploads\/2022\/07\/IMG_6333.jpg","type":"image\/jpeg"}],"twitter_card":"summary_large_image","twitter_misc":{"Gesch\u00e4tzte Lesezeit":"1\u00a0Minute"},"schema":{"@context":"https:\/\/schema.org","@graph":[{"@type":"WebPage","@id":"http:\/\/www.lesdelicesdeprovence.ch\/de\/produits\/konfituere-aus-schwarzen-johannisbeeren-nach-alter-art\/","url":"http:\/\/www.lesdelicesdeprovence.ch\/de\/produits\/konfituere-aus-schwarzen-johannisbeeren-nach-alter-art\/","name":"Konfit\u00fcre aus Schwarzen Johannisbeeren nach alter Art","isPartOf":{"@id":"https:\/\/www.lesdelicesdeprovence.ch\/de\/#website"},"primaryImageOfPage":{"@id":"http:\/\/www.lesdelicesdeprovence.ch\/de\/produits\/konfituere-aus-schwarzen-johannisbeeren-nach-alter-art\/#primaryimage"},"image":{"@id":"http:\/\/www.lesdelicesdeprovence.ch\/de\/produits\/konfituere-aus-schwarzen-johannisbeeren-nach-alter-art\/#primaryimage"},"thumbnailUrl":"http:\/\/www.lesdelicesdeprovence.ch\/wp-content\/uploads\/2022\/07\/IMG_6333.jpg","datePublished":"2022-07-12T09:23:55+00:00","dateModified":"2026-04-13T12:40:24+00:00","description":"Eine seltene, 100% nat\u00fcrliche Konfit\u00fcre, die von Hand zubereitet und im Kupferkessel gekocht wird, um den authentischen Geschmack von fr\u00fcher wiederzufinden.","breadcrumb":{"@id":"http:\/\/www.lesdelicesdeprovence.ch\/de\/produits\/konfituere-aus-schwarzen-johannisbeeren-nach-alter-art\/#breadcrumb"},"inLanguage":"de","potentialAction":[{"@type":"ReadAction","target":["http:\/\/www.lesdelicesdeprovence.ch\/de\/produits\/konfituere-aus-schwarzen-johannisbeeren-nach-alter-art\/"]}]},{"@type":"ImageObject","inLanguage":"de","@id":"http:\/\/www.lesdelicesdeprovence.ch\/de\/produits\/konfituere-aus-schwarzen-johannisbeeren-nach-alter-art\/#primaryimage","url":"http:\/\/www.lesdelicesdeprovence.ch\/wp-content\/uploads\/2022\/07\/IMG_6333.jpg","contentUrl":"http:\/\/www.lesdelicesdeprovence.ch\/wp-content\/uploads\/2022\/07\/IMG_6333.jpg","width":2135,"height":2554},{"@type":"BreadcrumbList","@id":"http:\/\/www.lesdelicesdeprovence.ch\/de\/produits\/konfituere-aus-schwarzen-johannisbeeren-nach-alter-art\/#breadcrumb","itemListElement":[{"@type":"ListItem","position":1,"name":"Accoglienza","item":"https:\/\/www.lesdelicesdeprovence.ch\/de\/"},{"@type":"ListItem","position":2,"name":"Shop","item":"https:\/\/www.lesdelicesdeprovence.ch\/de\/geschaeft\/"},{"@type":"ListItem","position":3,"name":"Konfit\u00fcre aus Schwarzen Johannisbeeren nach alter Art"}]},{"@type":"WebSite","@id":"https:\/\/www.lesdelicesdeprovence.ch\/de\/#website","url":"https:\/\/www.lesdelicesdeprovence.ch\/de\/","name":"Les D\u00e9lices de Provence","description":"Epicerie fine en ligne","potentialAction":[{"@type":"SearchAction","target":{"@type":"EntryPoint","urlTemplate":"https:\/\/www.lesdelicesdeprovence.ch\/de\/?s={search_term_string}"},"query-input":{"@type":"PropertyValueSpecification","valueRequired":true,"valueName":"search_term_string"}}],"inLanguage":"de"}]}},"_links":{"self":[{"href":"http:\/\/www.lesdelicesdeprovence.ch\/de\/wp-json\/wp\/v2\/product\/7384","targetHints":{"allow":["GET"]}}],"collection":[{"href":"http:\/\/www.lesdelicesdeprovence.ch\/de\/wp-json\/wp\/v2\/product"}],"about":[{"href":"http:\/\/www.lesdelicesdeprovence.ch\/de\/wp-json\/wp\/v2\/types\/product"}],"version-history":[{"count":4,"href":"http:\/\/www.lesdelicesdeprovence.ch\/de\/wp-json\/wp\/v2\/product\/7384\/revisions"}],"predecessor-version":[{"id":13052,"href":"http:\/\/www.lesdelicesdeprovence.ch\/de\/wp-json\/wp\/v2\/product\/7384\/revisions\/13052"}],"wp:featuredmedia":[{"embeddable":true,"href":"http:\/\/www.lesdelicesdeprovence.ch\/de\/wp-json\/wp\/v2\/media\/8428"}],"wp:attachment":[{"href":"http:\/\/www.lesdelicesdeprovence.ch\/de\/wp-json\/wp\/v2\/media?parent=7384"}],"wp:term":[{"taxonomy":"product_cat","embeddable":true,"href":"http:\/\/www.lesdelicesdeprovence.ch\/de\/wp-json\/wp\/v2\/product_cat?post=7384"},{"taxonomy":"product_tag","embeddable":true,"href":"http:\/\/www.lesdelicesdeprovence.ch\/de\/wp-json\/wp\/v2\/product_tag?post=7384"}],"curies":[{"name":"wp","href":"https:\/\/api.w.org\/{rel}","templated":true}]}}