{"id":7394,"date":"2022-08-29T10:40:02","date_gmt":"2022-08-29T10:40:02","guid":{"rendered":"https:\/\/www.aromeprod2.com\/?post_type=product&#038;p=7394"},"modified":"2025-05-11T17:22:55","modified_gmt":"2025-05-11T17:22:55","slug":"zwiebelkonfit-mit-feige","status":"publish","type":"product","link":"http:\/\/www.lesdelicesdeprovence.ch\/de\/produits\/zwiebelkonfit-mit-feige\/","title":{"rendered":"Zwiebelkonfit mit Feige"},"content":{"rendered":"<p>Ein provenzalisches Feinkostgesch\u00e4ft, das diesen Namen verdient, muss ein Zwiebelconfit von h\u00f6chster Qualit\u00e4t anbieten. Unsere Wahl fiel nach sorgf\u00e4ltiger Recherche auf dieses Produkt, das wir in einem Familienbetrieb im Herzen der Provence gefunden haben, da es einen authentischen Geschmack hat, die Herstellungsverfahren und die Qualit\u00e4t der Zutaten, aus denen es besteht.<\/p>\n<p>Ein Produkt, das \u00fcbrigens zu sehr vielen Gerichten passt, vor allem zu K\u00e4se oder Foie gras.<\/p>\n<p><strong>Zutaten: Zwiebel, getrocknete Feige, Oliven\u00f6l, Zitronensaft, Basilikum, Salz, Pfeffer.<\/strong><\/p>\n<p><strong>Inhalt: 90g<\/strong><\/p>\n<p>&nbsp;<\/p>\n","protected":false},"excerpt":{"rendered":"<p>Dieses Zwiebelconfit ist ein authentisches provenzalisches Rezept und wird in Handarbeit aus Zwiebeln und Feigen hergestellt, die in einem provenzalischen Familienbetrieb von Hand geerntet werden.<\/p>\n<p>Ein s\u00fc\u00dfes und salziges Vergn\u00fcgen!<\/p>\n","protected":false},"featured_media":13056,"template":"","meta":[],"product_cat":[228],"product_tag":[],"class_list":{"0":"post-7394","1":"product","2":"type-product","3":"status-publish","4":"has-post-thumbnail","6":"product_cat-kandiert-und-chutneys","8":"first","9":"instock","10":"sale","11":"taxable","12":"shipping-taxable","13":"purchasable","14":"product-type-simple"},"yoast_head":"<!-- This site is optimized with the Yoast SEO plugin v27.2 - https:\/\/yoast.com\/product\/yoast-seo-wordpress\/ -->\n<title>Zwiebelkonfit mit Feige<\/title>\n<meta name=\"description\" content=\"Dieses Zwiebelconfit ist ein authentisches provenzalisches Rezept und wird in Handarbeit aus Zwiebeln und Feigen hergestellt, die in einem provenzalischen Familienbetrieb von Hand geerntet werden. Ein s\u00fc\u00dfes und salziges Vergn\u00fcgen!\" \/>\n<meta name=\"robots\" content=\"index, follow, max-snippet:-1, max-image-preview:large, max-video-preview:-1\" \/>\n<link rel=\"canonical\" href=\"http:\/\/www.lesdelicesdeprovence.ch\/de\/produits\/zwiebelkonfit-mit-feige\/\" \/>\n<meta property=\"og:locale\" content=\"de_DE\" \/>\n<meta property=\"og:type\" content=\"article\" \/>\n<meta property=\"og:title\" content=\"Zwiebelkonfit mit Feige\" \/>\n<meta property=\"og:description\" content=\"Dieses Zwiebelconfit ist ein authentisches provenzalisches Rezept und wird in Handarbeit aus Zwiebeln und Feigen hergestellt, die in einem provenzalischen Familienbetrieb von Hand geerntet werden. Ein s\u00fc\u00dfes und salziges Vergn\u00fcgen!\" \/>\n<meta property=\"og:url\" content=\"http:\/\/www.lesdelicesdeprovence.ch\/de\/produits\/zwiebelkonfit-mit-feige\/\" \/>\n<meta property=\"og:site_name\" content=\"Les D\u00e9lices de Provence\" \/>\n<meta property=\"article:modified_time\" content=\"2025-05-11T17:22:55+00:00\" \/>\n<meta property=\"og:image\" content=\"https:\/\/www.lesdelicesdeprovence.ch\/wp-content\/uploads\/2022\/08\/IMG_6183.jpg\" \/>\n\t<meta property=\"og:image:width\" content=\"2443\" \/>\n\t<meta property=\"og:image:height\" content=\"2488\" \/>\n\t<meta property=\"og:image:type\" content=\"image\/jpeg\" \/>\n<meta name=\"twitter:card\" content=\"summary_large_image\" \/>\n<script type=\"application\/ld+json\" class=\"yoast-schema-graph\">{\"@context\":\"https:\/\/schema.org\",\"@graph\":[{\"@type\":\"WebPage\",\"@id\":\"http:\/\/www.lesdelicesdeprovence.ch\/de\/produits\/zwiebelkonfit-mit-feige\/\",\"url\":\"http:\/\/www.lesdelicesdeprovence.ch\/de\/produits\/zwiebelkonfit-mit-feige\/\",\"name\":\"Zwiebelkonfit mit Feige\",\"isPartOf\":{\"@id\":\"https:\/\/www.lesdelicesdeprovence.ch\/de\/#website\"},\"primaryImageOfPage\":{\"@id\":\"http:\/\/www.lesdelicesdeprovence.ch\/de\/produits\/zwiebelkonfit-mit-feige\/#primaryimage\"},\"image\":{\"@id\":\"http:\/\/www.lesdelicesdeprovence.ch\/de\/produits\/zwiebelkonfit-mit-feige\/#primaryimage\"},\"thumbnailUrl\":\"http:\/\/www.lesdelicesdeprovence.ch\/wp-content\/uploads\/2022\/08\/IMG_6183.jpg\",\"datePublished\":\"2022-08-29T10:40:02+00:00\",\"dateModified\":\"2025-05-11T17:22:55+00:00\",\"description\":\"Dieses Zwiebelconfit ist ein authentisches provenzalisches Rezept und wird in Handarbeit aus Zwiebeln und Feigen hergestellt, die in einem provenzalischen Familienbetrieb von Hand geerntet werden. Ein s\u00fc\u00dfes und salziges Vergn\u00fcgen!\",\"breadcrumb\":{\"@id\":\"http:\/\/www.lesdelicesdeprovence.ch\/de\/produits\/zwiebelkonfit-mit-feige\/#breadcrumb\"},\"inLanguage\":\"de\",\"potentialAction\":[{\"@type\":\"ReadAction\",\"target\":[\"http:\/\/www.lesdelicesdeprovence.ch\/de\/produits\/zwiebelkonfit-mit-feige\/\"]}]},{\"@type\":\"ImageObject\",\"inLanguage\":\"de\",\"@id\":\"http:\/\/www.lesdelicesdeprovence.ch\/de\/produits\/zwiebelkonfit-mit-feige\/#primaryimage\",\"url\":\"http:\/\/www.lesdelicesdeprovence.ch\/wp-content\/uploads\/2022\/08\/IMG_6183.jpg\",\"contentUrl\":\"http:\/\/www.lesdelicesdeprovence.ch\/wp-content\/uploads\/2022\/08\/IMG_6183.jpg\",\"width\":2443,\"height\":2488},{\"@type\":\"BreadcrumbList\",\"@id\":\"http:\/\/www.lesdelicesdeprovence.ch\/de\/produits\/zwiebelkonfit-mit-feige\/#breadcrumb\",\"itemListElement\":[{\"@type\":\"ListItem\",\"position\":1,\"name\":\"Accoglienza\",\"item\":\"http:\/\/www.lesdelicesdeprovence.ch\/de\/\"},{\"@type\":\"ListItem\",\"position\":2,\"name\":\"Shop\",\"item\":\"http:\/\/www.lesdelicesdeprovence.ch\/de\/geschaeft\/\"},{\"@type\":\"ListItem\",\"position\":3,\"name\":\"Zwiebelkonfit mit Feige\"}]},{\"@type\":\"WebSite\",\"@id\":\"https:\/\/www.lesdelicesdeprovence.ch\/de\/#website\",\"url\":\"https:\/\/www.lesdelicesdeprovence.ch\/de\/\",\"name\":\"Les D\u00e9lices de Provence\",\"description\":\"Epicerie fine en ligne\",\"potentialAction\":[{\"@type\":\"SearchAction\",\"target\":{\"@type\":\"EntryPoint\",\"urlTemplate\":\"https:\/\/www.lesdelicesdeprovence.ch\/de\/?s={search_term_string}\"},\"query-input\":{\"@type\":\"PropertyValueSpecification\",\"valueRequired\":true,\"valueName\":\"search_term_string\"}}],\"inLanguage\":\"de\"}]}<\/script>\n<!-- \/ Yoast SEO plugin. -->","yoast_head_json":{"title":"Zwiebelkonfit mit Feige","description":"Dieses Zwiebelconfit ist ein authentisches provenzalisches Rezept und wird in Handarbeit aus Zwiebeln und Feigen hergestellt, die in einem provenzalischen Familienbetrieb von Hand geerntet werden. Ein s\u00fc\u00dfes und salziges Vergn\u00fcgen!","robots":{"index":"index","follow":"follow","max-snippet":"max-snippet:-1","max-image-preview":"max-image-preview:large","max-video-preview":"max-video-preview:-1"},"canonical":"http:\/\/www.lesdelicesdeprovence.ch\/de\/produits\/zwiebelkonfit-mit-feige\/","og_locale":"de_DE","og_type":"article","og_title":"Zwiebelkonfit mit Feige","og_description":"Dieses Zwiebelconfit ist ein authentisches provenzalisches Rezept und wird in Handarbeit aus Zwiebeln und Feigen hergestellt, die in einem provenzalischen Familienbetrieb von Hand geerntet werden. Ein s\u00fc\u00dfes und salziges Vergn\u00fcgen!","og_url":"http:\/\/www.lesdelicesdeprovence.ch\/de\/produits\/zwiebelkonfit-mit-feige\/","og_site_name":"Les D\u00e9lices de Provence","article_modified_time":"2025-05-11T17:22:55+00:00","og_image":[{"width":2443,"height":2488,"url":"https:\/\/www.lesdelicesdeprovence.ch\/wp-content\/uploads\/2022\/08\/IMG_6183.jpg","type":"image\/jpeg"}],"twitter_card":"summary_large_image","schema":{"@context":"https:\/\/schema.org","@graph":[{"@type":"WebPage","@id":"http:\/\/www.lesdelicesdeprovence.ch\/de\/produits\/zwiebelkonfit-mit-feige\/","url":"http:\/\/www.lesdelicesdeprovence.ch\/de\/produits\/zwiebelkonfit-mit-feige\/","name":"Zwiebelkonfit mit Feige","isPartOf":{"@id":"https:\/\/www.lesdelicesdeprovence.ch\/de\/#website"},"primaryImageOfPage":{"@id":"http:\/\/www.lesdelicesdeprovence.ch\/de\/produits\/zwiebelkonfit-mit-feige\/#primaryimage"},"image":{"@id":"http:\/\/www.lesdelicesdeprovence.ch\/de\/produits\/zwiebelkonfit-mit-feige\/#primaryimage"},"thumbnailUrl":"http:\/\/www.lesdelicesdeprovence.ch\/wp-content\/uploads\/2022\/08\/IMG_6183.jpg","datePublished":"2022-08-29T10:40:02+00:00","dateModified":"2025-05-11T17:22:55+00:00","description":"Dieses Zwiebelconfit ist ein authentisches provenzalisches Rezept und wird in Handarbeit aus Zwiebeln und Feigen hergestellt, die in einem provenzalischen Familienbetrieb von Hand geerntet werden. Ein s\u00fc\u00dfes und salziges Vergn\u00fcgen!","breadcrumb":{"@id":"http:\/\/www.lesdelicesdeprovence.ch\/de\/produits\/zwiebelkonfit-mit-feige\/#breadcrumb"},"inLanguage":"de","potentialAction":[{"@type":"ReadAction","target":["http:\/\/www.lesdelicesdeprovence.ch\/de\/produits\/zwiebelkonfit-mit-feige\/"]}]},{"@type":"ImageObject","inLanguage":"de","@id":"http:\/\/www.lesdelicesdeprovence.ch\/de\/produits\/zwiebelkonfit-mit-feige\/#primaryimage","url":"http:\/\/www.lesdelicesdeprovence.ch\/wp-content\/uploads\/2022\/08\/IMG_6183.jpg","contentUrl":"http:\/\/www.lesdelicesdeprovence.ch\/wp-content\/uploads\/2022\/08\/IMG_6183.jpg","width":2443,"height":2488},{"@type":"BreadcrumbList","@id":"http:\/\/www.lesdelicesdeprovence.ch\/de\/produits\/zwiebelkonfit-mit-feige\/#breadcrumb","itemListElement":[{"@type":"ListItem","position":1,"name":"Accoglienza","item":"http:\/\/www.lesdelicesdeprovence.ch\/de\/"},{"@type":"ListItem","position":2,"name":"Shop","item":"http:\/\/www.lesdelicesdeprovence.ch\/de\/geschaeft\/"},{"@type":"ListItem","position":3,"name":"Zwiebelkonfit mit Feige"}]},{"@type":"WebSite","@id":"https:\/\/www.lesdelicesdeprovence.ch\/de\/#website","url":"https:\/\/www.lesdelicesdeprovence.ch\/de\/","name":"Les D\u00e9lices de Provence","description":"Epicerie fine en ligne","potentialAction":[{"@type":"SearchAction","target":{"@type":"EntryPoint","urlTemplate":"https:\/\/www.lesdelicesdeprovence.ch\/de\/?s={search_term_string}"},"query-input":{"@type":"PropertyValueSpecification","valueRequired":true,"valueName":"search_term_string"}}],"inLanguage":"de"}]}},"_links":{"self":[{"href":"http:\/\/www.lesdelicesdeprovence.ch\/de\/wp-json\/wp\/v2\/product\/7394","targetHints":{"allow":["GET"]}}],"collection":[{"href":"http:\/\/www.lesdelicesdeprovence.ch\/de\/wp-json\/wp\/v2\/product"}],"about":[{"href":"http:\/\/www.lesdelicesdeprovence.ch\/de\/wp-json\/wp\/v2\/types\/product"}],"version-history":[{"count":4,"href":"http:\/\/www.lesdelicesdeprovence.ch\/de\/wp-json\/wp\/v2\/product\/7394\/revisions"}],"predecessor-version":[{"id":13057,"href":"http:\/\/www.lesdelicesdeprovence.ch\/de\/wp-json\/wp\/v2\/product\/7394\/revisions\/13057"}],"wp:featuredmedia":[{"embeddable":true,"href":"http:\/\/www.lesdelicesdeprovence.ch\/de\/wp-json\/wp\/v2\/media\/13056"}],"wp:attachment":[{"href":"http:\/\/www.lesdelicesdeprovence.ch\/de\/wp-json\/wp\/v2\/media?parent=7394"}],"wp:term":[{"taxonomy":"product_cat","embeddable":true,"href":"http:\/\/www.lesdelicesdeprovence.ch\/de\/wp-json\/wp\/v2\/product_cat?post=7394"},{"taxonomy":"product_tag","embeddable":true,"href":"http:\/\/www.lesdelicesdeprovence.ch\/de\/wp-json\/wp\/v2\/product_tag?post=7394"}],"curies":[{"name":"wp","href":"https:\/\/api.w.org\/{rel}","templated":true}]}}