{"id":7440,"date":"2022-08-29T16:56:11","date_gmt":"2022-08-29T16:56:11","guid":{"rendered":"https:\/\/www.aromeprod2.com\/?post_type=product&#038;p=7440"},"modified":"2022-09-26T15:51:55","modified_gmt":"2022-09-26T15:51:55","slug":"akazienhonig-mit-trueffel","status":"publish","type":"product","link":"http:\/\/www.lesdelicesdeprovence.ch\/de\/produits\/akazienhonig-mit-trueffel\/","title":{"rendered":"Akazienhonig mit Tr\u00fcffel"},"content":{"rendered":"<p>Der Akazienhonig mit Tr\u00fcffel ist eine echte kulinarische Entdeckung. Seine S\u00fc\u00dfe und Raffinesse werden Sie sicherlich in Erstaunen versetzen.<\/p>\n<p>Die zunehmende Seltenheit von hochwertigem Akazienhonig in Verbindung mit h\u00fcbschen St\u00fccken von wei\u00dfen Sommertr\u00fcffeln, die lange darin mazerieren, verleihen diesem Produkt einen prestigetr\u00e4chtigen und raffinierten Charakter, der die Geschmacksknospen von Feinschmeckern mit Sinn f\u00fcr Epikureer entz\u00fccken wird.<\/p>\n<p>Es eignet sich hervorragend f\u00fcr die Zubereitung von s\u00fc\u00dfen Speisen oder Rezepten, aber auch f\u00fcr herzhafte Gerichte (Gefl\u00fcgel, Ente &#8230;).<\/p>\n<p>Dieses seltene und originelle Produkt wird besonders von Liebhabern s\u00fc\u00df\/salzig gesch\u00e4tzt, die es beispielsweise gerne mit frischem Ziegenk\u00e4se, insbesondere in Salaten, kombinieren werden.<\/p>\n<p><strong>Zutaten: Akazienhonig 99,6%, Sommertr\u00fcffel (Tuber aestivum Vitt) 0,2%, nat\u00fcrliche Aromen.<\/strong><\/p>\n<p><strong>Inhalt: 100g<\/strong><\/p>\n<p>&nbsp;<\/p>\n","protected":false},"excerpt":{"rendered":"<p>Wenn Sie Tr\u00fcffel und S\u00fc\u00dfes und Salziges m\u00f6gen, ist dieser Akazienhonig mit Tr\u00fcffel genau das Richtige f\u00fcr Sie!<\/p>\n<p>Ein wahrer Genuss f\u00fcr Feinschmecker, wenn Sie ihn zu K\u00e4se servieren.<\/p>\n","protected":false},"featured_media":7438,"template":"","meta":[],"product_cat":[219],"product_tag":[],"class_list":{"0":"post-7440","1":"product","2":"type-product","3":"status-publish","4":"has-post-thumbnail","6":"product_cat-rund-um-den-bienenstock","8":"first","9":"instock","10":"taxable","11":"shipping-taxable","12":"purchasable","13":"product-type-simple"},"yoast_head":"<!-- This site is optimized with the Yoast SEO plugin v27.2 - https:\/\/yoast.com\/product\/yoast-seo-wordpress\/ -->\n<title>Akazienhonig mit Tr\u00fcffel<\/title>\n<meta name=\"description\" content=\"Wenn Sie Tr\u00fcffel und S\u00fc\u00dfes und Salziges m\u00f6gen, ist dieser Akazienhonig mit Tr\u00fcffel genau das Richtige f\u00fcr Sie!Ein wahrer Genuss f\u00fcr Feinschmecker, wenn Sie ihn zu K\u00e4se servieren.\" \/>\n<meta name=\"robots\" content=\"index, follow, max-snippet:-1, max-image-preview:large, max-video-preview:-1\" \/>\n<link rel=\"canonical\" href=\"http:\/\/www.lesdelicesdeprovence.ch\/de\/produits\/akazienhonig-mit-trueffel\/\" \/>\n<meta property=\"og:locale\" content=\"de_DE\" \/>\n<meta property=\"og:type\" content=\"article\" \/>\n<meta property=\"og:title\" content=\"Akazienhonig mit Tr\u00fcffel\" \/>\n<meta property=\"og:description\" content=\"Wenn Sie Tr\u00fcffel und S\u00fc\u00dfes und Salziges m\u00f6gen, ist dieser Akazienhonig mit Tr\u00fcffel genau das Richtige f\u00fcr Sie!Ein wahrer Genuss f\u00fcr Feinschmecker, wenn Sie ihn zu K\u00e4se servieren.\" \/>\n<meta property=\"og:url\" content=\"http:\/\/www.lesdelicesdeprovence.ch\/de\/produits\/akazienhonig-mit-trueffel\/\" \/>\n<meta property=\"og:site_name\" content=\"Les D\u00e9lices de Provence\" \/>\n<meta property=\"article:modified_time\" content=\"2022-09-26T15:51:55+00:00\" \/>\n<meta property=\"og:image\" content=\"http:\/\/www.lesdelicesdeprovence.ch\/wp-content\/uploads\/2022\/08\/IMG_6349.jpg\" \/>\n\t<meta property=\"og:image:width\" content=\"1846\" \/>\n\t<meta property=\"og:image:height\" content=\"1780\" \/>\n\t<meta property=\"og:image:type\" content=\"image\/jpeg\" \/>\n<meta name=\"twitter:card\" content=\"summary_large_image\" \/>\n<meta name=\"twitter:label1\" content=\"Gesch\u00e4tzte Lesezeit\" \/>\n\t<meta name=\"twitter:data1\" content=\"1\u00a0Minute\" \/>\n<script type=\"application\/ld+json\" class=\"yoast-schema-graph\">{\"@context\":\"https:\/\/schema.org\",\"@graph\":[{\"@type\":\"WebPage\",\"@id\":\"http:\/\/www.lesdelicesdeprovence.ch\/de\/produits\/akazienhonig-mit-trueffel\/\",\"url\":\"http:\/\/www.lesdelicesdeprovence.ch\/de\/produits\/akazienhonig-mit-trueffel\/\",\"name\":\"Akazienhonig mit Tr\u00fcffel\",\"isPartOf\":{\"@id\":\"https:\/\/www.lesdelicesdeprovence.ch\/de\/#website\"},\"primaryImageOfPage\":{\"@id\":\"http:\/\/www.lesdelicesdeprovence.ch\/de\/produits\/akazienhonig-mit-trueffel\/#primaryimage\"},\"image\":{\"@id\":\"http:\/\/www.lesdelicesdeprovence.ch\/de\/produits\/akazienhonig-mit-trueffel\/#primaryimage\"},\"thumbnailUrl\":\"http:\/\/www.lesdelicesdeprovence.ch\/wp-content\/uploads\/2022\/08\/IMG_6349.jpg\",\"datePublished\":\"2022-08-29T16:56:11+00:00\",\"dateModified\":\"2022-09-26T15:51:55+00:00\",\"description\":\"Wenn Sie Tr\u00fcffel und S\u00fc\u00dfes und Salziges m\u00f6gen, ist dieser Akazienhonig mit Tr\u00fcffel genau das Richtige f\u00fcr Sie!Ein wahrer Genuss f\u00fcr Feinschmecker, wenn Sie ihn zu K\u00e4se servieren.\",\"breadcrumb\":{\"@id\":\"http:\/\/www.lesdelicesdeprovence.ch\/de\/produits\/akazienhonig-mit-trueffel\/#breadcrumb\"},\"inLanguage\":\"de\",\"potentialAction\":[{\"@type\":\"ReadAction\",\"target\":[\"http:\/\/www.lesdelicesdeprovence.ch\/de\/produits\/akazienhonig-mit-trueffel\/\"]}]},{\"@type\":\"ImageObject\",\"inLanguage\":\"de\",\"@id\":\"http:\/\/www.lesdelicesdeprovence.ch\/de\/produits\/akazienhonig-mit-trueffel\/#primaryimage\",\"url\":\"http:\/\/www.lesdelicesdeprovence.ch\/wp-content\/uploads\/2022\/08\/IMG_6349.jpg\",\"contentUrl\":\"http:\/\/www.lesdelicesdeprovence.ch\/wp-content\/uploads\/2022\/08\/IMG_6349.jpg\",\"width\":1846,\"height\":1780},{\"@type\":\"BreadcrumbList\",\"@id\":\"http:\/\/www.lesdelicesdeprovence.ch\/de\/produits\/akazienhonig-mit-trueffel\/#breadcrumb\",\"itemListElement\":[{\"@type\":\"ListItem\",\"position\":1,\"name\":\"Accoglienza\",\"item\":\"http:\/\/www.lesdelicesdeprovence.ch\/de\/\"},{\"@type\":\"ListItem\",\"position\":2,\"name\":\"Shop\",\"item\":\"http:\/\/www.lesdelicesdeprovence.ch\/de\/geschaeft\/\"},{\"@type\":\"ListItem\",\"position\":3,\"name\":\"Akazienhonig mit Tr\u00fcffel\"}]},{\"@type\":\"WebSite\",\"@id\":\"https:\/\/www.lesdelicesdeprovence.ch\/de\/#website\",\"url\":\"https:\/\/www.lesdelicesdeprovence.ch\/de\/\",\"name\":\"Les D\u00e9lices de Provence\",\"description\":\"Epicerie fine en ligne\",\"potentialAction\":[{\"@type\":\"SearchAction\",\"target\":{\"@type\":\"EntryPoint\",\"urlTemplate\":\"https:\/\/www.lesdelicesdeprovence.ch\/de\/?s={search_term_string}\"},\"query-input\":{\"@type\":\"PropertyValueSpecification\",\"valueRequired\":true,\"valueName\":\"search_term_string\"}}],\"inLanguage\":\"de\"}]}<\/script>\n<!-- \/ Yoast SEO plugin. -->","yoast_head_json":{"title":"Akazienhonig mit Tr\u00fcffel","description":"Wenn Sie Tr\u00fcffel und S\u00fc\u00dfes und Salziges m\u00f6gen, ist dieser Akazienhonig mit Tr\u00fcffel genau das Richtige f\u00fcr Sie!Ein wahrer Genuss f\u00fcr Feinschmecker, wenn Sie ihn zu K\u00e4se servieren.","robots":{"index":"index","follow":"follow","max-snippet":"max-snippet:-1","max-image-preview":"max-image-preview:large","max-video-preview":"max-video-preview:-1"},"canonical":"http:\/\/www.lesdelicesdeprovence.ch\/de\/produits\/akazienhonig-mit-trueffel\/","og_locale":"de_DE","og_type":"article","og_title":"Akazienhonig mit Tr\u00fcffel","og_description":"Wenn Sie Tr\u00fcffel und S\u00fc\u00dfes und Salziges m\u00f6gen, ist dieser Akazienhonig mit Tr\u00fcffel genau das Richtige f\u00fcr Sie!Ein wahrer Genuss f\u00fcr Feinschmecker, wenn Sie ihn zu K\u00e4se servieren.","og_url":"http:\/\/www.lesdelicesdeprovence.ch\/de\/produits\/akazienhonig-mit-trueffel\/","og_site_name":"Les D\u00e9lices de Provence","article_modified_time":"2022-09-26T15:51:55+00:00","og_image":[{"width":1846,"height":1780,"url":"http:\/\/www.lesdelicesdeprovence.ch\/wp-content\/uploads\/2022\/08\/IMG_6349.jpg","type":"image\/jpeg"}],"twitter_card":"summary_large_image","twitter_misc":{"Gesch\u00e4tzte Lesezeit":"1\u00a0Minute"},"schema":{"@context":"https:\/\/schema.org","@graph":[{"@type":"WebPage","@id":"http:\/\/www.lesdelicesdeprovence.ch\/de\/produits\/akazienhonig-mit-trueffel\/","url":"http:\/\/www.lesdelicesdeprovence.ch\/de\/produits\/akazienhonig-mit-trueffel\/","name":"Akazienhonig mit Tr\u00fcffel","isPartOf":{"@id":"https:\/\/www.lesdelicesdeprovence.ch\/de\/#website"},"primaryImageOfPage":{"@id":"http:\/\/www.lesdelicesdeprovence.ch\/de\/produits\/akazienhonig-mit-trueffel\/#primaryimage"},"image":{"@id":"http:\/\/www.lesdelicesdeprovence.ch\/de\/produits\/akazienhonig-mit-trueffel\/#primaryimage"},"thumbnailUrl":"http:\/\/www.lesdelicesdeprovence.ch\/wp-content\/uploads\/2022\/08\/IMG_6349.jpg","datePublished":"2022-08-29T16:56:11+00:00","dateModified":"2022-09-26T15:51:55+00:00","description":"Wenn Sie Tr\u00fcffel und S\u00fc\u00dfes und Salziges m\u00f6gen, ist dieser Akazienhonig mit Tr\u00fcffel genau das Richtige f\u00fcr Sie!Ein wahrer Genuss f\u00fcr Feinschmecker, wenn Sie ihn zu K\u00e4se servieren.","breadcrumb":{"@id":"http:\/\/www.lesdelicesdeprovence.ch\/de\/produits\/akazienhonig-mit-trueffel\/#breadcrumb"},"inLanguage":"de","potentialAction":[{"@type":"ReadAction","target":["http:\/\/www.lesdelicesdeprovence.ch\/de\/produits\/akazienhonig-mit-trueffel\/"]}]},{"@type":"ImageObject","inLanguage":"de","@id":"http:\/\/www.lesdelicesdeprovence.ch\/de\/produits\/akazienhonig-mit-trueffel\/#primaryimage","url":"http:\/\/www.lesdelicesdeprovence.ch\/wp-content\/uploads\/2022\/08\/IMG_6349.jpg","contentUrl":"http:\/\/www.lesdelicesdeprovence.ch\/wp-content\/uploads\/2022\/08\/IMG_6349.jpg","width":1846,"height":1780},{"@type":"BreadcrumbList","@id":"http:\/\/www.lesdelicesdeprovence.ch\/de\/produits\/akazienhonig-mit-trueffel\/#breadcrumb","itemListElement":[{"@type":"ListItem","position":1,"name":"Accoglienza","item":"http:\/\/www.lesdelicesdeprovence.ch\/de\/"},{"@type":"ListItem","position":2,"name":"Shop","item":"http:\/\/www.lesdelicesdeprovence.ch\/de\/geschaeft\/"},{"@type":"ListItem","position":3,"name":"Akazienhonig mit Tr\u00fcffel"}]},{"@type":"WebSite","@id":"https:\/\/www.lesdelicesdeprovence.ch\/de\/#website","url":"https:\/\/www.lesdelicesdeprovence.ch\/de\/","name":"Les D\u00e9lices de Provence","description":"Epicerie fine en ligne","potentialAction":[{"@type":"SearchAction","target":{"@type":"EntryPoint","urlTemplate":"https:\/\/www.lesdelicesdeprovence.ch\/de\/?s={search_term_string}"},"query-input":{"@type":"PropertyValueSpecification","valueRequired":true,"valueName":"search_term_string"}}],"inLanguage":"de"}]}},"_links":{"self":[{"href":"http:\/\/www.lesdelicesdeprovence.ch\/de\/wp-json\/wp\/v2\/product\/7440","targetHints":{"allow":["GET"]}}],"collection":[{"href":"http:\/\/www.lesdelicesdeprovence.ch\/de\/wp-json\/wp\/v2\/product"}],"about":[{"href":"http:\/\/www.lesdelicesdeprovence.ch\/de\/wp-json\/wp\/v2\/types\/product"}],"version-history":[{"count":2,"href":"http:\/\/www.lesdelicesdeprovence.ch\/de\/wp-json\/wp\/v2\/product\/7440\/revisions"}],"predecessor-version":[{"id":8082,"href":"http:\/\/www.lesdelicesdeprovence.ch\/de\/wp-json\/wp\/v2\/product\/7440\/revisions\/8082"}],"wp:featuredmedia":[{"embeddable":true,"href":"http:\/\/www.lesdelicesdeprovence.ch\/de\/wp-json\/wp\/v2\/media\/7438"}],"wp:attachment":[{"href":"http:\/\/www.lesdelicesdeprovence.ch\/de\/wp-json\/wp\/v2\/media?parent=7440"}],"wp:term":[{"taxonomy":"product_cat","embeddable":true,"href":"http:\/\/www.lesdelicesdeprovence.ch\/de\/wp-json\/wp\/v2\/product_cat?post=7440"},{"taxonomy":"product_tag","embeddable":true,"href":"http:\/\/www.lesdelicesdeprovence.ch\/de\/wp-json\/wp\/v2\/product_tag?post=7440"}],"curies":[{"name":"wp","href":"https:\/\/api.w.org\/{rel}","templated":true}]}}