{"id":7479,"date":"2022-09-02T12:48:04","date_gmt":"2022-09-02T12:48:04","guid":{"rendered":"https:\/\/www.aromeprod2.com\/?post_type=product&#038;p=7479"},"modified":"2023-10-15T14:37:30","modified_gmt":"2023-10-15T14:37:30","slug":"getrueffeltes-olivenoel","status":"publish","type":"product","link":"http:\/\/www.lesdelicesdeprovence.ch\/de\/produits\/getrueffeltes-olivenoel\/","title":{"rendered":"Getr\u00fcffeltes Oliven\u00f6l"},"content":{"rendered":"<p>Mit diesem Wunderwerk m\u00fcssen Sie kein ge\u00fcbter Koch mehr sein, um k\u00f6stliche, raffinierte Gerichte zuzubereiten. Ein paar Tropfen dieses getr\u00fcffelten Oliven\u00f6ls, das durch die Mazeration von Sommertr\u00fcffeln aus dem Vaucluse gewonnen wird, in einem beliebigen Gericht und der Michelin-Stern ist nicht mehr weit.<\/p>\n<p>Passt wunderbar zu Pasta, Risotto, Salat oder zum Beispiel auf ein Brot mit Ziegenfrischk\u00e4se zum Aperitif.<\/p>\n<p><strong>Zutaten: Natives Oliven\u00f6l extra aus der Provence, nat\u00fcrliches Tr\u00fcffelaroma.<\/strong><\/p>\n<p><strong>Inhalt: 100 ml<\/strong><\/p>\n<p>&nbsp;<\/p>\n","protected":false},"excerpt":{"rendered":"<p>Ein Oliven\u00f6l mit AOC Provence und einem raffinierten Tr\u00fcffelaroma, das von unserem Tr\u00fcffelz\u00fcchter stammt. Ein Produkt, das all Ihren Gerichten ein k\u00f6stliches und subtiles Tr\u00fcffelaroma verleiht!<\/p>\n","protected":false},"featured_media":14509,"template":"","meta":[],"product_cat":[244],"product_tag":[],"class_list":{"0":"post-7479","1":"product","2":"type-product","3":"status-publish","4":"has-post-thumbnail","6":"product_cat-unsere-olivenoele-a-o-p-provence","8":"first","9":"instock","10":"taxable","11":"shipping-taxable","12":"purchasable","13":"product-type-simple"},"yoast_head":"<!-- This site is optimized with the Yoast SEO plugin v27.2 - https:\/\/yoast.com\/product\/yoast-seo-wordpress\/ -->\n<title>Getr\u00fcffeltes Oliven\u00f6l<\/title>\n<meta name=\"description\" content=\"Ein Oliven\u00f6l mit AOC Provence und einem raffinierten Tr\u00fcffelaroma, das von unserem Tr\u00fcffelz\u00fcchter stammt.\" \/>\n<meta name=\"robots\" content=\"index, follow, max-snippet:-1, max-image-preview:large, max-video-preview:-1\" \/>\n<link rel=\"canonical\" href=\"http:\/\/www.lesdelicesdeprovence.ch\/de\/produits\/getrueffeltes-olivenoel\/\" \/>\n<meta property=\"og:locale\" content=\"de_DE\" \/>\n<meta property=\"og:type\" content=\"article\" \/>\n<meta property=\"og:title\" content=\"Getr\u00fcffeltes Oliven\u00f6l\" \/>\n<meta property=\"og:description\" content=\"Ein Oliven\u00f6l mit AOC Provence und einem raffinierten Tr\u00fcffelaroma, das von unserem Tr\u00fcffelz\u00fcchter stammt.\" \/>\n<meta property=\"og:url\" content=\"http:\/\/www.lesdelicesdeprovence.ch\/de\/produits\/getrueffeltes-olivenoel\/\" \/>\n<meta property=\"og:site_name\" content=\"Les D\u00e9lices de Provence\" \/>\n<meta property=\"article:modified_time\" content=\"2023-10-15T14:37:30+00:00\" \/>\n<meta property=\"og:image\" content=\"http:\/\/www.lesdelicesdeprovence.ch\/wp-content\/uploads\/2022\/09\/IMG_0792-scaled.jpg\" \/>\n\t<meta property=\"og:image:width\" content=\"1795\" \/>\n\t<meta property=\"og:image:height\" content=\"2560\" \/>\n\t<meta property=\"og:image:type\" content=\"image\/jpeg\" \/>\n<meta name=\"twitter:card\" content=\"summary_large_image\" \/>\n<meta name=\"twitter:label1\" content=\"Gesch\u00e4tzte Lesezeit\" \/>\n\t<meta name=\"twitter:data1\" content=\"1\u00a0Minute\" \/>\n<script type=\"application\/ld+json\" class=\"yoast-schema-graph\">{\"@context\":\"https:\/\/schema.org\",\"@graph\":[{\"@type\":\"WebPage\",\"@id\":\"http:\/\/www.lesdelicesdeprovence.ch\/de\/produits\/getrueffeltes-olivenoel\/\",\"url\":\"http:\/\/www.lesdelicesdeprovence.ch\/de\/produits\/getrueffeltes-olivenoel\/\",\"name\":\"Getr\u00fcffeltes Oliven\u00f6l\",\"isPartOf\":{\"@id\":\"https:\/\/www.lesdelicesdeprovence.ch\/de\/#website\"},\"primaryImageOfPage\":{\"@id\":\"http:\/\/www.lesdelicesdeprovence.ch\/de\/produits\/getrueffeltes-olivenoel\/#primaryimage\"},\"image\":{\"@id\":\"http:\/\/www.lesdelicesdeprovence.ch\/de\/produits\/getrueffeltes-olivenoel\/#primaryimage\"},\"thumbnailUrl\":\"http:\/\/www.lesdelicesdeprovence.ch\/wp-content\/uploads\/2022\/09\/IMG_0792-scaled.jpg\",\"datePublished\":\"2022-09-02T12:48:04+00:00\",\"dateModified\":\"2023-10-15T14:37:30+00:00\",\"description\":\"Ein Oliven\u00f6l mit AOC Provence und einem raffinierten Tr\u00fcffelaroma, das von unserem Tr\u00fcffelz\u00fcchter stammt.\",\"breadcrumb\":{\"@id\":\"http:\/\/www.lesdelicesdeprovence.ch\/de\/produits\/getrueffeltes-olivenoel\/#breadcrumb\"},\"inLanguage\":\"de\",\"potentialAction\":[{\"@type\":\"ReadAction\",\"target\":[\"http:\/\/www.lesdelicesdeprovence.ch\/de\/produits\/getrueffeltes-olivenoel\/\"]}]},{\"@type\":\"ImageObject\",\"inLanguage\":\"de\",\"@id\":\"http:\/\/www.lesdelicesdeprovence.ch\/de\/produits\/getrueffeltes-olivenoel\/#primaryimage\",\"url\":\"http:\/\/www.lesdelicesdeprovence.ch\/wp-content\/uploads\/2022\/09\/IMG_0792-scaled.jpg\",\"contentUrl\":\"http:\/\/www.lesdelicesdeprovence.ch\/wp-content\/uploads\/2022\/09\/IMG_0792-scaled.jpg\",\"width\":1795,\"height\":2560},{\"@type\":\"BreadcrumbList\",\"@id\":\"http:\/\/www.lesdelicesdeprovence.ch\/de\/produits\/getrueffeltes-olivenoel\/#breadcrumb\",\"itemListElement\":[{\"@type\":\"ListItem\",\"position\":1,\"name\":\"Accoglienza\",\"item\":\"http:\/\/www.lesdelicesdeprovence.ch\/de\/\"},{\"@type\":\"ListItem\",\"position\":2,\"name\":\"Shop\",\"item\":\"http:\/\/www.lesdelicesdeprovence.ch\/de\/geschaeft\/\"},{\"@type\":\"ListItem\",\"position\":3,\"name\":\"Getr\u00fcffeltes Oliven\u00f6l\"}]},{\"@type\":\"WebSite\",\"@id\":\"https:\/\/www.lesdelicesdeprovence.ch\/de\/#website\",\"url\":\"https:\/\/www.lesdelicesdeprovence.ch\/de\/\",\"name\":\"Les D\u00e9lices de Provence\",\"description\":\"Epicerie fine en ligne\",\"potentialAction\":[{\"@type\":\"SearchAction\",\"target\":{\"@type\":\"EntryPoint\",\"urlTemplate\":\"https:\/\/www.lesdelicesdeprovence.ch\/de\/?s={search_term_string}\"},\"query-input\":{\"@type\":\"PropertyValueSpecification\",\"valueRequired\":true,\"valueName\":\"search_term_string\"}}],\"inLanguage\":\"de\"}]}<\/script>\n<!-- \/ Yoast SEO plugin. -->","yoast_head_json":{"title":"Getr\u00fcffeltes Oliven\u00f6l","description":"Ein Oliven\u00f6l mit AOC Provence und einem raffinierten Tr\u00fcffelaroma, das von unserem Tr\u00fcffelz\u00fcchter stammt.","robots":{"index":"index","follow":"follow","max-snippet":"max-snippet:-1","max-image-preview":"max-image-preview:large","max-video-preview":"max-video-preview:-1"},"canonical":"http:\/\/www.lesdelicesdeprovence.ch\/de\/produits\/getrueffeltes-olivenoel\/","og_locale":"de_DE","og_type":"article","og_title":"Getr\u00fcffeltes Oliven\u00f6l","og_description":"Ein Oliven\u00f6l mit AOC Provence und einem raffinierten Tr\u00fcffelaroma, das von unserem Tr\u00fcffelz\u00fcchter stammt.","og_url":"http:\/\/www.lesdelicesdeprovence.ch\/de\/produits\/getrueffeltes-olivenoel\/","og_site_name":"Les D\u00e9lices de Provence","article_modified_time":"2023-10-15T14:37:30+00:00","og_image":[{"width":1795,"height":2560,"url":"http:\/\/www.lesdelicesdeprovence.ch\/wp-content\/uploads\/2022\/09\/IMG_0792-scaled.jpg","type":"image\/jpeg"}],"twitter_card":"summary_large_image","twitter_misc":{"Gesch\u00e4tzte Lesezeit":"1\u00a0Minute"},"schema":{"@context":"https:\/\/schema.org","@graph":[{"@type":"WebPage","@id":"http:\/\/www.lesdelicesdeprovence.ch\/de\/produits\/getrueffeltes-olivenoel\/","url":"http:\/\/www.lesdelicesdeprovence.ch\/de\/produits\/getrueffeltes-olivenoel\/","name":"Getr\u00fcffeltes Oliven\u00f6l","isPartOf":{"@id":"https:\/\/www.lesdelicesdeprovence.ch\/de\/#website"},"primaryImageOfPage":{"@id":"http:\/\/www.lesdelicesdeprovence.ch\/de\/produits\/getrueffeltes-olivenoel\/#primaryimage"},"image":{"@id":"http:\/\/www.lesdelicesdeprovence.ch\/de\/produits\/getrueffeltes-olivenoel\/#primaryimage"},"thumbnailUrl":"http:\/\/www.lesdelicesdeprovence.ch\/wp-content\/uploads\/2022\/09\/IMG_0792-scaled.jpg","datePublished":"2022-09-02T12:48:04+00:00","dateModified":"2023-10-15T14:37:30+00:00","description":"Ein Oliven\u00f6l mit AOC Provence und einem raffinierten Tr\u00fcffelaroma, das von unserem Tr\u00fcffelz\u00fcchter stammt.","breadcrumb":{"@id":"http:\/\/www.lesdelicesdeprovence.ch\/de\/produits\/getrueffeltes-olivenoel\/#breadcrumb"},"inLanguage":"de","potentialAction":[{"@type":"ReadAction","target":["http:\/\/www.lesdelicesdeprovence.ch\/de\/produits\/getrueffeltes-olivenoel\/"]}]},{"@type":"ImageObject","inLanguage":"de","@id":"http:\/\/www.lesdelicesdeprovence.ch\/de\/produits\/getrueffeltes-olivenoel\/#primaryimage","url":"http:\/\/www.lesdelicesdeprovence.ch\/wp-content\/uploads\/2022\/09\/IMG_0792-scaled.jpg","contentUrl":"http:\/\/www.lesdelicesdeprovence.ch\/wp-content\/uploads\/2022\/09\/IMG_0792-scaled.jpg","width":1795,"height":2560},{"@type":"BreadcrumbList","@id":"http:\/\/www.lesdelicesdeprovence.ch\/de\/produits\/getrueffeltes-olivenoel\/#breadcrumb","itemListElement":[{"@type":"ListItem","position":1,"name":"Accoglienza","item":"http:\/\/www.lesdelicesdeprovence.ch\/de\/"},{"@type":"ListItem","position":2,"name":"Shop","item":"http:\/\/www.lesdelicesdeprovence.ch\/de\/geschaeft\/"},{"@type":"ListItem","position":3,"name":"Getr\u00fcffeltes Oliven\u00f6l"}]},{"@type":"WebSite","@id":"https:\/\/www.lesdelicesdeprovence.ch\/de\/#website","url":"https:\/\/www.lesdelicesdeprovence.ch\/de\/","name":"Les D\u00e9lices de Provence","description":"Epicerie fine en ligne","potentialAction":[{"@type":"SearchAction","target":{"@type":"EntryPoint","urlTemplate":"https:\/\/www.lesdelicesdeprovence.ch\/de\/?s={search_term_string}"},"query-input":{"@type":"PropertyValueSpecification","valueRequired":true,"valueName":"search_term_string"}}],"inLanguage":"de"}]}},"_links":{"self":[{"href":"http:\/\/www.lesdelicesdeprovence.ch\/de\/wp-json\/wp\/v2\/product\/7479","targetHints":{"allow":["GET"]}}],"collection":[{"href":"http:\/\/www.lesdelicesdeprovence.ch\/de\/wp-json\/wp\/v2\/product"}],"about":[{"href":"http:\/\/www.lesdelicesdeprovence.ch\/de\/wp-json\/wp\/v2\/types\/product"}],"version-history":[{"count":2,"href":"http:\/\/www.lesdelicesdeprovence.ch\/de\/wp-json\/wp\/v2\/product\/7479\/revisions"}],"predecessor-version":[{"id":8091,"href":"http:\/\/www.lesdelicesdeprovence.ch\/de\/wp-json\/wp\/v2\/product\/7479\/revisions\/8091"}],"wp:featuredmedia":[{"embeddable":true,"href":"http:\/\/www.lesdelicesdeprovence.ch\/de\/wp-json\/wp\/v2\/media\/14509"}],"wp:attachment":[{"href":"http:\/\/www.lesdelicesdeprovence.ch\/de\/wp-json\/wp\/v2\/media?parent=7479"}],"wp:term":[{"taxonomy":"product_cat","embeddable":true,"href":"http:\/\/www.lesdelicesdeprovence.ch\/de\/wp-json\/wp\/v2\/product_cat?post=7479"},{"taxonomy":"product_tag","embeddable":true,"href":"http:\/\/www.lesdelicesdeprovence.ch\/de\/wp-json\/wp\/v2\/product_tag?post=7479"}],"curies":[{"name":"wp","href":"https:\/\/api.w.org\/{rel}","templated":true}]}}