{"id":7485,"date":"2022-09-02T13:12:34","date_gmt":"2022-09-02T13:12:34","guid":{"rendered":"https:\/\/www.aromeprod2.com\/?post_type=product&#038;p=7485"},"modified":"2025-08-23T15:23:24","modified_gmt":"2025-08-23T15:23:24","slug":"domaine-de-la-lieutenante-grand-cru-bio-2","status":"publish","type":"product","link":"http:\/\/www.lesdelicesdeprovence.ch\/de\/produits\/domaine-de-la-lieutenante-grand-cru-bio-2\/","title":{"rendered":"Domaine de la lieutenante &#8211; Grand Cru Bio"},"content":{"rendered":"<p>Dieses \u00d6l ist ein reiner, frischer Fruchtsaft, der im November kalt aus dem Fruchtfleisch der Oliven extrahiert wird. Es wurde k\u00fcrzlich bei internationalen Wettbewerben u. a. in Frankreich, der Schweiz, Japan und den USA mit Gold- und Silbermedaillen ausgezeichnet.<\/p>\n<p>Das im Herzen der Provence gelegene Familiengut erstreckt sich \u00fcber 48 Hektar und umfasst 13.000 Olivenb\u00e4ume.<\/p>\n<p>Hier werden 4 typisch provenzalische Sorten (Salonenque, B\u00e9ruguette, Verdale und Grossane) angebaut.<\/p>\n<p>Dieses \u00d6l ist auf nationaler Ebene als AOC und auf europ\u00e4ischer Ebene als AOP des Vall\u00e9e des Baux de Provence anerkannt.<\/p>\n<p>Diese Bezeichnungen garantieren ein althergebrachtes Know-how und ein einzigartiges Terroir.<\/p>\n<p><strong>Inhalt: 0.5L<\/strong><\/p>\n<p>&nbsp;<\/p>\n","protected":false},"excerpt":{"rendered":"<p>Hier ist ein junger Olivenbauer, der sich in einer idyllischen Umgebung, dem Tal von Baux de Provence, niedergelassen hat und ein DOP-\u00d6l produziert, dessen geschmackliche Qualit\u00e4ten mit zahlreichen Preisen auf der ganzen Welt belohnt wurden.<\/p>\n","protected":false},"featured_media":10041,"template":"","meta":[],"product_cat":[244],"product_tag":[],"class_list":{"0":"post-7485","1":"product","2":"type-product","3":"status-publish","4":"has-post-thumbnail","6":"product_cat-unsere-olivenoele-a-o-p-provence","8":"first","9":"instock","10":"taxable","11":"shipping-taxable","12":"purchasable","13":"product-type-simple"},"yoast_head":"<!-- This site is optimized with the Yoast SEO plugin v27.2 - https:\/\/yoast.com\/product\/yoast-seo-wordpress\/ -->\n<title>Domaine de la lieutenante - Grand Cru Bio<\/title>\n<meta name=\"description\" content=\"Hier ist ein junger Olivenbauer, der sich in einer idyllischen Umgebung, dem Tal von Baux de Provence, niedergelassen hat und ein DOP-\u00d6l produziert, dessen geschmackliche Qualit\u00e4ten mit zahlreichen Preisen auf der ganzen Welt belohnt wurden.\" \/>\n<meta name=\"robots\" content=\"index, follow, max-snippet:-1, max-image-preview:large, max-video-preview:-1\" \/>\n<link rel=\"canonical\" href=\"http:\/\/www.lesdelicesdeprovence.ch\/de\/produits\/domaine-de-la-lieutenante-grand-cru-bio-2\/\" \/>\n<meta property=\"og:locale\" content=\"de_DE\" \/>\n<meta property=\"og:type\" content=\"article\" \/>\n<meta property=\"og:title\" content=\"Domaine de la lieutenante - Grand Cru Bio\" \/>\n<meta property=\"og:description\" content=\"Hier ist ein junger Olivenbauer, der sich in einer idyllischen Umgebung, dem Tal von Baux de Provence, niedergelassen hat und ein DOP-\u00d6l produziert, dessen geschmackliche Qualit\u00e4ten mit zahlreichen Preisen auf der ganzen Welt belohnt wurden.\" \/>\n<meta property=\"og:url\" content=\"http:\/\/www.lesdelicesdeprovence.ch\/de\/produits\/domaine-de-la-lieutenante-grand-cru-bio-2\/\" \/>\n<meta property=\"og:site_name\" content=\"Les D\u00e9lices de Provence\" \/>\n<meta property=\"article:modified_time\" content=\"2025-08-23T15:23:24+00:00\" \/>\n<meta property=\"og:image\" content=\"https:\/\/www.lesdelicesdeprovence.ch\/wp-content\/uploads\/2022\/09\/IMG_0794.jpg\" \/>\n\t<meta property=\"og:image:width\" content=\"2116\" \/>\n\t<meta property=\"og:image:height\" content=\"2232\" \/>\n\t<meta property=\"og:image:type\" content=\"image\/jpeg\" \/>\n<meta name=\"twitter:card\" content=\"summary_large_image\" \/>\n<meta name=\"twitter:label1\" content=\"Gesch\u00e4tzte Lesezeit\" \/>\n\t<meta name=\"twitter:data1\" content=\"1\u00a0Minute\" \/>\n<script type=\"application\/ld+json\" class=\"yoast-schema-graph\">{\"@context\":\"https:\/\/schema.org\",\"@graph\":[{\"@type\":\"WebPage\",\"@id\":\"http:\/\/www.lesdelicesdeprovence.ch\/de\/produits\/domaine-de-la-lieutenante-grand-cru-bio-2\/\",\"url\":\"http:\/\/www.lesdelicesdeprovence.ch\/de\/produits\/domaine-de-la-lieutenante-grand-cru-bio-2\/\",\"name\":\"Domaine de la lieutenante - Grand Cru Bio\",\"isPartOf\":{\"@id\":\"https:\/\/www.lesdelicesdeprovence.ch\/de\/#website\"},\"primaryImageOfPage\":{\"@id\":\"http:\/\/www.lesdelicesdeprovence.ch\/de\/produits\/domaine-de-la-lieutenante-grand-cru-bio-2\/#primaryimage\"},\"image\":{\"@id\":\"http:\/\/www.lesdelicesdeprovence.ch\/de\/produits\/domaine-de-la-lieutenante-grand-cru-bio-2\/#primaryimage\"},\"thumbnailUrl\":\"http:\/\/www.lesdelicesdeprovence.ch\/wp-content\/uploads\/2022\/09\/IMG_0794.jpg\",\"datePublished\":\"2022-09-02T13:12:34+00:00\",\"dateModified\":\"2025-08-23T15:23:24+00:00\",\"description\":\"Hier ist ein junger Olivenbauer, der sich in einer idyllischen Umgebung, dem Tal von Baux de Provence, niedergelassen hat und ein DOP-\u00d6l produziert, dessen geschmackliche Qualit\u00e4ten mit zahlreichen Preisen auf der ganzen Welt belohnt wurden.\",\"breadcrumb\":{\"@id\":\"http:\/\/www.lesdelicesdeprovence.ch\/de\/produits\/domaine-de-la-lieutenante-grand-cru-bio-2\/#breadcrumb\"},\"inLanguage\":\"de\",\"potentialAction\":[{\"@type\":\"ReadAction\",\"target\":[\"http:\/\/www.lesdelicesdeprovence.ch\/de\/produits\/domaine-de-la-lieutenante-grand-cru-bio-2\/\"]}]},{\"@type\":\"ImageObject\",\"inLanguage\":\"de\",\"@id\":\"http:\/\/www.lesdelicesdeprovence.ch\/de\/produits\/domaine-de-la-lieutenante-grand-cru-bio-2\/#primaryimage\",\"url\":\"http:\/\/www.lesdelicesdeprovence.ch\/wp-content\/uploads\/2022\/09\/IMG_0794.jpg\",\"contentUrl\":\"http:\/\/www.lesdelicesdeprovence.ch\/wp-content\/uploads\/2022\/09\/IMG_0794.jpg\",\"width\":2116,\"height\":2232},{\"@type\":\"BreadcrumbList\",\"@id\":\"http:\/\/www.lesdelicesdeprovence.ch\/de\/produits\/domaine-de-la-lieutenante-grand-cru-bio-2\/#breadcrumb\",\"itemListElement\":[{\"@type\":\"ListItem\",\"position\":1,\"name\":\"Accoglienza\",\"item\":\"https:\/\/www.lesdelicesdeprovence.ch\/de\/\"},{\"@type\":\"ListItem\",\"position\":2,\"name\":\"Shop\",\"item\":\"https:\/\/www.lesdelicesdeprovence.ch\/de\/geschaeft\/\"},{\"@type\":\"ListItem\",\"position\":3,\"name\":\"Domaine de la lieutenante &#8211; Grand Cru Bio\"}]},{\"@type\":\"WebSite\",\"@id\":\"https:\/\/www.lesdelicesdeprovence.ch\/de\/#website\",\"url\":\"https:\/\/www.lesdelicesdeprovence.ch\/de\/\",\"name\":\"Les D\u00e9lices de Provence\",\"description\":\"Epicerie fine en ligne\",\"potentialAction\":[{\"@type\":\"SearchAction\",\"target\":{\"@type\":\"EntryPoint\",\"urlTemplate\":\"https:\/\/www.lesdelicesdeprovence.ch\/de\/?s={search_term_string}\"},\"query-input\":{\"@type\":\"PropertyValueSpecification\",\"valueRequired\":true,\"valueName\":\"search_term_string\"}}],\"inLanguage\":\"de\"}]}<\/script>\n<!-- \/ Yoast SEO plugin. -->","yoast_head_json":{"title":"Domaine de la lieutenante - Grand Cru Bio","description":"Hier ist ein junger Olivenbauer, der sich in einer idyllischen Umgebung, dem Tal von Baux de Provence, niedergelassen hat und ein DOP-\u00d6l produziert, dessen geschmackliche Qualit\u00e4ten mit zahlreichen Preisen auf der ganzen Welt belohnt wurden.","robots":{"index":"index","follow":"follow","max-snippet":"max-snippet:-1","max-image-preview":"max-image-preview:large","max-video-preview":"max-video-preview:-1"},"canonical":"http:\/\/www.lesdelicesdeprovence.ch\/de\/produits\/domaine-de-la-lieutenante-grand-cru-bio-2\/","og_locale":"de_DE","og_type":"article","og_title":"Domaine de la lieutenante - Grand Cru Bio","og_description":"Hier ist ein junger Olivenbauer, der sich in einer idyllischen Umgebung, dem Tal von Baux de Provence, niedergelassen hat und ein DOP-\u00d6l produziert, dessen geschmackliche Qualit\u00e4ten mit zahlreichen Preisen auf der ganzen Welt belohnt wurden.","og_url":"http:\/\/www.lesdelicesdeprovence.ch\/de\/produits\/domaine-de-la-lieutenante-grand-cru-bio-2\/","og_site_name":"Les D\u00e9lices de Provence","article_modified_time":"2025-08-23T15:23:24+00:00","og_image":[{"width":2116,"height":2232,"url":"https:\/\/www.lesdelicesdeprovence.ch\/wp-content\/uploads\/2022\/09\/IMG_0794.jpg","type":"image\/jpeg"}],"twitter_card":"summary_large_image","twitter_misc":{"Gesch\u00e4tzte Lesezeit":"1\u00a0Minute"},"schema":{"@context":"https:\/\/schema.org","@graph":[{"@type":"WebPage","@id":"http:\/\/www.lesdelicesdeprovence.ch\/de\/produits\/domaine-de-la-lieutenante-grand-cru-bio-2\/","url":"http:\/\/www.lesdelicesdeprovence.ch\/de\/produits\/domaine-de-la-lieutenante-grand-cru-bio-2\/","name":"Domaine de la lieutenante - Grand Cru Bio","isPartOf":{"@id":"https:\/\/www.lesdelicesdeprovence.ch\/de\/#website"},"primaryImageOfPage":{"@id":"http:\/\/www.lesdelicesdeprovence.ch\/de\/produits\/domaine-de-la-lieutenante-grand-cru-bio-2\/#primaryimage"},"image":{"@id":"http:\/\/www.lesdelicesdeprovence.ch\/de\/produits\/domaine-de-la-lieutenante-grand-cru-bio-2\/#primaryimage"},"thumbnailUrl":"http:\/\/www.lesdelicesdeprovence.ch\/wp-content\/uploads\/2022\/09\/IMG_0794.jpg","datePublished":"2022-09-02T13:12:34+00:00","dateModified":"2025-08-23T15:23:24+00:00","description":"Hier ist ein junger Olivenbauer, der sich in einer idyllischen Umgebung, dem Tal von Baux de Provence, niedergelassen hat und ein DOP-\u00d6l produziert, dessen geschmackliche Qualit\u00e4ten mit zahlreichen Preisen auf der ganzen Welt belohnt wurden.","breadcrumb":{"@id":"http:\/\/www.lesdelicesdeprovence.ch\/de\/produits\/domaine-de-la-lieutenante-grand-cru-bio-2\/#breadcrumb"},"inLanguage":"de","potentialAction":[{"@type":"ReadAction","target":["http:\/\/www.lesdelicesdeprovence.ch\/de\/produits\/domaine-de-la-lieutenante-grand-cru-bio-2\/"]}]},{"@type":"ImageObject","inLanguage":"de","@id":"http:\/\/www.lesdelicesdeprovence.ch\/de\/produits\/domaine-de-la-lieutenante-grand-cru-bio-2\/#primaryimage","url":"http:\/\/www.lesdelicesdeprovence.ch\/wp-content\/uploads\/2022\/09\/IMG_0794.jpg","contentUrl":"http:\/\/www.lesdelicesdeprovence.ch\/wp-content\/uploads\/2022\/09\/IMG_0794.jpg","width":2116,"height":2232},{"@type":"BreadcrumbList","@id":"http:\/\/www.lesdelicesdeprovence.ch\/de\/produits\/domaine-de-la-lieutenante-grand-cru-bio-2\/#breadcrumb","itemListElement":[{"@type":"ListItem","position":1,"name":"Accoglienza","item":"https:\/\/www.lesdelicesdeprovence.ch\/de\/"},{"@type":"ListItem","position":2,"name":"Shop","item":"https:\/\/www.lesdelicesdeprovence.ch\/de\/geschaeft\/"},{"@type":"ListItem","position":3,"name":"Domaine de la lieutenante &#8211; Grand Cru Bio"}]},{"@type":"WebSite","@id":"https:\/\/www.lesdelicesdeprovence.ch\/de\/#website","url":"https:\/\/www.lesdelicesdeprovence.ch\/de\/","name":"Les D\u00e9lices de Provence","description":"Epicerie fine en ligne","potentialAction":[{"@type":"SearchAction","target":{"@type":"EntryPoint","urlTemplate":"https:\/\/www.lesdelicesdeprovence.ch\/de\/?s={search_term_string}"},"query-input":{"@type":"PropertyValueSpecification","valueRequired":true,"valueName":"search_term_string"}}],"inLanguage":"de"}]}},"_links":{"self":[{"href":"http:\/\/www.lesdelicesdeprovence.ch\/de\/wp-json\/wp\/v2\/product\/7485","targetHints":{"allow":["GET"]}}],"collection":[{"href":"http:\/\/www.lesdelicesdeprovence.ch\/de\/wp-json\/wp\/v2\/product"}],"about":[{"href":"http:\/\/www.lesdelicesdeprovence.ch\/de\/wp-json\/wp\/v2\/types\/product"}],"version-history":[{"count":2,"href":"http:\/\/www.lesdelicesdeprovence.ch\/de\/wp-json\/wp\/v2\/product\/7485\/revisions"}],"predecessor-version":[{"id":8094,"href":"http:\/\/www.lesdelicesdeprovence.ch\/de\/wp-json\/wp\/v2\/product\/7485\/revisions\/8094"}],"wp:featuredmedia":[{"embeddable":true,"href":"http:\/\/www.lesdelicesdeprovence.ch\/de\/wp-json\/wp\/v2\/media\/10041"}],"wp:attachment":[{"href":"http:\/\/www.lesdelicesdeprovence.ch\/de\/wp-json\/wp\/v2\/media?parent=7485"}],"wp:term":[{"taxonomy":"product_cat","embeddable":true,"href":"http:\/\/www.lesdelicesdeprovence.ch\/de\/wp-json\/wp\/v2\/product_cat?post=7485"},{"taxonomy":"product_tag","embeddable":true,"href":"http:\/\/www.lesdelicesdeprovence.ch\/de\/wp-json\/wp\/v2\/product_tag?post=7485"}],"curies":[{"name":"wp","href":"https:\/\/api.w.org\/{rel}","templated":true}]}}