{"id":7571,"date":"2022-09-05T12:11:41","date_gmt":"2022-09-05T12:11:41","guid":{"rendered":"https:\/\/www.aromeprod2.com\/?post_type=product&#038;p=7571"},"modified":"2022-10-11T08:50:10","modified_gmt":"2022-10-11T08:50:10","slug":"saft-aus-schwarzkirschen-und-wildem-bohnenkraut-bio","status":"publish","type":"product","link":"http:\/\/www.lesdelicesdeprovence.ch\/de\/produits\/saft-aus-schwarzkirschen-und-wildem-bohnenkraut-bio\/","title":{"rendered":"Saft aus Schwarzkirschen und wildem Bohnenkraut Bio"},"content":{"rendered":"<p>Dieser passionierte Handwerker am Fu\u00dfe des Mont Ventoux ist eine echte Entdeckung! Er strebt nach kulinarischer Perfektion, die nur von seiner Liebe zur Natur \u00fcbertroffen wird. Und das zeigt sich auch in seinen wunderbaren S\u00e4ften &#8222;Plus que Bio&#8220; von La Table des Lutins.<\/p>\n<p>Warum mehr als Bio? Weil er die Wildkr\u00e4uter, die er f\u00fcr die Herstellung dieser S\u00e4fte ben\u00f6tigt, selbst in Gebieten sammelt, die mindestens 5 km von jeder landwirtschaftlichen Fl\u00e4che entfernt sind, auf der Pestizide eingesetzt werden k\u00f6nnten! Seine Arbeit beruht auf einigen grundlegenden Prinzipien:<\/p>\n<p>&#8211; Die Verwendung des Mondkalenders sowohl f\u00fcr das Sammeln von Wildpflanzen als auch f\u00fcr die Herstellung und Abf\u00fcllung der S\u00e4fte.<\/p>\n<p>&#8211; Suche nach Fr\u00fcchten in der N\u00e4he, die biodynamisch angebaut werden oder unbehandelt sind und die er selbst pfl\u00fcckt.<\/p>\n<p>Seine Absicht ist es nicht, opportunistisch auf den Hype um Naturprodukte zu reagieren, sein Vorgehen ist ethisch, das Ziel ist ein au\u00dfergew\u00f6hnliches Endprodukt, und die Kombinationen von Fr\u00fcchten und Pflanzen sind das Ergebnis echter \u00dcberlegungen.<\/p>\n<p><strong>Zutaten: Schwarzkirschen, gefiltertes und dynamisiertes Wasser, Bio-Rohrzucker, wilde Heidelbeeren, Quitten, wildes Bohnenkraut, Zitronensaft.<\/strong><\/p>\n<p><strong>Inhalt: 33cl<\/strong><\/p>\n<p>&nbsp;<\/p>\n","protected":false},"excerpt":{"rendered":"<p>Die Schwarzkirsche und das wilde Bohnenkraut, zwei Wunderwerke der Provence, vereint mit Quellwasser f\u00fcr einen &#8222;Mehr als Bio&#8220;-Saft mit zahlreichen geschmacklichen und therapeutischen Vorteilen.<\/p>\n","protected":false},"featured_media":7567,"template":"","meta":[],"product_cat":[236],"product_tag":[],"class_list":{"0":"post-7571","1":"product","2":"type-product","3":"status-publish","4":"has-post-thumbnail","6":"product_cat-bio-fruchtsaft","8":"first","9":"instock","10":"taxable","11":"shipping-taxable","12":"purchasable","13":"product-type-simple"},"yoast_head":"<!-- This site is optimized with the Yoast SEO plugin v27.2 - https:\/\/yoast.com\/product\/yoast-seo-wordpress\/ -->\n<title>Saft aus Schwarzkirschen und wildem Bohnenkraut Bio<\/title>\n<meta name=\"description\" content=\"Die Schwarzkirsche und das wilde Bohnenkraut, zwei Wunderwerke der Provence, vereint mit Quellwasser f\u00fcr einen &quot;Mehr als Bio&quot;-Saft mit zahlreichen geschmacklichen und therapeutischen Vorteilen.\" \/>\n<meta name=\"robots\" content=\"index, follow, max-snippet:-1, max-image-preview:large, max-video-preview:-1\" \/>\n<link rel=\"canonical\" href=\"http:\/\/www.lesdelicesdeprovence.ch\/de\/produits\/saft-aus-schwarzkirschen-und-wildem-bohnenkraut-bio\/\" \/>\n<meta property=\"og:locale\" content=\"de_DE\" \/>\n<meta property=\"og:type\" content=\"article\" \/>\n<meta property=\"og:title\" content=\"Saft aus Schwarzkirschen und wildem Bohnenkraut Bio\" \/>\n<meta property=\"og:description\" content=\"Die Schwarzkirsche und das wilde Bohnenkraut, zwei Wunderwerke der Provence, vereint mit Quellwasser f\u00fcr einen &quot;Mehr als Bio&quot;-Saft mit zahlreichen geschmacklichen und therapeutischen Vorteilen.\" \/>\n<meta property=\"og:url\" content=\"http:\/\/www.lesdelicesdeprovence.ch\/de\/produits\/saft-aus-schwarzkirschen-und-wildem-bohnenkraut-bio\/\" \/>\n<meta property=\"og:site_name\" content=\"Les D\u00e9lices de Provence\" \/>\n<meta property=\"article:modified_time\" content=\"2022-10-11T08:50:10+00:00\" \/>\n<meta property=\"og:image\" content=\"https:\/\/www.lesdelicesdeprovence.ch\/wp-content\/uploads\/2022\/09\/IMG_0864-scaled.jpg\" \/>\n\t<meta property=\"og:image:width\" content=\"2240\" \/>\n\t<meta property=\"og:image:height\" content=\"2560\" \/>\n\t<meta property=\"og:image:type\" content=\"image\/jpeg\" \/>\n<meta name=\"twitter:card\" content=\"summary_large_image\" \/>\n<meta name=\"twitter:label1\" content=\"Gesch\u00e4tzte Lesezeit\" \/>\n\t<meta name=\"twitter:data1\" content=\"1\u00a0Minute\" \/>\n<script type=\"application\/ld+json\" class=\"yoast-schema-graph\">{\"@context\":\"https:\/\/schema.org\",\"@graph\":[{\"@type\":\"WebPage\",\"@id\":\"http:\/\/www.lesdelicesdeprovence.ch\/de\/produits\/saft-aus-schwarzkirschen-und-wildem-bohnenkraut-bio\/\",\"url\":\"http:\/\/www.lesdelicesdeprovence.ch\/de\/produits\/saft-aus-schwarzkirschen-und-wildem-bohnenkraut-bio\/\",\"name\":\"Saft aus Schwarzkirschen und wildem Bohnenkraut Bio\",\"isPartOf\":{\"@id\":\"https:\/\/www.lesdelicesdeprovence.ch\/de\/#website\"},\"primaryImageOfPage\":{\"@id\":\"http:\/\/www.lesdelicesdeprovence.ch\/de\/produits\/saft-aus-schwarzkirschen-und-wildem-bohnenkraut-bio\/#primaryimage\"},\"image\":{\"@id\":\"http:\/\/www.lesdelicesdeprovence.ch\/de\/produits\/saft-aus-schwarzkirschen-und-wildem-bohnenkraut-bio\/#primaryimage\"},\"thumbnailUrl\":\"http:\/\/www.lesdelicesdeprovence.ch\/wp-content\/uploads\/2022\/09\/IMG_0864-scaled.jpg\",\"datePublished\":\"2022-09-05T12:11:41+00:00\",\"dateModified\":\"2022-10-11T08:50:10+00:00\",\"description\":\"Die Schwarzkirsche und das wilde Bohnenkraut, zwei Wunderwerke der Provence, vereint mit Quellwasser f\u00fcr einen \\\"Mehr als Bio\\\"-Saft mit zahlreichen geschmacklichen und therapeutischen Vorteilen.\",\"breadcrumb\":{\"@id\":\"http:\/\/www.lesdelicesdeprovence.ch\/de\/produits\/saft-aus-schwarzkirschen-und-wildem-bohnenkraut-bio\/#breadcrumb\"},\"inLanguage\":\"de\",\"potentialAction\":[{\"@type\":\"ReadAction\",\"target\":[\"http:\/\/www.lesdelicesdeprovence.ch\/de\/produits\/saft-aus-schwarzkirschen-und-wildem-bohnenkraut-bio\/\"]}]},{\"@type\":\"ImageObject\",\"inLanguage\":\"de\",\"@id\":\"http:\/\/www.lesdelicesdeprovence.ch\/de\/produits\/saft-aus-schwarzkirschen-und-wildem-bohnenkraut-bio\/#primaryimage\",\"url\":\"http:\/\/www.lesdelicesdeprovence.ch\/wp-content\/uploads\/2022\/09\/IMG_0864-scaled.jpg\",\"contentUrl\":\"http:\/\/www.lesdelicesdeprovence.ch\/wp-content\/uploads\/2022\/09\/IMG_0864-scaled.jpg\",\"width\":2240,\"height\":2560},{\"@type\":\"BreadcrumbList\",\"@id\":\"http:\/\/www.lesdelicesdeprovence.ch\/de\/produits\/saft-aus-schwarzkirschen-und-wildem-bohnenkraut-bio\/#breadcrumb\",\"itemListElement\":[{\"@type\":\"ListItem\",\"position\":1,\"name\":\"Accoglienza\",\"item\":\"https:\/\/www.lesdelicesdeprovence.ch\/de\/\"},{\"@type\":\"ListItem\",\"position\":2,\"name\":\"Shop\",\"item\":\"https:\/\/www.lesdelicesdeprovence.ch\/de\/geschaeft\/\"},{\"@type\":\"ListItem\",\"position\":3,\"name\":\"Saft aus Schwarzkirschen und wildem Bohnenkraut Bio\"}]},{\"@type\":\"WebSite\",\"@id\":\"https:\/\/www.lesdelicesdeprovence.ch\/de\/#website\",\"url\":\"https:\/\/www.lesdelicesdeprovence.ch\/de\/\",\"name\":\"Les D\u00e9lices de Provence\",\"description\":\"Epicerie fine en ligne\",\"potentialAction\":[{\"@type\":\"SearchAction\",\"target\":{\"@type\":\"EntryPoint\",\"urlTemplate\":\"https:\/\/www.lesdelicesdeprovence.ch\/de\/?s={search_term_string}\"},\"query-input\":{\"@type\":\"PropertyValueSpecification\",\"valueRequired\":true,\"valueName\":\"search_term_string\"}}],\"inLanguage\":\"de\"}]}<\/script>\n<!-- \/ Yoast SEO plugin. -->","yoast_head_json":{"title":"Saft aus Schwarzkirschen und wildem Bohnenkraut Bio","description":"Die Schwarzkirsche und das wilde Bohnenkraut, zwei Wunderwerke der Provence, vereint mit Quellwasser f\u00fcr einen \"Mehr als Bio\"-Saft mit zahlreichen geschmacklichen und therapeutischen Vorteilen.","robots":{"index":"index","follow":"follow","max-snippet":"max-snippet:-1","max-image-preview":"max-image-preview:large","max-video-preview":"max-video-preview:-1"},"canonical":"http:\/\/www.lesdelicesdeprovence.ch\/de\/produits\/saft-aus-schwarzkirschen-und-wildem-bohnenkraut-bio\/","og_locale":"de_DE","og_type":"article","og_title":"Saft aus Schwarzkirschen und wildem Bohnenkraut Bio","og_description":"Die Schwarzkirsche und das wilde Bohnenkraut, zwei Wunderwerke der Provence, vereint mit Quellwasser f\u00fcr einen \"Mehr als Bio\"-Saft mit zahlreichen geschmacklichen und therapeutischen Vorteilen.","og_url":"http:\/\/www.lesdelicesdeprovence.ch\/de\/produits\/saft-aus-schwarzkirschen-und-wildem-bohnenkraut-bio\/","og_site_name":"Les D\u00e9lices de Provence","article_modified_time":"2022-10-11T08:50:10+00:00","og_image":[{"width":2240,"height":2560,"url":"https:\/\/www.lesdelicesdeprovence.ch\/wp-content\/uploads\/2022\/09\/IMG_0864-scaled.jpg","type":"image\/jpeg"}],"twitter_card":"summary_large_image","twitter_misc":{"Gesch\u00e4tzte Lesezeit":"1\u00a0Minute"},"schema":{"@context":"https:\/\/schema.org","@graph":[{"@type":"WebPage","@id":"http:\/\/www.lesdelicesdeprovence.ch\/de\/produits\/saft-aus-schwarzkirschen-und-wildem-bohnenkraut-bio\/","url":"http:\/\/www.lesdelicesdeprovence.ch\/de\/produits\/saft-aus-schwarzkirschen-und-wildem-bohnenkraut-bio\/","name":"Saft aus Schwarzkirschen und wildem Bohnenkraut Bio","isPartOf":{"@id":"https:\/\/www.lesdelicesdeprovence.ch\/de\/#website"},"primaryImageOfPage":{"@id":"http:\/\/www.lesdelicesdeprovence.ch\/de\/produits\/saft-aus-schwarzkirschen-und-wildem-bohnenkraut-bio\/#primaryimage"},"image":{"@id":"http:\/\/www.lesdelicesdeprovence.ch\/de\/produits\/saft-aus-schwarzkirschen-und-wildem-bohnenkraut-bio\/#primaryimage"},"thumbnailUrl":"http:\/\/www.lesdelicesdeprovence.ch\/wp-content\/uploads\/2022\/09\/IMG_0864-scaled.jpg","datePublished":"2022-09-05T12:11:41+00:00","dateModified":"2022-10-11T08:50:10+00:00","description":"Die Schwarzkirsche und das wilde Bohnenkraut, zwei Wunderwerke der Provence, vereint mit Quellwasser f\u00fcr einen \"Mehr als Bio\"-Saft mit zahlreichen geschmacklichen und therapeutischen Vorteilen.","breadcrumb":{"@id":"http:\/\/www.lesdelicesdeprovence.ch\/de\/produits\/saft-aus-schwarzkirschen-und-wildem-bohnenkraut-bio\/#breadcrumb"},"inLanguage":"de","potentialAction":[{"@type":"ReadAction","target":["http:\/\/www.lesdelicesdeprovence.ch\/de\/produits\/saft-aus-schwarzkirschen-und-wildem-bohnenkraut-bio\/"]}]},{"@type":"ImageObject","inLanguage":"de","@id":"http:\/\/www.lesdelicesdeprovence.ch\/de\/produits\/saft-aus-schwarzkirschen-und-wildem-bohnenkraut-bio\/#primaryimage","url":"http:\/\/www.lesdelicesdeprovence.ch\/wp-content\/uploads\/2022\/09\/IMG_0864-scaled.jpg","contentUrl":"http:\/\/www.lesdelicesdeprovence.ch\/wp-content\/uploads\/2022\/09\/IMG_0864-scaled.jpg","width":2240,"height":2560},{"@type":"BreadcrumbList","@id":"http:\/\/www.lesdelicesdeprovence.ch\/de\/produits\/saft-aus-schwarzkirschen-und-wildem-bohnenkraut-bio\/#breadcrumb","itemListElement":[{"@type":"ListItem","position":1,"name":"Accoglienza","item":"https:\/\/www.lesdelicesdeprovence.ch\/de\/"},{"@type":"ListItem","position":2,"name":"Shop","item":"https:\/\/www.lesdelicesdeprovence.ch\/de\/geschaeft\/"},{"@type":"ListItem","position":3,"name":"Saft aus Schwarzkirschen und wildem Bohnenkraut Bio"}]},{"@type":"WebSite","@id":"https:\/\/www.lesdelicesdeprovence.ch\/de\/#website","url":"https:\/\/www.lesdelicesdeprovence.ch\/de\/","name":"Les D\u00e9lices de Provence","description":"Epicerie fine en ligne","potentialAction":[{"@type":"SearchAction","target":{"@type":"EntryPoint","urlTemplate":"https:\/\/www.lesdelicesdeprovence.ch\/de\/?s={search_term_string}"},"query-input":{"@type":"PropertyValueSpecification","valueRequired":true,"valueName":"search_term_string"}}],"inLanguage":"de"}]}},"_links":{"self":[{"href":"http:\/\/www.lesdelicesdeprovence.ch\/de\/wp-json\/wp\/v2\/product\/7571","targetHints":{"allow":["GET"]}}],"collection":[{"href":"http:\/\/www.lesdelicesdeprovence.ch\/de\/wp-json\/wp\/v2\/product"}],"about":[{"href":"http:\/\/www.lesdelicesdeprovence.ch\/de\/wp-json\/wp\/v2\/types\/product"}],"version-history":[{"count":4,"href":"http:\/\/www.lesdelicesdeprovence.ch\/de\/wp-json\/wp\/v2\/product\/7571\/revisions"}],"predecessor-version":[{"id":8118,"href":"http:\/\/www.lesdelicesdeprovence.ch\/de\/wp-json\/wp\/v2\/product\/7571\/revisions\/8118"}],"wp:featuredmedia":[{"embeddable":true,"href":"http:\/\/www.lesdelicesdeprovence.ch\/de\/wp-json\/wp\/v2\/media\/7567"}],"wp:attachment":[{"href":"http:\/\/www.lesdelicesdeprovence.ch\/de\/wp-json\/wp\/v2\/media?parent=7571"}],"wp:term":[{"taxonomy":"product_cat","embeddable":true,"href":"http:\/\/www.lesdelicesdeprovence.ch\/de\/wp-json\/wp\/v2\/product_cat?post=7571"},{"taxonomy":"product_tag","embeddable":true,"href":"http:\/\/www.lesdelicesdeprovence.ch\/de\/wp-json\/wp\/v2\/product_tag?post=7571"}],"curies":[{"name":"wp","href":"https:\/\/api.w.org\/{rel}","templated":true}]}}