{"id":7604,"date":"2022-09-09T11:38:22","date_gmt":"2022-09-09T11:38:22","guid":{"rendered":"https:\/\/www.aromeprod2.com\/?post_type=product&#038;p=7604"},"modified":"2024-02-16T11:27:52","modified_gmt":"2024-02-16T11:27:52","slug":"sirup-aus-wildem-thymian","status":"publish","type":"product","link":"http:\/\/www.lesdelicesdeprovence.ch\/de\/produits\/sirup-aus-wildem-thymian\/","title":{"rendered":"Sirup aus wildem thymian"},"content":{"rendered":"<p>Dieser Sirup wird von einem jungen Paar in der N\u00e4he des kleinen Dorfes Lourmarin hergestellt, das von einer Leidenschaft f\u00fcr die Natur und dem Wunsch, diese zu entdecken, gepackt wurde.<\/p>\n<p>Ihre Sirupe sind zu 100 % rein und nat\u00fcrlich und stammen gr\u00f6\u00dftenteils aus wilden Zutaten, die unter Einhaltung der pharmazeutischen Standards vollst\u00e4ndig von Hand verarbeitet werden.<\/p>\n<p><strong>Thymian (Thymus Vulgaris) ist eine Pflanze, die f\u00fcr ihre zahlreichen therapeutischen Vorteile bekannt ist:<\/strong><\/p>\n<p><em>&#8211; Atemwegserkrankungen (Bronchitis, Husten, Asthma, Heuschnupfen).<\/em><\/p>\n<p><em>&#8211; Antiseptikum und Antimykotikum (Entz\u00fcndungen im Mund, Karies&#8230;)<\/em><\/p>\n<p><em>&#8211; Anti-Aging und Antioxidans (Rheuma, Arthrose).<\/em><\/p>\n<p><em>&#8211; Quelle von Eisen.<\/em><\/p>\n<p><em>&#8211; Quelle von Vitamin K und C.<\/em><\/p>\n<p><em>&#8211; Beugt Herz-Kreislauf-Erkrankungen vor.<\/em><\/p>\n<p>Sehr erfrischend und schmackhaft, einfach in Wasser mit Eisw\u00fcrfeln verd\u00fcnnt, k\u00f6nnen Sie sie auch als Topping f\u00fcr Desserts, Pfannkuchen, Joghurt oder Quark verwenden.<\/p>\n<p><strong>Zutaten: Wilder Thymian, Bio-Rohrzucker, Zitronensaft, Quellwasser.<\/strong><\/p>\n<p><strong>Inhalt: 25cl<\/strong><\/p>\n<p>&nbsp;<\/p>\n","protected":false},"excerpt":{"rendered":"<p>Ein reiner nat\u00fcrlicher Sirup, der handwerklich aus wildem Thymian hergestellt wird, der in gesch\u00fctzten Gebieten des Naturparks Luberon von Hand gesammelt wird.<\/p>\n","protected":false},"featured_media":10797,"template":"","meta":[],"product_cat":[238],"product_tag":[],"class_list":{"0":"post-7604","1":"product","2":"type-product","3":"status-publish","4":"has-post-thumbnail","6":"product_cat-natuerliche-sirupe","8":"first","9":"instock","10":"taxable","11":"shipping-taxable","12":"purchasable","13":"product-type-simple"},"yoast_head":"<!-- This site is optimized with the Yoast SEO plugin v27.2 - https:\/\/yoast.com\/product\/yoast-seo-wordpress\/ -->\n<title>Sirup aus wildem thymian<\/title>\n<meta name=\"description\" content=\"Ein reiner nat\u00fcrlicher Sirup, der handwerklich aus wildem Thymian hergestellt wird, der in gesch\u00fctzten Gebieten des Naturparks Luberon von Hand gesammelt wird.\" \/>\n<meta name=\"robots\" content=\"index, follow, max-snippet:-1, max-image-preview:large, max-video-preview:-1\" \/>\n<link rel=\"canonical\" href=\"http:\/\/www.lesdelicesdeprovence.ch\/de\/produits\/sirup-aus-wildem-thymian\/\" \/>\n<meta property=\"og:locale\" content=\"de_DE\" \/>\n<meta property=\"og:type\" content=\"article\" \/>\n<meta property=\"og:title\" content=\"Sirup aus wildem thymian\" \/>\n<meta property=\"og:description\" content=\"Ein reiner nat\u00fcrlicher Sirup, der handwerklich aus wildem Thymian hergestellt wird, der in gesch\u00fctzten Gebieten des Naturparks Luberon von Hand gesammelt wird.\" \/>\n<meta property=\"og:url\" content=\"http:\/\/www.lesdelicesdeprovence.ch\/de\/produits\/sirup-aus-wildem-thymian\/\" \/>\n<meta property=\"og:site_name\" content=\"Les D\u00e9lices de Provence\" \/>\n<meta property=\"article:modified_time\" content=\"2024-02-16T11:27:52+00:00\" \/>\n<meta property=\"og:image\" content=\"https:\/\/www.lesdelicesdeprovence.ch\/wp-content\/uploads\/2022\/09\/IMG_0883-scaled.jpg\" \/>\n\t<meta property=\"og:image:width\" content=\"2463\" \/>\n\t<meta property=\"og:image:height\" content=\"2560\" \/>\n\t<meta property=\"og:image:type\" content=\"image\/jpeg\" \/>\n<meta name=\"twitter:card\" content=\"summary_large_image\" \/>\n<meta name=\"twitter:label1\" content=\"Gesch\u00e4tzte Lesezeit\" \/>\n\t<meta name=\"twitter:data1\" content=\"1\u00a0Minute\" \/>\n<script type=\"application\/ld+json\" class=\"yoast-schema-graph\">{\"@context\":\"https:\/\/schema.org\",\"@graph\":[{\"@type\":\"WebPage\",\"@id\":\"http:\/\/www.lesdelicesdeprovence.ch\/de\/produits\/sirup-aus-wildem-thymian\/\",\"url\":\"http:\/\/www.lesdelicesdeprovence.ch\/de\/produits\/sirup-aus-wildem-thymian\/\",\"name\":\"Sirup aus wildem thymian\",\"isPartOf\":{\"@id\":\"https:\/\/www.lesdelicesdeprovence.ch\/de\/#website\"},\"primaryImageOfPage\":{\"@id\":\"http:\/\/www.lesdelicesdeprovence.ch\/de\/produits\/sirup-aus-wildem-thymian\/#primaryimage\"},\"image\":{\"@id\":\"http:\/\/www.lesdelicesdeprovence.ch\/de\/produits\/sirup-aus-wildem-thymian\/#primaryimage\"},\"thumbnailUrl\":\"http:\/\/www.lesdelicesdeprovence.ch\/wp-content\/uploads\/2022\/09\/IMG_0883-scaled.jpg\",\"datePublished\":\"2022-09-09T11:38:22+00:00\",\"dateModified\":\"2024-02-16T11:27:52+00:00\",\"description\":\"Ein reiner nat\u00fcrlicher Sirup, der handwerklich aus wildem Thymian hergestellt wird, der in gesch\u00fctzten Gebieten des Naturparks Luberon von Hand gesammelt wird.\",\"breadcrumb\":{\"@id\":\"http:\/\/www.lesdelicesdeprovence.ch\/de\/produits\/sirup-aus-wildem-thymian\/#breadcrumb\"},\"inLanguage\":\"de\",\"potentialAction\":[{\"@type\":\"ReadAction\",\"target\":[\"http:\/\/www.lesdelicesdeprovence.ch\/de\/produits\/sirup-aus-wildem-thymian\/\"]}]},{\"@type\":\"ImageObject\",\"inLanguage\":\"de\",\"@id\":\"http:\/\/www.lesdelicesdeprovence.ch\/de\/produits\/sirup-aus-wildem-thymian\/#primaryimage\",\"url\":\"http:\/\/www.lesdelicesdeprovence.ch\/wp-content\/uploads\/2022\/09\/IMG_0883-scaled.jpg\",\"contentUrl\":\"http:\/\/www.lesdelicesdeprovence.ch\/wp-content\/uploads\/2022\/09\/IMG_0883-scaled.jpg\",\"width\":2463,\"height\":2560},{\"@type\":\"BreadcrumbList\",\"@id\":\"http:\/\/www.lesdelicesdeprovence.ch\/de\/produits\/sirup-aus-wildem-thymian\/#breadcrumb\",\"itemListElement\":[{\"@type\":\"ListItem\",\"position\":1,\"name\":\"Accoglienza\",\"item\":\"https:\/\/www.lesdelicesdeprovence.ch\/de\/\"},{\"@type\":\"ListItem\",\"position\":2,\"name\":\"Shop\",\"item\":\"https:\/\/www.lesdelicesdeprovence.ch\/de\/geschaeft\/\"},{\"@type\":\"ListItem\",\"position\":3,\"name\":\"Sirup aus wildem thymian\"}]},{\"@type\":\"WebSite\",\"@id\":\"https:\/\/www.lesdelicesdeprovence.ch\/de\/#website\",\"url\":\"https:\/\/www.lesdelicesdeprovence.ch\/de\/\",\"name\":\"Les D\u00e9lices de Provence\",\"description\":\"Epicerie fine en ligne\",\"potentialAction\":[{\"@type\":\"SearchAction\",\"target\":{\"@type\":\"EntryPoint\",\"urlTemplate\":\"https:\/\/www.lesdelicesdeprovence.ch\/de\/?s={search_term_string}\"},\"query-input\":{\"@type\":\"PropertyValueSpecification\",\"valueRequired\":true,\"valueName\":\"search_term_string\"}}],\"inLanguage\":\"de\"}]}<\/script>\n<!-- \/ Yoast SEO plugin. -->","yoast_head_json":{"title":"Sirup aus wildem thymian","description":"Ein reiner nat\u00fcrlicher Sirup, der handwerklich aus wildem Thymian hergestellt wird, der in gesch\u00fctzten Gebieten des Naturparks Luberon von Hand gesammelt wird.","robots":{"index":"index","follow":"follow","max-snippet":"max-snippet:-1","max-image-preview":"max-image-preview:large","max-video-preview":"max-video-preview:-1"},"canonical":"http:\/\/www.lesdelicesdeprovence.ch\/de\/produits\/sirup-aus-wildem-thymian\/","og_locale":"de_DE","og_type":"article","og_title":"Sirup aus wildem thymian","og_description":"Ein reiner nat\u00fcrlicher Sirup, der handwerklich aus wildem Thymian hergestellt wird, der in gesch\u00fctzten Gebieten des Naturparks Luberon von Hand gesammelt wird.","og_url":"http:\/\/www.lesdelicesdeprovence.ch\/de\/produits\/sirup-aus-wildem-thymian\/","og_site_name":"Les D\u00e9lices de Provence","article_modified_time":"2024-02-16T11:27:52+00:00","og_image":[{"width":2463,"height":2560,"url":"https:\/\/www.lesdelicesdeprovence.ch\/wp-content\/uploads\/2022\/09\/IMG_0883-scaled.jpg","type":"image\/jpeg"}],"twitter_card":"summary_large_image","twitter_misc":{"Gesch\u00e4tzte Lesezeit":"1\u00a0Minute"},"schema":{"@context":"https:\/\/schema.org","@graph":[{"@type":"WebPage","@id":"http:\/\/www.lesdelicesdeprovence.ch\/de\/produits\/sirup-aus-wildem-thymian\/","url":"http:\/\/www.lesdelicesdeprovence.ch\/de\/produits\/sirup-aus-wildem-thymian\/","name":"Sirup aus wildem thymian","isPartOf":{"@id":"https:\/\/www.lesdelicesdeprovence.ch\/de\/#website"},"primaryImageOfPage":{"@id":"http:\/\/www.lesdelicesdeprovence.ch\/de\/produits\/sirup-aus-wildem-thymian\/#primaryimage"},"image":{"@id":"http:\/\/www.lesdelicesdeprovence.ch\/de\/produits\/sirup-aus-wildem-thymian\/#primaryimage"},"thumbnailUrl":"http:\/\/www.lesdelicesdeprovence.ch\/wp-content\/uploads\/2022\/09\/IMG_0883-scaled.jpg","datePublished":"2022-09-09T11:38:22+00:00","dateModified":"2024-02-16T11:27:52+00:00","description":"Ein reiner nat\u00fcrlicher Sirup, der handwerklich aus wildem Thymian hergestellt wird, der in gesch\u00fctzten Gebieten des Naturparks Luberon von Hand gesammelt wird.","breadcrumb":{"@id":"http:\/\/www.lesdelicesdeprovence.ch\/de\/produits\/sirup-aus-wildem-thymian\/#breadcrumb"},"inLanguage":"de","potentialAction":[{"@type":"ReadAction","target":["http:\/\/www.lesdelicesdeprovence.ch\/de\/produits\/sirup-aus-wildem-thymian\/"]}]},{"@type":"ImageObject","inLanguage":"de","@id":"http:\/\/www.lesdelicesdeprovence.ch\/de\/produits\/sirup-aus-wildem-thymian\/#primaryimage","url":"http:\/\/www.lesdelicesdeprovence.ch\/wp-content\/uploads\/2022\/09\/IMG_0883-scaled.jpg","contentUrl":"http:\/\/www.lesdelicesdeprovence.ch\/wp-content\/uploads\/2022\/09\/IMG_0883-scaled.jpg","width":2463,"height":2560},{"@type":"BreadcrumbList","@id":"http:\/\/www.lesdelicesdeprovence.ch\/de\/produits\/sirup-aus-wildem-thymian\/#breadcrumb","itemListElement":[{"@type":"ListItem","position":1,"name":"Accoglienza","item":"https:\/\/www.lesdelicesdeprovence.ch\/de\/"},{"@type":"ListItem","position":2,"name":"Shop","item":"https:\/\/www.lesdelicesdeprovence.ch\/de\/geschaeft\/"},{"@type":"ListItem","position":3,"name":"Sirup aus wildem thymian"}]},{"@type":"WebSite","@id":"https:\/\/www.lesdelicesdeprovence.ch\/de\/#website","url":"https:\/\/www.lesdelicesdeprovence.ch\/de\/","name":"Les D\u00e9lices de Provence","description":"Epicerie fine en ligne","potentialAction":[{"@type":"SearchAction","target":{"@type":"EntryPoint","urlTemplate":"https:\/\/www.lesdelicesdeprovence.ch\/de\/?s={search_term_string}"},"query-input":{"@type":"PropertyValueSpecification","valueRequired":true,"valueName":"search_term_string"}}],"inLanguage":"de"}]}},"_links":{"self":[{"href":"http:\/\/www.lesdelicesdeprovence.ch\/de\/wp-json\/wp\/v2\/product\/7604","targetHints":{"allow":["GET"]}}],"collection":[{"href":"http:\/\/www.lesdelicesdeprovence.ch\/de\/wp-json\/wp\/v2\/product"}],"about":[{"href":"http:\/\/www.lesdelicesdeprovence.ch\/de\/wp-json\/wp\/v2\/types\/product"}],"version-history":[{"count":3,"href":"http:\/\/www.lesdelicesdeprovence.ch\/de\/wp-json\/wp\/v2\/product\/7604\/revisions"}],"predecessor-version":[{"id":8136,"href":"http:\/\/www.lesdelicesdeprovence.ch\/de\/wp-json\/wp\/v2\/product\/7604\/revisions\/8136"}],"wp:featuredmedia":[{"embeddable":true,"href":"http:\/\/www.lesdelicesdeprovence.ch\/de\/wp-json\/wp\/v2\/media\/10797"}],"wp:attachment":[{"href":"http:\/\/www.lesdelicesdeprovence.ch\/de\/wp-json\/wp\/v2\/media?parent=7604"}],"wp:term":[{"taxonomy":"product_cat","embeddable":true,"href":"http:\/\/www.lesdelicesdeprovence.ch\/de\/wp-json\/wp\/v2\/product_cat?post=7604"},{"taxonomy":"product_tag","embeddable":true,"href":"http:\/\/www.lesdelicesdeprovence.ch\/de\/wp-json\/wp\/v2\/product_tag?post=7604"}],"curies":[{"name":"wp","href":"https:\/\/api.w.org\/{rel}","templated":true}]}}