{"id":7757,"date":"2022-09-19T15:50:57","date_gmt":"2022-09-19T15:50:57","guid":{"rendered":"https:\/\/www.aromeprod2.com\/?post_type=product&#038;p=7757"},"modified":"2022-10-11T12:24:10","modified_gmt":"2022-10-11T12:24:10","slug":"warenkorb-auswahl","status":"publish","type":"product","link":"http:\/\/www.lesdelicesdeprovence.ch\/de\/produits\/warenkorb-auswahl\/","title":{"rendered":"Warenkorb Auswahl"},"content":{"rendered":"<p>Die Zusammenstellung dieses h\u00fcbschen Gourmetkorbs war nicht sehr kompliziert: Er besteht aus den Bestsellern unseres Feinkostgesch\u00e4fts nach Kategorien! 4 k\u00f6stliche Aperitifsaucen, 2 s\u00fc\u00df\/salzige Chutneys, die beliebteste Erdbeer-Vanille-Konfit\u00fcre, ein echter Lavendelhonig und 2 Tr\u00fcffelsaucen f\u00fcr die Feinschmecker unter Ihnen.<\/p>\n<p>Z\u00f6gern Sie nicht, unseren Kennern zu vertrauen, wenn Sie Ihren Lieben eine Freude machen wollen, denn hier handelt es sich wirklich nur um au\u00dfergew\u00f6hnliche Produkte!<\/p>\n<p><strong>Im Einzelnen besteht dieses Sortiment aus (Nach Verkauf geordnet) :<\/strong><\/p>\n<ul>\n<li><strong>Artischockencreme mit Knoblauch 180g<\/strong><\/li>\n<li><strong>Auberginen-Confit mit Knoblauch 220g<\/strong><\/li>\n<li><strong>Paprikasuppe auf mediterrane Art 180g<\/strong><\/li>\n<li><strong>Tomaten-Chutney mit Thymian 220g<\/strong><\/li>\n<li><strong>Artischockencreme mit Tr\u00fcffel 130g<\/strong><\/li>\n<li><strong>Mediterrane Olivade 180g<\/strong><\/li>\n<li><strong>Pistou von Basilikum genovese A.O.P. 180g<\/strong><\/li>\n<li><strong>Honig aus Lavendel 250g<\/strong><\/li>\n<li><strong>Barolo mit Tr\u00fcffel 100ml<\/strong><\/li>\n<li><strong>Erdbeer-Vanille-Konfit\u00fcre 345g<\/strong><\/li>\n<\/ul>\n","protected":false},"excerpt":{"rendered":"<p>Ce panier est tout simplement compos\u00e9 des best-sellers les plus appr\u00e9ci\u00e9s par notre client\u00e8le sur notre site et les march\u00e9s.<\/p>\n","protected":false},"featured_media":8550,"template":"","meta":[],"product_cat":[510],"product_tag":[],"class_list":{"0":"post-7757","1":"product","2":"type-product","3":"status-publish","4":"has-post-thumbnail","6":"product_cat-die-gourmetkoerbe","8":"first","9":"instock","10":"sale","11":"taxable","12":"shipping-taxable","13":"purchasable","14":"product-type-simple"},"yoast_head":"<!-- This site is optimized with the Yoast SEO plugin v27.2 - https:\/\/yoast.com\/product\/yoast-seo-wordpress\/ -->\n<title>Warenkorb Auswahl<\/title>\n<meta name=\"description\" content=\"Dieser Warenkorb besteht ganz einfach aus den Bestsellern, die von unseren Kunden auf unserer Website und den M\u00e4rkten am meisten gesch\u00e4tzt werden.\" \/>\n<meta name=\"robots\" content=\"index, follow, max-snippet:-1, max-image-preview:large, max-video-preview:-1\" \/>\n<link rel=\"canonical\" href=\"http:\/\/www.lesdelicesdeprovence.ch\/de\/produits\/warenkorb-auswahl\/\" \/>\n<meta property=\"og:locale\" content=\"de_DE\" \/>\n<meta property=\"og:type\" content=\"article\" \/>\n<meta property=\"og:title\" content=\"Warenkorb Auswahl\" \/>\n<meta property=\"og:description\" content=\"Dieser Warenkorb besteht ganz einfach aus den Bestsellern, die von unseren Kunden auf unserer Website und den M\u00e4rkten am meisten gesch\u00e4tzt werden.\" \/>\n<meta property=\"og:url\" content=\"http:\/\/www.lesdelicesdeprovence.ch\/de\/produits\/warenkorb-auswahl\/\" \/>\n<meta property=\"og:site_name\" content=\"Les D\u00e9lices de Provence\" \/>\n<meta property=\"article:modified_time\" content=\"2022-10-11T12:24:10+00:00\" \/>\n<meta property=\"og:image\" content=\"http:\/\/www.lesdelicesdeprovence.ch\/wp-content\/uploads\/2022\/09\/IMG_10222.jpg\" \/>\n\t<meta property=\"og:image:width\" content=\"1068\" \/>\n\t<meta property=\"og:image:height\" content=\"905\" \/>\n\t<meta property=\"og:image:type\" content=\"image\/jpeg\" \/>\n<meta name=\"twitter:card\" content=\"summary_large_image\" \/>\n<meta name=\"twitter:label1\" content=\"Gesch\u00e4tzte Lesezeit\" \/>\n\t<meta name=\"twitter:data1\" content=\"1\u00a0Minute\" \/>\n<script type=\"application\/ld+json\" class=\"yoast-schema-graph\">{\"@context\":\"https:\/\/schema.org\",\"@graph\":[{\"@type\":\"WebPage\",\"@id\":\"http:\/\/www.lesdelicesdeprovence.ch\/de\/produits\/warenkorb-auswahl\/\",\"url\":\"http:\/\/www.lesdelicesdeprovence.ch\/de\/produits\/warenkorb-auswahl\/\",\"name\":\"Warenkorb Auswahl\",\"isPartOf\":{\"@id\":\"http:\/\/www.lesdelicesdeprovence.ch\/de\/#website\"},\"primaryImageOfPage\":{\"@id\":\"http:\/\/www.lesdelicesdeprovence.ch\/de\/produits\/warenkorb-auswahl\/#primaryimage\"},\"image\":{\"@id\":\"http:\/\/www.lesdelicesdeprovence.ch\/de\/produits\/warenkorb-auswahl\/#primaryimage\"},\"thumbnailUrl\":\"http:\/\/www.lesdelicesdeprovence.ch\/wp-content\/uploads\/2022\/09\/IMG_10222.jpg\",\"datePublished\":\"2022-09-19T15:50:57+00:00\",\"dateModified\":\"2022-10-11T12:24:10+00:00\",\"description\":\"Dieser Warenkorb besteht ganz einfach aus den Bestsellern, die von unseren Kunden auf unserer Website und den M\u00e4rkten am meisten gesch\u00e4tzt werden.\",\"breadcrumb\":{\"@id\":\"http:\/\/www.lesdelicesdeprovence.ch\/de\/produits\/warenkorb-auswahl\/#breadcrumb\"},\"inLanguage\":\"de\",\"potentialAction\":[{\"@type\":\"ReadAction\",\"target\":[\"http:\/\/www.lesdelicesdeprovence.ch\/de\/produits\/warenkorb-auswahl\/\"]}]},{\"@type\":\"ImageObject\",\"inLanguage\":\"de\",\"@id\":\"http:\/\/www.lesdelicesdeprovence.ch\/de\/produits\/warenkorb-auswahl\/#primaryimage\",\"url\":\"http:\/\/www.lesdelicesdeprovence.ch\/wp-content\/uploads\/2022\/09\/IMG_10222.jpg\",\"contentUrl\":\"http:\/\/www.lesdelicesdeprovence.ch\/wp-content\/uploads\/2022\/09\/IMG_10222.jpg\",\"width\":1068,\"height\":905},{\"@type\":\"BreadcrumbList\",\"@id\":\"http:\/\/www.lesdelicesdeprovence.ch\/de\/produits\/warenkorb-auswahl\/#breadcrumb\",\"itemListElement\":[{\"@type\":\"ListItem\",\"position\":1,\"name\":\"Accoglienza\",\"item\":\"http:\/\/www.lesdelicesdeprovence.ch\/de\/\"},{\"@type\":\"ListItem\",\"position\":2,\"name\":\"Shop\",\"item\":\"https:\/\/www.lesdelicesdeprovence.ch\/de\/geschaeft\/\"},{\"@type\":\"ListItem\",\"position\":3,\"name\":\"Warenkorb Auswahl\"}]},{\"@type\":\"WebSite\",\"@id\":\"http:\/\/www.lesdelicesdeprovence.ch\/de\/#website\",\"url\":\"http:\/\/www.lesdelicesdeprovence.ch\/de\/\",\"name\":\"Les D\u00e9lices de Provence\",\"description\":\"Epicerie fine en ligne\",\"potentialAction\":[{\"@type\":\"SearchAction\",\"target\":{\"@type\":\"EntryPoint\",\"urlTemplate\":\"http:\/\/www.lesdelicesdeprovence.ch\/de\/?s={search_term_string}\"},\"query-input\":{\"@type\":\"PropertyValueSpecification\",\"valueRequired\":true,\"valueName\":\"search_term_string\"}}],\"inLanguage\":\"de\"}]}<\/script>\n<!-- \/ Yoast SEO plugin. -->","yoast_head_json":{"title":"Warenkorb Auswahl","description":"Dieser Warenkorb besteht ganz einfach aus den Bestsellern, die von unseren Kunden auf unserer Website und den M\u00e4rkten am meisten gesch\u00e4tzt werden.","robots":{"index":"index","follow":"follow","max-snippet":"max-snippet:-1","max-image-preview":"max-image-preview:large","max-video-preview":"max-video-preview:-1"},"canonical":"http:\/\/www.lesdelicesdeprovence.ch\/de\/produits\/warenkorb-auswahl\/","og_locale":"de_DE","og_type":"article","og_title":"Warenkorb Auswahl","og_description":"Dieser Warenkorb besteht ganz einfach aus den Bestsellern, die von unseren Kunden auf unserer Website und den M\u00e4rkten am meisten gesch\u00e4tzt werden.","og_url":"http:\/\/www.lesdelicesdeprovence.ch\/de\/produits\/warenkorb-auswahl\/","og_site_name":"Les D\u00e9lices de Provence","article_modified_time":"2022-10-11T12:24:10+00:00","og_image":[{"width":1068,"height":905,"url":"http:\/\/www.lesdelicesdeprovence.ch\/wp-content\/uploads\/2022\/09\/IMG_10222.jpg","type":"image\/jpeg"}],"twitter_card":"summary_large_image","twitter_misc":{"Gesch\u00e4tzte Lesezeit":"1\u00a0Minute"},"schema":{"@context":"https:\/\/schema.org","@graph":[{"@type":"WebPage","@id":"http:\/\/www.lesdelicesdeprovence.ch\/de\/produits\/warenkorb-auswahl\/","url":"http:\/\/www.lesdelicesdeprovence.ch\/de\/produits\/warenkorb-auswahl\/","name":"Warenkorb Auswahl","isPartOf":{"@id":"http:\/\/www.lesdelicesdeprovence.ch\/de\/#website"},"primaryImageOfPage":{"@id":"http:\/\/www.lesdelicesdeprovence.ch\/de\/produits\/warenkorb-auswahl\/#primaryimage"},"image":{"@id":"http:\/\/www.lesdelicesdeprovence.ch\/de\/produits\/warenkorb-auswahl\/#primaryimage"},"thumbnailUrl":"http:\/\/www.lesdelicesdeprovence.ch\/wp-content\/uploads\/2022\/09\/IMG_10222.jpg","datePublished":"2022-09-19T15:50:57+00:00","dateModified":"2022-10-11T12:24:10+00:00","description":"Dieser Warenkorb besteht ganz einfach aus den Bestsellern, die von unseren Kunden auf unserer Website und den M\u00e4rkten am meisten gesch\u00e4tzt werden.","breadcrumb":{"@id":"http:\/\/www.lesdelicesdeprovence.ch\/de\/produits\/warenkorb-auswahl\/#breadcrumb"},"inLanguage":"de","potentialAction":[{"@type":"ReadAction","target":["http:\/\/www.lesdelicesdeprovence.ch\/de\/produits\/warenkorb-auswahl\/"]}]},{"@type":"ImageObject","inLanguage":"de","@id":"http:\/\/www.lesdelicesdeprovence.ch\/de\/produits\/warenkorb-auswahl\/#primaryimage","url":"http:\/\/www.lesdelicesdeprovence.ch\/wp-content\/uploads\/2022\/09\/IMG_10222.jpg","contentUrl":"http:\/\/www.lesdelicesdeprovence.ch\/wp-content\/uploads\/2022\/09\/IMG_10222.jpg","width":1068,"height":905},{"@type":"BreadcrumbList","@id":"http:\/\/www.lesdelicesdeprovence.ch\/de\/produits\/warenkorb-auswahl\/#breadcrumb","itemListElement":[{"@type":"ListItem","position":1,"name":"Accoglienza","item":"http:\/\/www.lesdelicesdeprovence.ch\/de\/"},{"@type":"ListItem","position":2,"name":"Shop","item":"https:\/\/www.lesdelicesdeprovence.ch\/de\/geschaeft\/"},{"@type":"ListItem","position":3,"name":"Warenkorb Auswahl"}]},{"@type":"WebSite","@id":"http:\/\/www.lesdelicesdeprovence.ch\/de\/#website","url":"http:\/\/www.lesdelicesdeprovence.ch\/de\/","name":"Les D\u00e9lices de Provence","description":"Epicerie fine en ligne","potentialAction":[{"@type":"SearchAction","target":{"@type":"EntryPoint","urlTemplate":"http:\/\/www.lesdelicesdeprovence.ch\/de\/?s={search_term_string}"},"query-input":{"@type":"PropertyValueSpecification","valueRequired":true,"valueName":"search_term_string"}}],"inLanguage":"de"}]}},"_links":{"self":[{"href":"http:\/\/www.lesdelicesdeprovence.ch\/de\/wp-json\/wp\/v2\/product\/7757","targetHints":{"allow":["GET"]}}],"collection":[{"href":"http:\/\/www.lesdelicesdeprovence.ch\/de\/wp-json\/wp\/v2\/product"}],"about":[{"href":"http:\/\/www.lesdelicesdeprovence.ch\/de\/wp-json\/wp\/v2\/types\/product"}],"version-history":[{"count":2,"href":"http:\/\/www.lesdelicesdeprovence.ch\/de\/wp-json\/wp\/v2\/product\/7757\/revisions"}],"predecessor-version":[{"id":8205,"href":"http:\/\/www.lesdelicesdeprovence.ch\/de\/wp-json\/wp\/v2\/product\/7757\/revisions\/8205"}],"wp:featuredmedia":[{"embeddable":true,"href":"http:\/\/www.lesdelicesdeprovence.ch\/de\/wp-json\/wp\/v2\/media\/8550"}],"wp:attachment":[{"href":"http:\/\/www.lesdelicesdeprovence.ch\/de\/wp-json\/wp\/v2\/media?parent=7757"}],"wp:term":[{"taxonomy":"product_cat","embeddable":true,"href":"http:\/\/www.lesdelicesdeprovence.ch\/de\/wp-json\/wp\/v2\/product_cat?post=7757"},{"taxonomy":"product_tag","embeddable":true,"href":"http:\/\/www.lesdelicesdeprovence.ch\/de\/wp-json\/wp\/v2\/product_tag?post=7757"}],"curies":[{"name":"wp","href":"https:\/\/api.w.org\/{rel}","templated":true}]}}