{"id":7780,"date":"2022-05-03T10:09:56","date_gmt":"2022-05-03T10:09:56","guid":{"rendered":"https:\/\/www.aromeprod2.com\/?post_type=product&#038;p=7780"},"modified":"2025-01-08T18:09:32","modified_gmt":"2025-01-08T18:09:32","slug":"basilikum-genovese-d-o-p","status":"publish","type":"product","link":"http:\/\/www.lesdelicesdeprovence.ch\/de\/produits\/basilikum-genovese-d-o-p\/","title":{"rendered":"Basilikumstempel genovese D.O.P."},"content":{"rendered":"<p>Das provenzalische Basilikumpistou ist dem ber\u00fchmten &#8222;Pesto alla genovese&#8220; nachempfunden, enth\u00e4lt jedoch weder Knoblauch noch Parmesan.<\/p>\n<p>Es ist eine Sauce, die von sehr vielen Feinschmeckern gesch\u00e4tzt wird, die sich f\u00fcr die mediterrane und provenzalische Esskultur begeistern.<\/p>\n<p>Frisches Basilikum direkt von einem Gem\u00fcsebauern aus Genna, Oliven\u00f6l aus der Provence, Pinienkerne, eine Prise Cashewn\u00fcsse: Diese wenigen Zutaten gen\u00fcgen, um ein authentisches und sehr schmackhaftes Basilikum-Pistou zuzubereiten. Alles ist eine Frage der Qualit\u00e4t der Zutaten.<\/p>\n<p>Ideal als Sauce zu warmer oder kalter Pasta, als Sandwich, Toast, sowie z. B. zu Tomaten-Mozzarella-Salat oder Zucchini-Tian.<\/p>\n<p>Sie brauchen nicht viel davon in Ihre Gerichte zu geben: Ein Essl\u00f6ffel dieses Pistou, verl\u00e4ngert mit Oliven\u00f6l oder Kochwasser, reicht v\u00f6llig aus, um z. B. ein gutes Nudelgericht zu w\u00fcrzen.<\/p>\n<p><strong>Zutaten: Oliven\u00f6l, Cashewn\u00fcsse, Basilikum Genovese D.O.P. (22%), Meersalz, Pinienkerne<\/strong><\/p>\n<p><strong>Inhalt: 180g<\/strong><\/p>\n<p>&nbsp;<\/p>\n<p>&nbsp;<\/p>\n","protected":false},"excerpt":{"rendered":"<p>Von den gut zwanzig Pistous, die wir in der Provence probiert haben, war dies zweifellos das beste in Bezug auf Authentizit\u00e4t, Geschmack und Textur.<\/p>\n<p>Der Handwerker, der es zubereitet, bezieht sein hochwertiges Basilikum von einem Gem\u00fcsebauern in Genua, und das macht den Unterschied.<\/p>\n","protected":false},"featured_media":10107,"template":"","meta":[],"product_cat":[246],"product_tag":[],"class_list":{"0":"post-7780","1":"product","2":"type-product","3":"status-publish","4":"has-post-thumbnail","6":"product_cat-aperitif-saucen","8":"first","9":"instock","10":"taxable","11":"shipping-taxable","12":"purchasable","13":"product-type-simple"},"yoast_head":"<!-- This site is optimized with the Yoast SEO plugin v27.2 - https:\/\/yoast.com\/product\/yoast-seo-wordpress\/ -->\n<title>Basilikumstempel genovese D.O.P.<\/title>\n<meta name=\"description\" content=\"Von den gut zwanzig Pistous, die wir in der Provence verkostet haben, war dies zweifellos das beste, was die Authentizit\u00e4t des Geschmacks und die Textur betrifft.\" \/>\n<meta name=\"robots\" content=\"index, follow, max-snippet:-1, max-image-preview:large, max-video-preview:-1\" \/>\n<link rel=\"canonical\" href=\"http:\/\/www.lesdelicesdeprovence.ch\/de\/produits\/basilikum-genovese-d-o-p\/\" \/>\n<meta property=\"og:locale\" content=\"de_DE\" \/>\n<meta property=\"og:type\" content=\"article\" \/>\n<meta property=\"og:title\" content=\"Basilikumstempel genovese D.O.P.\" \/>\n<meta property=\"og:description\" content=\"Von den gut zwanzig Pistous, die wir in der Provence verkostet haben, war dies zweifellos das beste, was die Authentizit\u00e4t des Geschmacks und die Textur betrifft.\" \/>\n<meta property=\"og:url\" content=\"http:\/\/www.lesdelicesdeprovence.ch\/de\/produits\/basilikum-genovese-d-o-p\/\" \/>\n<meta property=\"og:site_name\" content=\"Les D\u00e9lices de Provence\" \/>\n<meta property=\"article:modified_time\" content=\"2025-01-08T18:09:32+00:00\" \/>\n<meta property=\"og:image\" content=\"http:\/\/www.lesdelicesdeprovence.ch\/wp-content\/uploads\/2022\/05\/IMG_6230.jpg\" \/>\n\t<meta property=\"og:image:width\" content=\"2064\" \/>\n\t<meta property=\"og:image:height\" content=\"2385\" \/>\n\t<meta property=\"og:image:type\" content=\"image\/jpeg\" \/>\n<meta name=\"twitter:card\" content=\"summary_large_image\" \/>\n<meta name=\"twitter:label1\" content=\"Gesch\u00e4tzte Lesezeit\" \/>\n\t<meta name=\"twitter:data1\" content=\"1\u00a0Minute\" \/>\n<script type=\"application\/ld+json\" class=\"yoast-schema-graph\">{\"@context\":\"https:\/\/schema.org\",\"@graph\":[{\"@type\":\"WebPage\",\"@id\":\"http:\/\/www.lesdelicesdeprovence.ch\/de\/produits\/basilikum-genovese-d-o-p\/\",\"url\":\"http:\/\/www.lesdelicesdeprovence.ch\/de\/produits\/basilikum-genovese-d-o-p\/\",\"name\":\"Basilikumstempel genovese D.O.P.\",\"isPartOf\":{\"@id\":\"https:\/\/www.lesdelicesdeprovence.ch\/de\/#website\"},\"primaryImageOfPage\":{\"@id\":\"http:\/\/www.lesdelicesdeprovence.ch\/de\/produits\/basilikum-genovese-d-o-p\/#primaryimage\"},\"image\":{\"@id\":\"http:\/\/www.lesdelicesdeprovence.ch\/de\/produits\/basilikum-genovese-d-o-p\/#primaryimage\"},\"thumbnailUrl\":\"http:\/\/www.lesdelicesdeprovence.ch\/wp-content\/uploads\/2022\/05\/IMG_6230.jpg\",\"datePublished\":\"2022-05-03T10:09:56+00:00\",\"dateModified\":\"2025-01-08T18:09:32+00:00\",\"description\":\"Von den gut zwanzig Pistous, die wir in der Provence verkostet haben, war dies zweifellos das beste, was die Authentizit\u00e4t des Geschmacks und die Textur betrifft.\",\"breadcrumb\":{\"@id\":\"http:\/\/www.lesdelicesdeprovence.ch\/de\/produits\/basilikum-genovese-d-o-p\/#breadcrumb\"},\"inLanguage\":\"de\",\"potentialAction\":[{\"@type\":\"ReadAction\",\"target\":[\"http:\/\/www.lesdelicesdeprovence.ch\/de\/produits\/basilikum-genovese-d-o-p\/\"]}]},{\"@type\":\"ImageObject\",\"inLanguage\":\"de\",\"@id\":\"http:\/\/www.lesdelicesdeprovence.ch\/de\/produits\/basilikum-genovese-d-o-p\/#primaryimage\",\"url\":\"http:\/\/www.lesdelicesdeprovence.ch\/wp-content\/uploads\/2022\/05\/IMG_6230.jpg\",\"contentUrl\":\"http:\/\/www.lesdelicesdeprovence.ch\/wp-content\/uploads\/2022\/05\/IMG_6230.jpg\",\"width\":2064,\"height\":2385},{\"@type\":\"BreadcrumbList\",\"@id\":\"http:\/\/www.lesdelicesdeprovence.ch\/de\/produits\/basilikum-genovese-d-o-p\/#breadcrumb\",\"itemListElement\":[{\"@type\":\"ListItem\",\"position\":1,\"name\":\"Accoglienza\",\"item\":\"http:\/\/www.lesdelicesdeprovence.ch\/de\/\"},{\"@type\":\"ListItem\",\"position\":2,\"name\":\"Shop\",\"item\":\"http:\/\/www.lesdelicesdeprovence.ch\/de\/geschaeft\/\"},{\"@type\":\"ListItem\",\"position\":3,\"name\":\"Basilikumstempel genovese D.O.P.\"}]},{\"@type\":\"WebSite\",\"@id\":\"https:\/\/www.lesdelicesdeprovence.ch\/de\/#website\",\"url\":\"https:\/\/www.lesdelicesdeprovence.ch\/de\/\",\"name\":\"Les D\u00e9lices de Provence\",\"description\":\"Epicerie fine en ligne\",\"potentialAction\":[{\"@type\":\"SearchAction\",\"target\":{\"@type\":\"EntryPoint\",\"urlTemplate\":\"https:\/\/www.lesdelicesdeprovence.ch\/de\/?s={search_term_string}\"},\"query-input\":{\"@type\":\"PropertyValueSpecification\",\"valueRequired\":true,\"valueName\":\"search_term_string\"}}],\"inLanguage\":\"de\"}]}<\/script>\n<!-- \/ Yoast SEO plugin. -->","yoast_head_json":{"title":"Basilikumstempel genovese D.O.P.","description":"Von den gut zwanzig Pistous, die wir in der Provence verkostet haben, war dies zweifellos das beste, was die Authentizit\u00e4t des Geschmacks und die Textur betrifft.","robots":{"index":"index","follow":"follow","max-snippet":"max-snippet:-1","max-image-preview":"max-image-preview:large","max-video-preview":"max-video-preview:-1"},"canonical":"http:\/\/www.lesdelicesdeprovence.ch\/de\/produits\/basilikum-genovese-d-o-p\/","og_locale":"de_DE","og_type":"article","og_title":"Basilikumstempel genovese D.O.P.","og_description":"Von den gut zwanzig Pistous, die wir in der Provence verkostet haben, war dies zweifellos das beste, was die Authentizit\u00e4t des Geschmacks und die Textur betrifft.","og_url":"http:\/\/www.lesdelicesdeprovence.ch\/de\/produits\/basilikum-genovese-d-o-p\/","og_site_name":"Les D\u00e9lices de Provence","article_modified_time":"2025-01-08T18:09:32+00:00","og_image":[{"width":2064,"height":2385,"url":"http:\/\/www.lesdelicesdeprovence.ch\/wp-content\/uploads\/2022\/05\/IMG_6230.jpg","type":"image\/jpeg"}],"twitter_card":"summary_large_image","twitter_misc":{"Gesch\u00e4tzte Lesezeit":"1\u00a0Minute"},"schema":{"@context":"https:\/\/schema.org","@graph":[{"@type":"WebPage","@id":"http:\/\/www.lesdelicesdeprovence.ch\/de\/produits\/basilikum-genovese-d-o-p\/","url":"http:\/\/www.lesdelicesdeprovence.ch\/de\/produits\/basilikum-genovese-d-o-p\/","name":"Basilikumstempel genovese D.O.P.","isPartOf":{"@id":"https:\/\/www.lesdelicesdeprovence.ch\/de\/#website"},"primaryImageOfPage":{"@id":"http:\/\/www.lesdelicesdeprovence.ch\/de\/produits\/basilikum-genovese-d-o-p\/#primaryimage"},"image":{"@id":"http:\/\/www.lesdelicesdeprovence.ch\/de\/produits\/basilikum-genovese-d-o-p\/#primaryimage"},"thumbnailUrl":"http:\/\/www.lesdelicesdeprovence.ch\/wp-content\/uploads\/2022\/05\/IMG_6230.jpg","datePublished":"2022-05-03T10:09:56+00:00","dateModified":"2025-01-08T18:09:32+00:00","description":"Von den gut zwanzig Pistous, die wir in der Provence verkostet haben, war dies zweifellos das beste, was die Authentizit\u00e4t des Geschmacks und die Textur betrifft.","breadcrumb":{"@id":"http:\/\/www.lesdelicesdeprovence.ch\/de\/produits\/basilikum-genovese-d-o-p\/#breadcrumb"},"inLanguage":"de","potentialAction":[{"@type":"ReadAction","target":["http:\/\/www.lesdelicesdeprovence.ch\/de\/produits\/basilikum-genovese-d-o-p\/"]}]},{"@type":"ImageObject","inLanguage":"de","@id":"http:\/\/www.lesdelicesdeprovence.ch\/de\/produits\/basilikum-genovese-d-o-p\/#primaryimage","url":"http:\/\/www.lesdelicesdeprovence.ch\/wp-content\/uploads\/2022\/05\/IMG_6230.jpg","contentUrl":"http:\/\/www.lesdelicesdeprovence.ch\/wp-content\/uploads\/2022\/05\/IMG_6230.jpg","width":2064,"height":2385},{"@type":"BreadcrumbList","@id":"http:\/\/www.lesdelicesdeprovence.ch\/de\/produits\/basilikum-genovese-d-o-p\/#breadcrumb","itemListElement":[{"@type":"ListItem","position":1,"name":"Accoglienza","item":"http:\/\/www.lesdelicesdeprovence.ch\/de\/"},{"@type":"ListItem","position":2,"name":"Shop","item":"http:\/\/www.lesdelicesdeprovence.ch\/de\/geschaeft\/"},{"@type":"ListItem","position":3,"name":"Basilikumstempel genovese D.O.P."}]},{"@type":"WebSite","@id":"https:\/\/www.lesdelicesdeprovence.ch\/de\/#website","url":"https:\/\/www.lesdelicesdeprovence.ch\/de\/","name":"Les D\u00e9lices de Provence","description":"Epicerie fine en ligne","potentialAction":[{"@type":"SearchAction","target":{"@type":"EntryPoint","urlTemplate":"https:\/\/www.lesdelicesdeprovence.ch\/de\/?s={search_term_string}"},"query-input":{"@type":"PropertyValueSpecification","valueRequired":true,"valueName":"search_term_string"}}],"inLanguage":"de"}]}},"_links":{"self":[{"href":"http:\/\/www.lesdelicesdeprovence.ch\/de\/wp-json\/wp\/v2\/product\/7780","targetHints":{"allow":["GET"]}}],"collection":[{"href":"http:\/\/www.lesdelicesdeprovence.ch\/de\/wp-json\/wp\/v2\/product"}],"about":[{"href":"http:\/\/www.lesdelicesdeprovence.ch\/de\/wp-json\/wp\/v2\/types\/product"}],"version-history":[{"count":3,"href":"http:\/\/www.lesdelicesdeprovence.ch\/de\/wp-json\/wp\/v2\/product\/7780\/revisions"}],"predecessor-version":[{"id":12928,"href":"http:\/\/www.lesdelicesdeprovence.ch\/de\/wp-json\/wp\/v2\/product\/7780\/revisions\/12928"}],"wp:featuredmedia":[{"embeddable":true,"href":"http:\/\/www.lesdelicesdeprovence.ch\/de\/wp-json\/wp\/v2\/media\/10107"}],"wp:attachment":[{"href":"http:\/\/www.lesdelicesdeprovence.ch\/de\/wp-json\/wp\/v2\/media?parent=7780"}],"wp:term":[{"taxonomy":"product_cat","embeddable":true,"href":"http:\/\/www.lesdelicesdeprovence.ch\/de\/wp-json\/wp\/v2\/product_cat?post=7780"},{"taxonomy":"product_tag","embeddable":true,"href":"http:\/\/www.lesdelicesdeprovence.ch\/de\/wp-json\/wp\/v2\/product_tag?post=7780"}],"curies":[{"name":"wp","href":"https:\/\/api.w.org\/{rel}","templated":true}]}}