{"id":8474,"date":"2022-10-25T14:11:50","date_gmt":"2022-10-25T14:11:50","guid":{"rendered":"https:\/\/www.aromeprod2.com\/?post_type=product&#038;p=8474"},"modified":"2023-05-03T08:46:35","modified_gmt":"2023-05-03T08:46:35","slug":"schoko-haselnuss-teig","status":"publish","type":"product","link":"http:\/\/www.lesdelicesdeprovence.ch\/de\/produits\/schoko-haselnuss-teig\/","title":{"rendered":"Schoko-Haselnuss-Teig"},"content":{"rendered":"<p>Ein 100% nat\u00fcrlicher, cremiger und sehr leckerer Brotaufstrich mit Schokolade und Haseln\u00fcssen, der schon zum Fr\u00fchst\u00fcck schmeckt!<\/p>\n<p>Hergestellt in einem kleinen Familienbetrieb in der Region Vaucluse.<\/p>\n<p><strong>Zutaten: Zucker, pflanzliche Fette OHNE PALM\u00d6L (Sonnenblumen, Kakaobutter, Karit\u00e9, F\u00e4rberdistel, Illipe), Haseln\u00fcsse (13%), Magermilchpulver (9%), Kakaopulver. Emulgator: Sonnenblumenlecithin, Vanille aus Madagaskar.<\/strong><\/p>\n<p><strong>Inhalt: 240g<\/strong><\/p>\n","protected":false},"excerpt":{"rendered":"<p>Endlich ein Brotaufstrich f\u00fcr den Morgen, der ohne k\u00fcnstliche Aromen und Palm\u00f6l auskommt.<\/p>\n<p>Nicht nur gesund, sondern auch lecker!<\/p>\n","protected":false},"featured_media":10060,"template":"","meta":[],"product_cat":[665,221],"product_tag":[],"class_list":{"0":"post-8474","1":"product","2":"type-product","3":"status-publish","4":"has-post-thumbnail","6":"product_cat-marmeladen-und-aufstriche-de","7":"product_cat-provenzalische-suessigkeiten","9":"first","10":"outofstock","11":"taxable","12":"shipping-taxable","13":"purchasable","14":"product-type-simple"},"yoast_head":"<!-- This site is optimized with the Yoast SEO plugin v27.2 - https:\/\/yoast.com\/product\/yoast-seo-wordpress\/ -->\n<title>Schoko-Haselnuss-Teig<\/title>\n<meta name=\"description\" content=\"Endlich ein Brotaufstrich f\u00fcr den Morgen, der ohne k\u00fcnstliche Aromen und Palm\u00f6l auskommt.\" \/>\n<meta name=\"robots\" content=\"index, follow, max-snippet:-1, max-image-preview:large, max-video-preview:-1\" \/>\n<link rel=\"canonical\" href=\"http:\/\/www.lesdelicesdeprovence.ch\/de\/produits\/schoko-haselnuss-teig\/\" \/>\n<meta property=\"og:locale\" content=\"de_DE\" \/>\n<meta property=\"og:type\" content=\"article\" \/>\n<meta property=\"og:title\" content=\"Schoko-Haselnuss-Teig\" \/>\n<meta property=\"og:description\" content=\"Endlich ein Brotaufstrich f\u00fcr den Morgen, der ohne k\u00fcnstliche Aromen und Palm\u00f6l auskommt.\" \/>\n<meta property=\"og:url\" content=\"http:\/\/www.lesdelicesdeprovence.ch\/de\/produits\/schoko-haselnuss-teig\/\" \/>\n<meta property=\"og:site_name\" content=\"Les D\u00e9lices de Provence\" \/>\n<meta property=\"article:modified_time\" content=\"2023-05-03T08:46:35+00:00\" \/>\n<meta property=\"og:image\" content=\"http:\/\/www.lesdelicesdeprovence.ch\/wp-content\/uploads\/2022\/10\/IMG_6243.jpg\" \/>\n\t<meta property=\"og:image:width\" content=\"2053\" \/>\n\t<meta property=\"og:image:height\" content=\"2104\" \/>\n\t<meta property=\"og:image:type\" content=\"image\/jpeg\" \/>\n<meta name=\"twitter:card\" content=\"summary_large_image\" \/>\n<meta name=\"twitter:label1\" content=\"Gesch\u00e4tzte Lesezeit\" \/>\n\t<meta name=\"twitter:data1\" content=\"1\u00a0Minute\" \/>\n<script type=\"application\/ld+json\" class=\"yoast-schema-graph\">{\"@context\":\"https:\/\/schema.org\",\"@graph\":[{\"@type\":\"WebPage\",\"@id\":\"http:\/\/www.lesdelicesdeprovence.ch\/de\/produits\/schoko-haselnuss-teig\/\",\"url\":\"http:\/\/www.lesdelicesdeprovence.ch\/de\/produits\/schoko-haselnuss-teig\/\",\"name\":\"Schoko-Haselnuss-Teig\",\"isPartOf\":{\"@id\":\"https:\/\/www.lesdelicesdeprovence.ch\/de\/#website\"},\"primaryImageOfPage\":{\"@id\":\"http:\/\/www.lesdelicesdeprovence.ch\/de\/produits\/schoko-haselnuss-teig\/#primaryimage\"},\"image\":{\"@id\":\"http:\/\/www.lesdelicesdeprovence.ch\/de\/produits\/schoko-haselnuss-teig\/#primaryimage\"},\"thumbnailUrl\":\"http:\/\/www.lesdelicesdeprovence.ch\/wp-content\/uploads\/2022\/10\/IMG_6243.jpg\",\"datePublished\":\"2022-10-25T14:11:50+00:00\",\"dateModified\":\"2023-05-03T08:46:35+00:00\",\"description\":\"Endlich ein Brotaufstrich f\u00fcr den Morgen, der ohne k\u00fcnstliche Aromen und Palm\u00f6l auskommt.\",\"breadcrumb\":{\"@id\":\"http:\/\/www.lesdelicesdeprovence.ch\/de\/produits\/schoko-haselnuss-teig\/#breadcrumb\"},\"inLanguage\":\"de\",\"potentialAction\":[{\"@type\":\"ReadAction\",\"target\":[\"http:\/\/www.lesdelicesdeprovence.ch\/de\/produits\/schoko-haselnuss-teig\/\"]}]},{\"@type\":\"ImageObject\",\"inLanguage\":\"de\",\"@id\":\"http:\/\/www.lesdelicesdeprovence.ch\/de\/produits\/schoko-haselnuss-teig\/#primaryimage\",\"url\":\"http:\/\/www.lesdelicesdeprovence.ch\/wp-content\/uploads\/2022\/10\/IMG_6243.jpg\",\"contentUrl\":\"http:\/\/www.lesdelicesdeprovence.ch\/wp-content\/uploads\/2022\/10\/IMG_6243.jpg\",\"width\":2053,\"height\":2104},{\"@type\":\"BreadcrumbList\",\"@id\":\"http:\/\/www.lesdelicesdeprovence.ch\/de\/produits\/schoko-haselnuss-teig\/#breadcrumb\",\"itemListElement\":[{\"@type\":\"ListItem\",\"position\":1,\"name\":\"Accoglienza\",\"item\":\"http:\/\/www.lesdelicesdeprovence.ch\/de\/\"},{\"@type\":\"ListItem\",\"position\":2,\"name\":\"Shop\",\"item\":\"http:\/\/www.lesdelicesdeprovence.ch\/de\/geschaeft\/\"},{\"@type\":\"ListItem\",\"position\":3,\"name\":\"Schoko-Haselnuss-Teig\"}]},{\"@type\":\"WebSite\",\"@id\":\"https:\/\/www.lesdelicesdeprovence.ch\/de\/#website\",\"url\":\"https:\/\/www.lesdelicesdeprovence.ch\/de\/\",\"name\":\"Les D\u00e9lices de Provence\",\"description\":\"Epicerie fine en ligne\",\"potentialAction\":[{\"@type\":\"SearchAction\",\"target\":{\"@type\":\"EntryPoint\",\"urlTemplate\":\"https:\/\/www.lesdelicesdeprovence.ch\/de\/?s={search_term_string}\"},\"query-input\":{\"@type\":\"PropertyValueSpecification\",\"valueRequired\":true,\"valueName\":\"search_term_string\"}}],\"inLanguage\":\"de\"}]}<\/script>\n<!-- \/ Yoast SEO plugin. -->","yoast_head_json":{"title":"Schoko-Haselnuss-Teig","description":"Endlich ein Brotaufstrich f\u00fcr den Morgen, der ohne k\u00fcnstliche Aromen und Palm\u00f6l auskommt.","robots":{"index":"index","follow":"follow","max-snippet":"max-snippet:-1","max-image-preview":"max-image-preview:large","max-video-preview":"max-video-preview:-1"},"canonical":"http:\/\/www.lesdelicesdeprovence.ch\/de\/produits\/schoko-haselnuss-teig\/","og_locale":"de_DE","og_type":"article","og_title":"Schoko-Haselnuss-Teig","og_description":"Endlich ein Brotaufstrich f\u00fcr den Morgen, der ohne k\u00fcnstliche Aromen und Palm\u00f6l auskommt.","og_url":"http:\/\/www.lesdelicesdeprovence.ch\/de\/produits\/schoko-haselnuss-teig\/","og_site_name":"Les D\u00e9lices de Provence","article_modified_time":"2023-05-03T08:46:35+00:00","og_image":[{"width":2053,"height":2104,"url":"http:\/\/www.lesdelicesdeprovence.ch\/wp-content\/uploads\/2022\/10\/IMG_6243.jpg","type":"image\/jpeg"}],"twitter_card":"summary_large_image","twitter_misc":{"Gesch\u00e4tzte Lesezeit":"1\u00a0Minute"},"schema":{"@context":"https:\/\/schema.org","@graph":[{"@type":"WebPage","@id":"http:\/\/www.lesdelicesdeprovence.ch\/de\/produits\/schoko-haselnuss-teig\/","url":"http:\/\/www.lesdelicesdeprovence.ch\/de\/produits\/schoko-haselnuss-teig\/","name":"Schoko-Haselnuss-Teig","isPartOf":{"@id":"https:\/\/www.lesdelicesdeprovence.ch\/de\/#website"},"primaryImageOfPage":{"@id":"http:\/\/www.lesdelicesdeprovence.ch\/de\/produits\/schoko-haselnuss-teig\/#primaryimage"},"image":{"@id":"http:\/\/www.lesdelicesdeprovence.ch\/de\/produits\/schoko-haselnuss-teig\/#primaryimage"},"thumbnailUrl":"http:\/\/www.lesdelicesdeprovence.ch\/wp-content\/uploads\/2022\/10\/IMG_6243.jpg","datePublished":"2022-10-25T14:11:50+00:00","dateModified":"2023-05-03T08:46:35+00:00","description":"Endlich ein Brotaufstrich f\u00fcr den Morgen, der ohne k\u00fcnstliche Aromen und Palm\u00f6l auskommt.","breadcrumb":{"@id":"http:\/\/www.lesdelicesdeprovence.ch\/de\/produits\/schoko-haselnuss-teig\/#breadcrumb"},"inLanguage":"de","potentialAction":[{"@type":"ReadAction","target":["http:\/\/www.lesdelicesdeprovence.ch\/de\/produits\/schoko-haselnuss-teig\/"]}]},{"@type":"ImageObject","inLanguage":"de","@id":"http:\/\/www.lesdelicesdeprovence.ch\/de\/produits\/schoko-haselnuss-teig\/#primaryimage","url":"http:\/\/www.lesdelicesdeprovence.ch\/wp-content\/uploads\/2022\/10\/IMG_6243.jpg","contentUrl":"http:\/\/www.lesdelicesdeprovence.ch\/wp-content\/uploads\/2022\/10\/IMG_6243.jpg","width":2053,"height":2104},{"@type":"BreadcrumbList","@id":"http:\/\/www.lesdelicesdeprovence.ch\/de\/produits\/schoko-haselnuss-teig\/#breadcrumb","itemListElement":[{"@type":"ListItem","position":1,"name":"Accoglienza","item":"http:\/\/www.lesdelicesdeprovence.ch\/de\/"},{"@type":"ListItem","position":2,"name":"Shop","item":"http:\/\/www.lesdelicesdeprovence.ch\/de\/geschaeft\/"},{"@type":"ListItem","position":3,"name":"Schoko-Haselnuss-Teig"}]},{"@type":"WebSite","@id":"https:\/\/www.lesdelicesdeprovence.ch\/de\/#website","url":"https:\/\/www.lesdelicesdeprovence.ch\/de\/","name":"Les D\u00e9lices de Provence","description":"Epicerie fine en ligne","potentialAction":[{"@type":"SearchAction","target":{"@type":"EntryPoint","urlTemplate":"https:\/\/www.lesdelicesdeprovence.ch\/de\/?s={search_term_string}"},"query-input":{"@type":"PropertyValueSpecification","valueRequired":true,"valueName":"search_term_string"}}],"inLanguage":"de"}]}},"_links":{"self":[{"href":"http:\/\/www.lesdelicesdeprovence.ch\/de\/wp-json\/wp\/v2\/product\/8474","targetHints":{"allow":["GET"]}}],"collection":[{"href":"http:\/\/www.lesdelicesdeprovence.ch\/de\/wp-json\/wp\/v2\/product"}],"about":[{"href":"http:\/\/www.lesdelicesdeprovence.ch\/de\/wp-json\/wp\/v2\/types\/product"}],"version-history":[{"count":1,"href":"http:\/\/www.lesdelicesdeprovence.ch\/de\/wp-json\/wp\/v2\/product\/8474\/revisions"}],"predecessor-version":[{"id":8475,"href":"http:\/\/www.lesdelicesdeprovence.ch\/de\/wp-json\/wp\/v2\/product\/8474\/revisions\/8475"}],"wp:featuredmedia":[{"embeddable":true,"href":"http:\/\/www.lesdelicesdeprovence.ch\/de\/wp-json\/wp\/v2\/media\/10060"}],"wp:attachment":[{"href":"http:\/\/www.lesdelicesdeprovence.ch\/de\/wp-json\/wp\/v2\/media?parent=8474"}],"wp:term":[{"taxonomy":"product_cat","embeddable":true,"href":"http:\/\/www.lesdelicesdeprovence.ch\/de\/wp-json\/wp\/v2\/product_cat?post=8474"},{"taxonomy":"product_tag","embeddable":true,"href":"http:\/\/www.lesdelicesdeprovence.ch\/de\/wp-json\/wp\/v2\/product_tag?post=8474"}],"curies":[{"name":"wp","href":"https:\/\/api.w.org\/{rel}","templated":true}]}}