{"id":9385,"date":"2023-03-22T18:37:32","date_gmt":"2023-03-22T18:37:32","guid":{"rendered":"https:\/\/www.lesdelicesdeprovence.ch\/?post_type=product&#038;p=9385"},"modified":"2025-06-28T17:16:13","modified_gmt":"2025-06-28T17:16:13","slug":"zwiebelkonfit-aus-den-cevennen","status":"publish","type":"product","link":"http:\/\/www.lesdelicesdeprovence.ch\/de\/produits\/zwiebelkonfit-aus-den-cevennen\/","title":{"rendered":"Zwiebelkonfit aus den Cevennen."},"content":{"rendered":"<p>Zutaten, die nach ihrer Herkunft ausgew\u00e4hlt werden, sind die Grundlage f\u00fcr ein erfolgreiches Rezept.<\/p>\n<p>Die Qualit\u00e4t der Zutaten und die geografische Lage ihres Wachstums sind von gr\u00f6\u00dfter Bedeutung, und dieses Confit ist das perfekte Beispiel daf\u00fcr.<\/p>\n<p>Die Intensit\u00e4t der ber\u00fchmten Tanche de Nyons in Verbindung mit dem Confit der s\u00fc\u00dfen Zwiebel aus den Cevennen wird Liebhaber typisch provenzalischer Aromen begeistern.<\/p>\n<p>Dieses leicht s\u00fc\u00df-salzige Confit eignet sich besonders gut als Aperitif mit einem guten K\u00e4se, insbesondere frischem Ziegenk\u00e4se, oder um beispielsweise einen hausgemachten Burger zu verfeinern.<\/p>\n<p><strong>Zutaten: S\u00fc\u00dfe Zwiebel aus den Cevennen A.O.P 55%, Fruchtfleisch schwarzer Oliven aus den Baronnies 31%, Wasser, Salz, Zucker, Oliven\u00f6l, Balsamico-Essig.<\/strong><\/p>\n<p><strong>Inhalt: 90g<\/strong><\/p>\n","protected":false},"excerpt":{"rendered":"<p>Zwei A.O.P.-Produkte, die s\u00fc\u00dfe Zwiebel aus den Cevennen und die schwarze Olive aus Nyons, vereint in einem Topf f\u00fcr ein au\u00dfergew\u00f6hnliches Geschmackserlebnis.<\/p>\n","protected":false},"featured_media":9364,"template":"","meta":[],"product_cat":[246,228],"product_tag":[],"class_list":{"0":"post-9385","1":"product","2":"type-product","3":"status-publish","4":"has-post-thumbnail","6":"product_cat-aperitif-saucen","7":"product_cat-kandiert-und-chutneys","9":"first","10":"instock","11":"taxable","12":"shipping-taxable","13":"purchasable","14":"product-type-simple"},"yoast_head":"<!-- This site is optimized with the Yoast SEO plugin v27.2 - https:\/\/yoast.com\/product\/yoast-seo-wordpress\/ -->\n<title>Zwiebelkonfit aus den Cevennen.<\/title>\n<meta name=\"description\" content=\"Zwei A.O.P.-Produkte, die s\u00fc\u00dfe Zwiebel aus den Cevennen und die schwarze Olive aus Nyons, vereint in einem Topf f\u00fcr ein au\u00dfergew\u00f6hnliches Geschmackserlebnis.\" \/>\n<meta name=\"robots\" content=\"index, follow, max-snippet:-1, max-image-preview:large, max-video-preview:-1\" \/>\n<link rel=\"canonical\" href=\"http:\/\/www.lesdelicesdeprovence.ch\/de\/produits\/zwiebelkonfit-aus-den-cevennen\/\" \/>\n<meta property=\"og:locale\" content=\"de_DE\" \/>\n<meta property=\"og:type\" content=\"article\" \/>\n<meta property=\"og:title\" content=\"Zwiebelkonfit aus den Cevennen.\" \/>\n<meta property=\"og:description\" content=\"Zwei A.O.P.-Produkte, die s\u00fc\u00dfe Zwiebel aus den Cevennen und die schwarze Olive aus Nyons, vereint in einem Topf f\u00fcr ein au\u00dfergew\u00f6hnliches Geschmackserlebnis.\" \/>\n<meta property=\"og:url\" content=\"http:\/\/www.lesdelicesdeprovence.ch\/de\/produits\/zwiebelkonfit-aus-den-cevennen\/\" \/>\n<meta property=\"og:site_name\" content=\"Les D\u00e9lices de Provence\" \/>\n<meta property=\"article:modified_time\" content=\"2025-06-28T17:16:13+00:00\" \/>\n<meta property=\"og:image\" content=\"https:\/\/www.lesdelicesdeprovence.ch\/wp-content\/uploads\/2023\/03\/IMG_4407-scaled.jpg\" \/>\n\t<meta property=\"og:image:width\" content=\"2305\" \/>\n\t<meta property=\"og:image:height\" content=\"2560\" \/>\n\t<meta property=\"og:image:type\" content=\"image\/jpeg\" \/>\n<meta name=\"twitter:card\" content=\"summary_large_image\" \/>\n<meta name=\"twitter:label1\" content=\"Gesch\u00e4tzte Lesezeit\" \/>\n\t<meta name=\"twitter:data1\" content=\"1\u00a0Minute\" \/>\n<script type=\"application\/ld+json\" class=\"yoast-schema-graph\">{\"@context\":\"https:\/\/schema.org\",\"@graph\":[{\"@type\":\"WebPage\",\"@id\":\"http:\/\/www.lesdelicesdeprovence.ch\/de\/produits\/zwiebelkonfit-aus-den-cevennen\/\",\"url\":\"http:\/\/www.lesdelicesdeprovence.ch\/de\/produits\/zwiebelkonfit-aus-den-cevennen\/\",\"name\":\"Zwiebelkonfit aus den Cevennen.\",\"isPartOf\":{\"@id\":\"https:\/\/www.lesdelicesdeprovence.ch\/de\/#website\"},\"primaryImageOfPage\":{\"@id\":\"http:\/\/www.lesdelicesdeprovence.ch\/de\/produits\/zwiebelkonfit-aus-den-cevennen\/#primaryimage\"},\"image\":{\"@id\":\"http:\/\/www.lesdelicesdeprovence.ch\/de\/produits\/zwiebelkonfit-aus-den-cevennen\/#primaryimage\"},\"thumbnailUrl\":\"http:\/\/www.lesdelicesdeprovence.ch\/wp-content\/uploads\/2023\/03\/IMG_4407-scaled.jpg\",\"datePublished\":\"2023-03-22T18:37:32+00:00\",\"dateModified\":\"2025-06-28T17:16:13+00:00\",\"description\":\"Zwei A.O.P.-Produkte, die s\u00fc\u00dfe Zwiebel aus den Cevennen und die schwarze Olive aus Nyons, vereint in einem Topf f\u00fcr ein au\u00dfergew\u00f6hnliches Geschmackserlebnis.\",\"breadcrumb\":{\"@id\":\"http:\/\/www.lesdelicesdeprovence.ch\/de\/produits\/zwiebelkonfit-aus-den-cevennen\/#breadcrumb\"},\"inLanguage\":\"de\",\"potentialAction\":[{\"@type\":\"ReadAction\",\"target\":[\"http:\/\/www.lesdelicesdeprovence.ch\/de\/produits\/zwiebelkonfit-aus-den-cevennen\/\"]}]},{\"@type\":\"ImageObject\",\"inLanguage\":\"de\",\"@id\":\"http:\/\/www.lesdelicesdeprovence.ch\/de\/produits\/zwiebelkonfit-aus-den-cevennen\/#primaryimage\",\"url\":\"http:\/\/www.lesdelicesdeprovence.ch\/wp-content\/uploads\/2023\/03\/IMG_4407-scaled.jpg\",\"contentUrl\":\"http:\/\/www.lesdelicesdeprovence.ch\/wp-content\/uploads\/2023\/03\/IMG_4407-scaled.jpg\",\"width\":2305,\"height\":2560},{\"@type\":\"BreadcrumbList\",\"@id\":\"http:\/\/www.lesdelicesdeprovence.ch\/de\/produits\/zwiebelkonfit-aus-den-cevennen\/#breadcrumb\",\"itemListElement\":[{\"@type\":\"ListItem\",\"position\":1,\"name\":\"Accoglienza\",\"item\":\"http:\/\/www.lesdelicesdeprovence.ch\/de\/\"},{\"@type\":\"ListItem\",\"position\":2,\"name\":\"Shop\",\"item\":\"http:\/\/www.lesdelicesdeprovence.ch\/de\/geschaeft\/\"},{\"@type\":\"ListItem\",\"position\":3,\"name\":\"Zwiebelkonfit aus den Cevennen.\"}]},{\"@type\":\"WebSite\",\"@id\":\"https:\/\/www.lesdelicesdeprovence.ch\/de\/#website\",\"url\":\"https:\/\/www.lesdelicesdeprovence.ch\/de\/\",\"name\":\"Les D\u00e9lices de Provence\",\"description\":\"Epicerie fine en ligne\",\"potentialAction\":[{\"@type\":\"SearchAction\",\"target\":{\"@type\":\"EntryPoint\",\"urlTemplate\":\"https:\/\/www.lesdelicesdeprovence.ch\/de\/?s={search_term_string}\"},\"query-input\":{\"@type\":\"PropertyValueSpecification\",\"valueRequired\":true,\"valueName\":\"search_term_string\"}}],\"inLanguage\":\"de\"}]}<\/script>\n<!-- \/ Yoast SEO plugin. -->","yoast_head_json":{"title":"Zwiebelkonfit aus den Cevennen.","description":"Zwei A.O.P.-Produkte, die s\u00fc\u00dfe Zwiebel aus den Cevennen und die schwarze Olive aus Nyons, vereint in einem Topf f\u00fcr ein au\u00dfergew\u00f6hnliches Geschmackserlebnis.","robots":{"index":"index","follow":"follow","max-snippet":"max-snippet:-1","max-image-preview":"max-image-preview:large","max-video-preview":"max-video-preview:-1"},"canonical":"http:\/\/www.lesdelicesdeprovence.ch\/de\/produits\/zwiebelkonfit-aus-den-cevennen\/","og_locale":"de_DE","og_type":"article","og_title":"Zwiebelkonfit aus den Cevennen.","og_description":"Zwei A.O.P.-Produkte, die s\u00fc\u00dfe Zwiebel aus den Cevennen und die schwarze Olive aus Nyons, vereint in einem Topf f\u00fcr ein au\u00dfergew\u00f6hnliches Geschmackserlebnis.","og_url":"http:\/\/www.lesdelicesdeprovence.ch\/de\/produits\/zwiebelkonfit-aus-den-cevennen\/","og_site_name":"Les D\u00e9lices de Provence","article_modified_time":"2025-06-28T17:16:13+00:00","og_image":[{"width":2305,"height":2560,"url":"https:\/\/www.lesdelicesdeprovence.ch\/wp-content\/uploads\/2023\/03\/IMG_4407-scaled.jpg","type":"image\/jpeg"}],"twitter_card":"summary_large_image","twitter_misc":{"Gesch\u00e4tzte Lesezeit":"1\u00a0Minute"},"schema":{"@context":"https:\/\/schema.org","@graph":[{"@type":"WebPage","@id":"http:\/\/www.lesdelicesdeprovence.ch\/de\/produits\/zwiebelkonfit-aus-den-cevennen\/","url":"http:\/\/www.lesdelicesdeprovence.ch\/de\/produits\/zwiebelkonfit-aus-den-cevennen\/","name":"Zwiebelkonfit aus den Cevennen.","isPartOf":{"@id":"https:\/\/www.lesdelicesdeprovence.ch\/de\/#website"},"primaryImageOfPage":{"@id":"http:\/\/www.lesdelicesdeprovence.ch\/de\/produits\/zwiebelkonfit-aus-den-cevennen\/#primaryimage"},"image":{"@id":"http:\/\/www.lesdelicesdeprovence.ch\/de\/produits\/zwiebelkonfit-aus-den-cevennen\/#primaryimage"},"thumbnailUrl":"http:\/\/www.lesdelicesdeprovence.ch\/wp-content\/uploads\/2023\/03\/IMG_4407-scaled.jpg","datePublished":"2023-03-22T18:37:32+00:00","dateModified":"2025-06-28T17:16:13+00:00","description":"Zwei A.O.P.-Produkte, die s\u00fc\u00dfe Zwiebel aus den Cevennen und die schwarze Olive aus Nyons, vereint in einem Topf f\u00fcr ein au\u00dfergew\u00f6hnliches Geschmackserlebnis.","breadcrumb":{"@id":"http:\/\/www.lesdelicesdeprovence.ch\/de\/produits\/zwiebelkonfit-aus-den-cevennen\/#breadcrumb"},"inLanguage":"de","potentialAction":[{"@type":"ReadAction","target":["http:\/\/www.lesdelicesdeprovence.ch\/de\/produits\/zwiebelkonfit-aus-den-cevennen\/"]}]},{"@type":"ImageObject","inLanguage":"de","@id":"http:\/\/www.lesdelicesdeprovence.ch\/de\/produits\/zwiebelkonfit-aus-den-cevennen\/#primaryimage","url":"http:\/\/www.lesdelicesdeprovence.ch\/wp-content\/uploads\/2023\/03\/IMG_4407-scaled.jpg","contentUrl":"http:\/\/www.lesdelicesdeprovence.ch\/wp-content\/uploads\/2023\/03\/IMG_4407-scaled.jpg","width":2305,"height":2560},{"@type":"BreadcrumbList","@id":"http:\/\/www.lesdelicesdeprovence.ch\/de\/produits\/zwiebelkonfit-aus-den-cevennen\/#breadcrumb","itemListElement":[{"@type":"ListItem","position":1,"name":"Accoglienza","item":"http:\/\/www.lesdelicesdeprovence.ch\/de\/"},{"@type":"ListItem","position":2,"name":"Shop","item":"http:\/\/www.lesdelicesdeprovence.ch\/de\/geschaeft\/"},{"@type":"ListItem","position":3,"name":"Zwiebelkonfit aus den Cevennen."}]},{"@type":"WebSite","@id":"https:\/\/www.lesdelicesdeprovence.ch\/de\/#website","url":"https:\/\/www.lesdelicesdeprovence.ch\/de\/","name":"Les D\u00e9lices de Provence","description":"Epicerie fine en ligne","potentialAction":[{"@type":"SearchAction","target":{"@type":"EntryPoint","urlTemplate":"https:\/\/www.lesdelicesdeprovence.ch\/de\/?s={search_term_string}"},"query-input":{"@type":"PropertyValueSpecification","valueRequired":true,"valueName":"search_term_string"}}],"inLanguage":"de"}]}},"_links":{"self":[{"href":"http:\/\/www.lesdelicesdeprovence.ch\/de\/wp-json\/wp\/v2\/product\/9385","targetHints":{"allow":["GET"]}}],"collection":[{"href":"http:\/\/www.lesdelicesdeprovence.ch\/de\/wp-json\/wp\/v2\/product"}],"about":[{"href":"http:\/\/www.lesdelicesdeprovence.ch\/de\/wp-json\/wp\/v2\/types\/product"}],"version-history":[{"count":1,"href":"http:\/\/www.lesdelicesdeprovence.ch\/de\/wp-json\/wp\/v2\/product\/9385\/revisions"}],"predecessor-version":[{"id":9386,"href":"http:\/\/www.lesdelicesdeprovence.ch\/de\/wp-json\/wp\/v2\/product\/9385\/revisions\/9386"}],"wp:featuredmedia":[{"embeddable":true,"href":"http:\/\/www.lesdelicesdeprovence.ch\/de\/wp-json\/wp\/v2\/media\/9364"}],"wp:attachment":[{"href":"http:\/\/www.lesdelicesdeprovence.ch\/de\/wp-json\/wp\/v2\/media?parent=9385"}],"wp:term":[{"taxonomy":"product_cat","embeddable":true,"href":"http:\/\/www.lesdelicesdeprovence.ch\/de\/wp-json\/wp\/v2\/product_cat?post=9385"},{"taxonomy":"product_tag","embeddable":true,"href":"http:\/\/www.lesdelicesdeprovence.ch\/de\/wp-json\/wp\/v2\/product_tag?post=9385"}],"curies":[{"name":"wp","href":"https:\/\/api.w.org\/{rel}","templated":true}]}}