{"id":9760,"date":"2023-04-14T16:44:17","date_gmt":"2023-04-14T16:44:17","guid":{"rendered":"https:\/\/www.lesdelicesdeprovence.ch\/?post_type=product&#038;p=9760"},"modified":"2023-11-28T09:35:08","modified_gmt":"2023-11-28T09:35:08","slug":"konfituere-aus-cavaillon-melone","status":"publish","type":"product","link":"http:\/\/www.lesdelicesdeprovence.ch\/de\/produits\/konfituere-aus-cavaillon-melone\/","title":{"rendered":"Konfit\u00fcre aus Cavaillon-Melone"},"content":{"rendered":"<p>Die Stadt Cavaillon ist auf der ganzen Welt f\u00fcr die Qualit\u00e4t ihrer Melonen bekannt.<\/p>\n<p>Was lag also n\u00e4her f\u00fcr diesen handwerklichen Konfit\u00fcrenhersteller, dieses Aush\u00e4ngeschild der Provence aufzugreifen, um daraus eine originelle, leckere Konfit\u00fcre mit einem Geschmack zu machen, der nach Provence duftet!<\/p>\n<p>Diese ber\u00fchmten Melonen aus Cavaillon haben nat\u00fcrlich einen \u00fcberdurchschnittlich hohen Zuckergehalt, weshalb sie so beliebt sind. Aber das erm\u00f6glicht es dem Konfit\u00fcrenhersteller auch,\u00a0 63 % Frucht zu verwenden, ohne enorm viel Zucker hinzuzuf\u00fcgen. Diese Melone reicht fast f\u00fcr sich selbst.<\/p>\n<p>Genie\u00dfen Sie sie zum Fr\u00fchst\u00fcck, aber sie kann auch als Beilage zu K\u00e4se f\u00fcr Liebhaber von S\u00fc\u00dfem und Salzigem dienen.<\/p>\n<p><strong>Zutaten: Melone 63 %, Zucker, Pektin, Zitronensaft.<\/strong><\/p>\n<p><strong>Inhalt: 345g<\/strong><\/p>\n","protected":false},"excerpt":{"rendered":"<p>Ein ganz authentisches Produkt ist diese Melone aus Cavaillon, die von einem Handwerker aus dem Vaucluse als Konfit\u00fcre zubereitet wird.<\/p>\n","protected":false},"featured_media":10796,"template":"","meta":[],"product_cat":[687],"product_tag":[],"class_list":{"0":"post-9760","1":"product","2":"type-product","3":"status-publish","4":"has-post-thumbnail","6":"product_cat-konfituren-und-brotaufstriche","8":"first","9":"instock","10":"taxable","11":"shipping-taxable","12":"purchasable","13":"product-type-simple"},"yoast_head":"<!-- This site is optimized with the Yoast SEO plugin v27.2 - https:\/\/yoast.com\/product\/yoast-seo-wordpress\/ -->\n<title>Konfit\u00fcre aus Cavaillon-Melone<\/title>\n<meta name=\"description\" content=\"Ein ganz authentisches Produkt ist diese Melone aus Cavaillon, die von einem Handwerker aus dem Vaucluse als Konfit\u00fcre zubereitet wird.\" \/>\n<meta name=\"robots\" content=\"index, follow, max-snippet:-1, max-image-preview:large, max-video-preview:-1\" \/>\n<link rel=\"canonical\" href=\"http:\/\/www.lesdelicesdeprovence.ch\/de\/produits\/konfituere-aus-cavaillon-melone\/\" \/>\n<meta property=\"og:locale\" content=\"de_DE\" \/>\n<meta property=\"og:type\" content=\"article\" \/>\n<meta property=\"og:title\" content=\"Konfit\u00fcre aus Cavaillon-Melone\" \/>\n<meta property=\"og:description\" content=\"Ein ganz authentisches Produkt ist diese Melone aus Cavaillon, die von einem Handwerker aus dem Vaucluse als Konfit\u00fcre zubereitet wird.\" \/>\n<meta property=\"og:url\" content=\"http:\/\/www.lesdelicesdeprovence.ch\/de\/produits\/konfituere-aus-cavaillon-melone\/\" \/>\n<meta property=\"og:site_name\" content=\"Les D\u00e9lices de Provence\" \/>\n<meta property=\"article:modified_time\" content=\"2023-11-28T09:35:08+00:00\" \/>\n<meta property=\"og:image\" content=\"https:\/\/www.lesdelicesdeprovence.ch\/wp-content\/uploads\/2023\/04\/IMG_4711.jpg\" \/>\n\t<meta property=\"og:image:width\" content=\"2074\" \/>\n\t<meta property=\"og:image:height\" content=\"2314\" \/>\n\t<meta property=\"og:image:type\" content=\"image\/jpeg\" \/>\n<meta name=\"twitter:card\" content=\"summary_large_image\" \/>\n<meta name=\"twitter:label1\" content=\"Gesch\u00e4tzte Lesezeit\" \/>\n\t<meta name=\"twitter:data1\" content=\"1\u00a0Minute\" \/>\n<script type=\"application\/ld+json\" class=\"yoast-schema-graph\">{\"@context\":\"https:\/\/schema.org\",\"@graph\":[{\"@type\":\"WebPage\",\"@id\":\"http:\/\/www.lesdelicesdeprovence.ch\/de\/produits\/konfituere-aus-cavaillon-melone\/\",\"url\":\"http:\/\/www.lesdelicesdeprovence.ch\/de\/produits\/konfituere-aus-cavaillon-melone\/\",\"name\":\"Konfit\u00fcre aus Cavaillon-Melone\",\"isPartOf\":{\"@id\":\"https:\/\/www.lesdelicesdeprovence.ch\/de\/#website\"},\"primaryImageOfPage\":{\"@id\":\"http:\/\/www.lesdelicesdeprovence.ch\/de\/produits\/konfituere-aus-cavaillon-melone\/#primaryimage\"},\"image\":{\"@id\":\"http:\/\/www.lesdelicesdeprovence.ch\/de\/produits\/konfituere-aus-cavaillon-melone\/#primaryimage\"},\"thumbnailUrl\":\"http:\/\/www.lesdelicesdeprovence.ch\/wp-content\/uploads\/2023\/04\/IMG_4711.jpg\",\"datePublished\":\"2023-04-14T16:44:17+00:00\",\"dateModified\":\"2023-11-28T09:35:08+00:00\",\"description\":\"Ein ganz authentisches Produkt ist diese Melone aus Cavaillon, die von einem Handwerker aus dem Vaucluse als Konfit\u00fcre zubereitet wird.\",\"breadcrumb\":{\"@id\":\"http:\/\/www.lesdelicesdeprovence.ch\/de\/produits\/konfituere-aus-cavaillon-melone\/#breadcrumb\"},\"inLanguage\":\"de\",\"potentialAction\":[{\"@type\":\"ReadAction\",\"target\":[\"http:\/\/www.lesdelicesdeprovence.ch\/de\/produits\/konfituere-aus-cavaillon-melone\/\"]}]},{\"@type\":\"ImageObject\",\"inLanguage\":\"de\",\"@id\":\"http:\/\/www.lesdelicesdeprovence.ch\/de\/produits\/konfituere-aus-cavaillon-melone\/#primaryimage\",\"url\":\"http:\/\/www.lesdelicesdeprovence.ch\/wp-content\/uploads\/2023\/04\/IMG_4711.jpg\",\"contentUrl\":\"http:\/\/www.lesdelicesdeprovence.ch\/wp-content\/uploads\/2023\/04\/IMG_4711.jpg\",\"width\":2074,\"height\":2314},{\"@type\":\"BreadcrumbList\",\"@id\":\"http:\/\/www.lesdelicesdeprovence.ch\/de\/produits\/konfituere-aus-cavaillon-melone\/#breadcrumb\",\"itemListElement\":[{\"@type\":\"ListItem\",\"position\":1,\"name\":\"Accoglienza\",\"item\":\"http:\/\/www.lesdelicesdeprovence.ch\/de\/\"},{\"@type\":\"ListItem\",\"position\":2,\"name\":\"Shop\",\"item\":\"http:\/\/www.lesdelicesdeprovence.ch\/de\/geschaeft\/\"},{\"@type\":\"ListItem\",\"position\":3,\"name\":\"Konfit\u00fcre aus Cavaillon-Melone\"}]},{\"@type\":\"WebSite\",\"@id\":\"https:\/\/www.lesdelicesdeprovence.ch\/de\/#website\",\"url\":\"https:\/\/www.lesdelicesdeprovence.ch\/de\/\",\"name\":\"Les D\u00e9lices de Provence\",\"description\":\"Epicerie fine en ligne\",\"potentialAction\":[{\"@type\":\"SearchAction\",\"target\":{\"@type\":\"EntryPoint\",\"urlTemplate\":\"https:\/\/www.lesdelicesdeprovence.ch\/de\/?s={search_term_string}\"},\"query-input\":{\"@type\":\"PropertyValueSpecification\",\"valueRequired\":true,\"valueName\":\"search_term_string\"}}],\"inLanguage\":\"de\"}]}<\/script>\n<!-- \/ Yoast SEO plugin. -->","yoast_head_json":{"title":"Konfit\u00fcre aus Cavaillon-Melone","description":"Ein ganz authentisches Produkt ist diese Melone aus Cavaillon, die von einem Handwerker aus dem Vaucluse als Konfit\u00fcre zubereitet wird.","robots":{"index":"index","follow":"follow","max-snippet":"max-snippet:-1","max-image-preview":"max-image-preview:large","max-video-preview":"max-video-preview:-1"},"canonical":"http:\/\/www.lesdelicesdeprovence.ch\/de\/produits\/konfituere-aus-cavaillon-melone\/","og_locale":"de_DE","og_type":"article","og_title":"Konfit\u00fcre aus Cavaillon-Melone","og_description":"Ein ganz authentisches Produkt ist diese Melone aus Cavaillon, die von einem Handwerker aus dem Vaucluse als Konfit\u00fcre zubereitet wird.","og_url":"http:\/\/www.lesdelicesdeprovence.ch\/de\/produits\/konfituere-aus-cavaillon-melone\/","og_site_name":"Les D\u00e9lices de Provence","article_modified_time":"2023-11-28T09:35:08+00:00","og_image":[{"width":2074,"height":2314,"url":"https:\/\/www.lesdelicesdeprovence.ch\/wp-content\/uploads\/2023\/04\/IMG_4711.jpg","type":"image\/jpeg"}],"twitter_card":"summary_large_image","twitter_misc":{"Gesch\u00e4tzte Lesezeit":"1\u00a0Minute"},"schema":{"@context":"https:\/\/schema.org","@graph":[{"@type":"WebPage","@id":"http:\/\/www.lesdelicesdeprovence.ch\/de\/produits\/konfituere-aus-cavaillon-melone\/","url":"http:\/\/www.lesdelicesdeprovence.ch\/de\/produits\/konfituere-aus-cavaillon-melone\/","name":"Konfit\u00fcre aus Cavaillon-Melone","isPartOf":{"@id":"https:\/\/www.lesdelicesdeprovence.ch\/de\/#website"},"primaryImageOfPage":{"@id":"http:\/\/www.lesdelicesdeprovence.ch\/de\/produits\/konfituere-aus-cavaillon-melone\/#primaryimage"},"image":{"@id":"http:\/\/www.lesdelicesdeprovence.ch\/de\/produits\/konfituere-aus-cavaillon-melone\/#primaryimage"},"thumbnailUrl":"http:\/\/www.lesdelicesdeprovence.ch\/wp-content\/uploads\/2023\/04\/IMG_4711.jpg","datePublished":"2023-04-14T16:44:17+00:00","dateModified":"2023-11-28T09:35:08+00:00","description":"Ein ganz authentisches Produkt ist diese Melone aus Cavaillon, die von einem Handwerker aus dem Vaucluse als Konfit\u00fcre zubereitet wird.","breadcrumb":{"@id":"http:\/\/www.lesdelicesdeprovence.ch\/de\/produits\/konfituere-aus-cavaillon-melone\/#breadcrumb"},"inLanguage":"de","potentialAction":[{"@type":"ReadAction","target":["http:\/\/www.lesdelicesdeprovence.ch\/de\/produits\/konfituere-aus-cavaillon-melone\/"]}]},{"@type":"ImageObject","inLanguage":"de","@id":"http:\/\/www.lesdelicesdeprovence.ch\/de\/produits\/konfituere-aus-cavaillon-melone\/#primaryimage","url":"http:\/\/www.lesdelicesdeprovence.ch\/wp-content\/uploads\/2023\/04\/IMG_4711.jpg","contentUrl":"http:\/\/www.lesdelicesdeprovence.ch\/wp-content\/uploads\/2023\/04\/IMG_4711.jpg","width":2074,"height":2314},{"@type":"BreadcrumbList","@id":"http:\/\/www.lesdelicesdeprovence.ch\/de\/produits\/konfituere-aus-cavaillon-melone\/#breadcrumb","itemListElement":[{"@type":"ListItem","position":1,"name":"Accoglienza","item":"http:\/\/www.lesdelicesdeprovence.ch\/de\/"},{"@type":"ListItem","position":2,"name":"Shop","item":"http:\/\/www.lesdelicesdeprovence.ch\/de\/geschaeft\/"},{"@type":"ListItem","position":3,"name":"Konfit\u00fcre aus Cavaillon-Melone"}]},{"@type":"WebSite","@id":"https:\/\/www.lesdelicesdeprovence.ch\/de\/#website","url":"https:\/\/www.lesdelicesdeprovence.ch\/de\/","name":"Les D\u00e9lices de Provence","description":"Epicerie fine en ligne","potentialAction":[{"@type":"SearchAction","target":{"@type":"EntryPoint","urlTemplate":"https:\/\/www.lesdelicesdeprovence.ch\/de\/?s={search_term_string}"},"query-input":{"@type":"PropertyValueSpecification","valueRequired":true,"valueName":"search_term_string"}}],"inLanguage":"de"}]}},"_links":{"self":[{"href":"http:\/\/www.lesdelicesdeprovence.ch\/de\/wp-json\/wp\/v2\/product\/9760","targetHints":{"allow":["GET"]}}],"collection":[{"href":"http:\/\/www.lesdelicesdeprovence.ch\/de\/wp-json\/wp\/v2\/product"}],"about":[{"href":"http:\/\/www.lesdelicesdeprovence.ch\/de\/wp-json\/wp\/v2\/types\/product"}],"version-history":[{"count":1,"href":"http:\/\/www.lesdelicesdeprovence.ch\/de\/wp-json\/wp\/v2\/product\/9760\/revisions"}],"predecessor-version":[{"id":9761,"href":"http:\/\/www.lesdelicesdeprovence.ch\/de\/wp-json\/wp\/v2\/product\/9760\/revisions\/9761"}],"wp:featuredmedia":[{"embeddable":true,"href":"http:\/\/www.lesdelicesdeprovence.ch\/de\/wp-json\/wp\/v2\/media\/10796"}],"wp:attachment":[{"href":"http:\/\/www.lesdelicesdeprovence.ch\/de\/wp-json\/wp\/v2\/media?parent=9760"}],"wp:term":[{"taxonomy":"product_cat","embeddable":true,"href":"http:\/\/www.lesdelicesdeprovence.ch\/de\/wp-json\/wp\/v2\/product_cat?post=9760"},{"taxonomy":"product_tag","embeddable":true,"href":"http:\/\/www.lesdelicesdeprovence.ch\/de\/wp-json\/wp\/v2\/product_tag?post=9760"}],"curies":[{"name":"wp","href":"https:\/\/api.w.org\/{rel}","templated":true}]}}