{"id":14474,"date":"2024-10-22T11:45:22","date_gmt":"2024-10-22T11:45:22","guid":{"rendered":"https:\/\/www.lesdelicesdeprovence.ch\/produits\/tinca-di-nyons-dop\/"},"modified":"2024-10-22T11:45:22","modified_gmt":"2024-10-22T11:45:22","slug":"tinca-di-nyons-dop","status":"publish","type":"product","link":"http:\/\/www.lesdelicesdeprovence.ch\/it\/produits\/tinca-di-nyons-dop\/","title":{"rendered":"Tinca di Nyons DOP"},"content":{"rendered":"<p>La Tanche, conosciuta anche come oliva di Nyons, \u00e8 una variet\u00e0 emblematica del sud della Francia, coltivata principalmente nel sud della Dr\u00f4me e nel nord della Vaucluse. Crescendo nell&#8217;estremo nord della Provenza, beneficia di un microclima invernale, necessario per la sua sopravvivenza, che la rende una variet\u00e0 di oliva unica, non esistente in nessun altro luogo al mondo. Recentemente eletta seconda migliore oliva del mondo, \u00e8 considerata la pi\u00f9 saporita della Provenza. La raccogliamo direttamente da un oliveto nelle Baronnies provenzali, dove viene raccolta e invasata nella propriet\u00e0. Pu\u00f2 essere gustata a mano come aperitivo o come condimento per un&#8217;insalata, un panino o una pizza.<\/p>\n<p><strong>Ingredienti : Olive Nyons DOP intere, acqua, sale.<\/strong><\/p>\n<p><strong>Contenuto: 210 g<\/strong><\/p>\n","protected":false},"excerpt":{"rendered":"<p>La famosa oliva nera A.O.P. di Nyons, ampiamente riconosciuta come l&#8217;oliva dal sapore pi\u00f9 intenso del bacino del Mediterraneo.<\/p>\n","protected":false},"featured_media":14466,"template":"","meta":[],"product_cat":[692],"product_tag":[],"class_list":{"0":"post-14474","1":"product","2":"type-product","3":"status-publish","4":"has-post-thumbnail","6":"product_cat-olive-intere","8":"first","9":"instock","10":"taxable","11":"shipping-taxable","12":"purchasable","13":"product-type-simple"},"yoast_head":"<!-- This site is optimized with the Yoast SEO plugin v27.2 - https:\/\/yoast.com\/product\/yoast-seo-wordpress\/ -->\n<title>Tinca di Nyons DOP<\/title>\n<meta name=\"description\" content=\"La famosa oliva nera A.O.P. di Nyons, ampiamente riconosciuta come l&#039;oliva dal sapore pi\u00f9 intenso del bacino del Mediterraneo.\" \/>\n<meta name=\"robots\" content=\"index, follow, max-snippet:-1, max-image-preview:large, max-video-preview:-1\" \/>\n<link rel=\"canonical\" href=\"http:\/\/www.lesdelicesdeprovence.ch\/it\/produits\/tinca-di-nyons-dop\/\" \/>\n<meta property=\"og:locale\" content=\"it_IT\" \/>\n<meta property=\"og:type\" content=\"article\" \/>\n<meta property=\"og:title\" content=\"Tinca di Nyons DOP\" \/>\n<meta property=\"og:description\" content=\"La famosa oliva nera A.O.P. di Nyons, ampiamente riconosciuta come l&#039;oliva dal sapore pi\u00f9 intenso del bacino del Mediterraneo.\" \/>\n<meta property=\"og:url\" content=\"http:\/\/www.lesdelicesdeprovence.ch\/it\/produits\/tinca-di-nyons-dop\/\" \/>\n<meta property=\"og:site_name\" content=\"Les D\u00e9lices de Provence\" \/>\n<meta property=\"og:image\" content=\"https:\/\/www.lesdelicesdeprovence.ch\/wp-content\/uploads\/2024\/10\/IMG_8641.jpg\" \/>\n\t<meta property=\"og:image:width\" content=\"1976\" \/>\n\t<meta property=\"og:image:height\" content=\"1872\" \/>\n\t<meta property=\"og:image:type\" content=\"image\/jpeg\" \/>\n<meta name=\"twitter:card\" content=\"summary_large_image\" \/>\n<meta name=\"twitter:label1\" content=\"Tempo di lettura stimato\" \/>\n\t<meta name=\"twitter:data1\" content=\"1 minuto\" \/>\n<script type=\"application\/ld+json\" class=\"yoast-schema-graph\">{\"@context\":\"https:\/\/schema.org\",\"@graph\":[{\"@type\":\"WebPage\",\"@id\":\"http:\/\/www.lesdelicesdeprovence.ch\/it\/produits\/tinca-di-nyons-dop\/\",\"url\":\"http:\/\/www.lesdelicesdeprovence.ch\/it\/produits\/tinca-di-nyons-dop\/\",\"name\":\"Tinca di Nyons DOP\",\"isPartOf\":{\"@id\":\"https:\/\/www.lesdelicesdeprovence.ch\/it\/#website\"},\"primaryImageOfPage\":{\"@id\":\"http:\/\/www.lesdelicesdeprovence.ch\/it\/produits\/tinca-di-nyons-dop\/#primaryimage\"},\"image\":{\"@id\":\"http:\/\/www.lesdelicesdeprovence.ch\/it\/produits\/tinca-di-nyons-dop\/#primaryimage\"},\"thumbnailUrl\":\"http:\/\/www.lesdelicesdeprovence.ch\/wp-content\/uploads\/2024\/10\/IMG_8641.jpg\",\"datePublished\":\"2024-10-22T11:45:22+00:00\",\"description\":\"La famosa oliva nera A.O.P. di Nyons, ampiamente riconosciuta come l'oliva dal sapore pi\u00f9 intenso del bacino del Mediterraneo.\",\"breadcrumb\":{\"@id\":\"http:\/\/www.lesdelicesdeprovence.ch\/it\/produits\/tinca-di-nyons-dop\/#breadcrumb\"},\"inLanguage\":\"it-IT\",\"potentialAction\":[{\"@type\":\"ReadAction\",\"target\":[\"http:\/\/www.lesdelicesdeprovence.ch\/it\/produits\/tinca-di-nyons-dop\/\"]}]},{\"@type\":\"ImageObject\",\"inLanguage\":\"it-IT\",\"@id\":\"http:\/\/www.lesdelicesdeprovence.ch\/it\/produits\/tinca-di-nyons-dop\/#primaryimage\",\"url\":\"http:\/\/www.lesdelicesdeprovence.ch\/wp-content\/uploads\/2024\/10\/IMG_8641.jpg\",\"contentUrl\":\"http:\/\/www.lesdelicesdeprovence.ch\/wp-content\/uploads\/2024\/10\/IMG_8641.jpg\",\"width\":1976,\"height\":1872},{\"@type\":\"BreadcrumbList\",\"@id\":\"http:\/\/www.lesdelicesdeprovence.ch\/it\/produits\/tinca-di-nyons-dop\/#breadcrumb\",\"itemListElement\":[{\"@type\":\"ListItem\",\"position\":1,\"name\":\"Accoglienza\",\"item\":\"http:\/\/www.lesdelicesdeprovence.ch\/it\/\"},{\"@type\":\"ListItem\",\"position\":2,\"name\":\"Negozio\",\"item\":\"http:\/\/www.lesdelicesdeprovence.ch\/it\/negozio\/\"},{\"@type\":\"ListItem\",\"position\":3,\"name\":\"Tinca di Nyons DOP\"}]},{\"@type\":\"WebSite\",\"@id\":\"https:\/\/www.lesdelicesdeprovence.ch\/it\/#website\",\"url\":\"https:\/\/www.lesdelicesdeprovence.ch\/it\/\",\"name\":\"Les D\u00e9lices de Provence\",\"description\":\"Epicerie fine en ligne\",\"potentialAction\":[{\"@type\":\"SearchAction\",\"target\":{\"@type\":\"EntryPoint\",\"urlTemplate\":\"https:\/\/www.lesdelicesdeprovence.ch\/it\/?s={search_term_string}\"},\"query-input\":{\"@type\":\"PropertyValueSpecification\",\"valueRequired\":true,\"valueName\":\"search_term_string\"}}],\"inLanguage\":\"it-IT\"}]}<\/script>\n<!-- \/ Yoast SEO plugin. -->","yoast_head_json":{"title":"Tinca di Nyons DOP","description":"La famosa oliva nera A.O.P. di Nyons, ampiamente riconosciuta come l'oliva dal sapore pi\u00f9 intenso del bacino del Mediterraneo.","robots":{"index":"index","follow":"follow","max-snippet":"max-snippet:-1","max-image-preview":"max-image-preview:large","max-video-preview":"max-video-preview:-1"},"canonical":"http:\/\/www.lesdelicesdeprovence.ch\/it\/produits\/tinca-di-nyons-dop\/","og_locale":"it_IT","og_type":"article","og_title":"Tinca di Nyons DOP","og_description":"La famosa oliva nera A.O.P. di Nyons, ampiamente riconosciuta come l'oliva dal sapore pi\u00f9 intenso del bacino del Mediterraneo.","og_url":"http:\/\/www.lesdelicesdeprovence.ch\/it\/produits\/tinca-di-nyons-dop\/","og_site_name":"Les D\u00e9lices de Provence","og_image":[{"width":1976,"height":1872,"url":"https:\/\/www.lesdelicesdeprovence.ch\/wp-content\/uploads\/2024\/10\/IMG_8641.jpg","type":"image\/jpeg"}],"twitter_card":"summary_large_image","twitter_misc":{"Tempo di lettura stimato":"1 minuto"},"schema":{"@context":"https:\/\/schema.org","@graph":[{"@type":"WebPage","@id":"http:\/\/www.lesdelicesdeprovence.ch\/it\/produits\/tinca-di-nyons-dop\/","url":"http:\/\/www.lesdelicesdeprovence.ch\/it\/produits\/tinca-di-nyons-dop\/","name":"Tinca di Nyons DOP","isPartOf":{"@id":"https:\/\/www.lesdelicesdeprovence.ch\/it\/#website"},"primaryImageOfPage":{"@id":"http:\/\/www.lesdelicesdeprovence.ch\/it\/produits\/tinca-di-nyons-dop\/#primaryimage"},"image":{"@id":"http:\/\/www.lesdelicesdeprovence.ch\/it\/produits\/tinca-di-nyons-dop\/#primaryimage"},"thumbnailUrl":"http:\/\/www.lesdelicesdeprovence.ch\/wp-content\/uploads\/2024\/10\/IMG_8641.jpg","datePublished":"2024-10-22T11:45:22+00:00","description":"La famosa oliva nera A.O.P. di Nyons, ampiamente riconosciuta come l'oliva dal sapore pi\u00f9 intenso del bacino del Mediterraneo.","breadcrumb":{"@id":"http:\/\/www.lesdelicesdeprovence.ch\/it\/produits\/tinca-di-nyons-dop\/#breadcrumb"},"inLanguage":"it-IT","potentialAction":[{"@type":"ReadAction","target":["http:\/\/www.lesdelicesdeprovence.ch\/it\/produits\/tinca-di-nyons-dop\/"]}]},{"@type":"ImageObject","inLanguage":"it-IT","@id":"http:\/\/www.lesdelicesdeprovence.ch\/it\/produits\/tinca-di-nyons-dop\/#primaryimage","url":"http:\/\/www.lesdelicesdeprovence.ch\/wp-content\/uploads\/2024\/10\/IMG_8641.jpg","contentUrl":"http:\/\/www.lesdelicesdeprovence.ch\/wp-content\/uploads\/2024\/10\/IMG_8641.jpg","width":1976,"height":1872},{"@type":"BreadcrumbList","@id":"http:\/\/www.lesdelicesdeprovence.ch\/it\/produits\/tinca-di-nyons-dop\/#breadcrumb","itemListElement":[{"@type":"ListItem","position":1,"name":"Accoglienza","item":"http:\/\/www.lesdelicesdeprovence.ch\/it\/"},{"@type":"ListItem","position":2,"name":"Negozio","item":"http:\/\/www.lesdelicesdeprovence.ch\/it\/negozio\/"},{"@type":"ListItem","position":3,"name":"Tinca di Nyons DOP"}]},{"@type":"WebSite","@id":"https:\/\/www.lesdelicesdeprovence.ch\/it\/#website","url":"https:\/\/www.lesdelicesdeprovence.ch\/it\/","name":"Les D\u00e9lices de Provence","description":"Epicerie fine en ligne","potentialAction":[{"@type":"SearchAction","target":{"@type":"EntryPoint","urlTemplate":"https:\/\/www.lesdelicesdeprovence.ch\/it\/?s={search_term_string}"},"query-input":{"@type":"PropertyValueSpecification","valueRequired":true,"valueName":"search_term_string"}}],"inLanguage":"it-IT"}]}},"_links":{"self":[{"href":"http:\/\/www.lesdelicesdeprovence.ch\/it\/wp-json\/wp\/v2\/product\/14474","targetHints":{"allow":["GET"]}}],"collection":[{"href":"http:\/\/www.lesdelicesdeprovence.ch\/it\/wp-json\/wp\/v2\/product"}],"about":[{"href":"http:\/\/www.lesdelicesdeprovence.ch\/it\/wp-json\/wp\/v2\/types\/product"}],"version-history":[{"count":0,"href":"http:\/\/www.lesdelicesdeprovence.ch\/it\/wp-json\/wp\/v2\/product\/14474\/revisions"}],"wp:featuredmedia":[{"embeddable":true,"href":"http:\/\/www.lesdelicesdeprovence.ch\/it\/wp-json\/wp\/v2\/media\/14466"}],"wp:attachment":[{"href":"http:\/\/www.lesdelicesdeprovence.ch\/it\/wp-json\/wp\/v2\/media?parent=14474"}],"wp:term":[{"taxonomy":"product_cat","embeddable":true,"href":"http:\/\/www.lesdelicesdeprovence.ch\/it\/wp-json\/wp\/v2\/product_cat?post=14474"},{"taxonomy":"product_tag","embeddable":true,"href":"http:\/\/www.lesdelicesdeprovence.ch\/it\/wp-json\/wp\/v2\/product_tag?post=14474"}],"curies":[{"name":"wp","href":"https:\/\/api.w.org\/{rel}","templated":true}]}}