{"id":6647,"date":"2022-06-13T11:55:25","date_gmt":"2022-06-13T11:55:25","guid":{"rendered":"https:\/\/www.aromeprod2.com\/?post_type=product&#038;p=6647"},"modified":"2024-03-28T14:03:36","modified_gmt":"2024-03-28T14:03:36","slug":"crema-di-mais-con-pepe","status":"publish","type":"product","link":"http:\/\/www.lesdelicesdeprovence.ch\/it\/produits\/crema-di-mais-con-pepe\/","title":{"rendered":"Zuppa di mais e peperoni"},"content":{"rendered":"<p>Siamo sempre alla ricerca di ricette fuori dal comune e quando abbiamo scoperto questo produttore che cerca di sorprendere le nostre papille gustative con combinazioni originali, non siamo rimasti delusi.<\/p>\n<p>Da gustare direttamente su un grissino, sul pane contadino o in un&#8217;insalata con il tonno, ad esempio.<\/p>\n<p><strong>Ingredienti : Mais (mais, acqua, zucchero, sale) (64%), peperone rosso (22%), limone, aglio, olio d&#8217;oliva, sale, massal\u00e9.<\/strong><\/p>\n<p><strong>Contenuto: 90 g<\/strong><\/p>\n<p>&nbsp;<\/p>\n","protected":false},"excerpt":{"rendered":"<p>Una bella pasta arancione che fonde il giallo del mais con il rosso del peperone.<\/p>\n<p>N\u00e9 troppo dolce n\u00e9 troppo forte, il gusto ha trovato il suo compromesso, cos\u00ec come il colore.<\/p>\n","protected":false},"featured_media":6643,"template":"","meta":[],"product_cat":[248],"product_tag":[],"class_list":{"0":"post-6647","1":"product","2":"type-product","3":"status-publish","4":"has-post-thumbnail","6":"product_cat-salse-da-aperitivo","8":"first","9":"outofstock","10":"taxable","11":"shipping-taxable","12":"purchasable","13":"product-type-simple"},"yoast_head":"<!-- This site is optimized with the Yoast SEO plugin v27.2 - https:\/\/yoast.com\/product\/yoast-seo-wordpress\/ -->\n<title>Zuppa di mais e peperoni<\/title>\n<meta name=\"description\" content=\"Una bella pasta arancione che fonde il giallo del mais con il rosso del peperone. N\u00e9 troppo dolce n\u00e9 troppo forte, il gusto ha trovato il suo compromesso, cos\u00ec come il colore.\" \/>\n<meta name=\"robots\" content=\"index, follow, max-snippet:-1, max-image-preview:large, max-video-preview:-1\" \/>\n<link rel=\"canonical\" href=\"http:\/\/www.lesdelicesdeprovence.ch\/it\/produits\/crema-di-mais-con-pepe\/\" \/>\n<meta property=\"og:locale\" content=\"it_IT\" \/>\n<meta property=\"og:type\" content=\"article\" \/>\n<meta property=\"og:title\" content=\"Zuppa di mais e peperoni\" \/>\n<meta property=\"og:description\" content=\"Una bella pasta arancione che fonde il giallo del mais con il rosso del peperone. N\u00e9 troppo dolce n\u00e9 troppo forte, il gusto ha trovato il suo compromesso, cos\u00ec come il colore.\" \/>\n<meta property=\"og:url\" content=\"http:\/\/www.lesdelicesdeprovence.ch\/it\/produits\/crema-di-mais-con-pepe\/\" \/>\n<meta property=\"og:site_name\" content=\"Les D\u00e9lices de Provence\" \/>\n<meta property=\"article:modified_time\" content=\"2024-03-28T14:03:36+00:00\" \/>\n<meta property=\"og:image\" content=\"https:\/\/www.lesdelicesdeprovence.ch\/wp-content\/uploads\/2022\/06\/IMG_6181-1.jpg\" \/>\n\t<meta property=\"og:image:width\" content=\"2365\" \/>\n\t<meta property=\"og:image:height\" content=\"2556\" \/>\n\t<meta property=\"og:image:type\" content=\"image\/jpeg\" \/>\n<meta name=\"twitter:card\" content=\"summary_large_image\" \/>\n<meta name=\"twitter:label1\" content=\"Tempo di lettura stimato\" \/>\n\t<meta name=\"twitter:data1\" content=\"1 minuto\" \/>\n<script type=\"application\/ld+json\" class=\"yoast-schema-graph\">{\"@context\":\"https:\/\/schema.org\",\"@graph\":[{\"@type\":\"WebPage\",\"@id\":\"http:\/\/www.lesdelicesdeprovence.ch\/it\/produits\/crema-di-mais-con-pepe\/\",\"url\":\"http:\/\/www.lesdelicesdeprovence.ch\/it\/produits\/crema-di-mais-con-pepe\/\",\"name\":\"Zuppa di mais e peperoni\",\"isPartOf\":{\"@id\":\"https:\/\/www.lesdelicesdeprovence.ch\/it\/#website\"},\"primaryImageOfPage\":{\"@id\":\"http:\/\/www.lesdelicesdeprovence.ch\/it\/produits\/crema-di-mais-con-pepe\/#primaryimage\"},\"image\":{\"@id\":\"http:\/\/www.lesdelicesdeprovence.ch\/it\/produits\/crema-di-mais-con-pepe\/#primaryimage\"},\"thumbnailUrl\":\"http:\/\/www.lesdelicesdeprovence.ch\/wp-content\/uploads\/2022\/06\/IMG_6181-1.jpg\",\"datePublished\":\"2022-06-13T11:55:25+00:00\",\"dateModified\":\"2024-03-28T14:03:36+00:00\",\"description\":\"Una bella pasta arancione che fonde il giallo del mais con il rosso del peperone. N\u00e9 troppo dolce n\u00e9 troppo forte, il gusto ha trovato il suo compromesso, cos\u00ec come il colore.\",\"breadcrumb\":{\"@id\":\"http:\/\/www.lesdelicesdeprovence.ch\/it\/produits\/crema-di-mais-con-pepe\/#breadcrumb\"},\"inLanguage\":\"it-IT\",\"potentialAction\":[{\"@type\":\"ReadAction\",\"target\":[\"http:\/\/www.lesdelicesdeprovence.ch\/it\/produits\/crema-di-mais-con-pepe\/\"]}]},{\"@type\":\"ImageObject\",\"inLanguage\":\"it-IT\",\"@id\":\"http:\/\/www.lesdelicesdeprovence.ch\/it\/produits\/crema-di-mais-con-pepe\/#primaryimage\",\"url\":\"http:\/\/www.lesdelicesdeprovence.ch\/wp-content\/uploads\/2022\/06\/IMG_6181-1.jpg\",\"contentUrl\":\"http:\/\/www.lesdelicesdeprovence.ch\/wp-content\/uploads\/2022\/06\/IMG_6181-1.jpg\",\"width\":2365,\"height\":2556},{\"@type\":\"BreadcrumbList\",\"@id\":\"http:\/\/www.lesdelicesdeprovence.ch\/it\/produits\/crema-di-mais-con-pepe\/#breadcrumb\",\"itemListElement\":[{\"@type\":\"ListItem\",\"position\":1,\"name\":\"Accoglienza\",\"item\":\"https:\/\/www.lesdelicesdeprovence.ch\/it\/\"},{\"@type\":\"ListItem\",\"position\":2,\"name\":\"Negozio\",\"item\":\"https:\/\/www.lesdelicesdeprovence.ch\/it\/negozio\/\"},{\"@type\":\"ListItem\",\"position\":3,\"name\":\"Zuppa di mais e peperoni\"}]},{\"@type\":\"WebSite\",\"@id\":\"https:\/\/www.lesdelicesdeprovence.ch\/it\/#website\",\"url\":\"https:\/\/www.lesdelicesdeprovence.ch\/it\/\",\"name\":\"Les D\u00e9lices de Provence\",\"description\":\"Epicerie fine en ligne\",\"potentialAction\":[{\"@type\":\"SearchAction\",\"target\":{\"@type\":\"EntryPoint\",\"urlTemplate\":\"https:\/\/www.lesdelicesdeprovence.ch\/it\/?s={search_term_string}\"},\"query-input\":{\"@type\":\"PropertyValueSpecification\",\"valueRequired\":true,\"valueName\":\"search_term_string\"}}],\"inLanguage\":\"it-IT\"}]}<\/script>\n<!-- \/ Yoast SEO plugin. -->","yoast_head_json":{"title":"Zuppa di mais e peperoni","description":"Una bella pasta arancione che fonde il giallo del mais con il rosso del peperone. N\u00e9 troppo dolce n\u00e9 troppo forte, il gusto ha trovato il suo compromesso, cos\u00ec come il colore.","robots":{"index":"index","follow":"follow","max-snippet":"max-snippet:-1","max-image-preview":"max-image-preview:large","max-video-preview":"max-video-preview:-1"},"canonical":"http:\/\/www.lesdelicesdeprovence.ch\/it\/produits\/crema-di-mais-con-pepe\/","og_locale":"it_IT","og_type":"article","og_title":"Zuppa di mais e peperoni","og_description":"Una bella pasta arancione che fonde il giallo del mais con il rosso del peperone. N\u00e9 troppo dolce n\u00e9 troppo forte, il gusto ha trovato il suo compromesso, cos\u00ec come il colore.","og_url":"http:\/\/www.lesdelicesdeprovence.ch\/it\/produits\/crema-di-mais-con-pepe\/","og_site_name":"Les D\u00e9lices de Provence","article_modified_time":"2024-03-28T14:03:36+00:00","og_image":[{"width":2365,"height":2556,"url":"https:\/\/www.lesdelicesdeprovence.ch\/wp-content\/uploads\/2022\/06\/IMG_6181-1.jpg","type":"image\/jpeg"}],"twitter_card":"summary_large_image","twitter_misc":{"Tempo di lettura stimato":"1 minuto"},"schema":{"@context":"https:\/\/schema.org","@graph":[{"@type":"WebPage","@id":"http:\/\/www.lesdelicesdeprovence.ch\/it\/produits\/crema-di-mais-con-pepe\/","url":"http:\/\/www.lesdelicesdeprovence.ch\/it\/produits\/crema-di-mais-con-pepe\/","name":"Zuppa di mais e peperoni","isPartOf":{"@id":"https:\/\/www.lesdelicesdeprovence.ch\/it\/#website"},"primaryImageOfPage":{"@id":"http:\/\/www.lesdelicesdeprovence.ch\/it\/produits\/crema-di-mais-con-pepe\/#primaryimage"},"image":{"@id":"http:\/\/www.lesdelicesdeprovence.ch\/it\/produits\/crema-di-mais-con-pepe\/#primaryimage"},"thumbnailUrl":"http:\/\/www.lesdelicesdeprovence.ch\/wp-content\/uploads\/2022\/06\/IMG_6181-1.jpg","datePublished":"2022-06-13T11:55:25+00:00","dateModified":"2024-03-28T14:03:36+00:00","description":"Una bella pasta arancione che fonde il giallo del mais con il rosso del peperone. N\u00e9 troppo dolce n\u00e9 troppo forte, il gusto ha trovato il suo compromesso, cos\u00ec come il colore.","breadcrumb":{"@id":"http:\/\/www.lesdelicesdeprovence.ch\/it\/produits\/crema-di-mais-con-pepe\/#breadcrumb"},"inLanguage":"it-IT","potentialAction":[{"@type":"ReadAction","target":["http:\/\/www.lesdelicesdeprovence.ch\/it\/produits\/crema-di-mais-con-pepe\/"]}]},{"@type":"ImageObject","inLanguage":"it-IT","@id":"http:\/\/www.lesdelicesdeprovence.ch\/it\/produits\/crema-di-mais-con-pepe\/#primaryimage","url":"http:\/\/www.lesdelicesdeprovence.ch\/wp-content\/uploads\/2022\/06\/IMG_6181-1.jpg","contentUrl":"http:\/\/www.lesdelicesdeprovence.ch\/wp-content\/uploads\/2022\/06\/IMG_6181-1.jpg","width":2365,"height":2556},{"@type":"BreadcrumbList","@id":"http:\/\/www.lesdelicesdeprovence.ch\/it\/produits\/crema-di-mais-con-pepe\/#breadcrumb","itemListElement":[{"@type":"ListItem","position":1,"name":"Accoglienza","item":"https:\/\/www.lesdelicesdeprovence.ch\/it\/"},{"@type":"ListItem","position":2,"name":"Negozio","item":"https:\/\/www.lesdelicesdeprovence.ch\/it\/negozio\/"},{"@type":"ListItem","position":3,"name":"Zuppa di mais e peperoni"}]},{"@type":"WebSite","@id":"https:\/\/www.lesdelicesdeprovence.ch\/it\/#website","url":"https:\/\/www.lesdelicesdeprovence.ch\/it\/","name":"Les D\u00e9lices de Provence","description":"Epicerie fine en ligne","potentialAction":[{"@type":"SearchAction","target":{"@type":"EntryPoint","urlTemplate":"https:\/\/www.lesdelicesdeprovence.ch\/it\/?s={search_term_string}"},"query-input":{"@type":"PropertyValueSpecification","valueRequired":true,"valueName":"search_term_string"}}],"inLanguage":"it-IT"}]}},"_links":{"self":[{"href":"http:\/\/www.lesdelicesdeprovence.ch\/it\/wp-json\/wp\/v2\/product\/6647","targetHints":{"allow":["GET"]}}],"collection":[{"href":"http:\/\/www.lesdelicesdeprovence.ch\/it\/wp-json\/wp\/v2\/product"}],"about":[{"href":"http:\/\/www.lesdelicesdeprovence.ch\/it\/wp-json\/wp\/v2\/types\/product"}],"version-history":[{"count":4,"href":"http:\/\/www.lesdelicesdeprovence.ch\/it\/wp-json\/wp\/v2\/product\/6647\/revisions"}],"predecessor-version":[{"id":12971,"href":"http:\/\/www.lesdelicesdeprovence.ch\/it\/wp-json\/wp\/v2\/product\/6647\/revisions\/12971"}],"wp:featuredmedia":[{"embeddable":true,"href":"http:\/\/www.lesdelicesdeprovence.ch\/it\/wp-json\/wp\/v2\/media\/6643"}],"wp:attachment":[{"href":"http:\/\/www.lesdelicesdeprovence.ch\/it\/wp-json\/wp\/v2\/media?parent=6647"}],"wp:term":[{"taxonomy":"product_cat","embeddable":true,"href":"http:\/\/www.lesdelicesdeprovence.ch\/it\/wp-json\/wp\/v2\/product_cat?post=6647"},{"taxonomy":"product_tag","embeddable":true,"href":"http:\/\/www.lesdelicesdeprovence.ch\/it\/wp-json\/wp\/v2\/product_tag?post=6647"}],"curies":[{"name":"wp","href":"https:\/\/api.w.org\/{rel}","templated":true}]}}