{"id":6776,"date":"2022-06-03T13:29:45","date_gmt":"2022-06-03T13:29:45","guid":{"rendered":"https:\/\/www.aromeprod2.com\/?post_type=product&#038;p=6776"},"modified":"2024-03-28T14:03:23","modified_gmt":"2024-03-28T14:03:23","slug":"chutney-di-peperoni-con-pepe-di-espelette","status":"publish","type":"product","link":"http:\/\/www.lesdelicesdeprovence.ch\/it\/produits\/chutney-di-peperoni-con-pepe-di-espelette\/","title":{"rendered":"Chutney di peperoni di Espelette"},"content":{"rendered":"<p>Questo chutney, prodotto artigianalmente da una famiglia di l&#8217;isle-sur-sorgues (Vaucluse) il cui savoir-faire \u00e8 rinomato in tutta la Provenza, \u00e8 il preferito della nostra gastronomia.<\/p>\n<p>La sua ricetta originale e inventiva e la qualit\u00e0 degli ingredienti ne fanno una vera delizia per gli amanti del dolce e del salato.<\/p>\n<p>Ottimo con tutti i tipi di formaggio, \u00e8 particolarmente apprezzato con i formaggi freschi di capra o di pecora baschi. Tartine, tapas, woks, canap\u00e9; lasciate che la vostra immaginazione si scateni e questo chutney far\u00e0 il resto! Divertimento garantito!<\/p>\n<p><strong>Ingredienti : Peperoni (57%), zucchero, cipolle, aceto di sidro (6%), olio d&#8217;oliva, peperoncino di Espelette (1%), sale, pepe, paprika, succo di limone.<\/strong><\/p>\n<p><strong>Contenuto: 220 g<\/strong><\/p>\n","protected":false},"excerpt":{"rendered":"<p>Gli amanti degli aperitivi provenzali e dei piatti dolci e salati non rimarranno delusi!<\/p>\n<p>L&#8217;originalit\u00e0 e l&#8217;inventiva della ricetta, la qualit\u00e0 degli ingredienti naturali e i metodi di produzione rigorosamente tradizionali conferiscono a questo insolito chutney un sapore incomparabile.<\/p>\n<p>Meglio delle parole, non c&#8217;\u00e8 niente di meglio che assaggiarlo!<\/p>\n","protected":false},"featured_media":8430,"template":"","meta":[],"product_cat":[226],"product_tag":[],"class_list":{"0":"post-6776","1":"product","2":"type-product","3":"status-publish","4":"has-post-thumbnail","6":"product_cat-caramelle-e-chutney","8":"first","9":"instock","10":"taxable","11":"shipping-taxable","12":"purchasable","13":"product-type-simple"},"yoast_head":"<!-- This site is optimized with the Yoast SEO plugin v27.2 - https:\/\/yoast.com\/product\/yoast-seo-wordpress\/ -->\n<title>Chutney di peperoni di Espelette<\/title>\n<meta name=\"description\" content=\"Gli amanti degli aperitivi provenzali e dei piatti dolci e salati non rimarranno delusi! L&#039;originalit\u00e0 e l&#039;inventiva della ricetta, la qualit\u00e0 degli ingredienti naturali e i metodi di produzione rigorosamente tradizionali conferiscono a questo insolito chutney un sapore incomparabile.\" \/>\n<meta name=\"robots\" content=\"index, follow, max-snippet:-1, max-image-preview:large, max-video-preview:-1\" \/>\n<link rel=\"canonical\" href=\"http:\/\/www.lesdelicesdeprovence.ch\/it\/produits\/chutney-di-peperoni-con-pepe-di-espelette\/\" \/>\n<meta property=\"og:locale\" content=\"it_IT\" \/>\n<meta property=\"og:type\" content=\"article\" \/>\n<meta property=\"og:title\" content=\"Chutney di peperoni di Espelette\" \/>\n<meta property=\"og:description\" content=\"Gli amanti degli aperitivi provenzali e dei piatti dolci e salati non rimarranno delusi! L&#039;originalit\u00e0 e l&#039;inventiva della ricetta, la qualit\u00e0 degli ingredienti naturali e i metodi di produzione rigorosamente tradizionali conferiscono a questo insolito chutney un sapore incomparabile.\" \/>\n<meta property=\"og:url\" content=\"http:\/\/www.lesdelicesdeprovence.ch\/it\/produits\/chutney-di-peperoni-con-pepe-di-espelette\/\" \/>\n<meta property=\"og:site_name\" content=\"Les D\u00e9lices de Provence\" \/>\n<meta property=\"article:modified_time\" content=\"2024-03-28T14:03:23+00:00\" \/>\n<meta property=\"og:image\" content=\"http:\/\/www.lesdelicesdeprovence.ch\/wp-content\/uploads\/2022\/06\/chutney_de_poivrons_aux_piments_espelette.jpg\" \/>\n\t<meta property=\"og:image:width\" content=\"2020\" \/>\n\t<meta property=\"og:image:height\" content=\"2149\" \/>\n\t<meta property=\"og:image:type\" content=\"image\/jpeg\" \/>\n<meta name=\"twitter:card\" content=\"summary_large_image\" \/>\n<meta name=\"twitter:label1\" content=\"Tempo di lettura stimato\" \/>\n\t<meta name=\"twitter:data1\" content=\"1 minuto\" \/>\n<script type=\"application\/ld+json\" class=\"yoast-schema-graph\">{\"@context\":\"https:\/\/schema.org\",\"@graph\":[{\"@type\":\"WebPage\",\"@id\":\"http:\/\/www.lesdelicesdeprovence.ch\/it\/produits\/chutney-di-peperoni-con-pepe-di-espelette\/\",\"url\":\"http:\/\/www.lesdelicesdeprovence.ch\/it\/produits\/chutney-di-peperoni-con-pepe-di-espelette\/\",\"name\":\"Chutney di peperoni di Espelette\",\"isPartOf\":{\"@id\":\"https:\/\/www.lesdelicesdeprovence.ch\/it\/#website\"},\"primaryImageOfPage\":{\"@id\":\"http:\/\/www.lesdelicesdeprovence.ch\/it\/produits\/chutney-di-peperoni-con-pepe-di-espelette\/#primaryimage\"},\"image\":{\"@id\":\"http:\/\/www.lesdelicesdeprovence.ch\/it\/produits\/chutney-di-peperoni-con-pepe-di-espelette\/#primaryimage\"},\"thumbnailUrl\":\"http:\/\/www.lesdelicesdeprovence.ch\/wp-content\/uploads\/2022\/06\/chutney_de_poivrons_aux_piments_espelette.jpg\",\"datePublished\":\"2022-06-03T13:29:45+00:00\",\"dateModified\":\"2024-03-28T14:03:23+00:00\",\"description\":\"Gli amanti degli aperitivi provenzali e dei piatti dolci e salati non rimarranno delusi! L'originalit\u00e0 e l'inventiva della ricetta, la qualit\u00e0 degli ingredienti naturali e i metodi di produzione rigorosamente tradizionali conferiscono a questo insolito chutney un sapore incomparabile.\",\"breadcrumb\":{\"@id\":\"http:\/\/www.lesdelicesdeprovence.ch\/it\/produits\/chutney-di-peperoni-con-pepe-di-espelette\/#breadcrumb\"},\"inLanguage\":\"it-IT\",\"potentialAction\":[{\"@type\":\"ReadAction\",\"target\":[\"http:\/\/www.lesdelicesdeprovence.ch\/it\/produits\/chutney-di-peperoni-con-pepe-di-espelette\/\"]}]},{\"@type\":\"ImageObject\",\"inLanguage\":\"it-IT\",\"@id\":\"http:\/\/www.lesdelicesdeprovence.ch\/it\/produits\/chutney-di-peperoni-con-pepe-di-espelette\/#primaryimage\",\"url\":\"http:\/\/www.lesdelicesdeprovence.ch\/wp-content\/uploads\/2022\/06\/chutney_de_poivrons_aux_piments_espelette.jpg\",\"contentUrl\":\"http:\/\/www.lesdelicesdeprovence.ch\/wp-content\/uploads\/2022\/06\/chutney_de_poivrons_aux_piments_espelette.jpg\",\"width\":2020,\"height\":2149},{\"@type\":\"BreadcrumbList\",\"@id\":\"http:\/\/www.lesdelicesdeprovence.ch\/it\/produits\/chutney-di-peperoni-con-pepe-di-espelette\/#breadcrumb\",\"itemListElement\":[{\"@type\":\"ListItem\",\"position\":1,\"name\":\"Accoglienza\",\"item\":\"http:\/\/www.lesdelicesdeprovence.ch\/it\/\"},{\"@type\":\"ListItem\",\"position\":2,\"name\":\"Negozio\",\"item\":\"http:\/\/www.lesdelicesdeprovence.ch\/it\/negozio\/\"},{\"@type\":\"ListItem\",\"position\":3,\"name\":\"Chutney di peperoni di Espelette\"}]},{\"@type\":\"WebSite\",\"@id\":\"https:\/\/www.lesdelicesdeprovence.ch\/it\/#website\",\"url\":\"https:\/\/www.lesdelicesdeprovence.ch\/it\/\",\"name\":\"Les D\u00e9lices de Provence\",\"description\":\"Epicerie fine en ligne\",\"potentialAction\":[{\"@type\":\"SearchAction\",\"target\":{\"@type\":\"EntryPoint\",\"urlTemplate\":\"https:\/\/www.lesdelicesdeprovence.ch\/it\/?s={search_term_string}\"},\"query-input\":{\"@type\":\"PropertyValueSpecification\",\"valueRequired\":true,\"valueName\":\"search_term_string\"}}],\"inLanguage\":\"it-IT\"}]}<\/script>\n<!-- \/ Yoast SEO plugin. -->","yoast_head_json":{"title":"Chutney di peperoni di Espelette","description":"Gli amanti degli aperitivi provenzali e dei piatti dolci e salati non rimarranno delusi! L'originalit\u00e0 e l'inventiva della ricetta, la qualit\u00e0 degli ingredienti naturali e i metodi di produzione rigorosamente tradizionali conferiscono a questo insolito chutney un sapore incomparabile.","robots":{"index":"index","follow":"follow","max-snippet":"max-snippet:-1","max-image-preview":"max-image-preview:large","max-video-preview":"max-video-preview:-1"},"canonical":"http:\/\/www.lesdelicesdeprovence.ch\/it\/produits\/chutney-di-peperoni-con-pepe-di-espelette\/","og_locale":"it_IT","og_type":"article","og_title":"Chutney di peperoni di Espelette","og_description":"Gli amanti degli aperitivi provenzali e dei piatti dolci e salati non rimarranno delusi! L'originalit\u00e0 e l'inventiva della ricetta, la qualit\u00e0 degli ingredienti naturali e i metodi di produzione rigorosamente tradizionali conferiscono a questo insolito chutney un sapore incomparabile.","og_url":"http:\/\/www.lesdelicesdeprovence.ch\/it\/produits\/chutney-di-peperoni-con-pepe-di-espelette\/","og_site_name":"Les D\u00e9lices de Provence","article_modified_time":"2024-03-28T14:03:23+00:00","og_image":[{"width":2020,"height":2149,"url":"http:\/\/www.lesdelicesdeprovence.ch\/wp-content\/uploads\/2022\/06\/chutney_de_poivrons_aux_piments_espelette.jpg","type":"image\/jpeg"}],"twitter_card":"summary_large_image","twitter_misc":{"Tempo di lettura stimato":"1 minuto"},"schema":{"@context":"https:\/\/schema.org","@graph":[{"@type":"WebPage","@id":"http:\/\/www.lesdelicesdeprovence.ch\/it\/produits\/chutney-di-peperoni-con-pepe-di-espelette\/","url":"http:\/\/www.lesdelicesdeprovence.ch\/it\/produits\/chutney-di-peperoni-con-pepe-di-espelette\/","name":"Chutney di peperoni di Espelette","isPartOf":{"@id":"https:\/\/www.lesdelicesdeprovence.ch\/it\/#website"},"primaryImageOfPage":{"@id":"http:\/\/www.lesdelicesdeprovence.ch\/it\/produits\/chutney-di-peperoni-con-pepe-di-espelette\/#primaryimage"},"image":{"@id":"http:\/\/www.lesdelicesdeprovence.ch\/it\/produits\/chutney-di-peperoni-con-pepe-di-espelette\/#primaryimage"},"thumbnailUrl":"http:\/\/www.lesdelicesdeprovence.ch\/wp-content\/uploads\/2022\/06\/chutney_de_poivrons_aux_piments_espelette.jpg","datePublished":"2022-06-03T13:29:45+00:00","dateModified":"2024-03-28T14:03:23+00:00","description":"Gli amanti degli aperitivi provenzali e dei piatti dolci e salati non rimarranno delusi! L'originalit\u00e0 e l'inventiva della ricetta, la qualit\u00e0 degli ingredienti naturali e i metodi di produzione rigorosamente tradizionali conferiscono a questo insolito chutney un sapore incomparabile.","breadcrumb":{"@id":"http:\/\/www.lesdelicesdeprovence.ch\/it\/produits\/chutney-di-peperoni-con-pepe-di-espelette\/#breadcrumb"},"inLanguage":"it-IT","potentialAction":[{"@type":"ReadAction","target":["http:\/\/www.lesdelicesdeprovence.ch\/it\/produits\/chutney-di-peperoni-con-pepe-di-espelette\/"]}]},{"@type":"ImageObject","inLanguage":"it-IT","@id":"http:\/\/www.lesdelicesdeprovence.ch\/it\/produits\/chutney-di-peperoni-con-pepe-di-espelette\/#primaryimage","url":"http:\/\/www.lesdelicesdeprovence.ch\/wp-content\/uploads\/2022\/06\/chutney_de_poivrons_aux_piments_espelette.jpg","contentUrl":"http:\/\/www.lesdelicesdeprovence.ch\/wp-content\/uploads\/2022\/06\/chutney_de_poivrons_aux_piments_espelette.jpg","width":2020,"height":2149},{"@type":"BreadcrumbList","@id":"http:\/\/www.lesdelicesdeprovence.ch\/it\/produits\/chutney-di-peperoni-con-pepe-di-espelette\/#breadcrumb","itemListElement":[{"@type":"ListItem","position":1,"name":"Accoglienza","item":"http:\/\/www.lesdelicesdeprovence.ch\/it\/"},{"@type":"ListItem","position":2,"name":"Negozio","item":"http:\/\/www.lesdelicesdeprovence.ch\/it\/negozio\/"},{"@type":"ListItem","position":3,"name":"Chutney di peperoni di Espelette"}]},{"@type":"WebSite","@id":"https:\/\/www.lesdelicesdeprovence.ch\/it\/#website","url":"https:\/\/www.lesdelicesdeprovence.ch\/it\/","name":"Les D\u00e9lices de Provence","description":"Epicerie fine en ligne","potentialAction":[{"@type":"SearchAction","target":{"@type":"EntryPoint","urlTemplate":"https:\/\/www.lesdelicesdeprovence.ch\/it\/?s={search_term_string}"},"query-input":{"@type":"PropertyValueSpecification","valueRequired":true,"valueName":"search_term_string"}}],"inLanguage":"it-IT"}]}},"_links":{"self":[{"href":"http:\/\/www.lesdelicesdeprovence.ch\/it\/wp-json\/wp\/v2\/product\/6776","targetHints":{"allow":["GET"]}}],"collection":[{"href":"http:\/\/www.lesdelicesdeprovence.ch\/it\/wp-json\/wp\/v2\/product"}],"about":[{"href":"http:\/\/www.lesdelicesdeprovence.ch\/it\/wp-json\/wp\/v2\/types\/product"}],"version-history":[{"count":4,"href":"http:\/\/www.lesdelicesdeprovence.ch\/it\/wp-json\/wp\/v2\/product\/6776\/revisions"}],"predecessor-version":[{"id":12934,"href":"http:\/\/www.lesdelicesdeprovence.ch\/it\/wp-json\/wp\/v2\/product\/6776\/revisions\/12934"}],"wp:featuredmedia":[{"embeddable":true,"href":"http:\/\/www.lesdelicesdeprovence.ch\/it\/wp-json\/wp\/v2\/media\/8430"}],"wp:attachment":[{"href":"http:\/\/www.lesdelicesdeprovence.ch\/it\/wp-json\/wp\/v2\/media?parent=6776"}],"wp:term":[{"taxonomy":"product_cat","embeddable":true,"href":"http:\/\/www.lesdelicesdeprovence.ch\/it\/wp-json\/wp\/v2\/product_cat?post=6776"},{"taxonomy":"product_tag","embeddable":true,"href":"http:\/\/www.lesdelicesdeprovence.ch\/it\/wp-json\/wp\/v2\/product_tag?post=6776"}],"curies":[{"name":"wp","href":"https:\/\/api.w.org\/{rel}","templated":true}]}}