{"id":6892,"date":"2022-05-10T13:27:38","date_gmt":"2022-05-10T13:27:38","guid":{"rendered":"https:\/\/www.aromeprod2.com\/?post_type=product&#038;p=6892"},"modified":"2024-03-28T14:03:26","modified_gmt":"2024-03-28T14:03:26","slug":"olivade-mediterranea","status":"publish","type":"product","link":"http:\/\/www.lesdelicesdeprovence.ch\/it\/produits\/olivade-mediterranea\/","title":{"rendered":"Olive mediterranee"},"content":{"rendered":"<p>Si dice spesso che dalla semplicit\u00e0 nasce la perfezione. Questa salsa ne \u00e8 un&#8217;illustrazione perfetta. Solo quattro ingredienti, ma scelti con grande cura, per dare a questa salsa un sapore autentico e gourmet: polpa di pomodoro Roma, 12% di olive taggiasche schiacciate raccolte nell&#8217;entroterra di Nizza, un po&#8217; di olio d&#8217;oliva e un tocco di sale marino.<\/p>\n<p>Perch\u00e9 complicare le cose quando si possono rendere semplici con ingredienti di qualit\u00e0? Ecco cosa ci piace di pi\u00f9 di questo piccolo produttore.<\/p>\n<p>All&#8217;assaggio, scoprirete un sottile equilibrio tra la dolcezza del pomodoro e l&#8217;intensit\u00e0 dell&#8217;oliva. Un prodotto davvero eccezionale da provare come aperitivo su un toast, in un piatto di pasta (si pu\u00f2 aggiungere panna, burro o olio d&#8217;oliva) o come base per la salsa di pomodoro per la pizza o la parmigiana di melanzane.<\/p>\n<p><strong>Ingredienti : Polpa di pomodoro, olive taggiasche 12%, olio d&#8217;oliva, sale.<\/strong><\/p>\n<p><strong>Contenuto: 180 g<\/strong><\/p>\n<p>&nbsp;<\/p>\n","protected":false},"excerpt":{"rendered":"<p>Non lasciatevi ingannare dal colore, \u00e8 il sapore unico delle olive verdi taggiasche schiacciate che esplode in bocca!<\/p>\n<p>Una delizia per gli amanti delle olive come aperitivo, nella pasta o come base per le salse.<\/p>\n","protected":false},"featured_media":6893,"template":"","meta":[],"product_cat":[248],"product_tag":[],"class_list":{"0":"post-6892","1":"product","2":"type-product","3":"status-publish","4":"has-post-thumbnail","6":"product_cat-salse-da-aperitivo","8":"first","9":"instock","10":"taxable","11":"shipping-taxable","12":"purchasable","13":"product-type-simple"},"yoast_head":"<!-- This site is optimized with the Yoast SEO plugin v27.2 - https:\/\/yoast.com\/product\/yoast-seo-wordpress\/ -->\n<title>Olive mediterranee<\/title>\n<meta name=\"description\" content=\"Non lasciatevi ingannare dal colore, \u00e8 il sapore unico delle olive verdi taggiasche schiacciate che esplode in bocca!\" \/>\n<meta name=\"robots\" content=\"index, follow, max-snippet:-1, max-image-preview:large, max-video-preview:-1\" \/>\n<link rel=\"canonical\" href=\"http:\/\/www.lesdelicesdeprovence.ch\/it\/produits\/olivade-mediterranea\/\" \/>\n<meta property=\"og:locale\" content=\"it_IT\" \/>\n<meta property=\"og:type\" content=\"article\" \/>\n<meta property=\"og:title\" content=\"Olive mediterranee\" \/>\n<meta property=\"og:description\" content=\"Non lasciatevi ingannare dal colore, \u00e8 il sapore unico delle olive verdi taggiasche schiacciate che esplode in bocca!\" \/>\n<meta property=\"og:url\" content=\"http:\/\/www.lesdelicesdeprovence.ch\/it\/produits\/olivade-mediterranea\/\" \/>\n<meta property=\"og:site_name\" content=\"Les D\u00e9lices de Provence\" \/>\n<meta property=\"article:modified_time\" content=\"2024-03-28T14:03:26+00:00\" \/>\n<meta property=\"og:image\" content=\"http:\/\/www.lesdelicesdeprovence.ch\/wp-content\/uploads\/2022\/05\/IMG_6288.jpg\" \/>\n\t<meta property=\"og:image:width\" content=\"1965\" \/>\n\t<meta property=\"og:image:height\" content=\"2439\" \/>\n\t<meta property=\"og:image:type\" content=\"image\/jpeg\" \/>\n<meta name=\"twitter:card\" content=\"summary_large_image\" \/>\n<meta name=\"twitter:label1\" content=\"Tempo di lettura stimato\" \/>\n\t<meta name=\"twitter:data1\" content=\"1 minuto\" \/>\n<script type=\"application\/ld+json\" class=\"yoast-schema-graph\">{\"@context\":\"https:\/\/schema.org\",\"@graph\":[{\"@type\":\"WebPage\",\"@id\":\"http:\/\/www.lesdelicesdeprovence.ch\/it\/produits\/olivade-mediterranea\/\",\"url\":\"http:\/\/www.lesdelicesdeprovence.ch\/it\/produits\/olivade-mediterranea\/\",\"name\":\"Olive mediterranee\",\"isPartOf\":{\"@id\":\"https:\/\/www.lesdelicesdeprovence.ch\/it\/#website\"},\"primaryImageOfPage\":{\"@id\":\"http:\/\/www.lesdelicesdeprovence.ch\/it\/produits\/olivade-mediterranea\/#primaryimage\"},\"image\":{\"@id\":\"http:\/\/www.lesdelicesdeprovence.ch\/it\/produits\/olivade-mediterranea\/#primaryimage\"},\"thumbnailUrl\":\"http:\/\/www.lesdelicesdeprovence.ch\/wp-content\/uploads\/2022\/05\/IMG_6288.jpg\",\"datePublished\":\"2022-05-10T13:27:38+00:00\",\"dateModified\":\"2024-03-28T14:03:26+00:00\",\"description\":\"Non lasciatevi ingannare dal colore, \u00e8 il sapore unico delle olive verdi taggiasche schiacciate che esplode in bocca!\",\"breadcrumb\":{\"@id\":\"http:\/\/www.lesdelicesdeprovence.ch\/it\/produits\/olivade-mediterranea\/#breadcrumb\"},\"inLanguage\":\"it-IT\",\"potentialAction\":[{\"@type\":\"ReadAction\",\"target\":[\"http:\/\/www.lesdelicesdeprovence.ch\/it\/produits\/olivade-mediterranea\/\"]}]},{\"@type\":\"ImageObject\",\"inLanguage\":\"it-IT\",\"@id\":\"http:\/\/www.lesdelicesdeprovence.ch\/it\/produits\/olivade-mediterranea\/#primaryimage\",\"url\":\"http:\/\/www.lesdelicesdeprovence.ch\/wp-content\/uploads\/2022\/05\/IMG_6288.jpg\",\"contentUrl\":\"http:\/\/www.lesdelicesdeprovence.ch\/wp-content\/uploads\/2022\/05\/IMG_6288.jpg\",\"width\":1965,\"height\":2439},{\"@type\":\"BreadcrumbList\",\"@id\":\"http:\/\/www.lesdelicesdeprovence.ch\/it\/produits\/olivade-mediterranea\/#breadcrumb\",\"itemListElement\":[{\"@type\":\"ListItem\",\"position\":1,\"name\":\"Accoglienza\",\"item\":\"https:\/\/www.lesdelicesdeprovence.ch\/it\/\"},{\"@type\":\"ListItem\",\"position\":2,\"name\":\"Negozio\",\"item\":\"https:\/\/www.lesdelicesdeprovence.ch\/it\/negozio\/\"},{\"@type\":\"ListItem\",\"position\":3,\"name\":\"Olive mediterranee\"}]},{\"@type\":\"WebSite\",\"@id\":\"https:\/\/www.lesdelicesdeprovence.ch\/it\/#website\",\"url\":\"https:\/\/www.lesdelicesdeprovence.ch\/it\/\",\"name\":\"Les D\u00e9lices de Provence\",\"description\":\"Epicerie fine en ligne\",\"potentialAction\":[{\"@type\":\"SearchAction\",\"target\":{\"@type\":\"EntryPoint\",\"urlTemplate\":\"https:\/\/www.lesdelicesdeprovence.ch\/it\/?s={search_term_string}\"},\"query-input\":{\"@type\":\"PropertyValueSpecification\",\"valueRequired\":true,\"valueName\":\"search_term_string\"}}],\"inLanguage\":\"it-IT\"}]}<\/script>\n<!-- \/ Yoast SEO plugin. -->","yoast_head_json":{"title":"Olive mediterranee","description":"Non lasciatevi ingannare dal colore, \u00e8 il sapore unico delle olive verdi taggiasche schiacciate che esplode in bocca!","robots":{"index":"index","follow":"follow","max-snippet":"max-snippet:-1","max-image-preview":"max-image-preview:large","max-video-preview":"max-video-preview:-1"},"canonical":"http:\/\/www.lesdelicesdeprovence.ch\/it\/produits\/olivade-mediterranea\/","og_locale":"it_IT","og_type":"article","og_title":"Olive mediterranee","og_description":"Non lasciatevi ingannare dal colore, \u00e8 il sapore unico delle olive verdi taggiasche schiacciate che esplode in bocca!","og_url":"http:\/\/www.lesdelicesdeprovence.ch\/it\/produits\/olivade-mediterranea\/","og_site_name":"Les D\u00e9lices de Provence","article_modified_time":"2024-03-28T14:03:26+00:00","og_image":[{"width":1965,"height":2439,"url":"http:\/\/www.lesdelicesdeprovence.ch\/wp-content\/uploads\/2022\/05\/IMG_6288.jpg","type":"image\/jpeg"}],"twitter_card":"summary_large_image","twitter_misc":{"Tempo di lettura stimato":"1 minuto"},"schema":{"@context":"https:\/\/schema.org","@graph":[{"@type":"WebPage","@id":"http:\/\/www.lesdelicesdeprovence.ch\/it\/produits\/olivade-mediterranea\/","url":"http:\/\/www.lesdelicesdeprovence.ch\/it\/produits\/olivade-mediterranea\/","name":"Olive mediterranee","isPartOf":{"@id":"https:\/\/www.lesdelicesdeprovence.ch\/it\/#website"},"primaryImageOfPage":{"@id":"http:\/\/www.lesdelicesdeprovence.ch\/it\/produits\/olivade-mediterranea\/#primaryimage"},"image":{"@id":"http:\/\/www.lesdelicesdeprovence.ch\/it\/produits\/olivade-mediterranea\/#primaryimage"},"thumbnailUrl":"http:\/\/www.lesdelicesdeprovence.ch\/wp-content\/uploads\/2022\/05\/IMG_6288.jpg","datePublished":"2022-05-10T13:27:38+00:00","dateModified":"2024-03-28T14:03:26+00:00","description":"Non lasciatevi ingannare dal colore, \u00e8 il sapore unico delle olive verdi taggiasche schiacciate che esplode in bocca!","breadcrumb":{"@id":"http:\/\/www.lesdelicesdeprovence.ch\/it\/produits\/olivade-mediterranea\/#breadcrumb"},"inLanguage":"it-IT","potentialAction":[{"@type":"ReadAction","target":["http:\/\/www.lesdelicesdeprovence.ch\/it\/produits\/olivade-mediterranea\/"]}]},{"@type":"ImageObject","inLanguage":"it-IT","@id":"http:\/\/www.lesdelicesdeprovence.ch\/it\/produits\/olivade-mediterranea\/#primaryimage","url":"http:\/\/www.lesdelicesdeprovence.ch\/wp-content\/uploads\/2022\/05\/IMG_6288.jpg","contentUrl":"http:\/\/www.lesdelicesdeprovence.ch\/wp-content\/uploads\/2022\/05\/IMG_6288.jpg","width":1965,"height":2439},{"@type":"BreadcrumbList","@id":"http:\/\/www.lesdelicesdeprovence.ch\/it\/produits\/olivade-mediterranea\/#breadcrumb","itemListElement":[{"@type":"ListItem","position":1,"name":"Accoglienza","item":"https:\/\/www.lesdelicesdeprovence.ch\/it\/"},{"@type":"ListItem","position":2,"name":"Negozio","item":"https:\/\/www.lesdelicesdeprovence.ch\/it\/negozio\/"},{"@type":"ListItem","position":3,"name":"Olive mediterranee"}]},{"@type":"WebSite","@id":"https:\/\/www.lesdelicesdeprovence.ch\/it\/#website","url":"https:\/\/www.lesdelicesdeprovence.ch\/it\/","name":"Les D\u00e9lices de Provence","description":"Epicerie fine en ligne","potentialAction":[{"@type":"SearchAction","target":{"@type":"EntryPoint","urlTemplate":"https:\/\/www.lesdelicesdeprovence.ch\/it\/?s={search_term_string}"},"query-input":{"@type":"PropertyValueSpecification","valueRequired":true,"valueName":"search_term_string"}}],"inLanguage":"it-IT"}]}},"_links":{"self":[{"href":"http:\/\/www.lesdelicesdeprovence.ch\/it\/wp-json\/wp\/v2\/product\/6892","targetHints":{"allow":["GET"]}}],"collection":[{"href":"http:\/\/www.lesdelicesdeprovence.ch\/it\/wp-json\/wp\/v2\/product"}],"about":[{"href":"http:\/\/www.lesdelicesdeprovence.ch\/it\/wp-json\/wp\/v2\/types\/product"}],"version-history":[{"count":6,"href":"http:\/\/www.lesdelicesdeprovence.ch\/it\/wp-json\/wp\/v2\/product\/6892\/revisions"}],"predecessor-version":[{"id":12950,"href":"http:\/\/www.lesdelicesdeprovence.ch\/it\/wp-json\/wp\/v2\/product\/6892\/revisions\/12950"}],"wp:featuredmedia":[{"embeddable":true,"href":"http:\/\/www.lesdelicesdeprovence.ch\/it\/wp-json\/wp\/v2\/media\/6893"}],"wp:attachment":[{"href":"http:\/\/www.lesdelicesdeprovence.ch\/it\/wp-json\/wp\/v2\/media?parent=6892"}],"wp:term":[{"taxonomy":"product_cat","embeddable":true,"href":"http:\/\/www.lesdelicesdeprovence.ch\/it\/wp-json\/wp\/v2\/product_cat?post=6892"},{"taxonomy":"product_tag","embeddable":true,"href":"http:\/\/www.lesdelicesdeprovence.ch\/it\/wp-json\/wp\/v2\/product_tag?post=6892"}],"curies":[{"name":"wp","href":"https:\/\/api.w.org\/{rel}","templated":true}]}}