{"id":7239,"date":"2022-06-16T16:12:22","date_gmt":"2022-07-01T11:21:57","guid":{"rendered":"https:\/\/www.aromeprod2.com\/?post_type=product&#038;p=7239"},"modified":"2024-03-28T14:45:18","modified_gmt":"2024-03-28T14:45:18","slug":"delizia-al-barolo-con-tartufo","status":"publish","type":"product","link":"http:\/\/www.lesdelicesdeprovence.ch\/it\/produits\/delizia-al-barolo-con-tartufo\/","title":{"rendered":"Delizia al tartufo di Barolo"},"content":{"rendered":"<p>Risotti, pasta, uova strapazzate, polente, formaggi, pizza bianca, insalata di pomodoro e mozzarella, ecc. Questo prodotto fa tutto! \u00c8 facile aggiungere un delizioso sapore di tartufo a qualsiasi piatto.<\/p>\n<p>Qualche goccia, una pioggerellina e via! Viene dalla viola, profuma di tartufo, \u00e8 divino! Non \u00e8 solo gustoso, ma anche esteticamente gradevole, con il suo bel colore viola scuro. Non \u00e8 necessario usarne molto, \u00e8 molto concentrato. Il che significa che avrete un sacco di piatti prima di finirlo!<\/p>\n<p>Un altro vantaggio \u00e8 che questo prodotto non scade dopo l&#8217;apertura. Si pu\u00f2 conservare in frigorifero per diversi anni senza che il gusto o la consistenza cambino.<\/p>\n<p>Insomma, si tratta di un vero e proprio prodotto che tutti i buoni gourmet amanti del tartufo dovrebbero avere nel proprio frigorifero!<\/p>\n<p><strong>Ingredienti : Mosto d&#8217;uva, zucchero, vino Barolo D.O.C.G (3%), tartufo estivo, aromi naturali.<\/strong><\/p>\n<p><strong>Capacit\u00e0: 100 ml<\/strong><\/p>\n<p>&nbsp;<\/p>\n","protected":false},"excerpt":{"rendered":"<p>Una vera delizia per gli amanti del tartufo e dei sapori dolci e salati!<\/p>\n<p>Questa miscela di mosto d&#8217;uva Barolo, balsamico di alta qualit\u00e0 e tartufo estivo trasforma, con un po&#8217; di fantasia, piatti ordinari in raffinate prelibatezze.<\/p>\n","protected":false},"featured_media":8403,"template":"","meta":[],"product_cat":[248],"product_tag":[],"class_list":{"0":"post-7239","1":"product","2":"type-product","3":"status-publish","4":"has-post-thumbnail","6":"product_cat-salse-da-aperitivo","8":"first","9":"instock","10":"taxable","11":"shipping-taxable","12":"purchasable","13":"product-type-simple"},"yoast_head":"<!-- This site is optimized with the Yoast SEO plugin v27.2 - https:\/\/yoast.com\/product\/yoast-seo-wordpress\/ -->\n<title>Delizia al tartufo di Barolo<\/title>\n<meta name=\"description\" content=\"Questa miscela di mosto d&#039;uva Barolo, balsamico di alta qualit\u00e0 e tartufo estivo trasforma, con un po&#039; di fantasia, piatti ordinari in raffinate prelibatezze.\" \/>\n<meta name=\"robots\" content=\"index, follow, max-snippet:-1, max-image-preview:large, max-video-preview:-1\" \/>\n<link rel=\"canonical\" href=\"http:\/\/www.lesdelicesdeprovence.ch\/it\/produits\/delizia-al-barolo-con-tartufo\/\" \/>\n<meta property=\"og:locale\" content=\"it_IT\" \/>\n<meta property=\"og:type\" content=\"article\" \/>\n<meta property=\"og:title\" content=\"Delizia al tartufo di Barolo\" \/>\n<meta property=\"og:description\" content=\"Questa miscela di mosto d&#039;uva Barolo, balsamico di alta qualit\u00e0 e tartufo estivo trasforma, con un po&#039; di fantasia, piatti ordinari in raffinate prelibatezze.\" \/>\n<meta property=\"og:url\" content=\"http:\/\/www.lesdelicesdeprovence.ch\/it\/produits\/delizia-al-barolo-con-tartufo\/\" \/>\n<meta property=\"og:site_name\" content=\"Les D\u00e9lices de Provence\" \/>\n<meta property=\"article:modified_time\" content=\"2024-03-28T14:45:18+00:00\" \/>\n<meta property=\"og:image\" content=\"http:\/\/www.lesdelicesdeprovence.ch\/wp-content\/uploads\/2022\/06\/Barolo-truffe-v2.jpg\" \/>\n\t<meta property=\"og:image:width\" content=\"1000\" \/>\n\t<meta property=\"og:image:height\" content=\"1000\" \/>\n\t<meta property=\"og:image:type\" content=\"image\/jpeg\" \/>\n<meta name=\"twitter:card\" content=\"summary_large_image\" \/>\n<meta name=\"twitter:label1\" content=\"Tempo di lettura stimato\" \/>\n\t<meta name=\"twitter:data1\" content=\"1 minuto\" \/>\n<script type=\"application\/ld+json\" class=\"yoast-schema-graph\">{\"@context\":\"https:\/\/schema.org\",\"@graph\":[{\"@type\":\"WebPage\",\"@id\":\"http:\/\/www.lesdelicesdeprovence.ch\/it\/produits\/delizia-al-barolo-con-tartufo\/\",\"url\":\"http:\/\/www.lesdelicesdeprovence.ch\/it\/produits\/delizia-al-barolo-con-tartufo\/\",\"name\":\"Delizia al tartufo di Barolo\",\"isPartOf\":{\"@id\":\"https:\/\/www.lesdelicesdeprovence.ch\/it\/#website\"},\"primaryImageOfPage\":{\"@id\":\"http:\/\/www.lesdelicesdeprovence.ch\/it\/produits\/delizia-al-barolo-con-tartufo\/#primaryimage\"},\"image\":{\"@id\":\"http:\/\/www.lesdelicesdeprovence.ch\/it\/produits\/delizia-al-barolo-con-tartufo\/#primaryimage\"},\"thumbnailUrl\":\"http:\/\/www.lesdelicesdeprovence.ch\/wp-content\/uploads\/2022\/06\/Barolo-truffe-v2.jpg\",\"datePublished\":\"2022-07-01T11:21:57+00:00\",\"dateModified\":\"2024-03-28T14:45:18+00:00\",\"description\":\"Questa miscela di mosto d'uva Barolo, balsamico di alta qualit\u00e0 e tartufo estivo trasforma, con un po' di fantasia, piatti ordinari in raffinate prelibatezze.\",\"breadcrumb\":{\"@id\":\"http:\/\/www.lesdelicesdeprovence.ch\/it\/produits\/delizia-al-barolo-con-tartufo\/#breadcrumb\"},\"inLanguage\":\"it-IT\",\"potentialAction\":[{\"@type\":\"ReadAction\",\"target\":[\"http:\/\/www.lesdelicesdeprovence.ch\/it\/produits\/delizia-al-barolo-con-tartufo\/\"]}]},{\"@type\":\"ImageObject\",\"inLanguage\":\"it-IT\",\"@id\":\"http:\/\/www.lesdelicesdeprovence.ch\/it\/produits\/delizia-al-barolo-con-tartufo\/#primaryimage\",\"url\":\"http:\/\/www.lesdelicesdeprovence.ch\/wp-content\/uploads\/2022\/06\/Barolo-truffe-v2.jpg\",\"contentUrl\":\"http:\/\/www.lesdelicesdeprovence.ch\/wp-content\/uploads\/2022\/06\/Barolo-truffe-v2.jpg\",\"width\":1000,\"height\":1000},{\"@type\":\"BreadcrumbList\",\"@id\":\"http:\/\/www.lesdelicesdeprovence.ch\/it\/produits\/delizia-al-barolo-con-tartufo\/#breadcrumb\",\"itemListElement\":[{\"@type\":\"ListItem\",\"position\":1,\"name\":\"Accoglienza\",\"item\":\"http:\/\/www.lesdelicesdeprovence.ch\/it\/\"},{\"@type\":\"ListItem\",\"position\":2,\"name\":\"Negozio\",\"item\":\"http:\/\/www.lesdelicesdeprovence.ch\/it\/negozio\/\"},{\"@type\":\"ListItem\",\"position\":3,\"name\":\"Delizia al tartufo di Barolo\"}]},{\"@type\":\"WebSite\",\"@id\":\"https:\/\/www.lesdelicesdeprovence.ch\/it\/#website\",\"url\":\"https:\/\/www.lesdelicesdeprovence.ch\/it\/\",\"name\":\"Les D\u00e9lices de Provence\",\"description\":\"Epicerie fine en ligne\",\"potentialAction\":[{\"@type\":\"SearchAction\",\"target\":{\"@type\":\"EntryPoint\",\"urlTemplate\":\"https:\/\/www.lesdelicesdeprovence.ch\/it\/?s={search_term_string}\"},\"query-input\":{\"@type\":\"PropertyValueSpecification\",\"valueRequired\":true,\"valueName\":\"search_term_string\"}}],\"inLanguage\":\"it-IT\"}]}<\/script>\n<!-- \/ Yoast SEO plugin. -->","yoast_head_json":{"title":"Delizia al tartufo di Barolo","description":"Questa miscela di mosto d'uva Barolo, balsamico di alta qualit\u00e0 e tartufo estivo trasforma, con un po' di fantasia, piatti ordinari in raffinate prelibatezze.","robots":{"index":"index","follow":"follow","max-snippet":"max-snippet:-1","max-image-preview":"max-image-preview:large","max-video-preview":"max-video-preview:-1"},"canonical":"http:\/\/www.lesdelicesdeprovence.ch\/it\/produits\/delizia-al-barolo-con-tartufo\/","og_locale":"it_IT","og_type":"article","og_title":"Delizia al tartufo di Barolo","og_description":"Questa miscela di mosto d'uva Barolo, balsamico di alta qualit\u00e0 e tartufo estivo trasforma, con un po' di fantasia, piatti ordinari in raffinate prelibatezze.","og_url":"http:\/\/www.lesdelicesdeprovence.ch\/it\/produits\/delizia-al-barolo-con-tartufo\/","og_site_name":"Les D\u00e9lices de Provence","article_modified_time":"2024-03-28T14:45:18+00:00","og_image":[{"width":1000,"height":1000,"url":"http:\/\/www.lesdelicesdeprovence.ch\/wp-content\/uploads\/2022\/06\/Barolo-truffe-v2.jpg","type":"image\/jpeg"}],"twitter_card":"summary_large_image","twitter_misc":{"Tempo di lettura stimato":"1 minuto"},"schema":{"@context":"https:\/\/schema.org","@graph":[{"@type":"WebPage","@id":"http:\/\/www.lesdelicesdeprovence.ch\/it\/produits\/delizia-al-barolo-con-tartufo\/","url":"http:\/\/www.lesdelicesdeprovence.ch\/it\/produits\/delizia-al-barolo-con-tartufo\/","name":"Delizia al tartufo di Barolo","isPartOf":{"@id":"https:\/\/www.lesdelicesdeprovence.ch\/it\/#website"},"primaryImageOfPage":{"@id":"http:\/\/www.lesdelicesdeprovence.ch\/it\/produits\/delizia-al-barolo-con-tartufo\/#primaryimage"},"image":{"@id":"http:\/\/www.lesdelicesdeprovence.ch\/it\/produits\/delizia-al-barolo-con-tartufo\/#primaryimage"},"thumbnailUrl":"http:\/\/www.lesdelicesdeprovence.ch\/wp-content\/uploads\/2022\/06\/Barolo-truffe-v2.jpg","datePublished":"2022-07-01T11:21:57+00:00","dateModified":"2024-03-28T14:45:18+00:00","description":"Questa miscela di mosto d'uva Barolo, balsamico di alta qualit\u00e0 e tartufo estivo trasforma, con un po' di fantasia, piatti ordinari in raffinate prelibatezze.","breadcrumb":{"@id":"http:\/\/www.lesdelicesdeprovence.ch\/it\/produits\/delizia-al-barolo-con-tartufo\/#breadcrumb"},"inLanguage":"it-IT","potentialAction":[{"@type":"ReadAction","target":["http:\/\/www.lesdelicesdeprovence.ch\/it\/produits\/delizia-al-barolo-con-tartufo\/"]}]},{"@type":"ImageObject","inLanguage":"it-IT","@id":"http:\/\/www.lesdelicesdeprovence.ch\/it\/produits\/delizia-al-barolo-con-tartufo\/#primaryimage","url":"http:\/\/www.lesdelicesdeprovence.ch\/wp-content\/uploads\/2022\/06\/Barolo-truffe-v2.jpg","contentUrl":"http:\/\/www.lesdelicesdeprovence.ch\/wp-content\/uploads\/2022\/06\/Barolo-truffe-v2.jpg","width":1000,"height":1000},{"@type":"BreadcrumbList","@id":"http:\/\/www.lesdelicesdeprovence.ch\/it\/produits\/delizia-al-barolo-con-tartufo\/#breadcrumb","itemListElement":[{"@type":"ListItem","position":1,"name":"Accoglienza","item":"http:\/\/www.lesdelicesdeprovence.ch\/it\/"},{"@type":"ListItem","position":2,"name":"Negozio","item":"http:\/\/www.lesdelicesdeprovence.ch\/it\/negozio\/"},{"@type":"ListItem","position":3,"name":"Delizia al tartufo di Barolo"}]},{"@type":"WebSite","@id":"https:\/\/www.lesdelicesdeprovence.ch\/it\/#website","url":"https:\/\/www.lesdelicesdeprovence.ch\/it\/","name":"Les D\u00e9lices de Provence","description":"Epicerie fine en ligne","potentialAction":[{"@type":"SearchAction","target":{"@type":"EntryPoint","urlTemplate":"https:\/\/www.lesdelicesdeprovence.ch\/it\/?s={search_term_string}"},"query-input":{"@type":"PropertyValueSpecification","valueRequired":true,"valueName":"search_term_string"}}],"inLanguage":"it-IT"}]}},"_links":{"self":[{"href":"http:\/\/www.lesdelicesdeprovence.ch\/it\/wp-json\/wp\/v2\/product\/7239","targetHints":{"allow":["GET"]}}],"collection":[{"href":"http:\/\/www.lesdelicesdeprovence.ch\/it\/wp-json\/wp\/v2\/product"}],"about":[{"href":"http:\/\/www.lesdelicesdeprovence.ch\/it\/wp-json\/wp\/v2\/types\/product"}],"version-history":[{"count":4,"href":"http:\/\/www.lesdelicesdeprovence.ch\/it\/wp-json\/wp\/v2\/product\/7239\/revisions"}],"predecessor-version":[{"id":13038,"href":"http:\/\/www.lesdelicesdeprovence.ch\/it\/wp-json\/wp\/v2\/product\/7239\/revisions\/13038"}],"wp:featuredmedia":[{"embeddable":true,"href":"http:\/\/www.lesdelicesdeprovence.ch\/it\/wp-json\/wp\/v2\/media\/8403"}],"wp:attachment":[{"href":"http:\/\/www.lesdelicesdeprovence.ch\/it\/wp-json\/wp\/v2\/media?parent=7239"}],"wp:term":[{"taxonomy":"product_cat","embeddable":true,"href":"http:\/\/www.lesdelicesdeprovence.ch\/it\/wp-json\/wp\/v2\/product_cat?post=7239"},{"taxonomy":"product_tag","embeddable":true,"href":"http:\/\/www.lesdelicesdeprovence.ch\/it\/wp-json\/wp\/v2\/product_tag?post=7239"}],"curies":[{"name":"wp","href":"https:\/\/api.w.org\/{rel}","templated":true}]}}