{"id":7245,"date":"2022-06-16T15:48:53","date_gmt":"2022-06-16T15:48:53","guid":{"rendered":"https:\/\/www.aromeprod2.com\/?post_type=product&#038;p=7245"},"modified":"2024-03-28T14:45:14","modified_gmt":"2024-03-28T14:45:14","slug":"salsa-di-pomodoro-allantica","status":"publish","type":"product","link":"http:\/\/www.lesdelicesdeprovence.ch\/it\/produits\/salsa-di-pomodoro-allantica\/","title":{"rendered":"Salsa di pomodoro all&#8217;antica"},"content":{"rendered":"<p>Un chilo di felicit\u00e0 per gli amanti della cucina mediterranea!<\/p>\n<p>Abbiamo scelto questo formato perch\u00e9 questa salsa si presta soprattutto a note ricette solari come pizze, parmigiana di melanzane, lasagne e altri sughi alla bolognese.<\/p>\n<p>Ci\u00f2 significa anche che potrete goderne a un prezzo pi\u00f9 accessibile, perch\u00e9 pi\u00f9 grande \u00e8 la pentola, meno costa! \u00c8 possibile conservarlo a lungo ricoprendolo con il suo olio d&#8217;oliva dopo ogni utilizzo.<\/p>\n<p>Dal punto di vista del gusto, \u00e8 una vera bomba culinaria. Eppure la ricetta \u00e8 semplice: bei pomodori &#8220;Roma&#8221;, 2% di basilico genovese, un po&#8217; di cipolla, un tocco di sale marino e un filo d&#8217;olio d&#8217;oliva.<\/p>\n<p>Ma questo produttore, sempre alla ricerca della perfezione, ha la reputazione di lavorare con ingredienti di prima qualit\u00e0, ed \u00e8 questo che fa la differenza.<\/p>\n<p><strong>Ingredienti: Polpa di pomodoro (85%), basilico (2%), cipolle, olio d&#8217;oliva, sale marino.<\/strong><\/p>\n<p><strong>Contenuto: 1 kg<\/strong><\/p>\n<p>&nbsp;<\/p>\n","protected":false},"excerpt":{"rendered":"<p>Vi sentite un pizzaiolo o un cuoco all&#8217;italiana? Allora questa salsa di pomodoro all&#8217;antica fa al caso vostro!<\/p>\n<p>Lo abbiamo selezionato tra una ventina di assaggi, il che dimostra quanto sia buono!<\/p>\n","protected":false},"featured_media":7208,"template":"","meta":[],"product_cat":[248],"product_tag":[],"class_list":{"0":"post-7245","1":"product","2":"type-product","3":"status-publish","4":"has-post-thumbnail","6":"product_cat-salse-da-aperitivo","8":"first","9":"instock","10":"taxable","11":"shipping-taxable","12":"purchasable","13":"product-type-simple"},"yoast_head":"<!-- This site is optimized with the Yoast SEO plugin v27.2 - https:\/\/yoast.com\/product\/yoast-seo-wordpress\/ -->\n<title>Salsa di pomodoro all&#039;antica<\/title>\n<meta name=\"description\" content=\"Scoprite la nostra salsa di pomodoro Old Fashioned 100% naturale, ideale per pizze, bolognesi e altri piatti a base di ratatouille!\" \/>\n<meta name=\"robots\" content=\"index, follow, max-snippet:-1, max-image-preview:large, max-video-preview:-1\" \/>\n<link rel=\"canonical\" href=\"http:\/\/www.lesdelicesdeprovence.ch\/it\/produits\/salsa-di-pomodoro-allantica\/\" \/>\n<meta property=\"og:locale\" content=\"it_IT\" \/>\n<meta property=\"og:type\" content=\"article\" \/>\n<meta property=\"og:title\" content=\"Salsa di pomodoro all&#039;antica\" \/>\n<meta property=\"og:description\" content=\"Scoprite la nostra salsa di pomodoro Old Fashioned 100% naturale, ideale per pizze, bolognesi e altri piatti a base di ratatouille!\" \/>\n<meta property=\"og:url\" content=\"http:\/\/www.lesdelicesdeprovence.ch\/it\/produits\/salsa-di-pomodoro-allantica\/\" \/>\n<meta property=\"og:site_name\" content=\"Les D\u00e9lices de Provence\" \/>\n<meta property=\"article:modified_time\" content=\"2024-03-28T14:45:14+00:00\" \/>\n<meta property=\"og:image\" content=\"http:\/\/www.lesdelicesdeprovence.ch\/wp-content\/uploads\/2022\/06\/IMG_6350-scaled.jpg\" \/>\n\t<meta property=\"og:image:width\" content=\"2188\" \/>\n\t<meta property=\"og:image:height\" content=\"2560\" \/>\n\t<meta property=\"og:image:type\" content=\"image\/jpeg\" \/>\n<meta name=\"twitter:card\" content=\"summary_large_image\" \/>\n<meta name=\"twitter:label1\" content=\"Tempo di lettura stimato\" \/>\n\t<meta name=\"twitter:data1\" content=\"1 minuto\" \/>\n<script type=\"application\/ld+json\" class=\"yoast-schema-graph\">{\"@context\":\"https:\/\/schema.org\",\"@graph\":[{\"@type\":\"WebPage\",\"@id\":\"http:\/\/www.lesdelicesdeprovence.ch\/it\/produits\/salsa-di-pomodoro-allantica\/\",\"url\":\"http:\/\/www.lesdelicesdeprovence.ch\/it\/produits\/salsa-di-pomodoro-allantica\/\",\"name\":\"Salsa di pomodoro all'antica\",\"isPartOf\":{\"@id\":\"https:\/\/www.lesdelicesdeprovence.ch\/it\/#website\"},\"primaryImageOfPage\":{\"@id\":\"http:\/\/www.lesdelicesdeprovence.ch\/it\/produits\/salsa-di-pomodoro-allantica\/#primaryimage\"},\"image\":{\"@id\":\"http:\/\/www.lesdelicesdeprovence.ch\/it\/produits\/salsa-di-pomodoro-allantica\/#primaryimage\"},\"thumbnailUrl\":\"http:\/\/www.lesdelicesdeprovence.ch\/wp-content\/uploads\/2022\/06\/IMG_6350-scaled.jpg\",\"datePublished\":\"2022-06-16T15:48:53+00:00\",\"dateModified\":\"2024-03-28T14:45:14+00:00\",\"description\":\"Scoprite la nostra salsa di pomodoro Old Fashioned 100% naturale, ideale per pizze, bolognesi e altri piatti a base di ratatouille!\",\"breadcrumb\":{\"@id\":\"http:\/\/www.lesdelicesdeprovence.ch\/it\/produits\/salsa-di-pomodoro-allantica\/#breadcrumb\"},\"inLanguage\":\"it-IT\",\"potentialAction\":[{\"@type\":\"ReadAction\",\"target\":[\"http:\/\/www.lesdelicesdeprovence.ch\/it\/produits\/salsa-di-pomodoro-allantica\/\"]}]},{\"@type\":\"ImageObject\",\"inLanguage\":\"it-IT\",\"@id\":\"http:\/\/www.lesdelicesdeprovence.ch\/it\/produits\/salsa-di-pomodoro-allantica\/#primaryimage\",\"url\":\"http:\/\/www.lesdelicesdeprovence.ch\/wp-content\/uploads\/2022\/06\/IMG_6350-scaled.jpg\",\"contentUrl\":\"http:\/\/www.lesdelicesdeprovence.ch\/wp-content\/uploads\/2022\/06\/IMG_6350-scaled.jpg\",\"width\":2188,\"height\":2560},{\"@type\":\"BreadcrumbList\",\"@id\":\"http:\/\/www.lesdelicesdeprovence.ch\/it\/produits\/salsa-di-pomodoro-allantica\/#breadcrumb\",\"itemListElement\":[{\"@type\":\"ListItem\",\"position\":1,\"name\":\"Accoglienza\",\"item\":\"http:\/\/www.lesdelicesdeprovence.ch\/it\/\"},{\"@type\":\"ListItem\",\"position\":2,\"name\":\"Negozio\",\"item\":\"http:\/\/www.lesdelicesdeprovence.ch\/it\/negozio\/\"},{\"@type\":\"ListItem\",\"position\":3,\"name\":\"Salsa di pomodoro all&#8217;antica\"}]},{\"@type\":\"WebSite\",\"@id\":\"https:\/\/www.lesdelicesdeprovence.ch\/it\/#website\",\"url\":\"https:\/\/www.lesdelicesdeprovence.ch\/it\/\",\"name\":\"Les D\u00e9lices de Provence\",\"description\":\"Epicerie fine en ligne\",\"potentialAction\":[{\"@type\":\"SearchAction\",\"target\":{\"@type\":\"EntryPoint\",\"urlTemplate\":\"https:\/\/www.lesdelicesdeprovence.ch\/it\/?s={search_term_string}\"},\"query-input\":{\"@type\":\"PropertyValueSpecification\",\"valueRequired\":true,\"valueName\":\"search_term_string\"}}],\"inLanguage\":\"it-IT\"}]}<\/script>\n<!-- \/ Yoast SEO plugin. -->","yoast_head_json":{"title":"Salsa di pomodoro all'antica","description":"Scoprite la nostra salsa di pomodoro Old Fashioned 100% naturale, ideale per pizze, bolognesi e altri piatti a base di ratatouille!","robots":{"index":"index","follow":"follow","max-snippet":"max-snippet:-1","max-image-preview":"max-image-preview:large","max-video-preview":"max-video-preview:-1"},"canonical":"http:\/\/www.lesdelicesdeprovence.ch\/it\/produits\/salsa-di-pomodoro-allantica\/","og_locale":"it_IT","og_type":"article","og_title":"Salsa di pomodoro all'antica","og_description":"Scoprite la nostra salsa di pomodoro Old Fashioned 100% naturale, ideale per pizze, bolognesi e altri piatti a base di ratatouille!","og_url":"http:\/\/www.lesdelicesdeprovence.ch\/it\/produits\/salsa-di-pomodoro-allantica\/","og_site_name":"Les D\u00e9lices de Provence","article_modified_time":"2024-03-28T14:45:14+00:00","og_image":[{"width":2188,"height":2560,"url":"http:\/\/www.lesdelicesdeprovence.ch\/wp-content\/uploads\/2022\/06\/IMG_6350-scaled.jpg","type":"image\/jpeg"}],"twitter_card":"summary_large_image","twitter_misc":{"Tempo di lettura stimato":"1 minuto"},"schema":{"@context":"https:\/\/schema.org","@graph":[{"@type":"WebPage","@id":"http:\/\/www.lesdelicesdeprovence.ch\/it\/produits\/salsa-di-pomodoro-allantica\/","url":"http:\/\/www.lesdelicesdeprovence.ch\/it\/produits\/salsa-di-pomodoro-allantica\/","name":"Salsa di pomodoro all'antica","isPartOf":{"@id":"https:\/\/www.lesdelicesdeprovence.ch\/it\/#website"},"primaryImageOfPage":{"@id":"http:\/\/www.lesdelicesdeprovence.ch\/it\/produits\/salsa-di-pomodoro-allantica\/#primaryimage"},"image":{"@id":"http:\/\/www.lesdelicesdeprovence.ch\/it\/produits\/salsa-di-pomodoro-allantica\/#primaryimage"},"thumbnailUrl":"http:\/\/www.lesdelicesdeprovence.ch\/wp-content\/uploads\/2022\/06\/IMG_6350-scaled.jpg","datePublished":"2022-06-16T15:48:53+00:00","dateModified":"2024-03-28T14:45:14+00:00","description":"Scoprite la nostra salsa di pomodoro Old Fashioned 100% naturale, ideale per pizze, bolognesi e altri piatti a base di ratatouille!","breadcrumb":{"@id":"http:\/\/www.lesdelicesdeprovence.ch\/it\/produits\/salsa-di-pomodoro-allantica\/#breadcrumb"},"inLanguage":"it-IT","potentialAction":[{"@type":"ReadAction","target":["http:\/\/www.lesdelicesdeprovence.ch\/it\/produits\/salsa-di-pomodoro-allantica\/"]}]},{"@type":"ImageObject","inLanguage":"it-IT","@id":"http:\/\/www.lesdelicesdeprovence.ch\/it\/produits\/salsa-di-pomodoro-allantica\/#primaryimage","url":"http:\/\/www.lesdelicesdeprovence.ch\/wp-content\/uploads\/2022\/06\/IMG_6350-scaled.jpg","contentUrl":"http:\/\/www.lesdelicesdeprovence.ch\/wp-content\/uploads\/2022\/06\/IMG_6350-scaled.jpg","width":2188,"height":2560},{"@type":"BreadcrumbList","@id":"http:\/\/www.lesdelicesdeprovence.ch\/it\/produits\/salsa-di-pomodoro-allantica\/#breadcrumb","itemListElement":[{"@type":"ListItem","position":1,"name":"Accoglienza","item":"http:\/\/www.lesdelicesdeprovence.ch\/it\/"},{"@type":"ListItem","position":2,"name":"Negozio","item":"http:\/\/www.lesdelicesdeprovence.ch\/it\/negozio\/"},{"@type":"ListItem","position":3,"name":"Salsa di pomodoro all&#8217;antica"}]},{"@type":"WebSite","@id":"https:\/\/www.lesdelicesdeprovence.ch\/it\/#website","url":"https:\/\/www.lesdelicesdeprovence.ch\/it\/","name":"Les D\u00e9lices de Provence","description":"Epicerie fine en ligne","potentialAction":[{"@type":"SearchAction","target":{"@type":"EntryPoint","urlTemplate":"https:\/\/www.lesdelicesdeprovence.ch\/it\/?s={search_term_string}"},"query-input":{"@type":"PropertyValueSpecification","valueRequired":true,"valueName":"search_term_string"}}],"inLanguage":"it-IT"}]}},"_links":{"self":[{"href":"http:\/\/www.lesdelicesdeprovence.ch\/it\/wp-json\/wp\/v2\/product\/7245","targetHints":{"allow":["GET"]}}],"collection":[{"href":"http:\/\/www.lesdelicesdeprovence.ch\/it\/wp-json\/wp\/v2\/product"}],"about":[{"href":"http:\/\/www.lesdelicesdeprovence.ch\/it\/wp-json\/wp\/v2\/types\/product"}],"version-history":[{"count":3,"href":"http:\/\/www.lesdelicesdeprovence.ch\/it\/wp-json\/wp\/v2\/product\/7245\/revisions"}],"predecessor-version":[{"id":13019,"href":"http:\/\/www.lesdelicesdeprovence.ch\/it\/wp-json\/wp\/v2\/product\/7245\/revisions\/13019"}],"wp:featuredmedia":[{"embeddable":true,"href":"http:\/\/www.lesdelicesdeprovence.ch\/it\/wp-json\/wp\/v2\/media\/7208"}],"wp:attachment":[{"href":"http:\/\/www.lesdelicesdeprovence.ch\/it\/wp-json\/wp\/v2\/media?parent=7245"}],"wp:term":[{"taxonomy":"product_cat","embeddable":true,"href":"http:\/\/www.lesdelicesdeprovence.ch\/it\/wp-json\/wp\/v2\/product_cat?post=7245"},{"taxonomy":"product_tag","embeddable":true,"href":"http:\/\/www.lesdelicesdeprovence.ch\/it\/wp-json\/wp\/v2\/product_tag?post=7245"}],"curies":[{"name":"wp","href":"https:\/\/api.w.org\/{rel}","templated":true}]}}