{"id":7253,"date":"2022-06-16T15:05:36","date_gmt":"2022-06-16T15:05:36","guid":{"rendered":"https:\/\/www.aromeprod2.com\/?post_type=product&#038;p=7253"},"modified":"2024-03-28T14:45:16","modified_gmt":"2024-03-28T14:45:16","slug":"pate-di-campagna-tartufato","status":"publish","type":"product","link":"http:\/\/www.lesdelicesdeprovence.ch\/it\/produits\/pate-di-campagna-tartufato\/","title":{"rendered":"Pat\u00e9 de campagne tartufato"},"content":{"rendered":"<p>L&#8217;arte di vivere provenzale \u00e8 anche caccia, amore per la terra e salumeria. Questo pat\u00e9 fatto in casa, preparato dal nostro tartufaio ai piedi del piccolo villaggio di Gordes, nel Luberon, ne \u00e8 un esempio!<\/p>\n<p>Scegliendo lui stesso i tartufi estivi da aggiungere alla ricetta, ha avuto la mano pesante, utilizzando non meno del 15% di tartufi per accompagnare un delizioso pat\u00e9 di maiale locale.<\/p>\n<p>Una delizia di carattere da scoprire subito con del buon pane!<\/p>\n<p><strong>Ingredienti : Carne di maiale, fegato e grasso, tartufo tuber aestivum (15%), sale, pepe.<\/strong><\/p>\n<p><strong>Contenuto: 130 g<\/strong><\/p>\n<p>&nbsp;<\/p>\n","protected":false},"excerpt":{"rendered":"<p>Un vero e proprio prodotto provenzale, gourmet e rustico come ci si aspetta, con il 15% di tartufi estivi di alta qualit\u00e0 in un pat\u00e9 di maiale locale.<\/p>\n","protected":false},"featured_media":7034,"template":"","meta":[],"product_cat":[248],"product_tag":[],"class_list":{"0":"post-7253","1":"product","2":"type-product","3":"status-publish","4":"has-post-thumbnail","6":"product_cat-salse-da-aperitivo","8":"first","9":"instock","10":"sale","11":"taxable","12":"shipping-taxable","13":"purchasable","14":"product-type-simple"},"yoast_head":"<!-- This site is optimized with the Yoast SEO plugin v27.2 - https:\/\/yoast.com\/product\/yoast-seo-wordpress\/ -->\n<title>Pat\u00e9 de campagne tartufato<\/title>\n<meta name=\"description\" content=\"Un vero e proprio prodotto provenzale, gourmet e rustico come ci si aspetta, con il 15% di tartufi estivi di alta qualit\u00e0 in un pat\u00e9 di maiale locale.\" \/>\n<meta name=\"robots\" content=\"index, follow, max-snippet:-1, max-image-preview:large, max-video-preview:-1\" \/>\n<link rel=\"canonical\" href=\"http:\/\/www.lesdelicesdeprovence.ch\/it\/produits\/pate-di-campagna-tartufato\/\" \/>\n<meta property=\"og:locale\" content=\"it_IT\" \/>\n<meta property=\"og:type\" content=\"article\" \/>\n<meta property=\"og:title\" content=\"Pat\u00e9 de campagne tartufato\" \/>\n<meta property=\"og:description\" content=\"Un vero e proprio prodotto provenzale, gourmet e rustico come ci si aspetta, con il 15% di tartufi estivi di alta qualit\u00e0 in un pat\u00e9 di maiale locale.\" \/>\n<meta property=\"og:url\" content=\"http:\/\/www.lesdelicesdeprovence.ch\/it\/produits\/pate-di-campagna-tartufato\/\" \/>\n<meta property=\"og:site_name\" content=\"Les D\u00e9lices de Provence\" \/>\n<meta property=\"article:modified_time\" content=\"2024-03-28T14:45:16+00:00\" \/>\n<meta property=\"og:image\" content=\"https:\/\/www.lesdelicesdeprovence.ch\/wp-content\/uploads\/2022\/06\/98CFF227-4D5B-413A-B4CB-0CBF172A9071-scaled.jpeg\" \/>\n\t<meta property=\"og:image:width\" content=\"2468\" \/>\n\t<meta property=\"og:image:height\" content=\"2560\" \/>\n\t<meta property=\"og:image:type\" content=\"image\/jpeg\" \/>\n<meta name=\"twitter:card\" content=\"summary_large_image\" \/>\n<meta name=\"twitter:label1\" content=\"Tempo di lettura stimato\" \/>\n\t<meta name=\"twitter:data1\" content=\"1 minuto\" \/>\n<script type=\"application\/ld+json\" class=\"yoast-schema-graph\">{\"@context\":\"https:\/\/schema.org\",\"@graph\":[{\"@type\":\"WebPage\",\"@id\":\"http:\/\/www.lesdelicesdeprovence.ch\/it\/produits\/pate-di-campagna-tartufato\/\",\"url\":\"http:\/\/www.lesdelicesdeprovence.ch\/it\/produits\/pate-di-campagna-tartufato\/\",\"name\":\"Pat\u00e9 de campagne tartufato\",\"isPartOf\":{\"@id\":\"https:\/\/www.lesdelicesdeprovence.ch\/it\/#website\"},\"primaryImageOfPage\":{\"@id\":\"http:\/\/www.lesdelicesdeprovence.ch\/it\/produits\/pate-di-campagna-tartufato\/#primaryimage\"},\"image\":{\"@id\":\"http:\/\/www.lesdelicesdeprovence.ch\/it\/produits\/pate-di-campagna-tartufato\/#primaryimage\"},\"thumbnailUrl\":\"http:\/\/www.lesdelicesdeprovence.ch\/wp-content\/uploads\/2022\/06\/98CFF227-4D5B-413A-B4CB-0CBF172A9071-scaled.jpeg\",\"datePublished\":\"2022-06-16T15:05:36+00:00\",\"dateModified\":\"2024-03-28T14:45:16+00:00\",\"description\":\"Un vero e proprio prodotto provenzale, gourmet e rustico come ci si aspetta, con il 15% di tartufi estivi di alta qualit\u00e0 in un pat\u00e9 di maiale locale.\",\"breadcrumb\":{\"@id\":\"http:\/\/www.lesdelicesdeprovence.ch\/it\/produits\/pate-di-campagna-tartufato\/#breadcrumb\"},\"inLanguage\":\"it-IT\",\"potentialAction\":[{\"@type\":\"ReadAction\",\"target\":[\"http:\/\/www.lesdelicesdeprovence.ch\/it\/produits\/pate-di-campagna-tartufato\/\"]}]},{\"@type\":\"ImageObject\",\"inLanguage\":\"it-IT\",\"@id\":\"http:\/\/www.lesdelicesdeprovence.ch\/it\/produits\/pate-di-campagna-tartufato\/#primaryimage\",\"url\":\"http:\/\/www.lesdelicesdeprovence.ch\/wp-content\/uploads\/2022\/06\/98CFF227-4D5B-413A-B4CB-0CBF172A9071-scaled.jpeg\",\"contentUrl\":\"http:\/\/www.lesdelicesdeprovence.ch\/wp-content\/uploads\/2022\/06\/98CFF227-4D5B-413A-B4CB-0CBF172A9071-scaled.jpeg\",\"width\":2468,\"height\":2560},{\"@type\":\"BreadcrumbList\",\"@id\":\"http:\/\/www.lesdelicesdeprovence.ch\/it\/produits\/pate-di-campagna-tartufato\/#breadcrumb\",\"itemListElement\":[{\"@type\":\"ListItem\",\"position\":1,\"name\":\"Accoglienza\",\"item\":\"https:\/\/www.lesdelicesdeprovence.ch\/it\/\"},{\"@type\":\"ListItem\",\"position\":2,\"name\":\"Negozio\",\"item\":\"https:\/\/www.lesdelicesdeprovence.ch\/it\/negozio\/\"},{\"@type\":\"ListItem\",\"position\":3,\"name\":\"Pat\u00e9 de campagne tartufato\"}]},{\"@type\":\"WebSite\",\"@id\":\"https:\/\/www.lesdelicesdeprovence.ch\/it\/#website\",\"url\":\"https:\/\/www.lesdelicesdeprovence.ch\/it\/\",\"name\":\"Les D\u00e9lices de Provence\",\"description\":\"Epicerie fine en ligne\",\"potentialAction\":[{\"@type\":\"SearchAction\",\"target\":{\"@type\":\"EntryPoint\",\"urlTemplate\":\"https:\/\/www.lesdelicesdeprovence.ch\/it\/?s={search_term_string}\"},\"query-input\":{\"@type\":\"PropertyValueSpecification\",\"valueRequired\":true,\"valueName\":\"search_term_string\"}}],\"inLanguage\":\"it-IT\"}]}<\/script>\n<!-- \/ Yoast SEO plugin. -->","yoast_head_json":{"title":"Pat\u00e9 de campagne tartufato","description":"Un vero e proprio prodotto provenzale, gourmet e rustico come ci si aspetta, con il 15% di tartufi estivi di alta qualit\u00e0 in un pat\u00e9 di maiale locale.","robots":{"index":"index","follow":"follow","max-snippet":"max-snippet:-1","max-image-preview":"max-image-preview:large","max-video-preview":"max-video-preview:-1"},"canonical":"http:\/\/www.lesdelicesdeprovence.ch\/it\/produits\/pate-di-campagna-tartufato\/","og_locale":"it_IT","og_type":"article","og_title":"Pat\u00e9 de campagne tartufato","og_description":"Un vero e proprio prodotto provenzale, gourmet e rustico come ci si aspetta, con il 15% di tartufi estivi di alta qualit\u00e0 in un pat\u00e9 di maiale locale.","og_url":"http:\/\/www.lesdelicesdeprovence.ch\/it\/produits\/pate-di-campagna-tartufato\/","og_site_name":"Les D\u00e9lices de Provence","article_modified_time":"2024-03-28T14:45:16+00:00","og_image":[{"width":2468,"height":2560,"url":"https:\/\/www.lesdelicesdeprovence.ch\/wp-content\/uploads\/2022\/06\/98CFF227-4D5B-413A-B4CB-0CBF172A9071-scaled.jpeg","type":"image\/jpeg"}],"twitter_card":"summary_large_image","twitter_misc":{"Tempo di lettura stimato":"1 minuto"},"schema":{"@context":"https:\/\/schema.org","@graph":[{"@type":"WebPage","@id":"http:\/\/www.lesdelicesdeprovence.ch\/it\/produits\/pate-di-campagna-tartufato\/","url":"http:\/\/www.lesdelicesdeprovence.ch\/it\/produits\/pate-di-campagna-tartufato\/","name":"Pat\u00e9 de campagne tartufato","isPartOf":{"@id":"https:\/\/www.lesdelicesdeprovence.ch\/it\/#website"},"primaryImageOfPage":{"@id":"http:\/\/www.lesdelicesdeprovence.ch\/it\/produits\/pate-di-campagna-tartufato\/#primaryimage"},"image":{"@id":"http:\/\/www.lesdelicesdeprovence.ch\/it\/produits\/pate-di-campagna-tartufato\/#primaryimage"},"thumbnailUrl":"http:\/\/www.lesdelicesdeprovence.ch\/wp-content\/uploads\/2022\/06\/98CFF227-4D5B-413A-B4CB-0CBF172A9071-scaled.jpeg","datePublished":"2022-06-16T15:05:36+00:00","dateModified":"2024-03-28T14:45:16+00:00","description":"Un vero e proprio prodotto provenzale, gourmet e rustico come ci si aspetta, con il 15% di tartufi estivi di alta qualit\u00e0 in un pat\u00e9 di maiale locale.","breadcrumb":{"@id":"http:\/\/www.lesdelicesdeprovence.ch\/it\/produits\/pate-di-campagna-tartufato\/#breadcrumb"},"inLanguage":"it-IT","potentialAction":[{"@type":"ReadAction","target":["http:\/\/www.lesdelicesdeprovence.ch\/it\/produits\/pate-di-campagna-tartufato\/"]}]},{"@type":"ImageObject","inLanguage":"it-IT","@id":"http:\/\/www.lesdelicesdeprovence.ch\/it\/produits\/pate-di-campagna-tartufato\/#primaryimage","url":"http:\/\/www.lesdelicesdeprovence.ch\/wp-content\/uploads\/2022\/06\/98CFF227-4D5B-413A-B4CB-0CBF172A9071-scaled.jpeg","contentUrl":"http:\/\/www.lesdelicesdeprovence.ch\/wp-content\/uploads\/2022\/06\/98CFF227-4D5B-413A-B4CB-0CBF172A9071-scaled.jpeg","width":2468,"height":2560},{"@type":"BreadcrumbList","@id":"http:\/\/www.lesdelicesdeprovence.ch\/it\/produits\/pate-di-campagna-tartufato\/#breadcrumb","itemListElement":[{"@type":"ListItem","position":1,"name":"Accoglienza","item":"https:\/\/www.lesdelicesdeprovence.ch\/it\/"},{"@type":"ListItem","position":2,"name":"Negozio","item":"https:\/\/www.lesdelicesdeprovence.ch\/it\/negozio\/"},{"@type":"ListItem","position":3,"name":"Pat\u00e9 de campagne tartufato"}]},{"@type":"WebSite","@id":"https:\/\/www.lesdelicesdeprovence.ch\/it\/#website","url":"https:\/\/www.lesdelicesdeprovence.ch\/it\/","name":"Les D\u00e9lices de Provence","description":"Epicerie fine en ligne","potentialAction":[{"@type":"SearchAction","target":{"@type":"EntryPoint","urlTemplate":"https:\/\/www.lesdelicesdeprovence.ch\/it\/?s={search_term_string}"},"query-input":{"@type":"PropertyValueSpecification","valueRequired":true,"valueName":"search_term_string"}}],"inLanguage":"it-IT"}]}},"_links":{"self":[{"href":"http:\/\/www.lesdelicesdeprovence.ch\/it\/wp-json\/wp\/v2\/product\/7253","targetHints":{"allow":["GET"]}}],"collection":[{"href":"http:\/\/www.lesdelicesdeprovence.ch\/it\/wp-json\/wp\/v2\/product"}],"about":[{"href":"http:\/\/www.lesdelicesdeprovence.ch\/it\/wp-json\/wp\/v2\/types\/product"}],"version-history":[{"count":3,"href":"http:\/\/www.lesdelicesdeprovence.ch\/it\/wp-json\/wp\/v2\/product\/7253\/revisions"}],"predecessor-version":[{"id":13036,"href":"http:\/\/www.lesdelicesdeprovence.ch\/it\/wp-json\/wp\/v2\/product\/7253\/revisions\/13036"}],"wp:featuredmedia":[{"embeddable":true,"href":"http:\/\/www.lesdelicesdeprovence.ch\/it\/wp-json\/wp\/v2\/media\/7034"}],"wp:attachment":[{"href":"http:\/\/www.lesdelicesdeprovence.ch\/it\/wp-json\/wp\/v2\/media?parent=7253"}],"wp:term":[{"taxonomy":"product_cat","embeddable":true,"href":"http:\/\/www.lesdelicesdeprovence.ch\/it\/wp-json\/wp\/v2\/product_cat?post=7253"},{"taxonomy":"product_tag","embeddable":true,"href":"http:\/\/www.lesdelicesdeprovence.ch\/it\/wp-json\/wp\/v2\/product_tag?post=7253"}],"curies":[{"name":"wp","href":"https:\/\/api.w.org\/{rel}","templated":true}]}}