{"id":7454,"date":"2022-09-01T09:57:15","date_gmt":"2022-09-01T09:57:15","guid":{"rendered":"https:\/\/www.aromeprod2.com\/?post_type=product&#038;p=7454"},"modified":"2025-08-28T17:59:21","modified_gmt":"2025-08-28T17:59:21","slug":"pappa-reale-biologica","status":"publish","type":"product","link":"http:\/\/www.lesdelicesdeprovence.ch\/it\/produits\/pappa-reale-biologica\/","title":{"rendered":"Pappa reale biologica"},"content":{"rendered":"<p>La pappa reale \u00e8 un prodotto nutrizionale poco conosciuto ma molto interessante. Nell&#8217;alveare \u00e8 il cibo della regina, raccolto in piccolissime quantit\u00e0.<\/p>\n<p>La sua ricchezza in acidi grassi dalle propriet\u00e0 antibatteriche e in vitamine del gruppo B, in particolare, conferisce alla regina la sua eccezionale longevit\u00e0 &#8211; tre anni rispetto alle poche settimane delle operaie.<\/p>\n<p>La pappa reale \u00e8 prodotta in conformit\u00e0 alla carta di qualit\u00e0 del Groupement des producteurs de gel\u00e9e royale (GPGR) ed \u00e8 garantita non congelata, non trasformata e prodotta in condizioni di rispetto per le api e di tracciabilit\u00e0 molto accurata.<\/p>\n<p>Un mini-cucchiaio da prendere ogni mattina a stomaco vuoto per fare il pieno di vitamine!<\/p>\n<p><strong>Contenuto: 10g<\/strong><\/p>\n<p>&nbsp;<\/p>\n<p>&nbsp;<\/p>\n","protected":false},"excerpt":{"rendered":"<p>Questa pappa reale, dalle molteplici virt\u00f9 terapeutiche, viene raccolta da un giovane apicoltore ai piedi del Luberon.<\/p>\n<p>Certificata Agricoltura Biologica, \u00e8 prodotta secondo la carta di qualit\u00e0 &#8220;Pappa Reale Francese&#8221;. Un prodotto raro.<\/p>\n","protected":false},"featured_media":14516,"template":"","meta":[],"product_cat":[217],"product_tag":[],"class_list":{"0":"post-7454","1":"product","2":"type-product","3":"status-publish","4":"has-post-thumbnail","6":"product_cat-intorno-allalveare","8":"first","9":"outofstock","10":"taxable","11":"shipping-taxable","12":"purchasable","13":"product-type-simple"},"yoast_head":"<!-- This site is optimized with the Yoast SEO plugin v27.2 - https:\/\/yoast.com\/product\/yoast-seo-wordpress\/ -->\n<title>Pappa reale biologica<\/title>\n<meta name=\"description\" content=\"Questa pappa reale, dalle molteplici virt\u00f9 terapeutiche, viene raccolta da un giovane apicoltore ai piedi del Luberon.\" \/>\n<meta name=\"robots\" content=\"index, follow, max-snippet:-1, max-image-preview:large, max-video-preview:-1\" \/>\n<link rel=\"canonical\" href=\"http:\/\/www.lesdelicesdeprovence.ch\/it\/produits\/pappa-reale-biologica\/\" \/>\n<meta property=\"og:locale\" content=\"it_IT\" \/>\n<meta property=\"og:type\" content=\"article\" \/>\n<meta property=\"og:title\" content=\"Pappa reale biologica\" \/>\n<meta property=\"og:description\" content=\"Questa pappa reale, dalle molteplici virt\u00f9 terapeutiche, viene raccolta da un giovane apicoltore ai piedi del Luberon.\" \/>\n<meta property=\"og:url\" content=\"http:\/\/www.lesdelicesdeprovence.ch\/it\/produits\/pappa-reale-biologica\/\" \/>\n<meta property=\"og:site_name\" content=\"Les D\u00e9lices de Provence\" \/>\n<meta property=\"article:modified_time\" content=\"2025-08-28T17:59:21+00:00\" \/>\n<meta property=\"og:image\" content=\"https:\/\/www.lesdelicesdeprovence.ch\/wp-content\/uploads\/2022\/09\/IMG_0772-1-scaled.jpg\" \/>\n\t<meta property=\"og:image:width\" content=\"2257\" \/>\n\t<meta property=\"og:image:height\" content=\"2560\" \/>\n\t<meta property=\"og:image:type\" content=\"image\/jpeg\" \/>\n<meta name=\"twitter:card\" content=\"summary_large_image\" \/>\n<meta name=\"twitter:label1\" content=\"Tempo di lettura stimato\" \/>\n\t<meta name=\"twitter:data1\" content=\"1 minuto\" \/>\n<script type=\"application\/ld+json\" class=\"yoast-schema-graph\">{\"@context\":\"https:\/\/schema.org\",\"@graph\":[{\"@type\":\"WebPage\",\"@id\":\"http:\/\/www.lesdelicesdeprovence.ch\/it\/produits\/pappa-reale-biologica\/\",\"url\":\"http:\/\/www.lesdelicesdeprovence.ch\/it\/produits\/pappa-reale-biologica\/\",\"name\":\"Pappa reale biologica\",\"isPartOf\":{\"@id\":\"https:\/\/www.lesdelicesdeprovence.ch\/it\/#website\"},\"primaryImageOfPage\":{\"@id\":\"http:\/\/www.lesdelicesdeprovence.ch\/it\/produits\/pappa-reale-biologica\/#primaryimage\"},\"image\":{\"@id\":\"http:\/\/www.lesdelicesdeprovence.ch\/it\/produits\/pappa-reale-biologica\/#primaryimage\"},\"thumbnailUrl\":\"http:\/\/www.lesdelicesdeprovence.ch\/wp-content\/uploads\/2022\/09\/IMG_0772-1-scaled.jpg\",\"datePublished\":\"2022-09-01T09:57:15+00:00\",\"dateModified\":\"2025-08-28T17:59:21+00:00\",\"description\":\"Questa pappa reale, dalle molteplici virt\u00f9 terapeutiche, viene raccolta da un giovane apicoltore ai piedi del Luberon.\",\"breadcrumb\":{\"@id\":\"http:\/\/www.lesdelicesdeprovence.ch\/it\/produits\/pappa-reale-biologica\/#breadcrumb\"},\"inLanguage\":\"it-IT\",\"potentialAction\":[{\"@type\":\"ReadAction\",\"target\":[\"http:\/\/www.lesdelicesdeprovence.ch\/it\/produits\/pappa-reale-biologica\/\"]}]},{\"@type\":\"ImageObject\",\"inLanguage\":\"it-IT\",\"@id\":\"http:\/\/www.lesdelicesdeprovence.ch\/it\/produits\/pappa-reale-biologica\/#primaryimage\",\"url\":\"http:\/\/www.lesdelicesdeprovence.ch\/wp-content\/uploads\/2022\/09\/IMG_0772-1-scaled.jpg\",\"contentUrl\":\"http:\/\/www.lesdelicesdeprovence.ch\/wp-content\/uploads\/2022\/09\/IMG_0772-1-scaled.jpg\",\"width\":2257,\"height\":2560},{\"@type\":\"BreadcrumbList\",\"@id\":\"http:\/\/www.lesdelicesdeprovence.ch\/it\/produits\/pappa-reale-biologica\/#breadcrumb\",\"itemListElement\":[{\"@type\":\"ListItem\",\"position\":1,\"name\":\"Accoglienza\",\"item\":\"https:\/\/www.lesdelicesdeprovence.ch\/it\/\"},{\"@type\":\"ListItem\",\"position\":2,\"name\":\"Negozio\",\"item\":\"https:\/\/www.lesdelicesdeprovence.ch\/it\/negozio\/\"},{\"@type\":\"ListItem\",\"position\":3,\"name\":\"Pappa reale biologica\"}]},{\"@type\":\"WebSite\",\"@id\":\"https:\/\/www.lesdelicesdeprovence.ch\/it\/#website\",\"url\":\"https:\/\/www.lesdelicesdeprovence.ch\/it\/\",\"name\":\"Les D\u00e9lices de Provence\",\"description\":\"Epicerie fine en ligne\",\"potentialAction\":[{\"@type\":\"SearchAction\",\"target\":{\"@type\":\"EntryPoint\",\"urlTemplate\":\"https:\/\/www.lesdelicesdeprovence.ch\/it\/?s={search_term_string}\"},\"query-input\":{\"@type\":\"PropertyValueSpecification\",\"valueRequired\":true,\"valueName\":\"search_term_string\"}}],\"inLanguage\":\"it-IT\"}]}<\/script>\n<!-- \/ Yoast SEO plugin. -->","yoast_head_json":{"title":"Pappa reale biologica","description":"Questa pappa reale, dalle molteplici virt\u00f9 terapeutiche, viene raccolta da un giovane apicoltore ai piedi del Luberon.","robots":{"index":"index","follow":"follow","max-snippet":"max-snippet:-1","max-image-preview":"max-image-preview:large","max-video-preview":"max-video-preview:-1"},"canonical":"http:\/\/www.lesdelicesdeprovence.ch\/it\/produits\/pappa-reale-biologica\/","og_locale":"it_IT","og_type":"article","og_title":"Pappa reale biologica","og_description":"Questa pappa reale, dalle molteplici virt\u00f9 terapeutiche, viene raccolta da un giovane apicoltore ai piedi del Luberon.","og_url":"http:\/\/www.lesdelicesdeprovence.ch\/it\/produits\/pappa-reale-biologica\/","og_site_name":"Les D\u00e9lices de Provence","article_modified_time":"2025-08-28T17:59:21+00:00","og_image":[{"width":2257,"height":2560,"url":"https:\/\/www.lesdelicesdeprovence.ch\/wp-content\/uploads\/2022\/09\/IMG_0772-1-scaled.jpg","type":"image\/jpeg"}],"twitter_card":"summary_large_image","twitter_misc":{"Tempo di lettura stimato":"1 minuto"},"schema":{"@context":"https:\/\/schema.org","@graph":[{"@type":"WebPage","@id":"http:\/\/www.lesdelicesdeprovence.ch\/it\/produits\/pappa-reale-biologica\/","url":"http:\/\/www.lesdelicesdeprovence.ch\/it\/produits\/pappa-reale-biologica\/","name":"Pappa reale biologica","isPartOf":{"@id":"https:\/\/www.lesdelicesdeprovence.ch\/it\/#website"},"primaryImageOfPage":{"@id":"http:\/\/www.lesdelicesdeprovence.ch\/it\/produits\/pappa-reale-biologica\/#primaryimage"},"image":{"@id":"http:\/\/www.lesdelicesdeprovence.ch\/it\/produits\/pappa-reale-biologica\/#primaryimage"},"thumbnailUrl":"http:\/\/www.lesdelicesdeprovence.ch\/wp-content\/uploads\/2022\/09\/IMG_0772-1-scaled.jpg","datePublished":"2022-09-01T09:57:15+00:00","dateModified":"2025-08-28T17:59:21+00:00","description":"Questa pappa reale, dalle molteplici virt\u00f9 terapeutiche, viene raccolta da un giovane apicoltore ai piedi del Luberon.","breadcrumb":{"@id":"http:\/\/www.lesdelicesdeprovence.ch\/it\/produits\/pappa-reale-biologica\/#breadcrumb"},"inLanguage":"it-IT","potentialAction":[{"@type":"ReadAction","target":["http:\/\/www.lesdelicesdeprovence.ch\/it\/produits\/pappa-reale-biologica\/"]}]},{"@type":"ImageObject","inLanguage":"it-IT","@id":"http:\/\/www.lesdelicesdeprovence.ch\/it\/produits\/pappa-reale-biologica\/#primaryimage","url":"http:\/\/www.lesdelicesdeprovence.ch\/wp-content\/uploads\/2022\/09\/IMG_0772-1-scaled.jpg","contentUrl":"http:\/\/www.lesdelicesdeprovence.ch\/wp-content\/uploads\/2022\/09\/IMG_0772-1-scaled.jpg","width":2257,"height":2560},{"@type":"BreadcrumbList","@id":"http:\/\/www.lesdelicesdeprovence.ch\/it\/produits\/pappa-reale-biologica\/#breadcrumb","itemListElement":[{"@type":"ListItem","position":1,"name":"Accoglienza","item":"https:\/\/www.lesdelicesdeprovence.ch\/it\/"},{"@type":"ListItem","position":2,"name":"Negozio","item":"https:\/\/www.lesdelicesdeprovence.ch\/it\/negozio\/"},{"@type":"ListItem","position":3,"name":"Pappa reale biologica"}]},{"@type":"WebSite","@id":"https:\/\/www.lesdelicesdeprovence.ch\/it\/#website","url":"https:\/\/www.lesdelicesdeprovence.ch\/it\/","name":"Les D\u00e9lices de Provence","description":"Epicerie fine en ligne","potentialAction":[{"@type":"SearchAction","target":{"@type":"EntryPoint","urlTemplate":"https:\/\/www.lesdelicesdeprovence.ch\/it\/?s={search_term_string}"},"query-input":{"@type":"PropertyValueSpecification","valueRequired":true,"valueName":"search_term_string"}}],"inLanguage":"it-IT"}]}},"_links":{"self":[{"href":"http:\/\/www.lesdelicesdeprovence.ch\/it\/wp-json\/wp\/v2\/product\/7454","targetHints":{"allow":["GET"]}}],"collection":[{"href":"http:\/\/www.lesdelicesdeprovence.ch\/it\/wp-json\/wp\/v2\/product"}],"about":[{"href":"http:\/\/www.lesdelicesdeprovence.ch\/it\/wp-json\/wp\/v2\/types\/product"}],"version-history":[{"count":3,"href":"http:\/\/www.lesdelicesdeprovence.ch\/it\/wp-json\/wp\/v2\/product\/7454\/revisions"}],"predecessor-version":[{"id":8084,"href":"http:\/\/www.lesdelicesdeprovence.ch\/it\/wp-json\/wp\/v2\/product\/7454\/revisions\/8084"}],"wp:featuredmedia":[{"embeddable":true,"href":"http:\/\/www.lesdelicesdeprovence.ch\/it\/wp-json\/wp\/v2\/media\/14516"}],"wp:attachment":[{"href":"http:\/\/www.lesdelicesdeprovence.ch\/it\/wp-json\/wp\/v2\/media?parent=7454"}],"wp:term":[{"taxonomy":"product_cat","embeddable":true,"href":"http:\/\/www.lesdelicesdeprovence.ch\/it\/wp-json\/wp\/v2\/product_cat?post=7454"},{"taxonomy":"product_tag","embeddable":true,"href":"http:\/\/www.lesdelicesdeprovence.ch\/it\/wp-json\/wp\/v2\/product_tag?post=7454"}],"curies":[{"name":"wp","href":"https:\/\/api.w.org\/{rel}","templated":true}]}}