{"id":7496,"date":"2022-09-02T13:34:50","date_gmt":"2022-09-02T13:34:50","guid":{"rendered":"https:\/\/www.aromeprod2.com\/?post_type=product&#038;p=7496"},"modified":"2023-11-28T09:39:20","modified_gmt":"2023-11-28T09:39:20","slug":"moulin-saint-augustin-fruite-vert-2","status":"publish","type":"product","link":"http:\/\/www.lesdelicesdeprovence.ch\/it\/produits\/moulin-saint-augustin-fruite-vert-2\/","title":{"rendered":"Moulin Saint-Augustin &#8211; Fruit\u00e9 vert"},"content":{"rendered":"<p>Un bellissimo olio extravergine! \u00c8 prodotto con una delle migliori variet\u00e0 di olive locali, l&#8217;Aglandau. Spremuto a freddo, si ottiene solo con processi meccanici.<\/p>\n<p>Dal punto di vista gustativo, questa cuv\u00e9e fruttata-verdognola ha un bell&#8217;amaro e un tannino piuttosto corposo, che riflette perfettamente il terroir provenzale.<\/p>\n<p>Proviene da un oliveto ai piedi del Luberon, piccolo nelle dimensioni ma grande nella reputazione e nel know-how!<\/p>\n<p><strong>Capacit\u00e0: 1L<\/strong><\/p>\n<p>&nbsp;<\/p>\n","protected":false},"excerpt":{"rendered":"<p>Un olio di oliva di qualit\u00e0 superiore con carattere, dal sapore tipicamente provenzale, molto tannico e leggermente piccante nel finale.<\/p>\n","protected":false},"featured_media":14369,"template":"","meta":[],"product_cat":[242],"product_tag":[],"class_list":{"0":"post-7496","1":"product","2":"type-product","3":"status-publish","4":"has-post-thumbnail","6":"product_cat-i-nostri-oli-doliva-provenza-a-o-p","8":"first","9":"instock","10":"taxable","11":"shipping-taxable","12":"purchasable","13":"product-type-simple"},"yoast_head":"<!-- This site is optimized with the Yoast SEO plugin v27.2 - https:\/\/yoast.com\/product\/yoast-seo-wordpress\/ -->\n<title>Moulin Saint-Augustin - Fruit\u00e9 vert<\/title>\n<meta name=\"description\" content=\"Un olio di oliva di qualit\u00e0 superiore con carattere, dal sapore tipicamente provenzale, molto tannico e leggermente piccante nel finale.\" \/>\n<meta name=\"robots\" content=\"index, follow, max-snippet:-1, max-image-preview:large, max-video-preview:-1\" \/>\n<link rel=\"canonical\" href=\"http:\/\/www.lesdelicesdeprovence.ch\/it\/produits\/moulin-saint-augustin-fruite-vert-2\/\" \/>\n<meta property=\"og:locale\" content=\"it_IT\" \/>\n<meta property=\"og:type\" content=\"article\" \/>\n<meta property=\"og:title\" content=\"Moulin Saint-Augustin - Fruit\u00e9 vert\" \/>\n<meta property=\"og:description\" content=\"Un olio di oliva di qualit\u00e0 superiore con carattere, dal sapore tipicamente provenzale, molto tannico e leggermente piccante nel finale.\" \/>\n<meta property=\"og:url\" content=\"http:\/\/www.lesdelicesdeprovence.ch\/it\/produits\/moulin-saint-augustin-fruite-vert-2\/\" \/>\n<meta property=\"og:site_name\" content=\"Les D\u00e9lices de Provence\" \/>\n<meta property=\"article:modified_time\" content=\"2023-11-28T09:39:20+00:00\" \/>\n<meta property=\"og:image\" content=\"https:\/\/www.lesdelicesdeprovence.ch\/wp-content\/uploads\/2022\/09\/IMG_8632.jpg\" \/>\n\t<meta property=\"og:image:width\" content=\"1535\" \/>\n\t<meta property=\"og:image:height\" content=\"2314\" \/>\n\t<meta property=\"og:image:type\" content=\"image\/jpeg\" \/>\n<meta name=\"twitter:card\" content=\"summary_large_image\" \/>\n<meta name=\"twitter:label1\" content=\"Tempo di lettura stimato\" \/>\n\t<meta name=\"twitter:data1\" content=\"1 minuto\" \/>\n<script type=\"application\/ld+json\" class=\"yoast-schema-graph\">{\"@context\":\"https:\/\/schema.org\",\"@graph\":[{\"@type\":\"WebPage\",\"@id\":\"http:\/\/www.lesdelicesdeprovence.ch\/it\/produits\/moulin-saint-augustin-fruite-vert-2\/\",\"url\":\"http:\/\/www.lesdelicesdeprovence.ch\/it\/produits\/moulin-saint-augustin-fruite-vert-2\/\",\"name\":\"Moulin Saint-Augustin - Fruit\u00e9 vert\",\"isPartOf\":{\"@id\":\"https:\/\/www.lesdelicesdeprovence.ch\/it\/#website\"},\"primaryImageOfPage\":{\"@id\":\"http:\/\/www.lesdelicesdeprovence.ch\/it\/produits\/moulin-saint-augustin-fruite-vert-2\/#primaryimage\"},\"image\":{\"@id\":\"http:\/\/www.lesdelicesdeprovence.ch\/it\/produits\/moulin-saint-augustin-fruite-vert-2\/#primaryimage\"},\"thumbnailUrl\":\"http:\/\/www.lesdelicesdeprovence.ch\/wp-content\/uploads\/2022\/09\/IMG_8632.jpg\",\"datePublished\":\"2022-09-02T13:34:50+00:00\",\"dateModified\":\"2023-11-28T09:39:20+00:00\",\"description\":\"Un olio di oliva di qualit\u00e0 superiore con carattere, dal sapore tipicamente provenzale, molto tannico e leggermente piccante nel finale.\",\"breadcrumb\":{\"@id\":\"http:\/\/www.lesdelicesdeprovence.ch\/it\/produits\/moulin-saint-augustin-fruite-vert-2\/#breadcrumb\"},\"inLanguage\":\"it-IT\",\"potentialAction\":[{\"@type\":\"ReadAction\",\"target\":[\"http:\/\/www.lesdelicesdeprovence.ch\/it\/produits\/moulin-saint-augustin-fruite-vert-2\/\"]}]},{\"@type\":\"ImageObject\",\"inLanguage\":\"it-IT\",\"@id\":\"http:\/\/www.lesdelicesdeprovence.ch\/it\/produits\/moulin-saint-augustin-fruite-vert-2\/#primaryimage\",\"url\":\"http:\/\/www.lesdelicesdeprovence.ch\/wp-content\/uploads\/2022\/09\/IMG_8632.jpg\",\"contentUrl\":\"http:\/\/www.lesdelicesdeprovence.ch\/wp-content\/uploads\/2022\/09\/IMG_8632.jpg\",\"width\":1535,\"height\":2314},{\"@type\":\"BreadcrumbList\",\"@id\":\"http:\/\/www.lesdelicesdeprovence.ch\/it\/produits\/moulin-saint-augustin-fruite-vert-2\/#breadcrumb\",\"itemListElement\":[{\"@type\":\"ListItem\",\"position\":1,\"name\":\"Accoglienza\",\"item\":\"https:\/\/www.lesdelicesdeprovence.ch\/it\/\"},{\"@type\":\"ListItem\",\"position\":2,\"name\":\"Negozio\",\"item\":\"https:\/\/www.lesdelicesdeprovence.ch\/it\/negozio\/\"},{\"@type\":\"ListItem\",\"position\":3,\"name\":\"Moulin Saint-Augustin &#8211; Fruit\u00e9 vert\"}]},{\"@type\":\"WebSite\",\"@id\":\"https:\/\/www.lesdelicesdeprovence.ch\/it\/#website\",\"url\":\"https:\/\/www.lesdelicesdeprovence.ch\/it\/\",\"name\":\"Les D\u00e9lices de Provence\",\"description\":\"Epicerie fine en ligne\",\"potentialAction\":[{\"@type\":\"SearchAction\",\"target\":{\"@type\":\"EntryPoint\",\"urlTemplate\":\"https:\/\/www.lesdelicesdeprovence.ch\/it\/?s={search_term_string}\"},\"query-input\":{\"@type\":\"PropertyValueSpecification\",\"valueRequired\":true,\"valueName\":\"search_term_string\"}}],\"inLanguage\":\"it-IT\"}]}<\/script>\n<!-- \/ Yoast SEO plugin. -->","yoast_head_json":{"title":"Moulin Saint-Augustin - Fruit\u00e9 vert","description":"Un olio di oliva di qualit\u00e0 superiore con carattere, dal sapore tipicamente provenzale, molto tannico e leggermente piccante nel finale.","robots":{"index":"index","follow":"follow","max-snippet":"max-snippet:-1","max-image-preview":"max-image-preview:large","max-video-preview":"max-video-preview:-1"},"canonical":"http:\/\/www.lesdelicesdeprovence.ch\/it\/produits\/moulin-saint-augustin-fruite-vert-2\/","og_locale":"it_IT","og_type":"article","og_title":"Moulin Saint-Augustin - Fruit\u00e9 vert","og_description":"Un olio di oliva di qualit\u00e0 superiore con carattere, dal sapore tipicamente provenzale, molto tannico e leggermente piccante nel finale.","og_url":"http:\/\/www.lesdelicesdeprovence.ch\/it\/produits\/moulin-saint-augustin-fruite-vert-2\/","og_site_name":"Les D\u00e9lices de Provence","article_modified_time":"2023-11-28T09:39:20+00:00","og_image":[{"width":1535,"height":2314,"url":"https:\/\/www.lesdelicesdeprovence.ch\/wp-content\/uploads\/2022\/09\/IMG_8632.jpg","type":"image\/jpeg"}],"twitter_card":"summary_large_image","twitter_misc":{"Tempo di lettura stimato":"1 minuto"},"schema":{"@context":"https:\/\/schema.org","@graph":[{"@type":"WebPage","@id":"http:\/\/www.lesdelicesdeprovence.ch\/it\/produits\/moulin-saint-augustin-fruite-vert-2\/","url":"http:\/\/www.lesdelicesdeprovence.ch\/it\/produits\/moulin-saint-augustin-fruite-vert-2\/","name":"Moulin Saint-Augustin - Fruit\u00e9 vert","isPartOf":{"@id":"https:\/\/www.lesdelicesdeprovence.ch\/it\/#website"},"primaryImageOfPage":{"@id":"http:\/\/www.lesdelicesdeprovence.ch\/it\/produits\/moulin-saint-augustin-fruite-vert-2\/#primaryimage"},"image":{"@id":"http:\/\/www.lesdelicesdeprovence.ch\/it\/produits\/moulin-saint-augustin-fruite-vert-2\/#primaryimage"},"thumbnailUrl":"http:\/\/www.lesdelicesdeprovence.ch\/wp-content\/uploads\/2022\/09\/IMG_8632.jpg","datePublished":"2022-09-02T13:34:50+00:00","dateModified":"2023-11-28T09:39:20+00:00","description":"Un olio di oliva di qualit\u00e0 superiore con carattere, dal sapore tipicamente provenzale, molto tannico e leggermente piccante nel finale.","breadcrumb":{"@id":"http:\/\/www.lesdelicesdeprovence.ch\/it\/produits\/moulin-saint-augustin-fruite-vert-2\/#breadcrumb"},"inLanguage":"it-IT","potentialAction":[{"@type":"ReadAction","target":["http:\/\/www.lesdelicesdeprovence.ch\/it\/produits\/moulin-saint-augustin-fruite-vert-2\/"]}]},{"@type":"ImageObject","inLanguage":"it-IT","@id":"http:\/\/www.lesdelicesdeprovence.ch\/it\/produits\/moulin-saint-augustin-fruite-vert-2\/#primaryimage","url":"http:\/\/www.lesdelicesdeprovence.ch\/wp-content\/uploads\/2022\/09\/IMG_8632.jpg","contentUrl":"http:\/\/www.lesdelicesdeprovence.ch\/wp-content\/uploads\/2022\/09\/IMG_8632.jpg","width":1535,"height":2314},{"@type":"BreadcrumbList","@id":"http:\/\/www.lesdelicesdeprovence.ch\/it\/produits\/moulin-saint-augustin-fruite-vert-2\/#breadcrumb","itemListElement":[{"@type":"ListItem","position":1,"name":"Accoglienza","item":"https:\/\/www.lesdelicesdeprovence.ch\/it\/"},{"@type":"ListItem","position":2,"name":"Negozio","item":"https:\/\/www.lesdelicesdeprovence.ch\/it\/negozio\/"},{"@type":"ListItem","position":3,"name":"Moulin Saint-Augustin &#8211; Fruit\u00e9 vert"}]},{"@type":"WebSite","@id":"https:\/\/www.lesdelicesdeprovence.ch\/it\/#website","url":"https:\/\/www.lesdelicesdeprovence.ch\/it\/","name":"Les D\u00e9lices de Provence","description":"Epicerie fine en ligne","potentialAction":[{"@type":"SearchAction","target":{"@type":"EntryPoint","urlTemplate":"https:\/\/www.lesdelicesdeprovence.ch\/it\/?s={search_term_string}"},"query-input":{"@type":"PropertyValueSpecification","valueRequired":true,"valueName":"search_term_string"}}],"inLanguage":"it-IT"}]}},"_links":{"self":[{"href":"http:\/\/www.lesdelicesdeprovence.ch\/it\/wp-json\/wp\/v2\/product\/7496","targetHints":{"allow":["GET"]}}],"collection":[{"href":"http:\/\/www.lesdelicesdeprovence.ch\/it\/wp-json\/wp\/v2\/product"}],"about":[{"href":"http:\/\/www.lesdelicesdeprovence.ch\/it\/wp-json\/wp\/v2\/types\/product"}],"version-history":[{"count":2,"href":"http:\/\/www.lesdelicesdeprovence.ch\/it\/wp-json\/wp\/v2\/product\/7496\/revisions"}],"predecessor-version":[{"id":8097,"href":"http:\/\/www.lesdelicesdeprovence.ch\/it\/wp-json\/wp\/v2\/product\/7496\/revisions\/8097"}],"wp:featuredmedia":[{"embeddable":true,"href":"http:\/\/www.lesdelicesdeprovence.ch\/it\/wp-json\/wp\/v2\/media\/14369"}],"wp:attachment":[{"href":"http:\/\/www.lesdelicesdeprovence.ch\/it\/wp-json\/wp\/v2\/media?parent=7496"}],"wp:term":[{"taxonomy":"product_cat","embeddable":true,"href":"http:\/\/www.lesdelicesdeprovence.ch\/it\/wp-json\/wp\/v2\/product_cat?post=7496"},{"taxonomy":"product_tag","embeddable":true,"href":"http:\/\/www.lesdelicesdeprovence.ch\/it\/wp-json\/wp\/v2\/product_tag?post=7496"}],"curies":[{"name":"wp","href":"https:\/\/api.w.org\/{rel}","templated":true}]}}