{"id":7569,"date":"2022-09-05T12:11:41","date_gmt":"2022-09-05T12:11:41","guid":{"rendered":"https:\/\/www.aromeprod2.com\/?post_type=product&#038;p=7569"},"modified":"2022-10-11T08:49:06","modified_gmt":"2022-10-11T08:49:06","slug":"succo-biologico-di-amarena-e-santoreggia-selvatica","status":"publish","type":"product","link":"http:\/\/www.lesdelicesdeprovence.ch\/it\/produits\/succo-biologico-di-amarena-e-santoreggia-selvatica\/","title":{"rendered":"Succo biologico di amarena e santoreggia selvatica"},"content":{"rendered":"<p>Questo artigiano appassionato, incastonato ai piedi del Mont Ventoux, \u00e8 una scoperta davvero meravigliosa! La sua ricerca della perfezione culinaria \u00e8 pari solo al suo amore per la natura. E lo si pu\u00f2 sentire nei suoi magnifici succhi &#8220;Plus que Bio&#8221; di La Table des Lutins.<\/p>\n<p>Perch\u00e9 pi\u00f9 del biologico? Perch\u00e9 \u00e8 lui stesso a raccogliere le erbe selvatiche necessarie per la produzione di questi succhi in aree situate ad almeno 5 km di distanza da qualsiasi terreno agricolo che potrebbe utilizzare pesticidi! Il suo lavoro si basa su alcuni principi fondamentali:<\/p>\n<p>&#8211; l&#8217;utilizzo del calendario lunare, sia per la raccolta delle piante selvatiche che per l&#8217;elaborazione e l&#8217;imbottigliamento dei succhi di frutta<\/p>\n<p>&#8211; la ricerca di frutta vicina, coltivata in modo biodinamico o, in mancanza, non trattata, che lui stesso raccoglie.<\/p>\n<p>Il suo intento non \u00e8 quello di rispondere in modo opportunistico alla mania dei prodotti naturali, il suo approccio \u00e8 etico, l&#8217;obiettivo \u00e8 un prodotto finito eccezionale e le associazioni frutta-pianta sono il risultato di una vera riflessione.<\/p>\n<p><strong>Ingredienti : Ciliegie nere, acqua filtrata e dinamizzata, zucchero di canna biologico, mirtilli selvatici, mele cotogne, santoreggia selvatica, succo di limone.<\/strong><\/p>\n<p><strong>Capacit\u00e0: 33cl<\/strong><\/p>\n<p>&nbsp;<\/p>\n","protected":false},"excerpt":{"rendered":"<p>L&#8217;amarena e la santoreggia selvatica, due meraviglie della terra provenzale unite all&#8217;acqua di sorgente per un succo &#8220;Pi\u00f9 che biologico&#8221; dalle numerose virt\u00f9 gustative e terapeutiche.<\/p>\n","protected":false},"featured_media":7567,"template":"","meta":[],"product_cat":[234],"product_tag":[],"class_list":{"0":"post-7569","1":"product","2":"type-product","3":"status-publish","4":"has-post-thumbnail","6":"product_cat-succo-di-frutta-biologico","8":"first","9":"instock","10":"taxable","11":"shipping-taxable","12":"purchasable","13":"product-type-simple"},"yoast_head":"<!-- This site is optimized with the Yoast SEO plugin v27.2 - https:\/\/yoast.com\/product\/yoast-seo-wordpress\/ -->\n<title>Succo biologico di amarena e santoreggia selvatica<\/title>\n<meta name=\"description\" content=\"L&#039;amarena e la santoreggia selvatica, due meraviglie della terra provenzale unite all&#039;acqua di sorgente per un succo &quot;Pi\u00f9 che biologico&quot; dalle numerose virt\u00f9 gustative e terapeutiche.\" \/>\n<meta name=\"robots\" content=\"index, follow, max-snippet:-1, max-image-preview:large, max-video-preview:-1\" \/>\n<link rel=\"canonical\" href=\"http:\/\/www.lesdelicesdeprovence.ch\/it\/produits\/succo-biologico-di-amarena-e-santoreggia-selvatica\/\" \/>\n<meta property=\"og:locale\" content=\"it_IT\" \/>\n<meta property=\"og:type\" content=\"article\" \/>\n<meta property=\"og:title\" content=\"Succo biologico di amarena e santoreggia selvatica\" \/>\n<meta property=\"og:description\" content=\"L&#039;amarena e la santoreggia selvatica, due meraviglie della terra provenzale unite all&#039;acqua di sorgente per un succo &quot;Pi\u00f9 che biologico&quot; dalle numerose virt\u00f9 gustative e terapeutiche.\" \/>\n<meta property=\"og:url\" content=\"http:\/\/www.lesdelicesdeprovence.ch\/it\/produits\/succo-biologico-di-amarena-e-santoreggia-selvatica\/\" \/>\n<meta property=\"og:site_name\" content=\"Les D\u00e9lices de Provence\" \/>\n<meta property=\"article:modified_time\" content=\"2022-10-11T08:49:06+00:00\" \/>\n<meta property=\"og:image\" content=\"https:\/\/www.lesdelicesdeprovence.ch\/wp-content\/uploads\/2022\/09\/IMG_0864-scaled.jpg\" \/>\n\t<meta property=\"og:image:width\" content=\"2240\" \/>\n\t<meta property=\"og:image:height\" content=\"2560\" \/>\n\t<meta property=\"og:image:type\" content=\"image\/jpeg\" \/>\n<meta name=\"twitter:card\" content=\"summary_large_image\" \/>\n<meta name=\"twitter:label1\" content=\"Tempo di lettura stimato\" \/>\n\t<meta name=\"twitter:data1\" content=\"1 minuto\" \/>\n<script type=\"application\/ld+json\" class=\"yoast-schema-graph\">{\"@context\":\"https:\/\/schema.org\",\"@graph\":[{\"@type\":\"WebPage\",\"@id\":\"http:\/\/www.lesdelicesdeprovence.ch\/it\/produits\/succo-biologico-di-amarena-e-santoreggia-selvatica\/\",\"url\":\"http:\/\/www.lesdelicesdeprovence.ch\/it\/produits\/succo-biologico-di-amarena-e-santoreggia-selvatica\/\",\"name\":\"Succo biologico di amarena e santoreggia selvatica\",\"isPartOf\":{\"@id\":\"https:\/\/www.lesdelicesdeprovence.ch\/it\/#website\"},\"primaryImageOfPage\":{\"@id\":\"http:\/\/www.lesdelicesdeprovence.ch\/it\/produits\/succo-biologico-di-amarena-e-santoreggia-selvatica\/#primaryimage\"},\"image\":{\"@id\":\"http:\/\/www.lesdelicesdeprovence.ch\/it\/produits\/succo-biologico-di-amarena-e-santoreggia-selvatica\/#primaryimage\"},\"thumbnailUrl\":\"http:\/\/www.lesdelicesdeprovence.ch\/wp-content\/uploads\/2022\/09\/IMG_0864-scaled.jpg\",\"datePublished\":\"2022-09-05T12:11:41+00:00\",\"dateModified\":\"2022-10-11T08:49:06+00:00\",\"description\":\"L'amarena e la santoreggia selvatica, due meraviglie della terra provenzale unite all'acqua di sorgente per un succo \\\"Pi\u00f9 che biologico\\\" dalle numerose virt\u00f9 gustative e terapeutiche.\",\"breadcrumb\":{\"@id\":\"http:\/\/www.lesdelicesdeprovence.ch\/it\/produits\/succo-biologico-di-amarena-e-santoreggia-selvatica\/#breadcrumb\"},\"inLanguage\":\"it-IT\",\"potentialAction\":[{\"@type\":\"ReadAction\",\"target\":[\"http:\/\/www.lesdelicesdeprovence.ch\/it\/produits\/succo-biologico-di-amarena-e-santoreggia-selvatica\/\"]}]},{\"@type\":\"ImageObject\",\"inLanguage\":\"it-IT\",\"@id\":\"http:\/\/www.lesdelicesdeprovence.ch\/it\/produits\/succo-biologico-di-amarena-e-santoreggia-selvatica\/#primaryimage\",\"url\":\"http:\/\/www.lesdelicesdeprovence.ch\/wp-content\/uploads\/2022\/09\/IMG_0864-scaled.jpg\",\"contentUrl\":\"http:\/\/www.lesdelicesdeprovence.ch\/wp-content\/uploads\/2022\/09\/IMG_0864-scaled.jpg\",\"width\":2240,\"height\":2560},{\"@type\":\"BreadcrumbList\",\"@id\":\"http:\/\/www.lesdelicesdeprovence.ch\/it\/produits\/succo-biologico-di-amarena-e-santoreggia-selvatica\/#breadcrumb\",\"itemListElement\":[{\"@type\":\"ListItem\",\"position\":1,\"name\":\"Accoglienza\",\"item\":\"https:\/\/www.lesdelicesdeprovence.ch\/it\/\"},{\"@type\":\"ListItem\",\"position\":2,\"name\":\"Negozio\",\"item\":\"https:\/\/www.lesdelicesdeprovence.ch\/it\/negozio\/\"},{\"@type\":\"ListItem\",\"position\":3,\"name\":\"Succo biologico di amarena e santoreggia selvatica\"}]},{\"@type\":\"WebSite\",\"@id\":\"https:\/\/www.lesdelicesdeprovence.ch\/it\/#website\",\"url\":\"https:\/\/www.lesdelicesdeprovence.ch\/it\/\",\"name\":\"Les D\u00e9lices de Provence\",\"description\":\"Epicerie fine en ligne\",\"potentialAction\":[{\"@type\":\"SearchAction\",\"target\":{\"@type\":\"EntryPoint\",\"urlTemplate\":\"https:\/\/www.lesdelicesdeprovence.ch\/it\/?s={search_term_string}\"},\"query-input\":{\"@type\":\"PropertyValueSpecification\",\"valueRequired\":true,\"valueName\":\"search_term_string\"}}],\"inLanguage\":\"it-IT\"}]}<\/script>\n<!-- \/ Yoast SEO plugin. -->","yoast_head_json":{"title":"Succo biologico di amarena e santoreggia selvatica","description":"L'amarena e la santoreggia selvatica, due meraviglie della terra provenzale unite all'acqua di sorgente per un succo \"Pi\u00f9 che biologico\" dalle numerose virt\u00f9 gustative e terapeutiche.","robots":{"index":"index","follow":"follow","max-snippet":"max-snippet:-1","max-image-preview":"max-image-preview:large","max-video-preview":"max-video-preview:-1"},"canonical":"http:\/\/www.lesdelicesdeprovence.ch\/it\/produits\/succo-biologico-di-amarena-e-santoreggia-selvatica\/","og_locale":"it_IT","og_type":"article","og_title":"Succo biologico di amarena e santoreggia selvatica","og_description":"L'amarena e la santoreggia selvatica, due meraviglie della terra provenzale unite all'acqua di sorgente per un succo \"Pi\u00f9 che biologico\" dalle numerose virt\u00f9 gustative e terapeutiche.","og_url":"http:\/\/www.lesdelicesdeprovence.ch\/it\/produits\/succo-biologico-di-amarena-e-santoreggia-selvatica\/","og_site_name":"Les D\u00e9lices de Provence","article_modified_time":"2022-10-11T08:49:06+00:00","og_image":[{"width":2240,"height":2560,"url":"https:\/\/www.lesdelicesdeprovence.ch\/wp-content\/uploads\/2022\/09\/IMG_0864-scaled.jpg","type":"image\/jpeg"}],"twitter_card":"summary_large_image","twitter_misc":{"Tempo di lettura stimato":"1 minuto"},"schema":{"@context":"https:\/\/schema.org","@graph":[{"@type":"WebPage","@id":"http:\/\/www.lesdelicesdeprovence.ch\/it\/produits\/succo-biologico-di-amarena-e-santoreggia-selvatica\/","url":"http:\/\/www.lesdelicesdeprovence.ch\/it\/produits\/succo-biologico-di-amarena-e-santoreggia-selvatica\/","name":"Succo biologico di amarena e santoreggia selvatica","isPartOf":{"@id":"https:\/\/www.lesdelicesdeprovence.ch\/it\/#website"},"primaryImageOfPage":{"@id":"http:\/\/www.lesdelicesdeprovence.ch\/it\/produits\/succo-biologico-di-amarena-e-santoreggia-selvatica\/#primaryimage"},"image":{"@id":"http:\/\/www.lesdelicesdeprovence.ch\/it\/produits\/succo-biologico-di-amarena-e-santoreggia-selvatica\/#primaryimage"},"thumbnailUrl":"http:\/\/www.lesdelicesdeprovence.ch\/wp-content\/uploads\/2022\/09\/IMG_0864-scaled.jpg","datePublished":"2022-09-05T12:11:41+00:00","dateModified":"2022-10-11T08:49:06+00:00","description":"L'amarena e la santoreggia selvatica, due meraviglie della terra provenzale unite all'acqua di sorgente per un succo \"Pi\u00f9 che biologico\" dalle numerose virt\u00f9 gustative e terapeutiche.","breadcrumb":{"@id":"http:\/\/www.lesdelicesdeprovence.ch\/it\/produits\/succo-biologico-di-amarena-e-santoreggia-selvatica\/#breadcrumb"},"inLanguage":"it-IT","potentialAction":[{"@type":"ReadAction","target":["http:\/\/www.lesdelicesdeprovence.ch\/it\/produits\/succo-biologico-di-amarena-e-santoreggia-selvatica\/"]}]},{"@type":"ImageObject","inLanguage":"it-IT","@id":"http:\/\/www.lesdelicesdeprovence.ch\/it\/produits\/succo-biologico-di-amarena-e-santoreggia-selvatica\/#primaryimage","url":"http:\/\/www.lesdelicesdeprovence.ch\/wp-content\/uploads\/2022\/09\/IMG_0864-scaled.jpg","contentUrl":"http:\/\/www.lesdelicesdeprovence.ch\/wp-content\/uploads\/2022\/09\/IMG_0864-scaled.jpg","width":2240,"height":2560},{"@type":"BreadcrumbList","@id":"http:\/\/www.lesdelicesdeprovence.ch\/it\/produits\/succo-biologico-di-amarena-e-santoreggia-selvatica\/#breadcrumb","itemListElement":[{"@type":"ListItem","position":1,"name":"Accoglienza","item":"https:\/\/www.lesdelicesdeprovence.ch\/it\/"},{"@type":"ListItem","position":2,"name":"Negozio","item":"https:\/\/www.lesdelicesdeprovence.ch\/it\/negozio\/"},{"@type":"ListItem","position":3,"name":"Succo biologico di amarena e santoreggia selvatica"}]},{"@type":"WebSite","@id":"https:\/\/www.lesdelicesdeprovence.ch\/it\/#website","url":"https:\/\/www.lesdelicesdeprovence.ch\/it\/","name":"Les D\u00e9lices de Provence","description":"Epicerie fine en ligne","potentialAction":[{"@type":"SearchAction","target":{"@type":"EntryPoint","urlTemplate":"https:\/\/www.lesdelicesdeprovence.ch\/it\/?s={search_term_string}"},"query-input":{"@type":"PropertyValueSpecification","valueRequired":true,"valueName":"search_term_string"}}],"inLanguage":"it-IT"}]}},"_links":{"self":[{"href":"http:\/\/www.lesdelicesdeprovence.ch\/it\/wp-json\/wp\/v2\/product\/7569","targetHints":{"allow":["GET"]}}],"collection":[{"href":"http:\/\/www.lesdelicesdeprovence.ch\/it\/wp-json\/wp\/v2\/product"}],"about":[{"href":"http:\/\/www.lesdelicesdeprovence.ch\/it\/wp-json\/wp\/v2\/types\/product"}],"version-history":[{"count":3,"href":"http:\/\/www.lesdelicesdeprovence.ch\/it\/wp-json\/wp\/v2\/product\/7569\/revisions"}],"predecessor-version":[{"id":8117,"href":"http:\/\/www.lesdelicesdeprovence.ch\/it\/wp-json\/wp\/v2\/product\/7569\/revisions\/8117"}],"wp:featuredmedia":[{"embeddable":true,"href":"http:\/\/www.lesdelicesdeprovence.ch\/it\/wp-json\/wp\/v2\/media\/7567"}],"wp:attachment":[{"href":"http:\/\/www.lesdelicesdeprovence.ch\/it\/wp-json\/wp\/v2\/media?parent=7569"}],"wp:term":[{"taxonomy":"product_cat","embeddable":true,"href":"http:\/\/www.lesdelicesdeprovence.ch\/it\/wp-json\/wp\/v2\/product_cat?post=7569"},{"taxonomy":"product_tag","embeddable":true,"href":"http:\/\/www.lesdelicesdeprovence.ch\/it\/wp-json\/wp\/v2\/product_tag?post=7569"}],"curies":[{"name":"wp","href":"https:\/\/api.w.org\/{rel}","templated":true}]}}