{"id":7596,"date":"2022-09-05T13:10:23","date_gmt":"2022-09-05T13:10:23","guid":{"rendered":"https:\/\/www.aromeprod2.com\/?post_type=product&#038;p=7596"},"modified":"2025-01-04T15:29:11","modified_gmt":"2025-01-04T15:29:11","slug":"sciroppo-di-menta","status":"publish","type":"product","link":"http:\/\/www.lesdelicesdeprovence.ch\/it\/produits\/sciroppo-di-menta\/","title":{"rendered":"Sciroppo di menta"},"content":{"rendered":"<p>Ideato da una giovane coppia non lontana dal piccolo villaggio di Lourmarin, presa dalla passione per la natura e dal desiderio di scoprirla.<\/p>\n<p>I loro sciroppi sono puri e naturali al 100%, realizzati per la maggior parte con ingredienti selvatici e lavorati interamente a mano secondo standard farmaceutici.<\/p>\n<p><strong>Pianta ornamentale o da condimento, la menta \u00e8 nota per la sua capacit\u00e0 di rilassare i muscoli, di trattare i problemi digestivi e per le sue virt\u00f9 antisettiche e toniche:<\/strong><\/p>\n<p><em>&#8211; Problemi digestivi: efficace in caso di stitichezza o diarrea.<\/em><\/p>\n<p><em>&#8211; Disturbi urinari: effetto diuretico.<\/em><\/p>\n<p><em>&#8211; Lenisce tosse e raffreddore<\/em><\/p>\n<p><em>&#8211; Sollievo dal dolore: dolori articolari, muscolari e mal di testa.<\/em><\/p>\n<p><em>&#8211; Problemi respiratori: efficace contro disturbi simili alla bronchite.<\/em><\/p>\n<p>Molto rinfrescanti e gustosi semplicemente diluiti in acqua con cubetti di ghiaccio, si possono usare anche come guarnizione per dolci, pancake, yogurt o ricotta.<\/p>\n<p><strong>Ingredienti : Menta speziata, zucchero di canna, succo di limone, acqua di sorgente.<\/strong><\/p>\n<p><strong>Capacit\u00e0: 25cl<\/strong><\/p>\n<p>&nbsp;<\/p>\n<p>&nbsp;<\/p>\n","protected":false},"excerpt":{"rendered":"<p>Non \u00e8 verde fluorescente ed \u00e8 normale! Ecco come si presenta un vero sciroppo di menta, senza coloranti e naturale al 100%.<\/p>\n","protected":false},"featured_media":11040,"template":"","meta":[],"product_cat":[240],"product_tag":[],"class_list":{"0":"post-7596","1":"product","2":"type-product","3":"status-publish","4":"has-post-thumbnail","6":"product_cat-sciroppi-100-naturali","8":"first","9":"instock","10":"taxable","11":"shipping-taxable","12":"purchasable","13":"product-type-simple"},"yoast_head":"<!-- This site is optimized with the Yoast SEO plugin v27.2 - https:\/\/yoast.com\/product\/yoast-seo-wordpress\/ -->\n<title>Sciroppo di menta<\/title>\n<meta name=\"description\" content=\"Non \u00e8 verde fluorescente ed \u00e8 normale! Ecco come si presenta un vero sciroppo di menta, senza coloranti e naturale al 100%.\" \/>\n<meta name=\"robots\" content=\"index, follow, max-snippet:-1, max-image-preview:large, max-video-preview:-1\" \/>\n<link rel=\"canonical\" href=\"http:\/\/www.lesdelicesdeprovence.ch\/it\/produits\/sciroppo-di-menta\/\" \/>\n<meta property=\"og:locale\" content=\"it_IT\" \/>\n<meta property=\"og:type\" content=\"article\" \/>\n<meta property=\"og:title\" content=\"Sciroppo di menta\" \/>\n<meta property=\"og:description\" content=\"Non \u00e8 verde fluorescente ed \u00e8 normale! Ecco come si presenta un vero sciroppo di menta, senza coloranti e naturale al 100%.\" \/>\n<meta property=\"og:url\" content=\"http:\/\/www.lesdelicesdeprovence.ch\/it\/produits\/sciroppo-di-menta\/\" \/>\n<meta property=\"og:site_name\" content=\"Les D\u00e9lices de Provence\" \/>\n<meta property=\"article:modified_time\" content=\"2025-01-04T15:29:11+00:00\" \/>\n<meta property=\"og:image\" content=\"https:\/\/www.lesdelicesdeprovence.ch\/wp-content\/uploads\/2022\/09\/IMG_0876-scaled.jpg\" \/>\n\t<meta property=\"og:image:width\" content=\"2274\" \/>\n\t<meta property=\"og:image:height\" content=\"2560\" \/>\n\t<meta property=\"og:image:type\" content=\"image\/jpeg\" \/>\n<meta name=\"twitter:card\" content=\"summary_large_image\" \/>\n<meta name=\"twitter:label1\" content=\"Tempo di lettura stimato\" \/>\n\t<meta name=\"twitter:data1\" content=\"1 minuto\" \/>\n<script type=\"application\/ld+json\" class=\"yoast-schema-graph\">{\"@context\":\"https:\/\/schema.org\",\"@graph\":[{\"@type\":\"WebPage\",\"@id\":\"http:\/\/www.lesdelicesdeprovence.ch\/it\/produits\/sciroppo-di-menta\/\",\"url\":\"http:\/\/www.lesdelicesdeprovence.ch\/it\/produits\/sciroppo-di-menta\/\",\"name\":\"Sciroppo di menta\",\"isPartOf\":{\"@id\":\"https:\/\/www.lesdelicesdeprovence.ch\/it\/#website\"},\"primaryImageOfPage\":{\"@id\":\"http:\/\/www.lesdelicesdeprovence.ch\/it\/produits\/sciroppo-di-menta\/#primaryimage\"},\"image\":{\"@id\":\"http:\/\/www.lesdelicesdeprovence.ch\/it\/produits\/sciroppo-di-menta\/#primaryimage\"},\"thumbnailUrl\":\"http:\/\/www.lesdelicesdeprovence.ch\/wp-content\/uploads\/2022\/09\/IMG_0876-scaled.jpg\",\"datePublished\":\"2022-09-05T13:10:23+00:00\",\"dateModified\":\"2025-01-04T15:29:11+00:00\",\"description\":\"Non \u00e8 verde fluorescente ed \u00e8 normale! Ecco come si presenta un vero sciroppo di menta, senza coloranti e naturale al 100%.\",\"breadcrumb\":{\"@id\":\"http:\/\/www.lesdelicesdeprovence.ch\/it\/produits\/sciroppo-di-menta\/#breadcrumb\"},\"inLanguage\":\"it-IT\",\"potentialAction\":[{\"@type\":\"ReadAction\",\"target\":[\"http:\/\/www.lesdelicesdeprovence.ch\/it\/produits\/sciroppo-di-menta\/\"]}]},{\"@type\":\"ImageObject\",\"inLanguage\":\"it-IT\",\"@id\":\"http:\/\/www.lesdelicesdeprovence.ch\/it\/produits\/sciroppo-di-menta\/#primaryimage\",\"url\":\"http:\/\/www.lesdelicesdeprovence.ch\/wp-content\/uploads\/2022\/09\/IMG_0876-scaled.jpg\",\"contentUrl\":\"http:\/\/www.lesdelicesdeprovence.ch\/wp-content\/uploads\/2022\/09\/IMG_0876-scaled.jpg\",\"width\":2274,\"height\":2560},{\"@type\":\"BreadcrumbList\",\"@id\":\"http:\/\/www.lesdelicesdeprovence.ch\/it\/produits\/sciroppo-di-menta\/#breadcrumb\",\"itemListElement\":[{\"@type\":\"ListItem\",\"position\":1,\"name\":\"Accoglienza\",\"item\":\"https:\/\/www.lesdelicesdeprovence.ch\/it\/\"},{\"@type\":\"ListItem\",\"position\":2,\"name\":\"Negozio\",\"item\":\"https:\/\/www.lesdelicesdeprovence.ch\/it\/negozio\/\"},{\"@type\":\"ListItem\",\"position\":3,\"name\":\"Sciroppo di menta\"}]},{\"@type\":\"WebSite\",\"@id\":\"https:\/\/www.lesdelicesdeprovence.ch\/it\/#website\",\"url\":\"https:\/\/www.lesdelicesdeprovence.ch\/it\/\",\"name\":\"Les D\u00e9lices de Provence\",\"description\":\"Epicerie fine en ligne\",\"potentialAction\":[{\"@type\":\"SearchAction\",\"target\":{\"@type\":\"EntryPoint\",\"urlTemplate\":\"https:\/\/www.lesdelicesdeprovence.ch\/it\/?s={search_term_string}\"},\"query-input\":{\"@type\":\"PropertyValueSpecification\",\"valueRequired\":true,\"valueName\":\"search_term_string\"}}],\"inLanguage\":\"it-IT\"}]}<\/script>\n<!-- \/ Yoast SEO plugin. -->","yoast_head_json":{"title":"Sciroppo di menta","description":"Non \u00e8 verde fluorescente ed \u00e8 normale! Ecco come si presenta un vero sciroppo di menta, senza coloranti e naturale al 100%.","robots":{"index":"index","follow":"follow","max-snippet":"max-snippet:-1","max-image-preview":"max-image-preview:large","max-video-preview":"max-video-preview:-1"},"canonical":"http:\/\/www.lesdelicesdeprovence.ch\/it\/produits\/sciroppo-di-menta\/","og_locale":"it_IT","og_type":"article","og_title":"Sciroppo di menta","og_description":"Non \u00e8 verde fluorescente ed \u00e8 normale! Ecco come si presenta un vero sciroppo di menta, senza coloranti e naturale al 100%.","og_url":"http:\/\/www.lesdelicesdeprovence.ch\/it\/produits\/sciroppo-di-menta\/","og_site_name":"Les D\u00e9lices de Provence","article_modified_time":"2025-01-04T15:29:11+00:00","og_image":[{"width":2274,"height":2560,"url":"https:\/\/www.lesdelicesdeprovence.ch\/wp-content\/uploads\/2022\/09\/IMG_0876-scaled.jpg","type":"image\/jpeg"}],"twitter_card":"summary_large_image","twitter_misc":{"Tempo di lettura stimato":"1 minuto"},"schema":{"@context":"https:\/\/schema.org","@graph":[{"@type":"WebPage","@id":"http:\/\/www.lesdelicesdeprovence.ch\/it\/produits\/sciroppo-di-menta\/","url":"http:\/\/www.lesdelicesdeprovence.ch\/it\/produits\/sciroppo-di-menta\/","name":"Sciroppo di menta","isPartOf":{"@id":"https:\/\/www.lesdelicesdeprovence.ch\/it\/#website"},"primaryImageOfPage":{"@id":"http:\/\/www.lesdelicesdeprovence.ch\/it\/produits\/sciroppo-di-menta\/#primaryimage"},"image":{"@id":"http:\/\/www.lesdelicesdeprovence.ch\/it\/produits\/sciroppo-di-menta\/#primaryimage"},"thumbnailUrl":"http:\/\/www.lesdelicesdeprovence.ch\/wp-content\/uploads\/2022\/09\/IMG_0876-scaled.jpg","datePublished":"2022-09-05T13:10:23+00:00","dateModified":"2025-01-04T15:29:11+00:00","description":"Non \u00e8 verde fluorescente ed \u00e8 normale! Ecco come si presenta un vero sciroppo di menta, senza coloranti e naturale al 100%.","breadcrumb":{"@id":"http:\/\/www.lesdelicesdeprovence.ch\/it\/produits\/sciroppo-di-menta\/#breadcrumb"},"inLanguage":"it-IT","potentialAction":[{"@type":"ReadAction","target":["http:\/\/www.lesdelicesdeprovence.ch\/it\/produits\/sciroppo-di-menta\/"]}]},{"@type":"ImageObject","inLanguage":"it-IT","@id":"http:\/\/www.lesdelicesdeprovence.ch\/it\/produits\/sciroppo-di-menta\/#primaryimage","url":"http:\/\/www.lesdelicesdeprovence.ch\/wp-content\/uploads\/2022\/09\/IMG_0876-scaled.jpg","contentUrl":"http:\/\/www.lesdelicesdeprovence.ch\/wp-content\/uploads\/2022\/09\/IMG_0876-scaled.jpg","width":2274,"height":2560},{"@type":"BreadcrumbList","@id":"http:\/\/www.lesdelicesdeprovence.ch\/it\/produits\/sciroppo-di-menta\/#breadcrumb","itemListElement":[{"@type":"ListItem","position":1,"name":"Accoglienza","item":"https:\/\/www.lesdelicesdeprovence.ch\/it\/"},{"@type":"ListItem","position":2,"name":"Negozio","item":"https:\/\/www.lesdelicesdeprovence.ch\/it\/negozio\/"},{"@type":"ListItem","position":3,"name":"Sciroppo di menta"}]},{"@type":"WebSite","@id":"https:\/\/www.lesdelicesdeprovence.ch\/it\/#website","url":"https:\/\/www.lesdelicesdeprovence.ch\/it\/","name":"Les D\u00e9lices de Provence","description":"Epicerie fine en ligne","potentialAction":[{"@type":"SearchAction","target":{"@type":"EntryPoint","urlTemplate":"https:\/\/www.lesdelicesdeprovence.ch\/it\/?s={search_term_string}"},"query-input":{"@type":"PropertyValueSpecification","valueRequired":true,"valueName":"search_term_string"}}],"inLanguage":"it-IT"}]}},"_links":{"self":[{"href":"http:\/\/www.lesdelicesdeprovence.ch\/it\/wp-json\/wp\/v2\/product\/7596","targetHints":{"allow":["GET"]}}],"collection":[{"href":"http:\/\/www.lesdelicesdeprovence.ch\/it\/wp-json\/wp\/v2\/product"}],"about":[{"href":"http:\/\/www.lesdelicesdeprovence.ch\/it\/wp-json\/wp\/v2\/types\/product"}],"version-history":[{"count":3,"href":"http:\/\/www.lesdelicesdeprovence.ch\/it\/wp-json\/wp\/v2\/product\/7596\/revisions"}],"predecessor-version":[{"id":8128,"href":"http:\/\/www.lesdelicesdeprovence.ch\/it\/wp-json\/wp\/v2\/product\/7596\/revisions\/8128"}],"wp:featuredmedia":[{"embeddable":true,"href":"http:\/\/www.lesdelicesdeprovence.ch\/it\/wp-json\/wp\/v2\/media\/11040"}],"wp:attachment":[{"href":"http:\/\/www.lesdelicesdeprovence.ch\/it\/wp-json\/wp\/v2\/media?parent=7596"}],"wp:term":[{"taxonomy":"product_cat","embeddable":true,"href":"http:\/\/www.lesdelicesdeprovence.ch\/it\/wp-json\/wp\/v2\/product_cat?post=7596"},{"taxonomy":"product_tag","embeddable":true,"href":"http:\/\/www.lesdelicesdeprovence.ch\/it\/wp-json\/wp\/v2\/product_tag?post=7596"}],"curies":[{"name":"wp","href":"https:\/\/api.w.org\/{rel}","templated":true}]}}