{"id":7659,"date":"2022-09-12T11:21:21","date_gmt":"2022-09-12T11:21:21","guid":{"rendered":"https:\/\/www.aromeprod2.com\/?post_type=product&#038;p=7659"},"modified":"2022-10-11T11:51:20","modified_gmt":"2022-10-11T11:51:20","slug":"miscela-di-erbe-provenzali","status":"publish","type":"product","link":"http:\/\/www.lesdelicesdeprovence.ch\/it\/produits\/miscela-di-erbe-provenzali\/","title":{"rendered":"Miscela di erbe provenzali"},"content":{"rendered":"<p>Gli intenditori sanno che una pianta assetata \u00e8 una pianta che emette forti tannini. Le erbe selvatiche hanno un prezzo, ma \u00e8 il prezzo della qualit\u00e0!<\/p>\n<p>Sempre alla ricerca dei migliori prodotti possibili, abbiamo scelto di collaborare con questa giovane coppia di Lourmarin che, attraverso il loro processo di lavorazione, preservano questi magnifici aromi autentici della gariga.<\/p>\n<p>Per decorare le vostre ricette e dare un sapore tipicamente mediterraneo a tutti i vostri piatti. Indispensabile con una buona costoletta d&#8217;agnello!<\/p>\n<p><strong>Contenuto: 50 g<\/strong><\/p>\n<p>&nbsp;<\/p>\n","protected":false},"excerpt":{"rendered":"<p>La vera ricetta della famosa miscela di erbe provenzali, ovvero : Timo, rosmarino, santoreggia e origano.<\/p>\n<p>Queste erbe sono selvatiche e raccolte nella natura preservata, una garanzia di qualit\u00e0 e autenticit\u00e0!<\/p>\n","protected":false},"featured_media":7657,"template":"","meta":[],"product_cat":[232],"product_tag":[],"class_list":{"0":"post-7659","1":"product","2":"type-product","3":"status-publish","4":"has-post-thumbnail","6":"product_cat-erbe-aromatiche-e-condimenti","8":"first","9":"instock","10":"taxable","11":"shipping-taxable","12":"purchasable","13":"product-type-simple"},"yoast_head":"<!-- This site is optimized with the Yoast SEO plugin v27.2 - https:\/\/yoast.com\/product\/yoast-seo-wordpress\/ -->\n<title>Miscela di erbe provenzali<\/title>\n<meta name=\"description\" content=\"La vera ricetta della famosa miscela di erbe provenzali, ovvero : Timo, rosmarino, santoreggia e origano.\u00a0\" \/>\n<meta name=\"robots\" content=\"index, follow, max-snippet:-1, max-image-preview:large, max-video-preview:-1\" \/>\n<link rel=\"canonical\" href=\"http:\/\/www.lesdelicesdeprovence.ch\/it\/produits\/miscela-di-erbe-provenzali\/\" \/>\n<meta property=\"og:locale\" content=\"it_IT\" \/>\n<meta property=\"og:type\" content=\"article\" \/>\n<meta property=\"og:title\" content=\"Miscela di erbe provenzali\" \/>\n<meta property=\"og:description\" content=\"La vera ricetta della famosa miscela di erbe provenzali, ovvero : Timo, rosmarino, santoreggia e origano.\u00a0\" \/>\n<meta property=\"og:url\" content=\"http:\/\/www.lesdelicesdeprovence.ch\/it\/produits\/miscela-di-erbe-provenzali\/\" \/>\n<meta property=\"og:site_name\" content=\"Les D\u00e9lices de Provence\" \/>\n<meta property=\"article:modified_time\" content=\"2022-10-11T11:51:20+00:00\" \/>\n<meta property=\"og:image\" content=\"http:\/\/www.lesdelicesdeprovence.ch\/wp-content\/uploads\/2022\/09\/IMG_5769-scaled.jpg\" \/>\n\t<meta property=\"og:image:width\" content=\"1920\" \/>\n\t<meta property=\"og:image:height\" content=\"2560\" \/>\n\t<meta property=\"og:image:type\" content=\"image\/jpeg\" \/>\n<meta name=\"twitter:card\" content=\"summary_large_image\" \/>\n<meta name=\"twitter:label1\" content=\"Tempo di lettura stimato\" \/>\n\t<meta name=\"twitter:data1\" content=\"1 minuto\" \/>\n<script type=\"application\/ld+json\" class=\"yoast-schema-graph\">{\"@context\":\"https:\/\/schema.org\",\"@graph\":[{\"@type\":\"WebPage\",\"@id\":\"http:\/\/www.lesdelicesdeprovence.ch\/it\/produits\/miscela-di-erbe-provenzali\/\",\"url\":\"http:\/\/www.lesdelicesdeprovence.ch\/it\/produits\/miscela-di-erbe-provenzali\/\",\"name\":\"Miscela di erbe provenzali\",\"isPartOf\":{\"@id\":\"https:\/\/www.lesdelicesdeprovence.ch\/it\/#website\"},\"primaryImageOfPage\":{\"@id\":\"http:\/\/www.lesdelicesdeprovence.ch\/it\/produits\/miscela-di-erbe-provenzali\/#primaryimage\"},\"image\":{\"@id\":\"http:\/\/www.lesdelicesdeprovence.ch\/it\/produits\/miscela-di-erbe-provenzali\/#primaryimage\"},\"thumbnailUrl\":\"http:\/\/www.lesdelicesdeprovence.ch\/wp-content\/uploads\/2022\/09\/IMG_5769-scaled.jpg\",\"datePublished\":\"2022-09-12T11:21:21+00:00\",\"dateModified\":\"2022-10-11T11:51:20+00:00\",\"description\":\"La vera ricetta della famosa miscela di erbe provenzali, ovvero : Timo, rosmarino, santoreggia e origano.\u00a0\",\"breadcrumb\":{\"@id\":\"http:\/\/www.lesdelicesdeprovence.ch\/it\/produits\/miscela-di-erbe-provenzali\/#breadcrumb\"},\"inLanguage\":\"it-IT\",\"potentialAction\":[{\"@type\":\"ReadAction\",\"target\":[\"http:\/\/www.lesdelicesdeprovence.ch\/it\/produits\/miscela-di-erbe-provenzali\/\"]}]},{\"@type\":\"ImageObject\",\"inLanguage\":\"it-IT\",\"@id\":\"http:\/\/www.lesdelicesdeprovence.ch\/it\/produits\/miscela-di-erbe-provenzali\/#primaryimage\",\"url\":\"http:\/\/www.lesdelicesdeprovence.ch\/wp-content\/uploads\/2022\/09\/IMG_5769-scaled.jpg\",\"contentUrl\":\"http:\/\/www.lesdelicesdeprovence.ch\/wp-content\/uploads\/2022\/09\/IMG_5769-scaled.jpg\",\"width\":1920,\"height\":2560},{\"@type\":\"BreadcrumbList\",\"@id\":\"http:\/\/www.lesdelicesdeprovence.ch\/it\/produits\/miscela-di-erbe-provenzali\/#breadcrumb\",\"itemListElement\":[{\"@type\":\"ListItem\",\"position\":1,\"name\":\"Accoglienza\",\"item\":\"http:\/\/www.lesdelicesdeprovence.ch\/it\/\"},{\"@type\":\"ListItem\",\"position\":2,\"name\":\"Negozio\",\"item\":\"http:\/\/www.lesdelicesdeprovence.ch\/it\/negozio\/\"},{\"@type\":\"ListItem\",\"position\":3,\"name\":\"Miscela di erbe provenzali\"}]},{\"@type\":\"WebSite\",\"@id\":\"https:\/\/www.lesdelicesdeprovence.ch\/it\/#website\",\"url\":\"https:\/\/www.lesdelicesdeprovence.ch\/it\/\",\"name\":\"Les D\u00e9lices de Provence\",\"description\":\"Epicerie fine en ligne\",\"potentialAction\":[{\"@type\":\"SearchAction\",\"target\":{\"@type\":\"EntryPoint\",\"urlTemplate\":\"https:\/\/www.lesdelicesdeprovence.ch\/it\/?s={search_term_string}\"},\"query-input\":{\"@type\":\"PropertyValueSpecification\",\"valueRequired\":true,\"valueName\":\"search_term_string\"}}],\"inLanguage\":\"it-IT\"}]}<\/script>\n<!-- \/ Yoast SEO plugin. -->","yoast_head_json":{"title":"Miscela di erbe provenzali","description":"La vera ricetta della famosa miscela di erbe provenzali, ovvero : Timo, rosmarino, santoreggia e origano.\u00a0","robots":{"index":"index","follow":"follow","max-snippet":"max-snippet:-1","max-image-preview":"max-image-preview:large","max-video-preview":"max-video-preview:-1"},"canonical":"http:\/\/www.lesdelicesdeprovence.ch\/it\/produits\/miscela-di-erbe-provenzali\/","og_locale":"it_IT","og_type":"article","og_title":"Miscela di erbe provenzali","og_description":"La vera ricetta della famosa miscela di erbe provenzali, ovvero : Timo, rosmarino, santoreggia e origano.\u00a0","og_url":"http:\/\/www.lesdelicesdeprovence.ch\/it\/produits\/miscela-di-erbe-provenzali\/","og_site_name":"Les D\u00e9lices de Provence","article_modified_time":"2022-10-11T11:51:20+00:00","og_image":[{"width":1920,"height":2560,"url":"http:\/\/www.lesdelicesdeprovence.ch\/wp-content\/uploads\/2022\/09\/IMG_5769-scaled.jpg","type":"image\/jpeg"}],"twitter_card":"summary_large_image","twitter_misc":{"Tempo di lettura stimato":"1 minuto"},"schema":{"@context":"https:\/\/schema.org","@graph":[{"@type":"WebPage","@id":"http:\/\/www.lesdelicesdeprovence.ch\/it\/produits\/miscela-di-erbe-provenzali\/","url":"http:\/\/www.lesdelicesdeprovence.ch\/it\/produits\/miscela-di-erbe-provenzali\/","name":"Miscela di erbe provenzali","isPartOf":{"@id":"https:\/\/www.lesdelicesdeprovence.ch\/it\/#website"},"primaryImageOfPage":{"@id":"http:\/\/www.lesdelicesdeprovence.ch\/it\/produits\/miscela-di-erbe-provenzali\/#primaryimage"},"image":{"@id":"http:\/\/www.lesdelicesdeprovence.ch\/it\/produits\/miscela-di-erbe-provenzali\/#primaryimage"},"thumbnailUrl":"http:\/\/www.lesdelicesdeprovence.ch\/wp-content\/uploads\/2022\/09\/IMG_5769-scaled.jpg","datePublished":"2022-09-12T11:21:21+00:00","dateModified":"2022-10-11T11:51:20+00:00","description":"La vera ricetta della famosa miscela di erbe provenzali, ovvero : Timo, rosmarino, santoreggia e origano.\u00a0","breadcrumb":{"@id":"http:\/\/www.lesdelicesdeprovence.ch\/it\/produits\/miscela-di-erbe-provenzali\/#breadcrumb"},"inLanguage":"it-IT","potentialAction":[{"@type":"ReadAction","target":["http:\/\/www.lesdelicesdeprovence.ch\/it\/produits\/miscela-di-erbe-provenzali\/"]}]},{"@type":"ImageObject","inLanguage":"it-IT","@id":"http:\/\/www.lesdelicesdeprovence.ch\/it\/produits\/miscela-di-erbe-provenzali\/#primaryimage","url":"http:\/\/www.lesdelicesdeprovence.ch\/wp-content\/uploads\/2022\/09\/IMG_5769-scaled.jpg","contentUrl":"http:\/\/www.lesdelicesdeprovence.ch\/wp-content\/uploads\/2022\/09\/IMG_5769-scaled.jpg","width":1920,"height":2560},{"@type":"BreadcrumbList","@id":"http:\/\/www.lesdelicesdeprovence.ch\/it\/produits\/miscela-di-erbe-provenzali\/#breadcrumb","itemListElement":[{"@type":"ListItem","position":1,"name":"Accoglienza","item":"http:\/\/www.lesdelicesdeprovence.ch\/it\/"},{"@type":"ListItem","position":2,"name":"Negozio","item":"http:\/\/www.lesdelicesdeprovence.ch\/it\/negozio\/"},{"@type":"ListItem","position":3,"name":"Miscela di erbe provenzali"}]},{"@type":"WebSite","@id":"https:\/\/www.lesdelicesdeprovence.ch\/it\/#website","url":"https:\/\/www.lesdelicesdeprovence.ch\/it\/","name":"Les D\u00e9lices de Provence","description":"Epicerie fine en ligne","potentialAction":[{"@type":"SearchAction","target":{"@type":"EntryPoint","urlTemplate":"https:\/\/www.lesdelicesdeprovence.ch\/it\/?s={search_term_string}"},"query-input":{"@type":"PropertyValueSpecification","valueRequired":true,"valueName":"search_term_string"}}],"inLanguage":"it-IT"}]}},"_links":{"self":[{"href":"http:\/\/www.lesdelicesdeprovence.ch\/it\/wp-json\/wp\/v2\/product\/7659","targetHints":{"allow":["GET"]}}],"collection":[{"href":"http:\/\/www.lesdelicesdeprovence.ch\/it\/wp-json\/wp\/v2\/product"}],"about":[{"href":"http:\/\/www.lesdelicesdeprovence.ch\/it\/wp-json\/wp\/v2\/types\/product"}],"version-history":[{"count":3,"href":"http:\/\/www.lesdelicesdeprovence.ch\/it\/wp-json\/wp\/v2\/product\/7659\/revisions"}],"predecessor-version":[{"id":8173,"href":"http:\/\/www.lesdelicesdeprovence.ch\/it\/wp-json\/wp\/v2\/product\/7659\/revisions\/8173"}],"wp:featuredmedia":[{"embeddable":true,"href":"http:\/\/www.lesdelicesdeprovence.ch\/it\/wp-json\/wp\/v2\/media\/7657"}],"wp:attachment":[{"href":"http:\/\/www.lesdelicesdeprovence.ch\/it\/wp-json\/wp\/v2\/media?parent=7659"}],"wp:term":[{"taxonomy":"product_cat","embeddable":true,"href":"http:\/\/www.lesdelicesdeprovence.ch\/it\/wp-json\/wp\/v2\/product_cat?post=7659"},{"taxonomy":"product_tag","embeddable":true,"href":"http:\/\/www.lesdelicesdeprovence.ch\/it\/wp-json\/wp\/v2\/product_tag?post=7659"}],"curies":[{"name":"wp","href":"https:\/\/api.w.org\/{rel}","templated":true}]}}