{"id":7759,"date":"2022-09-19T15:55:28","date_gmt":"2022-09-19T15:55:28","guid":{"rendered":"https:\/\/www.aromeprod2.com\/?post_type=product&#038;p=7759"},"modified":"2022-10-11T12:23:12","modified_gmt":"2022-10-11T12:23:12","slug":"cestino-di-selezione","status":"publish","type":"product","link":"http:\/\/www.lesdelicesdeprovence.ch\/it\/produits\/cestino-di-selezione\/","title":{"rendered":"Cestino di selezione"},"content":{"rendered":"<p>La composizione di questo bellissimo cesto gastronomico non \u00e8 stata molto complicata: \u00e8 semplicemente composto dai prodotti pi\u00f9 venduti della nostra gastronomia per categoria! 4 deliziose salse da aperitivo, 2 chutney agrodolci, la pi\u00f9 popolare marmellata di fragole e vaniglia, un autentico miele di lavanda e 2 salse al tartufo per i pi\u00f9 golosi.<\/p>\n<p>Non esitate a fidarvi dei nostri clienti intenditori per soddisfare i vostri cari perch\u00e9, davvero, questi sono solo prodotti eccezionali!<\/p>\n<p><strong>In dettaglio questo assortimento \u00e8 composto da (ordinati per vendita) :<\/strong><\/p>\n<ul>\n<li><strong>Crema di carciofi con aglio 180g<\/strong><\/li>\n<li><strong>Confit di melanzane all&#8217;aglio 220g<\/strong><\/li>\n<li><strong>Suprema di pepe alla mediterranea 180g<\/strong><\/li>\n<li><strong>Chutney di pomodoro al timo 220g<\/strong><\/li>\n<li><strong>Crema di carciofi al tartufo 130g<\/strong><\/li>\n<li><strong>Olivade mediterranea 180g<\/strong><\/li>\n<li><strong>Basilico Genovese D.O.P 180g<\/strong><\/li>\n<li><strong>Miele di lavanda 250 g<\/strong><\/li>\n<li><strong>Tartufo Barolo 100ml<\/strong><\/li>\n<li><strong>Marmellata di fragole e vaniglia 345 g<\/strong><\/li>\n<\/ul>\n","protected":false},"excerpt":{"rendered":"<p>Questo cestino \u00e8 composto semplicemente dai best-seller che i nostri clienti apprezzano di pi\u00f9 sul nostro sito web e sui mercati.<\/p>\n","protected":false},"featured_media":8551,"template":"","meta":[],"product_cat":[508],"product_tag":[],"class_list":{"0":"post-7759","1":"product","2":"type-product","3":"status-publish","4":"has-post-thumbnail","6":"product_cat-cestini-gastronomici-it","8":"first","9":"instock","10":"sale","11":"taxable","12":"shipping-taxable","13":"purchasable","14":"product-type-simple"},"yoast_head":"<!-- This site is optimized with the Yoast SEO plugin v27.2 - https:\/\/yoast.com\/product\/yoast-seo-wordpress\/ -->\n<title>Cestino di selezione<\/title>\n<meta name=\"description\" content=\"Questo cestino \u00e8 composto semplicemente dai best-seller che i nostri clienti apprezzano di pi\u00f9 sul nostro sito web e sui mercati.\" \/>\n<meta name=\"robots\" content=\"index, follow, max-snippet:-1, max-image-preview:large, max-video-preview:-1\" \/>\n<link rel=\"canonical\" href=\"http:\/\/www.lesdelicesdeprovence.ch\/it\/produits\/cestino-di-selezione\/\" \/>\n<meta property=\"og:locale\" content=\"it_IT\" \/>\n<meta property=\"og:type\" content=\"article\" \/>\n<meta property=\"og:title\" content=\"Cestino di selezione\" \/>\n<meta property=\"og:description\" content=\"Questo cestino \u00e8 composto semplicemente dai best-seller che i nostri clienti apprezzano di pi\u00f9 sul nostro sito web e sui mercati.\" \/>\n<meta property=\"og:url\" content=\"http:\/\/www.lesdelicesdeprovence.ch\/it\/produits\/cestino-di-selezione\/\" \/>\n<meta property=\"og:site_name\" content=\"Les D\u00e9lices de Provence\" \/>\n<meta property=\"article:modified_time\" content=\"2022-10-11T12:23:12+00:00\" \/>\n<meta property=\"og:image\" content=\"http:\/\/www.lesdelicesdeprovence.ch\/wp-content\/uploads\/2022\/09\/IMG_10222.jpg\" \/>\n\t<meta property=\"og:image:width\" content=\"1068\" \/>\n\t<meta property=\"og:image:height\" content=\"905\" \/>\n\t<meta property=\"og:image:type\" content=\"image\/jpeg\" \/>\n<meta name=\"twitter:card\" content=\"summary_large_image\" \/>\n<meta name=\"twitter:label1\" content=\"Tempo di lettura stimato\" \/>\n\t<meta name=\"twitter:data1\" content=\"1 minuto\" \/>\n<script type=\"application\/ld+json\" class=\"yoast-schema-graph\">{\"@context\":\"https:\/\/schema.org\",\"@graph\":[{\"@type\":\"WebPage\",\"@id\":\"http:\/\/www.lesdelicesdeprovence.ch\/it\/produits\/cestino-di-selezione\/\",\"url\":\"http:\/\/www.lesdelicesdeprovence.ch\/it\/produits\/cestino-di-selezione\/\",\"name\":\"Cestino di selezione\",\"isPartOf\":{\"@id\":\"http:\/\/www.lesdelicesdeprovence.ch\/it\/#website\"},\"primaryImageOfPage\":{\"@id\":\"http:\/\/www.lesdelicesdeprovence.ch\/it\/produits\/cestino-di-selezione\/#primaryimage\"},\"image\":{\"@id\":\"http:\/\/www.lesdelicesdeprovence.ch\/it\/produits\/cestino-di-selezione\/#primaryimage\"},\"thumbnailUrl\":\"http:\/\/www.lesdelicesdeprovence.ch\/wp-content\/uploads\/2022\/09\/IMG_10222.jpg\",\"datePublished\":\"2022-09-19T15:55:28+00:00\",\"dateModified\":\"2022-10-11T12:23:12+00:00\",\"description\":\"Questo cestino \u00e8 composto semplicemente dai best-seller che i nostri clienti apprezzano di pi\u00f9 sul nostro sito web e sui mercati.\",\"breadcrumb\":{\"@id\":\"http:\/\/www.lesdelicesdeprovence.ch\/it\/produits\/cestino-di-selezione\/#breadcrumb\"},\"inLanguage\":\"it-IT\",\"potentialAction\":[{\"@type\":\"ReadAction\",\"target\":[\"http:\/\/www.lesdelicesdeprovence.ch\/it\/produits\/cestino-di-selezione\/\"]}]},{\"@type\":\"ImageObject\",\"inLanguage\":\"it-IT\",\"@id\":\"http:\/\/www.lesdelicesdeprovence.ch\/it\/produits\/cestino-di-selezione\/#primaryimage\",\"url\":\"http:\/\/www.lesdelicesdeprovence.ch\/wp-content\/uploads\/2022\/09\/IMG_10222.jpg\",\"contentUrl\":\"http:\/\/www.lesdelicesdeprovence.ch\/wp-content\/uploads\/2022\/09\/IMG_10222.jpg\",\"width\":1068,\"height\":905},{\"@type\":\"BreadcrumbList\",\"@id\":\"http:\/\/www.lesdelicesdeprovence.ch\/it\/produits\/cestino-di-selezione\/#breadcrumb\",\"itemListElement\":[{\"@type\":\"ListItem\",\"position\":1,\"name\":\"Accoglienza\",\"item\":\"https:\/\/www.lesdelicesdeprovence.ch\/it\/\"},{\"@type\":\"ListItem\",\"position\":2,\"name\":\"Negozio\",\"item\":\"https:\/\/www.lesdelicesdeprovence.ch\/it\/negozio\/\"},{\"@type\":\"ListItem\",\"position\":3,\"name\":\"Cestino di selezione\"}]},{\"@type\":\"WebSite\",\"@id\":\"http:\/\/www.lesdelicesdeprovence.ch\/it\/#website\",\"url\":\"http:\/\/www.lesdelicesdeprovence.ch\/it\/\",\"name\":\"Les D\u00e9lices de Provence\",\"description\":\"Epicerie fine en ligne\",\"potentialAction\":[{\"@type\":\"SearchAction\",\"target\":{\"@type\":\"EntryPoint\",\"urlTemplate\":\"http:\/\/www.lesdelicesdeprovence.ch\/it\/?s={search_term_string}\"},\"query-input\":{\"@type\":\"PropertyValueSpecification\",\"valueRequired\":true,\"valueName\":\"search_term_string\"}}],\"inLanguage\":\"it-IT\"}]}<\/script>\n<!-- \/ Yoast SEO plugin. -->","yoast_head_json":{"title":"Cestino di selezione","description":"Questo cestino \u00e8 composto semplicemente dai best-seller che i nostri clienti apprezzano di pi\u00f9 sul nostro sito web e sui mercati.","robots":{"index":"index","follow":"follow","max-snippet":"max-snippet:-1","max-image-preview":"max-image-preview:large","max-video-preview":"max-video-preview:-1"},"canonical":"http:\/\/www.lesdelicesdeprovence.ch\/it\/produits\/cestino-di-selezione\/","og_locale":"it_IT","og_type":"article","og_title":"Cestino di selezione","og_description":"Questo cestino \u00e8 composto semplicemente dai best-seller che i nostri clienti apprezzano di pi\u00f9 sul nostro sito web e sui mercati.","og_url":"http:\/\/www.lesdelicesdeprovence.ch\/it\/produits\/cestino-di-selezione\/","og_site_name":"Les D\u00e9lices de Provence","article_modified_time":"2022-10-11T12:23:12+00:00","og_image":[{"width":1068,"height":905,"url":"http:\/\/www.lesdelicesdeprovence.ch\/wp-content\/uploads\/2022\/09\/IMG_10222.jpg","type":"image\/jpeg"}],"twitter_card":"summary_large_image","twitter_misc":{"Tempo di lettura stimato":"1 minuto"},"schema":{"@context":"https:\/\/schema.org","@graph":[{"@type":"WebPage","@id":"http:\/\/www.lesdelicesdeprovence.ch\/it\/produits\/cestino-di-selezione\/","url":"http:\/\/www.lesdelicesdeprovence.ch\/it\/produits\/cestino-di-selezione\/","name":"Cestino di selezione","isPartOf":{"@id":"http:\/\/www.lesdelicesdeprovence.ch\/it\/#website"},"primaryImageOfPage":{"@id":"http:\/\/www.lesdelicesdeprovence.ch\/it\/produits\/cestino-di-selezione\/#primaryimage"},"image":{"@id":"http:\/\/www.lesdelicesdeprovence.ch\/it\/produits\/cestino-di-selezione\/#primaryimage"},"thumbnailUrl":"http:\/\/www.lesdelicesdeprovence.ch\/wp-content\/uploads\/2022\/09\/IMG_10222.jpg","datePublished":"2022-09-19T15:55:28+00:00","dateModified":"2022-10-11T12:23:12+00:00","description":"Questo cestino \u00e8 composto semplicemente dai best-seller che i nostri clienti apprezzano di pi\u00f9 sul nostro sito web e sui mercati.","breadcrumb":{"@id":"http:\/\/www.lesdelicesdeprovence.ch\/it\/produits\/cestino-di-selezione\/#breadcrumb"},"inLanguage":"it-IT","potentialAction":[{"@type":"ReadAction","target":["http:\/\/www.lesdelicesdeprovence.ch\/it\/produits\/cestino-di-selezione\/"]}]},{"@type":"ImageObject","inLanguage":"it-IT","@id":"http:\/\/www.lesdelicesdeprovence.ch\/it\/produits\/cestino-di-selezione\/#primaryimage","url":"http:\/\/www.lesdelicesdeprovence.ch\/wp-content\/uploads\/2022\/09\/IMG_10222.jpg","contentUrl":"http:\/\/www.lesdelicesdeprovence.ch\/wp-content\/uploads\/2022\/09\/IMG_10222.jpg","width":1068,"height":905},{"@type":"BreadcrumbList","@id":"http:\/\/www.lesdelicesdeprovence.ch\/it\/produits\/cestino-di-selezione\/#breadcrumb","itemListElement":[{"@type":"ListItem","position":1,"name":"Accoglienza","item":"https:\/\/www.lesdelicesdeprovence.ch\/it\/"},{"@type":"ListItem","position":2,"name":"Negozio","item":"https:\/\/www.lesdelicesdeprovence.ch\/it\/negozio\/"},{"@type":"ListItem","position":3,"name":"Cestino di selezione"}]},{"@type":"WebSite","@id":"http:\/\/www.lesdelicesdeprovence.ch\/it\/#website","url":"http:\/\/www.lesdelicesdeprovence.ch\/it\/","name":"Les D\u00e9lices de Provence","description":"Epicerie fine en ligne","potentialAction":[{"@type":"SearchAction","target":{"@type":"EntryPoint","urlTemplate":"http:\/\/www.lesdelicesdeprovence.ch\/it\/?s={search_term_string}"},"query-input":{"@type":"PropertyValueSpecification","valueRequired":true,"valueName":"search_term_string"}}],"inLanguage":"it-IT"}]}},"_links":{"self":[{"href":"http:\/\/www.lesdelicesdeprovence.ch\/it\/wp-json\/wp\/v2\/product\/7759","targetHints":{"allow":["GET"]}}],"collection":[{"href":"http:\/\/www.lesdelicesdeprovence.ch\/it\/wp-json\/wp\/v2\/product"}],"about":[{"href":"http:\/\/www.lesdelicesdeprovence.ch\/it\/wp-json\/wp\/v2\/types\/product"}],"version-history":[{"count":2,"href":"http:\/\/www.lesdelicesdeprovence.ch\/it\/wp-json\/wp\/v2\/product\/7759\/revisions"}],"predecessor-version":[{"id":8204,"href":"http:\/\/www.lesdelicesdeprovence.ch\/it\/wp-json\/wp\/v2\/product\/7759\/revisions\/8204"}],"wp:featuredmedia":[{"embeddable":true,"href":"http:\/\/www.lesdelicesdeprovence.ch\/it\/wp-json\/wp\/v2\/media\/8551"}],"wp:attachment":[{"href":"http:\/\/www.lesdelicesdeprovence.ch\/it\/wp-json\/wp\/v2\/media?parent=7759"}],"wp:term":[{"taxonomy":"product_cat","embeddable":true,"href":"http:\/\/www.lesdelicesdeprovence.ch\/it\/wp-json\/wp\/v2\/product_cat?post=7759"},{"taxonomy":"product_tag","embeddable":true,"href":"http:\/\/www.lesdelicesdeprovence.ch\/it\/wp-json\/wp\/v2\/product_tag?post=7759"}],"curies":[{"name":"wp","href":"https:\/\/api.w.org\/{rel}","templated":true}]}}