{"id":7792,"date":"2022-06-10T13:26:32","date_gmt":"2022-06-10T13:26:32","guid":{"rendered":"https:\/\/www.aromeprod2.com\/?post_type=product&#038;p=7792"},"modified":"2024-03-28T14:03:23","modified_gmt":"2024-03-28T14:03:23","slug":"asparagi-supremi-alla-mediterranea","status":"publish","type":"product","link":"http:\/\/www.lesdelicesdeprovence.ch\/it\/produits\/asparagi-supremi-alla-mediterranea\/","title":{"rendered":"Suprema di asparagi alla mediterranea"},"content":{"rendered":"<p>Un prodotto da provare con urgenza! Gli appassionati di sapori mediterranei avranno pane per i loro denti!<\/p>\n<p>Incontrato in un piccolo villaggio del Vaucluse, l&#8217;artigiano che ha creato questa meravigliosa salsa ha voluto combinare una specialit\u00e0 provenzale, l&#8217;asparago, noto per i suoi particolari aromi, con una specialit\u00e0 italiana, il pomodoro &#8220;Roma&#8221; napoletano, reputato uno dei pi\u00f9 gustosi al mondo.<\/p>\n<p>Questa sottile miscela di amaro e dolcezza, mescolata con un pizzico di parmigiano, significa che con un po&#8217; di fantasia si possono preparare una moltitudine di ricette solari.<\/p>\n<p>Les D\u00e9lices de Provence lo consigliano in particolare come ripieno per i ravioli. Una vera delizia!<\/p>\n<p><strong>Ingredienti : Asparagi, Pomodoro, Cipolle, Parmigiano, Olio di girasole, Amido di mais, Addensante naturale, Latte, Sale.<\/strong><\/p>\n<p><strong>Contenuto: 190 g<\/strong><\/p>\n<p>&nbsp;<\/p>\n<p>&nbsp;<\/p>\n<p>&nbsp;<\/p>\n","protected":false},"excerpt":{"rendered":"<p>Una sottile combinazione di asparagi verdi locali, pomodori napoletani e parmigiano, che non mancher\u00e0 di deliziare il vostro palato!<\/p>\n<p>Deliziosa semplicemente come aperitivo o per guarnire tartine, questa salsa tipicamente provenzale \u00e8 molto apprezzata anche come condimento per pasta, insalate e verdure.<\/p>\n","protected":false},"featured_media":8438,"template":"","meta":[],"product_cat":[248],"product_tag":[],"class_list":{"0":"post-7792","1":"product","2":"type-product","3":"status-publish","4":"has-post-thumbnail","6":"product_cat-salse-da-aperitivo","8":"first","9":"outofstock","10":"taxable","11":"shipping-taxable","12":"purchasable","13":"product-type-simple"},"yoast_head":"<!-- This site is optimized with the Yoast SEO plugin v27.2 - https:\/\/yoast.com\/product\/yoast-seo-wordpress\/ -->\n<title>Suprema di asparagi alla mediterranea<\/title>\n<meta name=\"description\" content=\"Un sottile assortimento di asparagi verdi locali, pomodori napoletani e parmigiano per stuzzicare il vostro palato.\" \/>\n<meta name=\"robots\" content=\"index, follow, max-snippet:-1, max-image-preview:large, max-video-preview:-1\" \/>\n<link rel=\"canonical\" href=\"http:\/\/www.lesdelicesdeprovence.ch\/it\/produits\/asparagi-supremi-alla-mediterranea\/\" \/>\n<meta property=\"og:locale\" content=\"it_IT\" \/>\n<meta property=\"og:type\" content=\"article\" \/>\n<meta property=\"og:title\" content=\"Suprema di asparagi alla mediterranea\" \/>\n<meta property=\"og:description\" content=\"Un sottile assortimento di asparagi verdi locali, pomodori napoletani e parmigiano per stuzzicare il vostro palato.\" \/>\n<meta property=\"og:url\" content=\"http:\/\/www.lesdelicesdeprovence.ch\/it\/produits\/asparagi-supremi-alla-mediterranea\/\" \/>\n<meta property=\"og:site_name\" content=\"Les D\u00e9lices de Provence\" \/>\n<meta property=\"article:modified_time\" content=\"2024-03-28T14:03:23+00:00\" \/>\n<meta property=\"og:image\" content=\"https:\/\/www.lesdelicesdeprovence.ch\/wp-content\/uploads\/2022\/05\/IMG_6235.jpg\" \/>\n\t<meta property=\"og:image:width\" content=\"2041\" \/>\n\t<meta property=\"og:image:height\" content=\"2331\" \/>\n\t<meta property=\"og:image:type\" content=\"image\/jpeg\" \/>\n<meta name=\"twitter:card\" content=\"summary_large_image\" \/>\n<meta name=\"twitter:label1\" content=\"Tempo di lettura stimato\" \/>\n\t<meta name=\"twitter:data1\" content=\"1 minuto\" \/>\n<script type=\"application\/ld+json\" class=\"yoast-schema-graph\">{\"@context\":\"https:\/\/schema.org\",\"@graph\":[{\"@type\":\"WebPage\",\"@id\":\"http:\/\/www.lesdelicesdeprovence.ch\/it\/produits\/asparagi-supremi-alla-mediterranea\/\",\"url\":\"http:\/\/www.lesdelicesdeprovence.ch\/it\/produits\/asparagi-supremi-alla-mediterranea\/\",\"name\":\"Suprema di asparagi alla mediterranea\",\"isPartOf\":{\"@id\":\"https:\/\/www.lesdelicesdeprovence.ch\/it\/#website\"},\"primaryImageOfPage\":{\"@id\":\"http:\/\/www.lesdelicesdeprovence.ch\/it\/produits\/asparagi-supremi-alla-mediterranea\/#primaryimage\"},\"image\":{\"@id\":\"http:\/\/www.lesdelicesdeprovence.ch\/it\/produits\/asparagi-supremi-alla-mediterranea\/#primaryimage\"},\"thumbnailUrl\":\"http:\/\/www.lesdelicesdeprovence.ch\/wp-content\/uploads\/2022\/05\/IMG_6235.jpg\",\"datePublished\":\"2022-06-10T13:26:32+00:00\",\"dateModified\":\"2024-03-28T14:03:23+00:00\",\"description\":\"Un sottile assortimento di asparagi verdi locali, pomodori napoletani e parmigiano per stuzzicare il vostro palato.\",\"breadcrumb\":{\"@id\":\"http:\/\/www.lesdelicesdeprovence.ch\/it\/produits\/asparagi-supremi-alla-mediterranea\/#breadcrumb\"},\"inLanguage\":\"it-IT\",\"potentialAction\":[{\"@type\":\"ReadAction\",\"target\":[\"http:\/\/www.lesdelicesdeprovence.ch\/it\/produits\/asparagi-supremi-alla-mediterranea\/\"]}]},{\"@type\":\"ImageObject\",\"inLanguage\":\"it-IT\",\"@id\":\"http:\/\/www.lesdelicesdeprovence.ch\/it\/produits\/asparagi-supremi-alla-mediterranea\/#primaryimage\",\"url\":\"http:\/\/www.lesdelicesdeprovence.ch\/wp-content\/uploads\/2022\/05\/IMG_6235.jpg\",\"contentUrl\":\"http:\/\/www.lesdelicesdeprovence.ch\/wp-content\/uploads\/2022\/05\/IMG_6235.jpg\",\"width\":2041,\"height\":2331},{\"@type\":\"BreadcrumbList\",\"@id\":\"http:\/\/www.lesdelicesdeprovence.ch\/it\/produits\/asparagi-supremi-alla-mediterranea\/#breadcrumb\",\"itemListElement\":[{\"@type\":\"ListItem\",\"position\":1,\"name\":\"Accoglienza\",\"item\":\"https:\/\/www.lesdelicesdeprovence.ch\/it\/\"},{\"@type\":\"ListItem\",\"position\":2,\"name\":\"Negozio\",\"item\":\"https:\/\/www.lesdelicesdeprovence.ch\/it\/negozio\/\"},{\"@type\":\"ListItem\",\"position\":3,\"name\":\"Suprema di asparagi alla mediterranea\"}]},{\"@type\":\"WebSite\",\"@id\":\"https:\/\/www.lesdelicesdeprovence.ch\/it\/#website\",\"url\":\"https:\/\/www.lesdelicesdeprovence.ch\/it\/\",\"name\":\"Les D\u00e9lices de Provence\",\"description\":\"Epicerie fine en ligne\",\"potentialAction\":[{\"@type\":\"SearchAction\",\"target\":{\"@type\":\"EntryPoint\",\"urlTemplate\":\"https:\/\/www.lesdelicesdeprovence.ch\/it\/?s={search_term_string}\"},\"query-input\":{\"@type\":\"PropertyValueSpecification\",\"valueRequired\":true,\"valueName\":\"search_term_string\"}}],\"inLanguage\":\"it-IT\"}]}<\/script>\n<!-- \/ Yoast SEO plugin. -->","yoast_head_json":{"title":"Suprema di asparagi alla mediterranea","description":"Un sottile assortimento di asparagi verdi locali, pomodori napoletani e parmigiano per stuzzicare il vostro palato.","robots":{"index":"index","follow":"follow","max-snippet":"max-snippet:-1","max-image-preview":"max-image-preview:large","max-video-preview":"max-video-preview:-1"},"canonical":"http:\/\/www.lesdelicesdeprovence.ch\/it\/produits\/asparagi-supremi-alla-mediterranea\/","og_locale":"it_IT","og_type":"article","og_title":"Suprema di asparagi alla mediterranea","og_description":"Un sottile assortimento di asparagi verdi locali, pomodori napoletani e parmigiano per stuzzicare il vostro palato.","og_url":"http:\/\/www.lesdelicesdeprovence.ch\/it\/produits\/asparagi-supremi-alla-mediterranea\/","og_site_name":"Les D\u00e9lices de Provence","article_modified_time":"2024-03-28T14:03:23+00:00","og_image":[{"width":2041,"height":2331,"url":"https:\/\/www.lesdelicesdeprovence.ch\/wp-content\/uploads\/2022\/05\/IMG_6235.jpg","type":"image\/jpeg"}],"twitter_card":"summary_large_image","twitter_misc":{"Tempo di lettura stimato":"1 minuto"},"schema":{"@context":"https:\/\/schema.org","@graph":[{"@type":"WebPage","@id":"http:\/\/www.lesdelicesdeprovence.ch\/it\/produits\/asparagi-supremi-alla-mediterranea\/","url":"http:\/\/www.lesdelicesdeprovence.ch\/it\/produits\/asparagi-supremi-alla-mediterranea\/","name":"Suprema di asparagi alla mediterranea","isPartOf":{"@id":"https:\/\/www.lesdelicesdeprovence.ch\/it\/#website"},"primaryImageOfPage":{"@id":"http:\/\/www.lesdelicesdeprovence.ch\/it\/produits\/asparagi-supremi-alla-mediterranea\/#primaryimage"},"image":{"@id":"http:\/\/www.lesdelicesdeprovence.ch\/it\/produits\/asparagi-supremi-alla-mediterranea\/#primaryimage"},"thumbnailUrl":"http:\/\/www.lesdelicesdeprovence.ch\/wp-content\/uploads\/2022\/05\/IMG_6235.jpg","datePublished":"2022-06-10T13:26:32+00:00","dateModified":"2024-03-28T14:03:23+00:00","description":"Un sottile assortimento di asparagi verdi locali, pomodori napoletani e parmigiano per stuzzicare il vostro palato.","breadcrumb":{"@id":"http:\/\/www.lesdelicesdeprovence.ch\/it\/produits\/asparagi-supremi-alla-mediterranea\/#breadcrumb"},"inLanguage":"it-IT","potentialAction":[{"@type":"ReadAction","target":["http:\/\/www.lesdelicesdeprovence.ch\/it\/produits\/asparagi-supremi-alla-mediterranea\/"]}]},{"@type":"ImageObject","inLanguage":"it-IT","@id":"http:\/\/www.lesdelicesdeprovence.ch\/it\/produits\/asparagi-supremi-alla-mediterranea\/#primaryimage","url":"http:\/\/www.lesdelicesdeprovence.ch\/wp-content\/uploads\/2022\/05\/IMG_6235.jpg","contentUrl":"http:\/\/www.lesdelicesdeprovence.ch\/wp-content\/uploads\/2022\/05\/IMG_6235.jpg","width":2041,"height":2331},{"@type":"BreadcrumbList","@id":"http:\/\/www.lesdelicesdeprovence.ch\/it\/produits\/asparagi-supremi-alla-mediterranea\/#breadcrumb","itemListElement":[{"@type":"ListItem","position":1,"name":"Accoglienza","item":"https:\/\/www.lesdelicesdeprovence.ch\/it\/"},{"@type":"ListItem","position":2,"name":"Negozio","item":"https:\/\/www.lesdelicesdeprovence.ch\/it\/negozio\/"},{"@type":"ListItem","position":3,"name":"Suprema di asparagi alla mediterranea"}]},{"@type":"WebSite","@id":"https:\/\/www.lesdelicesdeprovence.ch\/it\/#website","url":"https:\/\/www.lesdelicesdeprovence.ch\/it\/","name":"Les D\u00e9lices de Provence","description":"Epicerie fine en ligne","potentialAction":[{"@type":"SearchAction","target":{"@type":"EntryPoint","urlTemplate":"https:\/\/www.lesdelicesdeprovence.ch\/it\/?s={search_term_string}"},"query-input":{"@type":"PropertyValueSpecification","valueRequired":true,"valueName":"search_term_string"}}],"inLanguage":"it-IT"}]}},"_links":{"self":[{"href":"http:\/\/www.lesdelicesdeprovence.ch\/it\/wp-json\/wp\/v2\/product\/7792","targetHints":{"allow":["GET"]}}],"collection":[{"href":"http:\/\/www.lesdelicesdeprovence.ch\/it\/wp-json\/wp\/v2\/product"}],"about":[{"href":"http:\/\/www.lesdelicesdeprovence.ch\/it\/wp-json\/wp\/v2\/types\/product"}],"version-history":[{"count":3,"href":"http:\/\/www.lesdelicesdeprovence.ch\/it\/wp-json\/wp\/v2\/product\/7792\/revisions"}],"predecessor-version":[{"id":12931,"href":"http:\/\/www.lesdelicesdeprovence.ch\/it\/wp-json\/wp\/v2\/product\/7792\/revisions\/12931"}],"wp:featuredmedia":[{"embeddable":true,"href":"http:\/\/www.lesdelicesdeprovence.ch\/it\/wp-json\/wp\/v2\/media\/8438"}],"wp:attachment":[{"href":"http:\/\/www.lesdelicesdeprovence.ch\/it\/wp-json\/wp\/v2\/media?parent=7792"}],"wp:term":[{"taxonomy":"product_cat","embeddable":true,"href":"http:\/\/www.lesdelicesdeprovence.ch\/it\/wp-json\/wp\/v2\/product_cat?post=7792"},{"taxonomy":"product_tag","embeddable":true,"href":"http:\/\/www.lesdelicesdeprovence.ch\/it\/wp-json\/wp\/v2\/product_tag?post=7792"}],"curies":[{"name":"wp","href":"https:\/\/api.w.org\/{rel}","templated":true}]}}